{"id":740,"date":"2017-07-05T13:46:59","date_gmt":"2017-07-05T11:46:59","guid":{"rendered":"http:\/\/localhost\/brita-shop\/produkt\/cartouche-filtrante-p-3000\/"},"modified":"2025-10-14T13:04:50","modified_gmt":"2025-10-14T11:04:50","slug":"cartouche-filtrante-p-3000","status":"publish","type":"product","link":"https:\/\/shop.brita.ch\/fr\/produit\/cartouche-filtrante-p-3000","title":{"rendered":"Cartouche filtrante"},"content":{"rendered":"<p><strong>La cartouche filtrante P\u00a03000 est destin\u00e9e aux Robinets BRITA et aux distributeurs d\u2019eau filtr\u00e9e s\u00e9par\u00e9s BRITA Online Active Plus. Elle filtre et adoucit l&#8217;eau.<\/strong><\/p>\n<p>Elle neutralise les substances qui alt\u00e8rent l&#8217;odeur et le go\u00fbt de l&#8217;eau de ville, comme le chlore et le calcaire, et r\u00e9duit la teneur en m\u00e9taux provenant des tuyauteries comme le plomb et le cuivre.<\/p>\n<span><a onclick=\"read_toggle(1722330326, 'D\u00e9couvrir', 'Masquer les d\u00e9tails'); return false;\" class=\"read-link\" id=\"readlink1722330326\" style=\"readlink\" href=\"#\">D\u00e9couvrir<\/a><\/span>\n<div class=\"read_div\" id=\"read1722330326\" style=\"display: none;\"><\/p>\n<p>Performante et peu encombrante, la cartouche se monte sous l&#8217;\u00e9vier et peut filtrer jusqu\u2019\u00e0 3400 litres d\u2019eau, selon la duret\u00e9 de votre eau, ou rester efficace place pendant jusqu&#8217;\u00e0 12 mois.<\/p>\n<p><strong>Caract\u00e9ristiques techniques<\/strong><\/p>\n<ul class=\"product-facts w-100\">\n<li>Dimensions : 117 x 108 x 418 mm (L x H x P)<\/li>\n<li>Pression en service : 2 bar \u00e0 8,6 bar max.<\/li>\n<li>Temp\u00e9rature ambiante : en fonctionnement, 4 \u00b0C \u00e0 40 \u00b0C<\/li>\n<li>Temp\u00e9rature ambiante : transport\/stockage, -20 \u00b0C \u00e0 50 \u00b0C<\/li>\n<li>Plage de d\u00e9bit de fonctionnement et perte de pression associ\u00e9e : 0,2 bar \u00e0 60 l\/h<\/li>\n<li>Poids (sec\/mouill\u00e9) : 1,7 kg\/2,5 kg<\/li>\n<li>Capacit\u00e9 : jusqu\u2019\u00e0 3400 litres\/12 mois<\/li>\n<\/ul>\n<p><\/div>\n","protected":false},"excerpt":{"rendered":"<p>La cartouche filtrante P\u00a03000 est destin\u00e9e aux Robinets BRITA et aux distributeurs d\u2019eau filtr\u00e9e s\u00e9par\u00e9s BRITA Online Active Plus. [&#8230;]<\/p>\n<p><a class=\"btn btn-secondary understrap-read-more-link\" href=\"https:\/\/shop.brita.ch\/fr\/produit\/cartouche-filtrante-p-3000\">Lire la suite&#8230;<\/a><\/p>\n","protected":false},"featured_media":15410,"template":"","meta":[],"product_brand":[],"product_cat":[77],"product_tag":[58],"class_list":{"0":"post-740","1":"product","2":"type-product","3":"status-publish","4":"has-post-thumbnail","6":"product_cat-filter","7":"product_tag-accesoires","9":"first","10":"instock","11":"taxable","12":"shipping-taxable","13":"purchasable","14":"product-type-simple"},"yoast_head":"<!-- This site is optimized with the Yoast SEO plugin v26.7 - https:\/\/yoast.com\/wordpress\/plugins\/seo\/ -->\n<title>Cartouche filtrante - BRITA<\/title>\n<meta name=\"description\" content=\"Filtres : achetez des cartouches pour vos robinets filtrants et waterbars. Am\u00e9liore le go\u00fbt et r\u00e9duit la formation de tartre jusqu\u2019\u00e0 12 mois. En savoir plus.\" \/>\n<meta name=\"robots\" content=\"index, follow, max-snippet:-1, max-image-preview:large, max-video-preview:-1\" \/>\n<link rel=\"canonical\" href=\"https:\/\/shop.brita.ch\/fr\/produit\/cartouche-filtrante-p-3000\" \/>\n<meta property=\"og:locale\" content=\"fr_FR\" \/>\n<meta property=\"og:type\" content=\"article\" \/>\n<meta property=\"og:title\" content=\"Cartouche filtrante - BRITA\" \/>\n<meta property=\"og:description\" content=\"Filtres : achetez des cartouches pour vos robinets filtrants et waterbars. Am\u00e9liore le go\u00fbt et r\u00e9duit la formation de tartre jusqu\u2019\u00e0 12 mois. En savoir plus.\" \/>\n<meta property=\"og:url\" content=\"https:\/\/shop.brita.ch\/fr\/produit\/cartouche-filtrante-p-3000\" \/>\n<meta property=\"og:site_name\" content=\"BRITA\" \/>\n<meta property=\"article:publisher\" content=\"https:\/\/www.facebook.com\/BRITA.schweiz\" \/>\n<meta property=\"article:modified_time\" content=\"2025-10-14T11:04:50+00:00\" \/>\n<meta property=\"og:image\" content=\"https:\/\/shop.brita.ch\/fr\/wp-content\/uploads\/2017\/07\/Product_white_background_final-scaled.webp\" \/>\n\t<meta property=\"og:image:width\" content=\"2560\" \/>\n\t<meta property=\"og:image:height\" content=\"2560\" \/>\n\t<meta property=\"og:image:type\" content=\"image\/webp\" \/>\n<meta name=\"twitter:card\" content=\"summary_large_image\" \/>\n<meta name=\"twitter:label1\" content=\"Est. reading time\" \/>\n\t<meta name=\"twitter:data1\" content=\"2 minutes\" \/>\n<script type=\"application\/ld+json\" class=\"yoast-schema-graph\">{\"@context\":\"https:\/\/schema.org\",\"@graph\":[{\"@type\":\"WebPage\",\"@id\":\"https:\/\/shop.brita.ch\/fr\/produit\/cartouche-filtrante-p-3000\",\"url\":\"https:\/\/shop.brita.ch\/fr\/produit\/cartouche-filtrante-p-3000\",\"name\":\"Cartouche filtrante - BRITA\",\"isPartOf\":{\"@id\":\"https:\/\/shop.brita.ch\/fr\/#website\"},\"primaryImageOfPage\":{\"@id\":\"https:\/\/shop.brita.ch\/fr\/produit\/cartouche-filtrante-p-3000#primaryimage\"},\"image\":{\"@id\":\"https:\/\/shop.brita.ch\/fr\/produit\/cartouche-filtrante-p-3000#primaryimage\"},\"thumbnailUrl\":\"\/fr\/wp-content\/uploads\/2017\/07\/Product_white_background_final-scaled.webp\",\"datePublished\":\"2017-07-05T11:46:59+00:00\",\"dateModified\":\"2025-10-14T11:04:50+00:00\",\"description\":\"Filtres : achetez des cartouches pour vos robinets filtrants et waterbars. Am\u00e9liore le go\u00fbt et r\u00e9duit la formation de tartre jusqu\u2019\u00e0 12 mois. En savoir plus.\",\"breadcrumb\":{\"@id\":\"https:\/\/shop.brita.ch\/fr\/produit\/cartouche-filtrante-p-3000#breadcrumb\"},\"inLanguage\":\"fr-FR\",\"potentialAction\":[{\"@type\":\"ReadAction\",\"target\":[\"https:\/\/shop.brita.ch\/fr\/produit\/cartouche-filtrante-p-3000\"]}]},{\"@type\":\"ImageObject\",\"inLanguage\":\"fr-FR\",\"@id\":\"https:\/\/shop.brita.ch\/fr\/produit\/cartouche-filtrante-p-3000#primaryimage\",\"url\":\"\/fr\/wp-content\/uploads\/2017\/07\/Product_white_background_final-scaled.webp\",\"contentUrl\":\"\/fr\/wp-content\/uploads\/2017\/07\/Product_white_background_final-scaled.webp\",\"width\":2560,\"height\":2560,\"caption\":\"P3000\"},{\"@type\":\"BreadcrumbList\",\"@id\":\"https:\/\/shop.brita.ch\/fr\/produit\/cartouche-filtrante-p-3000#breadcrumb\",\"itemListElement\":[{\"@type\":\"ListItem\",\"position\":1,\"name\":\"Page d'accueil\",\"item\":\"https:\/\/shop.brita.ch\/fr\/\"},{\"@type\":\"ListItem\",\"position\":2,\"name\":\"Produits\",\"item\":\"https:\/\/shop.brita.ch\/fr\/shop\"},{\"@type\":\"ListItem\",\"position\":3,\"name\":\"Cartouche filtrante\"}]},{\"@type\":\"WebSite\",\"@id\":\"https:\/\/shop.brita.ch\/fr\/#website\",\"url\":\"https:\/\/shop.brita.ch\/fr\/\",\"name\":\"BRITA\u00ae\",\"description\":\"Filtrationsl\u00f6sungen\",\"publisher\":{\"@id\":\"https:\/\/shop.brita.ch\/fr\/#organization\"},\"potentialAction\":[{\"@type\":\"SearchAction\",\"target\":{\"@type\":\"EntryPoint\",\"urlTemplate\":\"https:\/\/shop.brita.ch\/fr\/?s={search_term_string}\"},\"query-input\":{\"@type\":\"PropertyValueSpecification\",\"valueRequired\":true,\"valueName\":\"search_term_string\"}}],\"inLanguage\":\"fr-FR\"},{\"@type\":\"Organization\",\"@id\":\"https:\/\/shop.brita.ch\/fr\/#organization\",\"name\":\"BRITA Wasserfilter-Systeme AG\",\"url\":\"https:\/\/shop.brita.ch\/fr\/\",\"logo\":{\"@type\":\"ImageObject\",\"inLanguage\":\"fr-FR\",\"@id\":\"https:\/\/shop.brita.ch\/fr\/#\/schema\/logo\/image\/\",\"url\":\"\/fr\/wp-content\/uploads\/2019\/02\/logo-1.jpg\",\"contentUrl\":\"\/fr\/wp-content\/uploads\/2019\/02\/logo-1.jpg\",\"width\":117,\"height\":86,\"caption\":\"BRITA Wasserfilter-Systeme AG\"},\"image\":{\"@id\":\"https:\/\/shop.brita.ch\/fr\/#\/schema\/logo\/image\/\"},\"sameAs\":[\"https:\/\/www.facebook.com\/BRITA.schweiz\",\"https:\/\/www.instagram.com\/brita.schweiz\/\",\"https:\/\/de.linkedin.com\/company\/brita-gmbh\",\"https:\/\/www.youtube.com\/playlist?list=PLzhwO6-T9BJ7PNjKrGsSpVLHGT1s3xUoy\"]}]}<\/script>\n<!-- \/ Yoast SEO plugin. -->","yoast_head_json":{"title":"Cartouche filtrante - BRITA","description":"Filtres : achetez des cartouches pour vos robinets filtrants et waterbars. Am\u00e9liore le go\u00fbt et r\u00e9duit la formation de tartre jusqu\u2019\u00e0 12 mois. En savoir plus.","robots":{"index":"index","follow":"follow","max-snippet":"max-snippet:-1","max-image-preview":"max-image-preview:large","max-video-preview":"max-video-preview:-1"},"canonical":"https:\/\/shop.brita.ch\/fr\/produit\/cartouche-filtrante-p-3000","og_locale":"fr_FR","og_type":"article","og_title":"Cartouche filtrante - BRITA","og_description":"Filtres : achetez des cartouches pour vos robinets filtrants et waterbars. Am\u00e9liore le go\u00fbt et r\u00e9duit la formation de tartre jusqu\u2019\u00e0 12 mois. En savoir plus.","og_url":"https:\/\/shop.brita.ch\/fr\/produit\/cartouche-filtrante-p-3000","og_site_name":"BRITA","article_publisher":"https:\/\/www.facebook.com\/BRITA.schweiz","article_modified_time":"2025-10-14T11:04:50+00:00","og_image":[{"width":2560,"height":2560,"url":"https:\/\/shop.brita.ch\/fr\/wp-content\/uploads\/2017\/07\/Product_white_background_final-scaled.webp","type":"image\/webp"}],"twitter_card":"summary_large_image","twitter_misc":{"Est. reading time":"2 minutes"},"schema":{"@context":"https:\/\/schema.org","@graph":[{"@type":"WebPage","@id":"https:\/\/shop.brita.ch\/fr\/produit\/cartouche-filtrante-p-3000","url":"https:\/\/shop.brita.ch\/fr\/produit\/cartouche-filtrante-p-3000","name":"Cartouche filtrante - BRITA","isPartOf":{"@id":"https:\/\/shop.brita.ch\/fr\/#website"},"primaryImageOfPage":{"@id":"https:\/\/shop.brita.ch\/fr\/produit\/cartouche-filtrante-p-3000#primaryimage"},"image":{"@id":"https:\/\/shop.brita.ch\/fr\/produit\/cartouche-filtrante-p-3000#primaryimage"},"thumbnailUrl":"\/fr\/wp-content\/uploads\/2017\/07\/Product_white_background_final-scaled.webp","datePublished":"2017-07-05T11:46:59+00:00","dateModified":"2025-10-14T11:04:50+00:00","description":"Filtres : achetez des cartouches pour vos robinets filtrants et waterbars. Am\u00e9liore le go\u00fbt et r\u00e9duit la formation de tartre jusqu\u2019\u00e0 12 mois. En savoir plus.","breadcrumb":{"@id":"https:\/\/shop.brita.ch\/fr\/produit\/cartouche-filtrante-p-3000#breadcrumb"},"inLanguage":"fr-FR","potentialAction":[{"@type":"ReadAction","target":["https:\/\/shop.brita.ch\/fr\/produit\/cartouche-filtrante-p-3000"]}]},{"@type":"ImageObject","inLanguage":"fr-FR","@id":"https:\/\/shop.brita.ch\/fr\/produit\/cartouche-filtrante-p-3000#primaryimage","url":"\/fr\/wp-content\/uploads\/2017\/07\/Product_white_background_final-scaled.webp","contentUrl":"\/fr\/wp-content\/uploads\/2017\/07\/Product_white_background_final-scaled.webp","width":2560,"height":2560,"caption":"P3000"},{"@type":"BreadcrumbList","@id":"https:\/\/shop.brita.ch\/fr\/produit\/cartouche-filtrante-p-3000#breadcrumb","itemListElement":[{"@type":"ListItem","position":1,"name":"Page d'accueil","item":"https:\/\/shop.brita.ch\/fr\/"},{"@type":"ListItem","position":2,"name":"Produits","item":"https:\/\/shop.brita.ch\/fr\/shop"},{"@type":"ListItem","position":3,"name":"Cartouche filtrante"}]},{"@type":"WebSite","@id":"https:\/\/shop.brita.ch\/fr\/#website","url":"https:\/\/shop.brita.ch\/fr\/","name":"BRITA\u00ae","description":"Filtrationsl\u00f6sungen","publisher":{"@id":"https:\/\/shop.brita.ch\/fr\/#organization"},"potentialAction":[{"@type":"SearchAction","target":{"@type":"EntryPoint","urlTemplate":"https:\/\/shop.brita.ch\/fr\/?s={search_term_string}"},"query-input":{"@type":"PropertyValueSpecification","valueRequired":true,"valueName":"search_term_string"}}],"inLanguage":"fr-FR"},{"@type":"Organization","@id":"https:\/\/shop.brita.ch\/fr\/#organization","name":"BRITA Wasserfilter-Systeme AG","url":"https:\/\/shop.brita.ch\/fr\/","logo":{"@type":"ImageObject","inLanguage":"fr-FR","@id":"https:\/\/shop.brita.ch\/fr\/#\/schema\/logo\/image\/","url":"\/fr\/wp-content\/uploads\/2019\/02\/logo-1.jpg","contentUrl":"\/fr\/wp-content\/uploads\/2019\/02\/logo-1.jpg","width":117,"height":86,"caption":"BRITA Wasserfilter-Systeme AG"},"image":{"@id":"https:\/\/shop.brita.ch\/fr\/#\/schema\/logo\/image\/"},"sameAs":["https:\/\/www.facebook.com\/BRITA.schweiz","https:\/\/www.instagram.com\/brita.schweiz\/","https:\/\/de.linkedin.com\/company\/brita-gmbh","https:\/\/www.youtube.com\/playlist?list=PLzhwO6-T9BJ7PNjKrGsSpVLHGT1s3xUoy"]}]}},"_links":{"self":[{"href":"https:\/\/shop.brita.ch\/fr\/wp-json\/wp\/v2\/product\/740","targetHints":{"allow":["GET"]}}],"collection":[{"href":"https:\/\/shop.brita.ch\/fr\/wp-json\/wp\/v2\/product"}],"about":[{"href":"https:\/\/shop.brita.ch\/fr\/wp-json\/wp\/v2\/types\/product"}],"wp:featuredmedia":[{"embeddable":true,"href":"https:\/\/shop.brita.ch\/fr\/wp-json\/wp\/v2\/media\/15410"}],"wp:attachment":[{"href":"https:\/\/shop.brita.ch\/fr\/wp-json\/wp\/v2\/media?parent=740"}],"wp:term":[{"taxonomy":"product_brand","embeddable":true,"href":"https:\/\/shop.brita.ch\/fr\/wp-json\/wp\/v2\/product_brand?post=740"},{"taxonomy":"product_cat","embeddable":true,"href":"https:\/\/shop.brita.ch\/fr\/wp-json\/wp\/v2\/product_cat?post=740"},{"taxonomy":"product_tag","embeddable":true,"href":"https:\/\/shop.brita.ch\/fr\/wp-json\/wp\/v2\/product_tag?post=740"}],"curies":[{"name":"wp","href":"https:\/\/api.w.org\/{rel}","templated":true}]}}