{"id":738,"date":"2016-06-03T11:47:42","date_gmt":"2016-06-03T09:47:42","guid":{"rendered":"http:\/\/localhost\/brita-shop\/produkt\/wd-3030\/"},"modified":"2026-02-19T14:01:40","modified_gmt":"2026-02-19T13:01:40","slug":"en-ligne-robinet-de-cuisine-filtrant-arrondi","status":"publish","type":"product","link":"https:\/\/shop.brita.ch\/fr\/produit\/en-ligne-robinet-de-cuisine-filtrant-arrondi","title":{"rendered":"Robinet de cuisine filtrant int\u00e9gr\u00e9"},"content":{"rendered":"<p><strong>Robinet de cuisine BRITA filtrant pour de l\u2019eau fra\u00eeche en direct. Une alternative \u00e9coresponsable \u00e0 l\u2019eau en bouteille plastique.<\/strong><\/p>\n<div style=\"display:none;\">Le compl\u00e9ment fut\u00e9 et durable de toute cuisine moderne \u2013 obtenez d\u2019un simple geste l\u2019eau dont vous avez besoin. C\u2019est rapide, pratique et \u00e9conomique.<\/p>\n<p>Le Robinet BRITA a deux manettes. L\u2019une pour l\u2019eau courante non filtr\u00e9e qui permet de r\u00e9gler la temp\u00e9rature et le d\u00e9bit du jet d\u2019eau, l\u2019autre qui porte le logo BRITA et permet d\u2019obtenir uniquement de l\u2019eau courante optimis\u00e9e par BRITA. Avec indicateur de changement de cartouche.<\/p><\/div>\n<ul class=\"product-facts\">\n<strong>Pack compos\u00e9 du robinet de cuisine arrondi et d\u2019une cartouche P 1000 pour jusqu\u2019\u00e0 12 mois d\u2019eau filtr\u00e9e<\/strong><\/p>\n<li>Manette bleue r\u00e9serv\u00e9e \u00e0 l\u2019eau filtr\u00e9e BRITA<\/li>\n<li>Indicateur d\u2019\u00e9tat de la cartouche BRITA<\/li>\n<li>Bec qui pivote \u00e0 360\u00a0degr\u00e9s<\/li>\n<li style=\"display:none;\">Sortie d\u2019eau int\u00e9gr\u00e9e pour l\u2019eau filtr\u00e9e et l\u2019eau ordinaire<\/li>\n<li>Diff\u00e9rence par rapport au mod\u00e8le angulaire: <strong>sortie d\u2019eau int\u00e9gr\u00e9e et non s\u00e9par\u00e9e pour l\u2019eau filtr\u00e9e et l\u2019eau non filtr\u00e9e<\/strong><\/li>\n<li>Inox massif bross\u00e9 (r\u00e9sistant, hygi\u00e9nique, facile d\u2019entretien)<\/li>\n<li>Solution peu encombrante<\/li>\n<li>Avec kit d\u2019installation<\/li>\n<li>Le robinet de cuisine est un robinet haute pression (2 \u00e0 8,6 bars)<\/li>\n<\/ul>\n<ul class=\"product-facts\">\n<strong>Dimensions<\/strong><\/p>\n<li>L\/H: 227\/400 mm<\/li>\n<li>Rosace: \u00f8 54 mm<\/li>\n<li>Trou de per\u00e7age: \u00f8 35 mm<\/li>\n<li>\u00c9cartement: min. 60mm<\/li>\n<\/ul>\n<div class=\"mb-5 dl-btn d-flex flex-column left\">\n<h5>Mode d\u2019emploi<\/h5>\n<p><a class=\"btn-default btn\" href=\"https:\/\/www.brita.ch\/dam\/jcr:a62a0a0f-803a-41f8-a396-4024d99baa23\/brita-consumer-3-way-water-tap-instruction-manual-INT.pdf\" target=\"_blank\" rel=\"noopener noreferrer\" download>T\u00e9l\u00e9charger maintenant<\/a><\/p>\n<h5>Conditions d&#8217;installation<\/h5>\n<p><a class=\"btn-default btn\" href=\"\/fr\/wp-content\/uploads\/2025\/02\/conditions_installation_robinet_inox_arrondi_mypure_3-way_fr.pdf\" target=\"_blank\" rel=\"noopener noreferrer\" download>T\u00e9l\u00e9charger maintenant<\/a>\n<\/div>\n","protected":false},"excerpt":{"rendered":"<p>Un style intemporel alli\u00e9 \u00e0 un confort absolu: \u00e9l\u00e9gant Robinet BRITA avec indicateur de changement de cartouche LED. [&#8230;]<\/p>\n<p><a class=\"btn btn-secondary understrap-read-more-link\" href=\"https:\/\/shop.brita.ch\/fr\/produit\/en-ligne-robinet-de-cuisine-filtrant-arrondi\">Lire la suite&#8230;<\/a><\/p>\n","protected":false},"featured_media":10883,"template":"","meta":[],"product_brand":[],"product_cat":[23],"product_tag":[],"class_list":{"0":"post-738","1":"product","2":"type-product","3":"status-publish","4":"has-post-thumbnail","6":"product_cat-robinets","8":"first","9":"instock","10":"taxable","11":"shipping-taxable","12":"purchasable","13":"product-type-simple"},"yoast_head":"<!-- This site is optimized with the Yoast SEO plugin v26.7 - https:\/\/yoast.com\/wordpress\/plugins\/seo\/ -->\n<title>Robinet de cuisine filtrant arrondi en ligne | BRITA\u00ae<\/title>\n<meta name=\"description\" content=\"En ligne : Robinet de cuisine int\u00e9gr\u00e9 BRITA pour de l\u2019eau filtr\u00e9e directement au robinet. Inox, arrondi. Peu encombrant et pratique. En savoir plus.\" \/>\n<meta name=\"robots\" content=\"index, follow, max-snippet:-1, max-image-preview:large, max-video-preview:-1\" \/>\n<link rel=\"canonical\" href=\"https:\/\/shop.brita.ch\/fr\/produit\/en-ligne-robinet-de-cuisine-filtrant-arrondi\" \/>\n<meta property=\"og:locale\" content=\"fr_FR\" \/>\n<meta property=\"og:type\" content=\"article\" \/>\n<meta property=\"og:title\" content=\"Robinet de cuisine filtrant arrondi en ligne | BRITA\u00ae\" \/>\n<meta property=\"og:description\" content=\"En ligne : Robinet de cuisine int\u00e9gr\u00e9 BRITA pour de l\u2019eau filtr\u00e9e directement au robinet. Inox, arrondi. Peu encombrant et pratique. En savoir plus.\" \/>\n<meta property=\"og:url\" content=\"https:\/\/shop.brita.ch\/fr\/produit\/en-ligne-robinet-de-cuisine-filtrant-arrondi\" \/>\n<meta property=\"og:site_name\" content=\"BRITA\" \/>\n<meta property=\"article:publisher\" content=\"https:\/\/www.facebook.com\/BRITA.schweiz\" \/>\n<meta property=\"article:modified_time\" content=\"2026-02-19T13:01:40+00:00\" \/>\n<meta property=\"og:image\" content=\"https:\/\/shop.brita.ch\/fr\/wp-content\/uploads\/2016\/06\/brita-water-filter-tap-solutions-integrated-water-filter-tap-3-way-round-filter-cartridge-P1000.jpg\" \/>\n\t<meta property=\"og:image:width\" content=\"600\" \/>\n\t<meta property=\"og:image:height\" content=\"600\" \/>\n\t<meta property=\"og:image:type\" content=\"image\/jpeg\" \/>\n<meta name=\"twitter:card\" content=\"summary_large_image\" \/>\n<meta name=\"twitter:label1\" content=\"Est. reading time\" \/>\n\t<meta name=\"twitter:data1\" content=\"2 minutes\" \/>\n<script type=\"application\/ld+json\" class=\"yoast-schema-graph\">{\"@context\":\"https:\/\/schema.org\",\"@graph\":[{\"@type\":\"WebPage\",\"@id\":\"https:\/\/shop.brita.ch\/fr\/produit\/en-ligne-robinet-de-cuisine-filtrant-arrondi\",\"url\":\"https:\/\/shop.brita.ch\/fr\/produit\/en-ligne-robinet-de-cuisine-filtrant-arrondi\",\"name\":\"Robinet de cuisine filtrant arrondi en ligne | BRITA\u00ae\",\"isPartOf\":{\"@id\":\"https:\/\/shop.brita.ch\/fr\/#website\"},\"primaryImageOfPage\":{\"@id\":\"https:\/\/shop.brita.ch\/fr\/produit\/en-ligne-robinet-de-cuisine-filtrant-arrondi#primaryimage\"},\"image\":{\"@id\":\"https:\/\/shop.brita.ch\/fr\/produit\/en-ligne-robinet-de-cuisine-filtrant-arrondi#primaryimage\"},\"thumbnailUrl\":\"\/fr\/wp-content\/uploads\/2016\/06\/brita-water-filter-tap-solutions-integrated-water-filter-tap-3-way-round-filter-cartridge-P1000.jpg\",\"datePublished\":\"2016-06-03T09:47:42+00:00\",\"dateModified\":\"2026-02-19T13:01:40+00:00\",\"description\":\"En ligne : Robinet de cuisine int\u00e9gr\u00e9 BRITA pour de l\u2019eau filtr\u00e9e directement au robinet. Inox, arrondi. Peu encombrant et pratique. En savoir plus.\",\"breadcrumb\":{\"@id\":\"https:\/\/shop.brita.ch\/fr\/produit\/en-ligne-robinet-de-cuisine-filtrant-arrondi#breadcrumb\"},\"inLanguage\":\"fr-FR\",\"potentialAction\":[{\"@type\":\"ReadAction\",\"target\":[\"https:\/\/shop.brita.ch\/fr\/produit\/en-ligne-robinet-de-cuisine-filtrant-arrondi\"]}]},{\"@type\":\"ImageObject\",\"inLanguage\":\"fr-FR\",\"@id\":\"https:\/\/shop.brita.ch\/fr\/produit\/en-ligne-robinet-de-cuisine-filtrant-arrondi#primaryimage\",\"url\":\"\/fr\/wp-content\/uploads\/2016\/06\/brita-water-filter-tap-solutions-integrated-water-filter-tap-3-way-round-filter-cartridge-P1000.jpg\",\"contentUrl\":\"\/fr\/wp-content\/uploads\/2016\/06\/brita-water-filter-tap-solutions-integrated-water-filter-tap-3-way-round-filter-cartridge-P1000.jpg\",\"width\":600,\"height\":600,\"caption\":\"Robinet de cuisine filtrant int\u00e9gr\u00e9\"},{\"@type\":\"BreadcrumbList\",\"@id\":\"https:\/\/shop.brita.ch\/fr\/produit\/en-ligne-robinet-de-cuisine-filtrant-arrondi#breadcrumb\",\"itemListElement\":[{\"@type\":\"ListItem\",\"position\":1,\"name\":\"Page d'accueil\",\"item\":\"https:\/\/shop.brita.ch\/fr\/\"},{\"@type\":\"ListItem\",\"position\":2,\"name\":\"Produits\",\"item\":\"https:\/\/shop.brita.ch\/fr\/shop\"},{\"@type\":\"ListItem\",\"position\":3,\"name\":\"Robinet de cuisine filtrant int\u00e9gr\u00e9\"}]},{\"@type\":\"WebSite\",\"@id\":\"https:\/\/shop.brita.ch\/fr\/#website\",\"url\":\"https:\/\/shop.brita.ch\/fr\/\",\"name\":\"BRITA\u00ae\",\"description\":\"Filtrationsl\u00f6sungen\",\"publisher\":{\"@id\":\"https:\/\/shop.brita.ch\/fr\/#organization\"},\"potentialAction\":[{\"@type\":\"SearchAction\",\"target\":{\"@type\":\"EntryPoint\",\"urlTemplate\":\"https:\/\/shop.brita.ch\/fr\/?s={search_term_string}\"},\"query-input\":{\"@type\":\"PropertyValueSpecification\",\"valueRequired\":true,\"valueName\":\"search_term_string\"}}],\"inLanguage\":\"fr-FR\"},{\"@type\":\"Organization\",\"@id\":\"https:\/\/shop.brita.ch\/fr\/#organization\",\"name\":\"BRITA Wasserfilter-Systeme AG\",\"url\":\"https:\/\/shop.brita.ch\/fr\/\",\"logo\":{\"@type\":\"ImageObject\",\"inLanguage\":\"fr-FR\",\"@id\":\"https:\/\/shop.brita.ch\/fr\/#\/schema\/logo\/image\/\",\"url\":\"\/fr\/wp-content\/uploads\/2019\/02\/logo-1.jpg\",\"contentUrl\":\"\/fr\/wp-content\/uploads\/2019\/02\/logo-1.jpg\",\"width\":117,\"height\":86,\"caption\":\"BRITA Wasserfilter-Systeme AG\"},\"image\":{\"@id\":\"https:\/\/shop.brita.ch\/fr\/#\/schema\/logo\/image\/\"},\"sameAs\":[\"https:\/\/www.facebook.com\/BRITA.schweiz\",\"https:\/\/www.instagram.com\/brita.schweiz\/\",\"https:\/\/de.linkedin.com\/company\/brita-gmbh\",\"https:\/\/www.youtube.com\/playlist?list=PLzhwO6-T9BJ7PNjKrGsSpVLHGT1s3xUoy\"]}]}<\/script>\n<!-- \/ Yoast SEO plugin. -->","yoast_head_json":{"title":"Robinet de cuisine filtrant arrondi en ligne | BRITA\u00ae","description":"En ligne : Robinet de cuisine int\u00e9gr\u00e9 BRITA pour de l\u2019eau filtr\u00e9e directement au robinet. Inox, arrondi. Peu encombrant et pratique. En savoir plus.","robots":{"index":"index","follow":"follow","max-snippet":"max-snippet:-1","max-image-preview":"max-image-preview:large","max-video-preview":"max-video-preview:-1"},"canonical":"https:\/\/shop.brita.ch\/fr\/produit\/en-ligne-robinet-de-cuisine-filtrant-arrondi","og_locale":"fr_FR","og_type":"article","og_title":"Robinet de cuisine filtrant arrondi en ligne | BRITA\u00ae","og_description":"En ligne : Robinet de cuisine int\u00e9gr\u00e9 BRITA pour de l\u2019eau filtr\u00e9e directement au robinet. Inox, arrondi. Peu encombrant et pratique. En savoir plus.","og_url":"https:\/\/shop.brita.ch\/fr\/produit\/en-ligne-robinet-de-cuisine-filtrant-arrondi","og_site_name":"BRITA","article_publisher":"https:\/\/www.facebook.com\/BRITA.schweiz","article_modified_time":"2026-02-19T13:01:40+00:00","og_image":[{"width":600,"height":600,"url":"https:\/\/shop.brita.ch\/fr\/wp-content\/uploads\/2016\/06\/brita-water-filter-tap-solutions-integrated-water-filter-tap-3-way-round-filter-cartridge-P1000.jpg","type":"image\/jpeg"}],"twitter_card":"summary_large_image","twitter_misc":{"Est. reading time":"2 minutes"},"schema":{"@context":"https:\/\/schema.org","@graph":[{"@type":"WebPage","@id":"https:\/\/shop.brita.ch\/fr\/produit\/en-ligne-robinet-de-cuisine-filtrant-arrondi","url":"https:\/\/shop.brita.ch\/fr\/produit\/en-ligne-robinet-de-cuisine-filtrant-arrondi","name":"Robinet de cuisine filtrant arrondi en ligne | BRITA\u00ae","isPartOf":{"@id":"https:\/\/shop.brita.ch\/fr\/#website"},"primaryImageOfPage":{"@id":"https:\/\/shop.brita.ch\/fr\/produit\/en-ligne-robinet-de-cuisine-filtrant-arrondi#primaryimage"},"image":{"@id":"https:\/\/shop.brita.ch\/fr\/produit\/en-ligne-robinet-de-cuisine-filtrant-arrondi#primaryimage"},"thumbnailUrl":"\/fr\/wp-content\/uploads\/2016\/06\/brita-water-filter-tap-solutions-integrated-water-filter-tap-3-way-round-filter-cartridge-P1000.jpg","datePublished":"2016-06-03T09:47:42+00:00","dateModified":"2026-02-19T13:01:40+00:00","description":"En ligne : Robinet de cuisine int\u00e9gr\u00e9 BRITA pour de l\u2019eau filtr\u00e9e directement au robinet. Inox, arrondi. Peu encombrant et pratique. En savoir plus.","breadcrumb":{"@id":"https:\/\/shop.brita.ch\/fr\/produit\/en-ligne-robinet-de-cuisine-filtrant-arrondi#breadcrumb"},"inLanguage":"fr-FR","potentialAction":[{"@type":"ReadAction","target":["https:\/\/shop.brita.ch\/fr\/produit\/en-ligne-robinet-de-cuisine-filtrant-arrondi"]}]},{"@type":"ImageObject","inLanguage":"fr-FR","@id":"https:\/\/shop.brita.ch\/fr\/produit\/en-ligne-robinet-de-cuisine-filtrant-arrondi#primaryimage","url":"\/fr\/wp-content\/uploads\/2016\/06\/brita-water-filter-tap-solutions-integrated-water-filter-tap-3-way-round-filter-cartridge-P1000.jpg","contentUrl":"\/fr\/wp-content\/uploads\/2016\/06\/brita-water-filter-tap-solutions-integrated-water-filter-tap-3-way-round-filter-cartridge-P1000.jpg","width":600,"height":600,"caption":"Robinet de cuisine filtrant int\u00e9gr\u00e9"},{"@type":"BreadcrumbList","@id":"https:\/\/shop.brita.ch\/fr\/produit\/en-ligne-robinet-de-cuisine-filtrant-arrondi#breadcrumb","itemListElement":[{"@type":"ListItem","position":1,"name":"Page d'accueil","item":"https:\/\/shop.brita.ch\/fr\/"},{"@type":"ListItem","position":2,"name":"Produits","item":"https:\/\/shop.brita.ch\/fr\/shop"},{"@type":"ListItem","position":3,"name":"Robinet de cuisine filtrant int\u00e9gr\u00e9"}]},{"@type":"WebSite","@id":"https:\/\/shop.brita.ch\/fr\/#website","url":"https:\/\/shop.brita.ch\/fr\/","name":"BRITA\u00ae","description":"Filtrationsl\u00f6sungen","publisher":{"@id":"https:\/\/shop.brita.ch\/fr\/#organization"},"potentialAction":[{"@type":"SearchAction","target":{"@type":"EntryPoint","urlTemplate":"https:\/\/shop.brita.ch\/fr\/?s={search_term_string}"},"query-input":{"@type":"PropertyValueSpecification","valueRequired":true,"valueName":"search_term_string"}}],"inLanguage":"fr-FR"},{"@type":"Organization","@id":"https:\/\/shop.brita.ch\/fr\/#organization","name":"BRITA Wasserfilter-Systeme AG","url":"https:\/\/shop.brita.ch\/fr\/","logo":{"@type":"ImageObject","inLanguage":"fr-FR","@id":"https:\/\/shop.brita.ch\/fr\/#\/schema\/logo\/image\/","url":"\/fr\/wp-content\/uploads\/2019\/02\/logo-1.jpg","contentUrl":"\/fr\/wp-content\/uploads\/2019\/02\/logo-1.jpg","width":117,"height":86,"caption":"BRITA Wasserfilter-Systeme AG"},"image":{"@id":"https:\/\/shop.brita.ch\/fr\/#\/schema\/logo\/image\/"},"sameAs":["https:\/\/www.facebook.com\/BRITA.schweiz","https:\/\/www.instagram.com\/brita.schweiz\/","https:\/\/de.linkedin.com\/company\/brita-gmbh","https:\/\/www.youtube.com\/playlist?list=PLzhwO6-T9BJ7PNjKrGsSpVLHGT1s3xUoy"]}]}},"_links":{"self":[{"href":"https:\/\/shop.brita.ch\/fr\/wp-json\/wp\/v2\/product\/738","targetHints":{"allow":["GET"]}}],"collection":[{"href":"https:\/\/shop.brita.ch\/fr\/wp-json\/wp\/v2\/product"}],"about":[{"href":"https:\/\/shop.brita.ch\/fr\/wp-json\/wp\/v2\/types\/product"}],"wp:featuredmedia":[{"embeddable":true,"href":"https:\/\/shop.brita.ch\/fr\/wp-json\/wp\/v2\/media\/10883"}],"wp:attachment":[{"href":"https:\/\/shop.brita.ch\/fr\/wp-json\/wp\/v2\/media?parent=738"}],"wp:term":[{"taxonomy":"product_brand","embeddable":true,"href":"https:\/\/shop.brita.ch\/fr\/wp-json\/wp\/v2\/product_brand?post=738"},{"taxonomy":"product_cat","embeddable":true,"href":"https:\/\/shop.brita.ch\/fr\/wp-json\/wp\/v2\/product_cat?post=738"},{"taxonomy":"product_tag","embeddable":true,"href":"https:\/\/shop.brita.ch\/fr\/wp-json\/wp\/v2\/product_tag?post=738"}],"curies":[{"name":"wp","href":"https:\/\/api.w.org\/{rel}","templated":true}]}}