{"id":736,"date":"2017-06-14T13:25:47","date_gmt":"2017-06-14T11:25:47","guid":{"rendered":"http:\/\/localhost\/brita-shop\/produkt\/robinet-mypure-avec-cartouche\/"},"modified":"2025-08-06T11:19:12","modified_gmt":"2025-08-06T09:19:12","slug":"en-ligne-robinet-de-cuisine-filtrant-complementaire","status":"publish","type":"product","link":"https:\/\/shop.brita.ch\/fr\/produit\/en-ligne-robinet-de-cuisine-filtrant-complementaire","title":{"rendered":"Robinet mypure P1"},"content":{"rendered":"<p><strong>Le compl\u00e9ment parfait de chaque cuisine moderne \u2013 peut aussi s\u2019installer dans les appartements en location.<\/strong><\/p>\n<p>Pour profiter d\u2019un seul geste d\u2019eau fra\u00eeche filtr\u00e9e BRITA, rapidement et en tout confort, directement depuis le Robinet BRITA. Le Robinet BRITA mypure compl\u00e8te votre robinet.<\/p>\n<p>En plus de votre eau normale, vous avez acc\u00e8s \u00e0 de l\u2019eau fra\u00eechement filtr\u00e9e distribu\u00e9e par ce deuxi\u00e8me robinet peu encombrant.<\/p>\n<p>Un petit per\u00e7age suppl\u00e9mentaire dans le plan de cuisine suffit pour l\u2019installer.<\/p>\n<ul class=\"product-facts\">\n<strong>Caract\u00e9ristiques techniques\ufeff<\/strong><\/p>\n<li>Hauteur : 29,2 cm<\/li>\n<\/ul>\n<p><span><a onclick=\"read_toggle(617132599, 'D\u00e9couvrir', 'Masquer les d\u00e9tails'); return false;\" class=\"read-link\" id=\"readlink617132599\" style=\"readlink\" href=\"#\">D\u00e9couvrir<\/a><\/span>\n<div class=\"read_div\" id=\"read617132599\" style=\"display: none;\"><br \/>\nLa filtration d\u2019eau \u00e9chelonn\u00e9e r\u00e9duit en permanence la teneur en calcaire et en substances qui d\u00e9naturent le go\u00fbt et l\u2019odeur, comme le chlore, les compos\u00e9s chlor\u00e9s et les m\u00e9taux provenant des tuyauteries comme le plomb et le cuivre.<\/p>\n<ul class=\"product-facts w-100\">\n<li>Cartouche filtrante P 1000 assurant jusqu\u2019\u00e0 12 mois de filtration (incluse dans le kit de d\u00e9marrage)<\/li>\n<li>Installation simple et peu encombrante de la cartouche de rechange sous l\u2019\u00e9vier gr\u00e2ce au support mural pratique.<\/li>\n<li>Une solution qui peut aussi parfaitement bien \u00e9quiper les appartements en location.<\/li>\n<li>Kit de d\u00e9marrage complet avec tous les composants n\u00e9cessaires \u00e0 l\u2019installation.<br \/>\n<\/div><\/li>\n<\/ul>\n<div class=\"mb-5 dl-btn\">\n<h5>Mode d\u2019emploi mypure P1<\/h5>\n<p><a class=\"btn-default btn\" href=\"https:\/\/www.brita.ch\/dam\/jcr:03ea1a9a-e368-43ba-8978-3e8a32af4bba\/brita-filter-mypure-p1-instruction-manual-FR.pdf\" target=\"_blank\" rel=\"noopener noreferrer\">T\u00e9l\u00e9charger maintenant<\/a><\/p>\n<\/div>\n","protected":false},"excerpt":{"rendered":"<p>Pour compl\u00e9ter votre robinet: un Robinet BRITA sp\u00e9cifique et peu encombrant qui distribue de l\u2019eau filtr\u00e9e, avec indicateur de changement de cartouche. [&#8230;]<\/p>\n<p><a class=\"btn btn-secondary understrap-read-more-link\" href=\"https:\/\/shop.brita.ch\/fr\/produit\/en-ligne-robinet-de-cuisine-filtrant-complementaire\">Lire la suite&#8230;<\/a><\/p>\n","protected":false},"featured_media":6580,"template":"","meta":[],"product_brand":[],"product_cat":[23],"product_tag":[48],"class_list":{"0":"post-736","1":"product","2":"type-product","3":"status-publish","4":"has-post-thumbnail","6":"product_cat-robinets","7":"product_tag-waterbars","9":"first","10":"instock","11":"taxable","12":"shipping-taxable","13":"purchasable","14":"product-type-simple"},"yoast_head":"<!-- This site is optimized with the Yoast SEO plugin v26.7 - https:\/\/yoast.com\/wordpress\/plugins\/seo\/ -->\n<title>Robinet filtrant en ligne | BRITA\u00ae<\/title>\n<meta name=\"description\" content=\"Commandez les robinets de cuisine filtrants aupr\u00e8s de la boutique en ligne BRITA.\" \/>\n<meta name=\"robots\" content=\"index, follow, max-snippet:-1, max-image-preview:large, max-video-preview:-1\" \/>\n<link rel=\"canonical\" href=\"https:\/\/shop.brita.ch\/fr\/produit\/en-ligne-robinet-de-cuisine-filtrant-complementaire\" \/>\n<meta property=\"og:locale\" content=\"fr_FR\" \/>\n<meta property=\"og:type\" content=\"article\" \/>\n<meta property=\"og:title\" content=\"Robinet filtrant en ligne | BRITA\u00ae\" \/>\n<meta property=\"og:description\" content=\"Commandez les robinets de cuisine filtrants aupr\u00e8s de la boutique en ligne BRITA.\" \/>\n<meta property=\"og:url\" content=\"https:\/\/shop.brita.ch\/fr\/produit\/en-ligne-robinet-de-cuisine-filtrant-complementaire\" \/>\n<meta property=\"og:site_name\" content=\"BRITA\" \/>\n<meta property=\"article:publisher\" content=\"https:\/\/www.facebook.com\/BRITA.schweiz\" \/>\n<meta property=\"article:modified_time\" content=\"2025-08-06T09:19:12+00:00\" \/>\n<meta property=\"og:image\" content=\"https:\/\/shop.brita.ch\/fr\/wp-content\/uploads\/2017\/06\/ch-lead-my-pure.jpg\" \/>\n\t<meta property=\"og:image:width\" content=\"1000\" \/>\n\t<meta property=\"og:image:height\" content=\"1000\" \/>\n\t<meta property=\"og:image:type\" content=\"image\/jpeg\" \/>\n<meta name=\"twitter:card\" content=\"summary_large_image\" \/>\n<meta name=\"twitter:label1\" content=\"Est. reading time\" \/>\n\t<meta name=\"twitter:data1\" content=\"2 minutes\" \/>\n<script type=\"application\/ld+json\" class=\"yoast-schema-graph\">{\"@context\":\"https:\/\/schema.org\",\"@graph\":[{\"@type\":\"WebPage\",\"@id\":\"https:\/\/shop.brita.ch\/fr\/produit\/en-ligne-robinet-de-cuisine-filtrant-complementaire\",\"url\":\"https:\/\/shop.brita.ch\/fr\/produit\/en-ligne-robinet-de-cuisine-filtrant-complementaire\",\"name\":\"Robinet filtrant en ligne | BRITA\u00ae\",\"isPartOf\":{\"@id\":\"https:\/\/shop.brita.ch\/fr\/#website\"},\"primaryImageOfPage\":{\"@id\":\"https:\/\/shop.brita.ch\/fr\/produit\/en-ligne-robinet-de-cuisine-filtrant-complementaire#primaryimage\"},\"image\":{\"@id\":\"https:\/\/shop.brita.ch\/fr\/produit\/en-ligne-robinet-de-cuisine-filtrant-complementaire#primaryimage\"},\"thumbnailUrl\":\"\/fr\/wp-content\/uploads\/2017\/06\/ch-lead-my-pure.jpg\",\"datePublished\":\"2017-06-14T11:25:47+00:00\",\"dateModified\":\"2025-08-06T09:19:12+00:00\",\"description\":\"Commandez les robinets de cuisine filtrants aupr\u00e8s de la boutique en ligne BRITA.\",\"breadcrumb\":{\"@id\":\"https:\/\/shop.brita.ch\/fr\/produit\/en-ligne-robinet-de-cuisine-filtrant-complementaire#breadcrumb\"},\"inLanguage\":\"fr-FR\",\"potentialAction\":[{\"@type\":\"ReadAction\",\"target\":[\"https:\/\/shop.brita.ch\/fr\/produit\/en-ligne-robinet-de-cuisine-filtrant-complementaire\"]}]},{\"@type\":\"ImageObject\",\"inLanguage\":\"fr-FR\",\"@id\":\"https:\/\/shop.brita.ch\/fr\/produit\/en-ligne-robinet-de-cuisine-filtrant-complementaire#primaryimage\",\"url\":\"\/fr\/wp-content\/uploads\/2017\/06\/ch-lead-my-pure.jpg\",\"contentUrl\":\"\/fr\/wp-content\/uploads\/2017\/06\/ch-lead-my-pure.jpg\",\"width\":1000,\"height\":1000,\"caption\":\"BRITA waterbar mypure P1\"},{\"@type\":\"BreadcrumbList\",\"@id\":\"https:\/\/shop.brita.ch\/fr\/produit\/en-ligne-robinet-de-cuisine-filtrant-complementaire#breadcrumb\",\"itemListElement\":[{\"@type\":\"ListItem\",\"position\":1,\"name\":\"Page d'accueil\",\"item\":\"https:\/\/shop.brita.ch\/fr\/\"},{\"@type\":\"ListItem\",\"position\":2,\"name\":\"Produits\",\"item\":\"https:\/\/shop.brita.ch\/fr\/shop\"},{\"@type\":\"ListItem\",\"position\":3,\"name\":\"Robinet mypure P1\"}]},{\"@type\":\"WebSite\",\"@id\":\"https:\/\/shop.brita.ch\/fr\/#website\",\"url\":\"https:\/\/shop.brita.ch\/fr\/\",\"name\":\"BRITA\u00ae\",\"description\":\"Filtrationsl\u00f6sungen\",\"publisher\":{\"@id\":\"https:\/\/shop.brita.ch\/fr\/#organization\"},\"potentialAction\":[{\"@type\":\"SearchAction\",\"target\":{\"@type\":\"EntryPoint\",\"urlTemplate\":\"https:\/\/shop.brita.ch\/fr\/?s={search_term_string}\"},\"query-input\":{\"@type\":\"PropertyValueSpecification\",\"valueRequired\":true,\"valueName\":\"search_term_string\"}}],\"inLanguage\":\"fr-FR\"},{\"@type\":\"Organization\",\"@id\":\"https:\/\/shop.brita.ch\/fr\/#organization\",\"name\":\"BRITA Wasserfilter-Systeme AG\",\"url\":\"https:\/\/shop.brita.ch\/fr\/\",\"logo\":{\"@type\":\"ImageObject\",\"inLanguage\":\"fr-FR\",\"@id\":\"https:\/\/shop.brita.ch\/fr\/#\/schema\/logo\/image\/\",\"url\":\"\/fr\/wp-content\/uploads\/2019\/02\/logo-1.jpg\",\"contentUrl\":\"\/fr\/wp-content\/uploads\/2019\/02\/logo-1.jpg\",\"width\":117,\"height\":86,\"caption\":\"BRITA Wasserfilter-Systeme AG\"},\"image\":{\"@id\":\"https:\/\/shop.brita.ch\/fr\/#\/schema\/logo\/image\/\"},\"sameAs\":[\"https:\/\/www.facebook.com\/BRITA.schweiz\",\"https:\/\/www.instagram.com\/brita.schweiz\/\",\"https:\/\/de.linkedin.com\/company\/brita-gmbh\",\"https:\/\/www.youtube.com\/playlist?list=PLzhwO6-T9BJ7PNjKrGsSpVLHGT1s3xUoy\"]}]}<\/script>\n<!-- \/ Yoast SEO plugin. -->","yoast_head_json":{"title":"Robinet filtrant en ligne | BRITA\u00ae","description":"Commandez les robinets de cuisine filtrants aupr\u00e8s de la boutique en ligne BRITA.","robots":{"index":"index","follow":"follow","max-snippet":"max-snippet:-1","max-image-preview":"max-image-preview:large","max-video-preview":"max-video-preview:-1"},"canonical":"https:\/\/shop.brita.ch\/fr\/produit\/en-ligne-robinet-de-cuisine-filtrant-complementaire","og_locale":"fr_FR","og_type":"article","og_title":"Robinet filtrant en ligne | BRITA\u00ae","og_description":"Commandez les robinets de cuisine filtrants aupr\u00e8s de la boutique en ligne BRITA.","og_url":"https:\/\/shop.brita.ch\/fr\/produit\/en-ligne-robinet-de-cuisine-filtrant-complementaire","og_site_name":"BRITA","article_publisher":"https:\/\/www.facebook.com\/BRITA.schweiz","article_modified_time":"2025-08-06T09:19:12+00:00","og_image":[{"width":1000,"height":1000,"url":"https:\/\/shop.brita.ch\/fr\/wp-content\/uploads\/2017\/06\/ch-lead-my-pure.jpg","type":"image\/jpeg"}],"twitter_card":"summary_large_image","twitter_misc":{"Est. reading time":"2 minutes"},"schema":{"@context":"https:\/\/schema.org","@graph":[{"@type":"WebPage","@id":"https:\/\/shop.brita.ch\/fr\/produit\/en-ligne-robinet-de-cuisine-filtrant-complementaire","url":"https:\/\/shop.brita.ch\/fr\/produit\/en-ligne-robinet-de-cuisine-filtrant-complementaire","name":"Robinet filtrant en ligne | BRITA\u00ae","isPartOf":{"@id":"https:\/\/shop.brita.ch\/fr\/#website"},"primaryImageOfPage":{"@id":"https:\/\/shop.brita.ch\/fr\/produit\/en-ligne-robinet-de-cuisine-filtrant-complementaire#primaryimage"},"image":{"@id":"https:\/\/shop.brita.ch\/fr\/produit\/en-ligne-robinet-de-cuisine-filtrant-complementaire#primaryimage"},"thumbnailUrl":"\/fr\/wp-content\/uploads\/2017\/06\/ch-lead-my-pure.jpg","datePublished":"2017-06-14T11:25:47+00:00","dateModified":"2025-08-06T09:19:12+00:00","description":"Commandez les robinets de cuisine filtrants aupr\u00e8s de la boutique en ligne BRITA.","breadcrumb":{"@id":"https:\/\/shop.brita.ch\/fr\/produit\/en-ligne-robinet-de-cuisine-filtrant-complementaire#breadcrumb"},"inLanguage":"fr-FR","potentialAction":[{"@type":"ReadAction","target":["https:\/\/shop.brita.ch\/fr\/produit\/en-ligne-robinet-de-cuisine-filtrant-complementaire"]}]},{"@type":"ImageObject","inLanguage":"fr-FR","@id":"https:\/\/shop.brita.ch\/fr\/produit\/en-ligne-robinet-de-cuisine-filtrant-complementaire#primaryimage","url":"\/fr\/wp-content\/uploads\/2017\/06\/ch-lead-my-pure.jpg","contentUrl":"\/fr\/wp-content\/uploads\/2017\/06\/ch-lead-my-pure.jpg","width":1000,"height":1000,"caption":"BRITA waterbar mypure P1"},{"@type":"BreadcrumbList","@id":"https:\/\/shop.brita.ch\/fr\/produit\/en-ligne-robinet-de-cuisine-filtrant-complementaire#breadcrumb","itemListElement":[{"@type":"ListItem","position":1,"name":"Page d'accueil","item":"https:\/\/shop.brita.ch\/fr\/"},{"@type":"ListItem","position":2,"name":"Produits","item":"https:\/\/shop.brita.ch\/fr\/shop"},{"@type":"ListItem","position":3,"name":"Robinet mypure P1"}]},{"@type":"WebSite","@id":"https:\/\/shop.brita.ch\/fr\/#website","url":"https:\/\/shop.brita.ch\/fr\/","name":"BRITA\u00ae","description":"Filtrationsl\u00f6sungen","publisher":{"@id":"https:\/\/shop.brita.ch\/fr\/#organization"},"potentialAction":[{"@type":"SearchAction","target":{"@type":"EntryPoint","urlTemplate":"https:\/\/shop.brita.ch\/fr\/?s={search_term_string}"},"query-input":{"@type":"PropertyValueSpecification","valueRequired":true,"valueName":"search_term_string"}}],"inLanguage":"fr-FR"},{"@type":"Organization","@id":"https:\/\/shop.brita.ch\/fr\/#organization","name":"BRITA Wasserfilter-Systeme AG","url":"https:\/\/shop.brita.ch\/fr\/","logo":{"@type":"ImageObject","inLanguage":"fr-FR","@id":"https:\/\/shop.brita.ch\/fr\/#\/schema\/logo\/image\/","url":"\/fr\/wp-content\/uploads\/2019\/02\/logo-1.jpg","contentUrl":"\/fr\/wp-content\/uploads\/2019\/02\/logo-1.jpg","width":117,"height":86,"caption":"BRITA Wasserfilter-Systeme AG"},"image":{"@id":"https:\/\/shop.brita.ch\/fr\/#\/schema\/logo\/image\/"},"sameAs":["https:\/\/www.facebook.com\/BRITA.schweiz","https:\/\/www.instagram.com\/brita.schweiz\/","https:\/\/de.linkedin.com\/company\/brita-gmbh","https:\/\/www.youtube.com\/playlist?list=PLzhwO6-T9BJ7PNjKrGsSpVLHGT1s3xUoy"]}]}},"_links":{"self":[{"href":"https:\/\/shop.brita.ch\/fr\/wp-json\/wp\/v2\/product\/736","targetHints":{"allow":["GET"]}}],"collection":[{"href":"https:\/\/shop.brita.ch\/fr\/wp-json\/wp\/v2\/product"}],"about":[{"href":"https:\/\/shop.brita.ch\/fr\/wp-json\/wp\/v2\/types\/product"}],"wp:featuredmedia":[{"embeddable":true,"href":"https:\/\/shop.brita.ch\/fr\/wp-json\/wp\/v2\/media\/6580"}],"wp:attachment":[{"href":"https:\/\/shop.brita.ch\/fr\/wp-json\/wp\/v2\/media?parent=736"}],"wp:term":[{"taxonomy":"product_brand","embeddable":true,"href":"https:\/\/shop.brita.ch\/fr\/wp-json\/wp\/v2\/product_brand?post=736"},{"taxonomy":"product_cat","embeddable":true,"href":"https:\/\/shop.brita.ch\/fr\/wp-json\/wp\/v2\/product_cat?post=736"},{"taxonomy":"product_tag","embeddable":true,"href":"https:\/\/shop.brita.ch\/fr\/wp-json\/wp\/v2\/product_tag?post=736"}],"curies":[{"name":"wp","href":"https:\/\/api.w.org\/{rel}","templated":true}]}}