{"id":17715,"date":"2026-04-02T13:30:55","date_gmt":"2026-04-02T11:30:55","guid":{"rendered":"https:\/\/shop.brita.ch\/fr\/?post_type=product&#038;p=17715"},"modified":"2026-04-02T17:18:12","modified_gmt":"2026-04-02T15:18:12","slug":"carafe-filtrante-style-essential-xl","status":"publish","type":"product","link":"https:\/\/shop.brita.ch\/fr\/produit\/carafe-filtrante-style-essential-xl","title":{"rendered":"Carafe filtrante BRITA Style Essential XL avec 1 cartouche filtrante"},"content":{"rendered":"<ul class=\"product-facts\">\n<li>Simple et efficace : cette carafe filtrante \u00e9l\u00e9gante et lavable au lave-vaisselle (sauf Smart Light LED) se remplit facilement d\u2019une seule main gr\u00e2ce \u00e0 son clapet de remplissage<\/li>\n<li>Cache sur le bec verseur qui prot\u00e8ge l\u2019eau de la poussi\u00e8re et des impuret\u00e9s<\/li>\n<li>Capacit\u00e9 : 3,6 l (total), 2,3 l (eau filtr\u00e9e)<\/li>\n<li>Dimensions (L x H x P) : 25,9 x 27,3 x 13,5 cm<\/li>\n<li>La MAXTRA PRO PURE PERFORMANCE \u00e9limine les impuret\u00e9s impactant le go\u00fbt et l\u2019odeur (comme le chlore), les particules fines (\u2265 30 \u00b5m) et certains micropolluants, pour une eau au go\u00fbt id\u00e9al<\/li>\n<li>Qualit\u00e9 et design : fabrication en Allemagne, avec enthousiasme et longue exp\u00e9rience, depuis 1966<\/li>\n<p><strong>1 cartouche filtrantes MAXTRA PRO Pure Performance incl.<\/strong>\n<\/ul>\n<div class=\"dl-btn\">\n<h5>Mode d\u2019emploi Carafes filtrantes Style<\/h5>\n<p><a class=\"btn-default btn\" href=\"https:\/\/www.brita.ch\/dam\/jcr:07b6a5a4-352c-484d-8dc4-122cf58f0d2e\/brita-water-filter-jugs-instruction-manual-EMEA.pdf\" target=\"_blank\" rel=\"noopener noreferrer\" download=\"\">T\u00e9l\u00e9charger maintenant<\/a><\/p>\n<\/div>\n","protected":false},"excerpt":{"rendered":"<p>Simple et efficace : cette carafe filtrante \u00e9l\u00e9gante et lavable au lave-vaisselle (sauf Smart Light LED) se remplit facilement d\u2019une seule main gr\u00e2ce \u00e0 son clapet de remplissage Cache sur le bec verseur qui prot\u00e8ge l\u2019eau de la poussi\u00e8re et des impuret\u00e9s Capacit\u00e9 : 3,6 l (total), 2,3 l (eau filtr\u00e9e) Dimensions (L x H [&#8230;]<\/p>\n<p><a class=\"btn btn-secondary understrap-read-more-link\" href=\"https:\/\/shop.brita.ch\/fr\/produit\/carafe-filtrante-style-essential-xl\">Lire la suite&#8230;<\/a><\/p>\n","protected":false},"featured_media":17720,"template":"","meta":[],"product_brand":[],"product_cat":[82,83],"product_tag":[74],"class_list":{"0":"post-17715","1":"product","2":"type-product","3":"status-publish","4":"has-post-thumbnail","6":"product_cat-carafes-filtrantes","7":"product_cat-twf","8":"product_tag-video","10":"first","11":"instock","12":"taxable","13":"shipping-taxable","14":"purchasable","15":"product-type-variable","16":"has-default-attributes"},"yoast_head":"<!-- This site is optimized with the Yoast SEO plugin v26.7 - https:\/\/yoast.com\/wordpress\/plugins\/seo\/ -->\n<title>BRITA Style Essential XL \u2013 Carafe filtrante I BRITA\u00ae<\/title>\n<meta name=\"description\" content=\"BRITA Style Essential XL : technologie allemande et design \u00e9pur\u00e9. Profitez d\u2019une eau filtr\u00e9e et toujours fra\u00eeche gr\u00e2ce au voyant LED de remplissage.\" \/>\n<meta name=\"robots\" content=\"index, follow, max-snippet:-1, max-image-preview:large, max-video-preview:-1\" \/>\n<link rel=\"canonical\" href=\"https:\/\/shop.brita.ch\/fr\/produit\/carafe-filtrante-style-essential-xl\" \/>\n<meta property=\"og:locale\" content=\"fr_FR\" \/>\n<meta property=\"og:type\" content=\"article\" \/>\n<meta property=\"og:title\" content=\"BRITA Style Essential XL \u2013 Carafe filtrante I BRITA\u00ae\" \/>\n<meta property=\"og:description\" content=\"BRITA Style Essential XL : technologie allemande et design \u00e9pur\u00e9. Profitez d\u2019une eau filtr\u00e9e et toujours fra\u00eeche gr\u00e2ce au voyant LED de remplissage.\" \/>\n<meta property=\"og:url\" content=\"https:\/\/shop.brita.ch\/fr\/produit\/carafe-filtrante-style-essential-xl\" \/>\n<meta property=\"og:site_name\" content=\"BRITA\" \/>\n<meta property=\"article:publisher\" content=\"https:\/\/www.facebook.com\/BRITA.schweiz\" \/>\n<meta property=\"article:modified_time\" content=\"2026-04-02T15:18:12+00:00\" \/>\n<meta property=\"og:image\" content=\"https:\/\/shop.brita.ch\/fr\/wp-content\/uploads\/2026\/04\/brita-consumer-water-filter-jugs-style-essential-xl-stone-blue-maxtra-pro-pure-performance-1564x1564-1.webp\" \/>\n\t<meta property=\"og:image:width\" content=\"1496\" \/>\n\t<meta property=\"og:image:height\" content=\"1496\" \/>\n\t<meta property=\"og:image:type\" content=\"image\/webp\" \/>\n<meta name=\"twitter:card\" content=\"summary_large_image\" \/>\n<meta name=\"twitter:label1\" content=\"Est. reading time\" \/>\n\t<meta name=\"twitter:data1\" content=\"1 minute\" \/>\n<script type=\"application\/ld+json\" class=\"yoast-schema-graph\">{\"@context\":\"https:\/\/schema.org\",\"@graph\":[{\"@type\":\"WebPage\",\"@id\":\"https:\/\/shop.brita.ch\/fr\/produit\/carafe-filtrante-style-essential-xl\",\"url\":\"https:\/\/shop.brita.ch\/fr\/produit\/carafe-filtrante-style-essential-xl\",\"name\":\"BRITA Style Essential XL \u2013 Carafe filtrante I BRITA\u00ae\",\"isPartOf\":{\"@id\":\"https:\/\/shop.brita.ch\/fr\/#website\"},\"primaryImageOfPage\":{\"@id\":\"https:\/\/shop.brita.ch\/fr\/produit\/carafe-filtrante-style-essential-xl#primaryimage\"},\"image\":{\"@id\":\"https:\/\/shop.brita.ch\/fr\/produit\/carafe-filtrante-style-essential-xl#primaryimage\"},\"thumbnailUrl\":\"\/fr\/wp-content\/uploads\/2026\/04\/brita-consumer-water-filter-jugs-style-essential-xl-stone-blue-maxtra-pro-pure-performance-1564x1564-1.webp\",\"datePublished\":\"2026-04-02T11:30:55+00:00\",\"dateModified\":\"2026-04-02T15:18:12+00:00\",\"description\":\"BRITA Style Essential XL : technologie allemande et design \u00e9pur\u00e9. Profitez d\u2019une eau filtr\u00e9e et toujours fra\u00eeche gr\u00e2ce au voyant LED de remplissage.\",\"breadcrumb\":{\"@id\":\"https:\/\/shop.brita.ch\/fr\/produit\/carafe-filtrante-style-essential-xl#breadcrumb\"},\"inLanguage\":\"fr-FR\",\"potentialAction\":[{\"@type\":\"ReadAction\",\"target\":[\"https:\/\/shop.brita.ch\/fr\/produit\/carafe-filtrante-style-essential-xl\"]}]},{\"@type\":\"ImageObject\",\"inLanguage\":\"fr-FR\",\"@id\":\"https:\/\/shop.brita.ch\/fr\/produit\/carafe-filtrante-style-essential-xl#primaryimage\",\"url\":\"\/fr\/wp-content\/uploads\/2026\/04\/brita-consumer-water-filter-jugs-style-essential-xl-stone-blue-maxtra-pro-pure-performance-1564x1564-1.webp\",\"contentUrl\":\"\/fr\/wp-content\/uploads\/2026\/04\/brita-consumer-water-filter-jugs-style-essential-xl-stone-blue-maxtra-pro-pure-performance-1564x1564-1.webp\",\"width\":1496,\"height\":1496},{\"@type\":\"BreadcrumbList\",\"@id\":\"https:\/\/shop.brita.ch\/fr\/produit\/carafe-filtrante-style-essential-xl#breadcrumb\",\"itemListElement\":[{\"@type\":\"ListItem\",\"position\":1,\"name\":\"Page d'accueil\",\"item\":\"https:\/\/shop.brita.ch\/fr\/\"},{\"@type\":\"ListItem\",\"position\":2,\"name\":\"Produits\",\"item\":\"https:\/\/shop.brita.ch\/fr\/shop\"},{\"@type\":\"ListItem\",\"position\":3,\"name\":\"Carafe filtrante BRITA Style Essential XL avec 1 cartouche filtrante\"}]},{\"@type\":\"WebSite\",\"@id\":\"https:\/\/shop.brita.ch\/fr\/#website\",\"url\":\"https:\/\/shop.brita.ch\/fr\/\",\"name\":\"BRITA\u00ae\",\"description\":\"Filtrationsl\u00f6sungen\",\"publisher\":{\"@id\":\"https:\/\/shop.brita.ch\/fr\/#organization\"},\"potentialAction\":[{\"@type\":\"SearchAction\",\"target\":{\"@type\":\"EntryPoint\",\"urlTemplate\":\"https:\/\/shop.brita.ch\/fr\/?s={search_term_string}\"},\"query-input\":{\"@type\":\"PropertyValueSpecification\",\"valueRequired\":true,\"valueName\":\"search_term_string\"}}],\"inLanguage\":\"fr-FR\"},{\"@type\":\"Organization\",\"@id\":\"https:\/\/shop.brita.ch\/fr\/#organization\",\"name\":\"BRITA Wasserfilter-Systeme AG\",\"url\":\"https:\/\/shop.brita.ch\/fr\/\",\"logo\":{\"@type\":\"ImageObject\",\"inLanguage\":\"fr-FR\",\"@id\":\"https:\/\/shop.brita.ch\/fr\/#\/schema\/logo\/image\/\",\"url\":\"\/fr\/wp-content\/uploads\/2019\/02\/logo-1.jpg\",\"contentUrl\":\"\/fr\/wp-content\/uploads\/2019\/02\/logo-1.jpg\",\"width\":117,\"height\":86,\"caption\":\"BRITA Wasserfilter-Systeme AG\"},\"image\":{\"@id\":\"https:\/\/shop.brita.ch\/fr\/#\/schema\/logo\/image\/\"},\"sameAs\":[\"https:\/\/www.facebook.com\/BRITA.schweiz\",\"https:\/\/www.instagram.com\/brita.schweiz\/\",\"https:\/\/de.linkedin.com\/company\/brita-gmbh\",\"https:\/\/www.youtube.com\/playlist?list=PLzhwO6-T9BJ7PNjKrGsSpVLHGT1s3xUoy\"]}]}<\/script>\n<!-- \/ Yoast SEO plugin. -->","yoast_head_json":{"title":"BRITA Style Essential XL \u2013 Carafe filtrante I BRITA\u00ae","description":"BRITA Style Essential XL : technologie allemande et design \u00e9pur\u00e9. Profitez d\u2019une eau filtr\u00e9e et toujours fra\u00eeche gr\u00e2ce au voyant LED de remplissage.","robots":{"index":"index","follow":"follow","max-snippet":"max-snippet:-1","max-image-preview":"max-image-preview:large","max-video-preview":"max-video-preview:-1"},"canonical":"https:\/\/shop.brita.ch\/fr\/produit\/carafe-filtrante-style-essential-xl","og_locale":"fr_FR","og_type":"article","og_title":"BRITA Style Essential XL \u2013 Carafe filtrante I BRITA\u00ae","og_description":"BRITA Style Essential XL : technologie allemande et design \u00e9pur\u00e9. Profitez d\u2019une eau filtr\u00e9e et toujours fra\u00eeche gr\u00e2ce au voyant LED de remplissage.","og_url":"https:\/\/shop.brita.ch\/fr\/produit\/carafe-filtrante-style-essential-xl","og_site_name":"BRITA","article_publisher":"https:\/\/www.facebook.com\/BRITA.schweiz","article_modified_time":"2026-04-02T15:18:12+00:00","og_image":[{"width":1496,"height":1496,"url":"https:\/\/shop.brita.ch\/fr\/wp-content\/uploads\/2026\/04\/brita-consumer-water-filter-jugs-style-essential-xl-stone-blue-maxtra-pro-pure-performance-1564x1564-1.webp","type":"image\/webp"}],"twitter_card":"summary_large_image","twitter_misc":{"Est. reading time":"1 minute"},"schema":{"@context":"https:\/\/schema.org","@graph":[{"@type":"WebPage","@id":"https:\/\/shop.brita.ch\/fr\/produit\/carafe-filtrante-style-essential-xl","url":"https:\/\/shop.brita.ch\/fr\/produit\/carafe-filtrante-style-essential-xl","name":"BRITA Style Essential XL \u2013 Carafe filtrante I BRITA\u00ae","isPartOf":{"@id":"https:\/\/shop.brita.ch\/fr\/#website"},"primaryImageOfPage":{"@id":"https:\/\/shop.brita.ch\/fr\/produit\/carafe-filtrante-style-essential-xl#primaryimage"},"image":{"@id":"https:\/\/shop.brita.ch\/fr\/produit\/carafe-filtrante-style-essential-xl#primaryimage"},"thumbnailUrl":"\/fr\/wp-content\/uploads\/2026\/04\/brita-consumer-water-filter-jugs-style-essential-xl-stone-blue-maxtra-pro-pure-performance-1564x1564-1.webp","datePublished":"2026-04-02T11:30:55+00:00","dateModified":"2026-04-02T15:18:12+00:00","description":"BRITA Style Essential XL : technologie allemande et design \u00e9pur\u00e9. Profitez d\u2019une eau filtr\u00e9e et toujours fra\u00eeche gr\u00e2ce au voyant LED de remplissage.","breadcrumb":{"@id":"https:\/\/shop.brita.ch\/fr\/produit\/carafe-filtrante-style-essential-xl#breadcrumb"},"inLanguage":"fr-FR","potentialAction":[{"@type":"ReadAction","target":["https:\/\/shop.brita.ch\/fr\/produit\/carafe-filtrante-style-essential-xl"]}]},{"@type":"ImageObject","inLanguage":"fr-FR","@id":"https:\/\/shop.brita.ch\/fr\/produit\/carafe-filtrante-style-essential-xl#primaryimage","url":"\/fr\/wp-content\/uploads\/2026\/04\/brita-consumer-water-filter-jugs-style-essential-xl-stone-blue-maxtra-pro-pure-performance-1564x1564-1.webp","contentUrl":"\/fr\/wp-content\/uploads\/2026\/04\/brita-consumer-water-filter-jugs-style-essential-xl-stone-blue-maxtra-pro-pure-performance-1564x1564-1.webp","width":1496,"height":1496},{"@type":"BreadcrumbList","@id":"https:\/\/shop.brita.ch\/fr\/produit\/carafe-filtrante-style-essential-xl#breadcrumb","itemListElement":[{"@type":"ListItem","position":1,"name":"Page d'accueil","item":"https:\/\/shop.brita.ch\/fr\/"},{"@type":"ListItem","position":2,"name":"Produits","item":"https:\/\/shop.brita.ch\/fr\/shop"},{"@type":"ListItem","position":3,"name":"Carafe filtrante BRITA Style Essential XL avec 1 cartouche filtrante"}]},{"@type":"WebSite","@id":"https:\/\/shop.brita.ch\/fr\/#website","url":"https:\/\/shop.brita.ch\/fr\/","name":"BRITA\u00ae","description":"Filtrationsl\u00f6sungen","publisher":{"@id":"https:\/\/shop.brita.ch\/fr\/#organization"},"potentialAction":[{"@type":"SearchAction","target":{"@type":"EntryPoint","urlTemplate":"https:\/\/shop.brita.ch\/fr\/?s={search_term_string}"},"query-input":{"@type":"PropertyValueSpecification","valueRequired":true,"valueName":"search_term_string"}}],"inLanguage":"fr-FR"},{"@type":"Organization","@id":"https:\/\/shop.brita.ch\/fr\/#organization","name":"BRITA Wasserfilter-Systeme AG","url":"https:\/\/shop.brita.ch\/fr\/","logo":{"@type":"ImageObject","inLanguage":"fr-FR","@id":"https:\/\/shop.brita.ch\/fr\/#\/schema\/logo\/image\/","url":"\/fr\/wp-content\/uploads\/2019\/02\/logo-1.jpg","contentUrl":"\/fr\/wp-content\/uploads\/2019\/02\/logo-1.jpg","width":117,"height":86,"caption":"BRITA Wasserfilter-Systeme AG"},"image":{"@id":"https:\/\/shop.brita.ch\/fr\/#\/schema\/logo\/image\/"},"sameAs":["https:\/\/www.facebook.com\/BRITA.schweiz","https:\/\/www.instagram.com\/brita.schweiz\/","https:\/\/de.linkedin.com\/company\/brita-gmbh","https:\/\/www.youtube.com\/playlist?list=PLzhwO6-T9BJ7PNjKrGsSpVLHGT1s3xUoy"]}]}},"_links":{"self":[{"href":"https:\/\/shop.brita.ch\/fr\/wp-json\/wp\/v2\/product\/17715","targetHints":{"allow":["GET"]}}],"collection":[{"href":"https:\/\/shop.brita.ch\/fr\/wp-json\/wp\/v2\/product"}],"about":[{"href":"https:\/\/shop.brita.ch\/fr\/wp-json\/wp\/v2\/types\/product"}],"wp:featuredmedia":[{"embeddable":true,"href":"https:\/\/shop.brita.ch\/fr\/wp-json\/wp\/v2\/media\/17720"}],"wp:attachment":[{"href":"https:\/\/shop.brita.ch\/fr\/wp-json\/wp\/v2\/media?parent=17715"}],"wp:term":[{"taxonomy":"product_brand","embeddable":true,"href":"https:\/\/shop.brita.ch\/fr\/wp-json\/wp\/v2\/product_brand?post=17715"},{"taxonomy":"product_cat","embeddable":true,"href":"https:\/\/shop.brita.ch\/fr\/wp-json\/wp\/v2\/product_cat?post=17715"},{"taxonomy":"product_tag","embeddable":true,"href":"https:\/\/shop.brita.ch\/fr\/wp-json\/wp\/v2\/product_tag?post=17715"}],"curies":[{"name":"wp","href":"https:\/\/api.w.org\/{rel}","templated":true}]}}