{"id":17582,"date":"2026-03-18T11:18:35","date_gmt":"2026-03-18T10:18:35","guid":{"rendered":"https:\/\/shop.brita.ch\/fr\/?post_type=product&#038;p=17582"},"modified":"2026-03-19T10:57:20","modified_gmt":"2026-03-19T09:57:20","slug":"classic-3-cartouches","status":"publish","type":"product","link":"https:\/\/shop.brita.ch\/fr\/produit\/classic-3-cartouches","title":{"rendered":"Pack de 3 cartouches BRITA CLASSIC"},"content":{"rendered":"<ul class=\"product-facts\">\n<li>Les cartouches filtrantes BRITA CLASSIC s\u2019adaptent <strong>UNIQUEMENT<\/strong> aux carafes filtrantes et aux bouilloires BRITA CLASSIC ainsi qu\u2019aux appareils m\u00e9nagers de nos partenaires BRITA. Cherchez le symbole des cartouches CLASSIC dans votre mode d\u2019emploi<\/li>\n<li>Protection des appareils m\u00e9nagers contre la formation de tartre<\/li>\n<li>R\u00e9duction des substances comme le chlore alt\u00e9rant le go\u00fbt et l\u2019odeur de votre eau<\/li>\n<li>Une seule cartouche dure pr\u00e8s de quatre semaines<\/li>\n<p><strong>Remarque:<\/strong> les carafes filtrantes BRITA CLASSIC ne sont plus disponibles. Les cartouches filtrantes peuvent toutefois \u00eatre command\u00e9es ici.\n<\/ul>\n","protected":false},"excerpt":{"rendered":"<p>Les cartouches filtrantes BRITA CLASSIC s\u2019adaptent UNIQUEMENT aux carafes filtrantes et aux bouilloires BRITA CLASSIC ainsi qu\u2019aux appareils m\u00e9nagers de nos partenaires BRITA. Cherchez le symbole des cartouches CLASSIC dans votre mode d\u2019emploi Protection des appareils m\u00e9nagers contre la formation de tartre R\u00e9duction des substances comme le chlore alt\u00e9rant le go\u00fbt et l\u2019odeur de votre [&#8230;]<\/p>\n<p><a class=\"btn btn-secondary understrap-read-more-link\" href=\"https:\/\/shop.brita.ch\/fr\/produit\/classic-3-cartouches\">Lire la suite&#8230;<\/a><\/p>\n","protected":false},"featured_media":17586,"template":"","meta":[],"product_brand":[],"product_cat":[133],"product_tag":[],"class_list":{"0":"post-17582","1":"product","2":"type-product","3":"status-publish","4":"has-post-thumbnail","6":"product_cat-classic","8":"first","9":"instock","10":"taxable","11":"shipping-taxable","12":"purchasable","13":"product-type-simple"},"yoast_head":"<!-- This site is optimized with the Yoast SEO plugin v26.7 - https:\/\/yoast.com\/wordpress\/plugins\/seo\/ -->\n<title>\u2063BRITA CLASSIC, filtre \u00e0 eau cartouches | BRITA\u00ae<\/title>\n<meta name=\"description\" content=\"Pack de 3 cartouches CLASSIC pour carafes filtrantes BRITA CLASSIC. 12 semaines d\u2019une eau filtr\u00e9e au go\u00fbt agr\u00e9able. En savoir plus d\u00e8s maintenant.\" \/>\n<meta name=\"robots\" content=\"index, follow, max-snippet:-1, max-image-preview:large, max-video-preview:-1\" \/>\n<link rel=\"canonical\" href=\"https:\/\/shop.brita.ch\/fr\/produit\/classic-3-cartouches\" \/>\n<meta property=\"og:locale\" content=\"fr_FR\" \/>\n<meta property=\"og:type\" content=\"article\" \/>\n<meta property=\"og:title\" content=\"\u2063BRITA CLASSIC, filtre \u00e0 eau cartouches | BRITA\u00ae\" \/>\n<meta property=\"og:description\" content=\"Pack de 3 cartouches CLASSIC pour carafes filtrantes BRITA CLASSIC. 12 semaines d\u2019une eau filtr\u00e9e au go\u00fbt agr\u00e9able. En savoir plus d\u00e8s maintenant.\" \/>\n<meta property=\"og:url\" content=\"https:\/\/shop.brita.ch\/fr\/produit\/classic-3-cartouches\" \/>\n<meta property=\"og:site_name\" content=\"BRITA\" \/>\n<meta property=\"article:publisher\" content=\"https:\/\/www.facebook.com\/BRITA.schweiz\" \/>\n<meta property=\"article:modified_time\" content=\"2026-03-19T09:57:20+00:00\" \/>\n<meta property=\"og:image\" content=\"https:\/\/shop.brita.ch\/fr\/wp-content\/uploads\/2026\/03\/brita_filtersandcartridges_classic.webp\" \/>\n\t<meta property=\"og:image:width\" content=\"1024\" \/>\n\t<meta property=\"og:image:height\" content=\"1024\" \/>\n\t<meta property=\"og:image:type\" content=\"image\/webp\" \/>\n<meta name=\"twitter:card\" content=\"summary_large_image\" \/>\n<meta name=\"twitter:label1\" content=\"Est. reading time\" \/>\n\t<meta name=\"twitter:data1\" content=\"1 minute\" \/>\n<script type=\"application\/ld+json\" class=\"yoast-schema-graph\">{\"@context\":\"https:\/\/schema.org\",\"@graph\":[{\"@type\":\"WebPage\",\"@id\":\"https:\/\/shop.brita.ch\/fr\/produit\/classic-3-cartouches\",\"url\":\"https:\/\/shop.brita.ch\/fr\/produit\/classic-3-cartouches\",\"name\":\"\u2063BRITA CLASSIC, filtre \u00e0 eau cartouches | BRITA\u00ae\",\"isPartOf\":{\"@id\":\"https:\/\/shop.brita.ch\/fr\/#website\"},\"primaryImageOfPage\":{\"@id\":\"https:\/\/shop.brita.ch\/fr\/produit\/classic-3-cartouches#primaryimage\"},\"image\":{\"@id\":\"https:\/\/shop.brita.ch\/fr\/produit\/classic-3-cartouches#primaryimage\"},\"thumbnailUrl\":\"\/fr\/wp-content\/uploads\/2026\/03\/brita_filtersandcartridges_classic.webp\",\"datePublished\":\"2026-03-18T10:18:35+00:00\",\"dateModified\":\"2026-03-19T09:57:20+00:00\",\"description\":\"Pack de 3 cartouches CLASSIC pour carafes filtrantes BRITA CLASSIC. 12 semaines d\u2019une eau filtr\u00e9e au go\u00fbt agr\u00e9able. En savoir plus d\u00e8s maintenant.\",\"breadcrumb\":{\"@id\":\"https:\/\/shop.brita.ch\/fr\/produit\/classic-3-cartouches#breadcrumb\"},\"inLanguage\":\"fr-FR\",\"potentialAction\":[{\"@type\":\"ReadAction\",\"target\":[\"https:\/\/shop.brita.ch\/fr\/produit\/classic-3-cartouches\"]}]},{\"@type\":\"ImageObject\",\"inLanguage\":\"fr-FR\",\"@id\":\"https:\/\/shop.brita.ch\/fr\/produit\/classic-3-cartouches#primaryimage\",\"url\":\"\/fr\/wp-content\/uploads\/2026\/03\/brita_filtersandcartridges_classic.webp\",\"contentUrl\":\"\/fr\/wp-content\/uploads\/2026\/03\/brita_filtersandcartridges_classic.webp\",\"width\":1024,\"height\":1024},{\"@type\":\"BreadcrumbList\",\"@id\":\"https:\/\/shop.brita.ch\/fr\/produit\/classic-3-cartouches#breadcrumb\",\"itemListElement\":[{\"@type\":\"ListItem\",\"position\":1,\"name\":\"Page d'accueil\",\"item\":\"https:\/\/shop.brita.ch\/fr\/\"},{\"@type\":\"ListItem\",\"position\":2,\"name\":\"Produits\",\"item\":\"https:\/\/shop.brita.ch\/fr\/shop\"},{\"@type\":\"ListItem\",\"position\":3,\"name\":\"Pack de 3 cartouches BRITA CLASSIC\"}]},{\"@type\":\"WebSite\",\"@id\":\"https:\/\/shop.brita.ch\/fr\/#website\",\"url\":\"https:\/\/shop.brita.ch\/fr\/\",\"name\":\"BRITA\u00ae\",\"description\":\"Filtrationsl\u00f6sungen\",\"publisher\":{\"@id\":\"https:\/\/shop.brita.ch\/fr\/#organization\"},\"potentialAction\":[{\"@type\":\"SearchAction\",\"target\":{\"@type\":\"EntryPoint\",\"urlTemplate\":\"https:\/\/shop.brita.ch\/fr\/?s={search_term_string}\"},\"query-input\":{\"@type\":\"PropertyValueSpecification\",\"valueRequired\":true,\"valueName\":\"search_term_string\"}}],\"inLanguage\":\"fr-FR\"},{\"@type\":\"Organization\",\"@id\":\"https:\/\/shop.brita.ch\/fr\/#organization\",\"name\":\"BRITA Wasserfilter-Systeme AG\",\"url\":\"https:\/\/shop.brita.ch\/fr\/\",\"logo\":{\"@type\":\"ImageObject\",\"inLanguage\":\"fr-FR\",\"@id\":\"https:\/\/shop.brita.ch\/fr\/#\/schema\/logo\/image\/\",\"url\":\"\/fr\/wp-content\/uploads\/2019\/02\/logo-1.jpg\",\"contentUrl\":\"\/fr\/wp-content\/uploads\/2019\/02\/logo-1.jpg\",\"width\":117,\"height\":86,\"caption\":\"BRITA Wasserfilter-Systeme AG\"},\"image\":{\"@id\":\"https:\/\/shop.brita.ch\/fr\/#\/schema\/logo\/image\/\"},\"sameAs\":[\"https:\/\/www.facebook.com\/BRITA.schweiz\",\"https:\/\/www.instagram.com\/brita.schweiz\/\",\"https:\/\/de.linkedin.com\/company\/brita-gmbh\",\"https:\/\/www.youtube.com\/playlist?list=PLzhwO6-T9BJ7PNjKrGsSpVLHGT1s3xUoy\"]}]}<\/script>\n<!-- \/ Yoast SEO plugin. -->","yoast_head_json":{"title":"\u2063BRITA CLASSIC, filtre \u00e0 eau cartouches | BRITA\u00ae","description":"Pack de 3 cartouches CLASSIC pour carafes filtrantes BRITA CLASSIC. 12 semaines d\u2019une eau filtr\u00e9e au go\u00fbt agr\u00e9able. En savoir plus d\u00e8s maintenant.","robots":{"index":"index","follow":"follow","max-snippet":"max-snippet:-1","max-image-preview":"max-image-preview:large","max-video-preview":"max-video-preview:-1"},"canonical":"https:\/\/shop.brita.ch\/fr\/produit\/classic-3-cartouches","og_locale":"fr_FR","og_type":"article","og_title":"\u2063BRITA CLASSIC, filtre \u00e0 eau cartouches | BRITA\u00ae","og_description":"Pack de 3 cartouches CLASSIC pour carafes filtrantes BRITA CLASSIC. 12 semaines d\u2019une eau filtr\u00e9e au go\u00fbt agr\u00e9able. En savoir plus d\u00e8s maintenant.","og_url":"https:\/\/shop.brita.ch\/fr\/produit\/classic-3-cartouches","og_site_name":"BRITA","article_publisher":"https:\/\/www.facebook.com\/BRITA.schweiz","article_modified_time":"2026-03-19T09:57:20+00:00","og_image":[{"width":1024,"height":1024,"url":"https:\/\/shop.brita.ch\/fr\/wp-content\/uploads\/2026\/03\/brita_filtersandcartridges_classic.webp","type":"image\/webp"}],"twitter_card":"summary_large_image","twitter_misc":{"Est. reading time":"1 minute"},"schema":{"@context":"https:\/\/schema.org","@graph":[{"@type":"WebPage","@id":"https:\/\/shop.brita.ch\/fr\/produit\/classic-3-cartouches","url":"https:\/\/shop.brita.ch\/fr\/produit\/classic-3-cartouches","name":"\u2063BRITA CLASSIC, filtre \u00e0 eau cartouches | BRITA\u00ae","isPartOf":{"@id":"https:\/\/shop.brita.ch\/fr\/#website"},"primaryImageOfPage":{"@id":"https:\/\/shop.brita.ch\/fr\/produit\/classic-3-cartouches#primaryimage"},"image":{"@id":"https:\/\/shop.brita.ch\/fr\/produit\/classic-3-cartouches#primaryimage"},"thumbnailUrl":"\/fr\/wp-content\/uploads\/2026\/03\/brita_filtersandcartridges_classic.webp","datePublished":"2026-03-18T10:18:35+00:00","dateModified":"2026-03-19T09:57:20+00:00","description":"Pack de 3 cartouches CLASSIC pour carafes filtrantes BRITA CLASSIC. 12 semaines d\u2019une eau filtr\u00e9e au go\u00fbt agr\u00e9able. En savoir plus d\u00e8s maintenant.","breadcrumb":{"@id":"https:\/\/shop.brita.ch\/fr\/produit\/classic-3-cartouches#breadcrumb"},"inLanguage":"fr-FR","potentialAction":[{"@type":"ReadAction","target":["https:\/\/shop.brita.ch\/fr\/produit\/classic-3-cartouches"]}]},{"@type":"ImageObject","inLanguage":"fr-FR","@id":"https:\/\/shop.brita.ch\/fr\/produit\/classic-3-cartouches#primaryimage","url":"\/fr\/wp-content\/uploads\/2026\/03\/brita_filtersandcartridges_classic.webp","contentUrl":"\/fr\/wp-content\/uploads\/2026\/03\/brita_filtersandcartridges_classic.webp","width":1024,"height":1024},{"@type":"BreadcrumbList","@id":"https:\/\/shop.brita.ch\/fr\/produit\/classic-3-cartouches#breadcrumb","itemListElement":[{"@type":"ListItem","position":1,"name":"Page d'accueil","item":"https:\/\/shop.brita.ch\/fr\/"},{"@type":"ListItem","position":2,"name":"Produits","item":"https:\/\/shop.brita.ch\/fr\/shop"},{"@type":"ListItem","position":3,"name":"Pack de 3 cartouches BRITA CLASSIC"}]},{"@type":"WebSite","@id":"https:\/\/shop.brita.ch\/fr\/#website","url":"https:\/\/shop.brita.ch\/fr\/","name":"BRITA\u00ae","description":"Filtrationsl\u00f6sungen","publisher":{"@id":"https:\/\/shop.brita.ch\/fr\/#organization"},"potentialAction":[{"@type":"SearchAction","target":{"@type":"EntryPoint","urlTemplate":"https:\/\/shop.brita.ch\/fr\/?s={search_term_string}"},"query-input":{"@type":"PropertyValueSpecification","valueRequired":true,"valueName":"search_term_string"}}],"inLanguage":"fr-FR"},{"@type":"Organization","@id":"https:\/\/shop.brita.ch\/fr\/#organization","name":"BRITA Wasserfilter-Systeme AG","url":"https:\/\/shop.brita.ch\/fr\/","logo":{"@type":"ImageObject","inLanguage":"fr-FR","@id":"https:\/\/shop.brita.ch\/fr\/#\/schema\/logo\/image\/","url":"\/fr\/wp-content\/uploads\/2019\/02\/logo-1.jpg","contentUrl":"\/fr\/wp-content\/uploads\/2019\/02\/logo-1.jpg","width":117,"height":86,"caption":"BRITA Wasserfilter-Systeme AG"},"image":{"@id":"https:\/\/shop.brita.ch\/fr\/#\/schema\/logo\/image\/"},"sameAs":["https:\/\/www.facebook.com\/BRITA.schweiz","https:\/\/www.instagram.com\/brita.schweiz\/","https:\/\/de.linkedin.com\/company\/brita-gmbh","https:\/\/www.youtube.com\/playlist?list=PLzhwO6-T9BJ7PNjKrGsSpVLHGT1s3xUoy"]}]}},"_links":{"self":[{"href":"https:\/\/shop.brita.ch\/fr\/wp-json\/wp\/v2\/product\/17582","targetHints":{"allow":["GET"]}}],"collection":[{"href":"https:\/\/shop.brita.ch\/fr\/wp-json\/wp\/v2\/product"}],"about":[{"href":"https:\/\/shop.brita.ch\/fr\/wp-json\/wp\/v2\/types\/product"}],"wp:featuredmedia":[{"embeddable":true,"href":"https:\/\/shop.brita.ch\/fr\/wp-json\/wp\/v2\/media\/17586"}],"wp:attachment":[{"href":"https:\/\/shop.brita.ch\/fr\/wp-json\/wp\/v2\/media?parent=17582"}],"wp:term":[{"taxonomy":"product_brand","embeddable":true,"href":"https:\/\/shop.brita.ch\/fr\/wp-json\/wp\/v2\/product_brand?post=17582"},{"taxonomy":"product_cat","embeddable":true,"href":"https:\/\/shop.brita.ch\/fr\/wp-json\/wp\/v2\/product_cat?post=17582"},{"taxonomy":"product_tag","embeddable":true,"href":"https:\/\/shop.brita.ch\/fr\/wp-json\/wp\/v2\/product_tag?post=17582"}],"curies":[{"name":"wp","href":"https:\/\/api.w.org\/{rel}","templated":true}]}}