{"id":16421,"date":"2025-10-06T13:19:57","date_gmt":"2025-10-06T11:19:57","guid":{"rendered":"https:\/\/shop.brita.ch\/fr\/?post_type=product&#038;p=16421"},"modified":"2025-10-29T14:18:06","modified_gmt":"2025-10-29T13:18:06","slug":"brita-smart-light-led","status":"publish","type":"product","link":"https:\/\/shop.brita.ch\/fr\/produit\/brita-smart-light-led","title":{"rendered":"BRITA Smart Light LED"},"content":{"rendered":"<ul class=\"product-facts\">\n<li>Le BRITA Smart Light vous indique quand le filtre a besoin d\u2019\u00eatre remplac\u00e9<\/li>\n<li>Compatible avec les mod\u00e8les de carafes filtrantes BRITA: Carafe en verre, Style eco, Style Essential<\/li>\n<li>Smart Light LED pi\u00e8ce de rechange gratuite<\/li>\n<\/ul>\n<p><strong>Comment activer le BRITA Smart Light LED<\/strong><br \/>\nAppuyez simplement sur la touche LED du couvercle pour afficher l\u2019\u00e9tat actuel de la cartouche. Chaque fois que vous utilisez la carafe filtrante, BRITA Smart Light vous indique l\u2019\u00e9tat de la cartouche avec des voyants lumineux de couleur.<\/p>\n","protected":false},"excerpt":{"rendered":"<p>Le BRITA Smart Light vous indique quand le filtre a besoin d\u2019\u00eatre remplac\u00e9 Compatible avec les mod\u00e8les de carafes filtrantes BRITA: Carafe en verre, Style eco, Style Essential Smart Light LED pi\u00e8ce de rechange gratuite Comment activer le BRITA Smart Light LED Appuyez simplement sur la touche LED du couvercle pour afficher l\u2019\u00e9tat actuel de [&#8230;]<\/p>\n<p><a class=\"btn btn-secondary understrap-read-more-link\" href=\"https:\/\/shop.brita.ch\/fr\/produit\/brita-smart-light-led\">Lire la suite&#8230;<\/a><\/p>\n","protected":false},"featured_media":16420,"template":"","meta":[],"product_brand":[],"product_cat":[20,102],"product_tag":[126],"class_list":{"0":"post-16421","1":"product","2":"type-product","3":"status-publish","4":"has-post-thumbnail","6":"product_cat-unkategorisiert","7":"product_cat-accessoires","8":"product_tag-freeshipping","10":"first","11":"instock","12":"sold-individually","13":"taxable","14":"shipping-taxable","15":"purchasable","16":"product-type-simple"},"yoast_head":"<!-- This site is optimized with the Yoast SEO plugin v26.7 - https:\/\/yoast.com\/wordpress\/plugins\/seo\/ -->\n<title>BRITA Smart Light LED - BRITA<\/title>\n<meta name=\"description\" content=\"Le BRITA Smart Light vous indique quand le filtre a besoin d\u2019\u00eatre remplac\u00e9\" \/>\n<meta name=\"robots\" content=\"index, follow, max-snippet:-1, max-image-preview:large, max-video-preview:-1\" \/>\n<link rel=\"canonical\" href=\"https:\/\/shop.brita.ch\/fr\/produit\/brita-smart-light-led\" \/>\n<meta property=\"og:locale\" content=\"fr_FR\" \/>\n<meta property=\"og:type\" content=\"article\" \/>\n<meta property=\"og:title\" content=\"BRITA Smart Light LED - BRITA\" \/>\n<meta property=\"og:description\" content=\"Le BRITA Smart Light vous indique quand le filtre a besoin d\u2019\u00eatre remplac\u00e9\" \/>\n<meta property=\"og:url\" content=\"https:\/\/shop.brita.ch\/fr\/produit\/brita-smart-light-led\" \/>\n<meta property=\"og:site_name\" content=\"BRITA\" \/>\n<meta property=\"article:publisher\" content=\"https:\/\/www.facebook.com\/BRITA.schweiz\" \/>\n<meta property=\"article:modified_time\" content=\"2025-10-29T13:18:06+00:00\" \/>\n<meta property=\"og:image\" content=\"https:\/\/shop.brita.ch\/fr\/wp-content\/uploads\/2025\/10\/1057543_smart-light-scaled.webp\" \/>\n\t<meta property=\"og:image:width\" content=\"2560\" \/>\n\t<meta property=\"og:image:height\" content=\"2560\" \/>\n\t<meta property=\"og:image:type\" content=\"image\/webp\" \/>\n<meta name=\"twitter:card\" content=\"summary_large_image\" \/>\n<meta name=\"twitter:label1\" content=\"Est. reading time\" \/>\n\t<meta name=\"twitter:data1\" content=\"1 minute\" \/>\n<script type=\"application\/ld+json\" class=\"yoast-schema-graph\">{\"@context\":\"https:\/\/schema.org\",\"@graph\":[{\"@type\":\"WebPage\",\"@id\":\"https:\/\/shop.brita.ch\/fr\/produit\/brita-smart-light-led\",\"url\":\"https:\/\/shop.brita.ch\/fr\/produit\/brita-smart-light-led\",\"name\":\"BRITA Smart Light LED - BRITA\",\"isPartOf\":{\"@id\":\"https:\/\/shop.brita.ch\/fr\/#website\"},\"primaryImageOfPage\":{\"@id\":\"https:\/\/shop.brita.ch\/fr\/produit\/brita-smart-light-led#primaryimage\"},\"image\":{\"@id\":\"https:\/\/shop.brita.ch\/fr\/produit\/brita-smart-light-led#primaryimage\"},\"thumbnailUrl\":\"\/fr\/wp-content\/uploads\/2025\/10\/1057543_smart-light-scaled.webp\",\"datePublished\":\"2025-10-06T11:19:57+00:00\",\"dateModified\":\"2025-10-29T13:18:06+00:00\",\"description\":\"Le BRITA Smart Light vous indique quand le filtre a besoin d\u2019\u00eatre remplac\u00e9\",\"breadcrumb\":{\"@id\":\"https:\/\/shop.brita.ch\/fr\/produit\/brita-smart-light-led#breadcrumb\"},\"inLanguage\":\"fr-FR\",\"potentialAction\":[{\"@type\":\"ReadAction\",\"target\":[\"https:\/\/shop.brita.ch\/fr\/produit\/brita-smart-light-led\"]}]},{\"@type\":\"ImageObject\",\"inLanguage\":\"fr-FR\",\"@id\":\"https:\/\/shop.brita.ch\/fr\/produit\/brita-smart-light-led#primaryimage\",\"url\":\"\/fr\/wp-content\/uploads\/2025\/10\/1057543_smart-light-scaled.webp\",\"contentUrl\":\"\/fr\/wp-content\/uploads\/2025\/10\/1057543_smart-light-scaled.webp\",\"width\":2560,\"height\":2560,\"caption\":\"Smart Light\"},{\"@type\":\"BreadcrumbList\",\"@id\":\"https:\/\/shop.brita.ch\/fr\/produit\/brita-smart-light-led#breadcrumb\",\"itemListElement\":[{\"@type\":\"ListItem\",\"position\":1,\"name\":\"Page d'accueil\",\"item\":\"https:\/\/shop.brita.ch\/fr\/\"},{\"@type\":\"ListItem\",\"position\":2,\"name\":\"Produits\",\"item\":\"https:\/\/shop.brita.ch\/fr\/shop\"},{\"@type\":\"ListItem\",\"position\":3,\"name\":\"BRITA Smart Light LED\"}]},{\"@type\":\"WebSite\",\"@id\":\"https:\/\/shop.brita.ch\/fr\/#website\",\"url\":\"https:\/\/shop.brita.ch\/fr\/\",\"name\":\"BRITA\u00ae\",\"description\":\"Filtrationsl\u00f6sungen\",\"publisher\":{\"@id\":\"https:\/\/shop.brita.ch\/fr\/#organization\"},\"potentialAction\":[{\"@type\":\"SearchAction\",\"target\":{\"@type\":\"EntryPoint\",\"urlTemplate\":\"https:\/\/shop.brita.ch\/fr\/?s={search_term_string}\"},\"query-input\":{\"@type\":\"PropertyValueSpecification\",\"valueRequired\":true,\"valueName\":\"search_term_string\"}}],\"inLanguage\":\"fr-FR\"},{\"@type\":\"Organization\",\"@id\":\"https:\/\/shop.brita.ch\/fr\/#organization\",\"name\":\"BRITA Wasserfilter-Systeme AG\",\"url\":\"https:\/\/shop.brita.ch\/fr\/\",\"logo\":{\"@type\":\"ImageObject\",\"inLanguage\":\"fr-FR\",\"@id\":\"https:\/\/shop.brita.ch\/fr\/#\/schema\/logo\/image\/\",\"url\":\"\/fr\/wp-content\/uploads\/2019\/02\/logo-1.jpg\",\"contentUrl\":\"\/fr\/wp-content\/uploads\/2019\/02\/logo-1.jpg\",\"width\":117,\"height\":86,\"caption\":\"BRITA Wasserfilter-Systeme AG\"},\"image\":{\"@id\":\"https:\/\/shop.brita.ch\/fr\/#\/schema\/logo\/image\/\"},\"sameAs\":[\"https:\/\/www.facebook.com\/BRITA.schweiz\",\"https:\/\/www.instagram.com\/brita.schweiz\/\",\"https:\/\/de.linkedin.com\/company\/brita-gmbh\",\"https:\/\/www.youtube.com\/playlist?list=PLzhwO6-T9BJ7PNjKrGsSpVLHGT1s3xUoy\"]}]}<\/script>\n<!-- \/ Yoast SEO plugin. -->","yoast_head_json":{"title":"BRITA Smart Light LED - BRITA","description":"Le BRITA Smart Light vous indique quand le filtre a besoin d\u2019\u00eatre remplac\u00e9","robots":{"index":"index","follow":"follow","max-snippet":"max-snippet:-1","max-image-preview":"max-image-preview:large","max-video-preview":"max-video-preview:-1"},"canonical":"https:\/\/shop.brita.ch\/fr\/produit\/brita-smart-light-led","og_locale":"fr_FR","og_type":"article","og_title":"BRITA Smart Light LED - BRITA","og_description":"Le BRITA Smart Light vous indique quand le filtre a besoin d\u2019\u00eatre remplac\u00e9","og_url":"https:\/\/shop.brita.ch\/fr\/produit\/brita-smart-light-led","og_site_name":"BRITA","article_publisher":"https:\/\/www.facebook.com\/BRITA.schweiz","article_modified_time":"2025-10-29T13:18:06+00:00","og_image":[{"width":2560,"height":2560,"url":"https:\/\/shop.brita.ch\/fr\/wp-content\/uploads\/2025\/10\/1057543_smart-light-scaled.webp","type":"image\/webp"}],"twitter_card":"summary_large_image","twitter_misc":{"Est. reading time":"1 minute"},"schema":{"@context":"https:\/\/schema.org","@graph":[{"@type":"WebPage","@id":"https:\/\/shop.brita.ch\/fr\/produit\/brita-smart-light-led","url":"https:\/\/shop.brita.ch\/fr\/produit\/brita-smart-light-led","name":"BRITA Smart Light LED - BRITA","isPartOf":{"@id":"https:\/\/shop.brita.ch\/fr\/#website"},"primaryImageOfPage":{"@id":"https:\/\/shop.brita.ch\/fr\/produit\/brita-smart-light-led#primaryimage"},"image":{"@id":"https:\/\/shop.brita.ch\/fr\/produit\/brita-smart-light-led#primaryimage"},"thumbnailUrl":"\/fr\/wp-content\/uploads\/2025\/10\/1057543_smart-light-scaled.webp","datePublished":"2025-10-06T11:19:57+00:00","dateModified":"2025-10-29T13:18:06+00:00","description":"Le BRITA Smart Light vous indique quand le filtre a besoin d\u2019\u00eatre remplac\u00e9","breadcrumb":{"@id":"https:\/\/shop.brita.ch\/fr\/produit\/brita-smart-light-led#breadcrumb"},"inLanguage":"fr-FR","potentialAction":[{"@type":"ReadAction","target":["https:\/\/shop.brita.ch\/fr\/produit\/brita-smart-light-led"]}]},{"@type":"ImageObject","inLanguage":"fr-FR","@id":"https:\/\/shop.brita.ch\/fr\/produit\/brita-smart-light-led#primaryimage","url":"\/fr\/wp-content\/uploads\/2025\/10\/1057543_smart-light-scaled.webp","contentUrl":"\/fr\/wp-content\/uploads\/2025\/10\/1057543_smart-light-scaled.webp","width":2560,"height":2560,"caption":"Smart Light"},{"@type":"BreadcrumbList","@id":"https:\/\/shop.brita.ch\/fr\/produit\/brita-smart-light-led#breadcrumb","itemListElement":[{"@type":"ListItem","position":1,"name":"Page d'accueil","item":"https:\/\/shop.brita.ch\/fr\/"},{"@type":"ListItem","position":2,"name":"Produits","item":"https:\/\/shop.brita.ch\/fr\/shop"},{"@type":"ListItem","position":3,"name":"BRITA Smart Light LED"}]},{"@type":"WebSite","@id":"https:\/\/shop.brita.ch\/fr\/#website","url":"https:\/\/shop.brita.ch\/fr\/","name":"BRITA\u00ae","description":"Filtrationsl\u00f6sungen","publisher":{"@id":"https:\/\/shop.brita.ch\/fr\/#organization"},"potentialAction":[{"@type":"SearchAction","target":{"@type":"EntryPoint","urlTemplate":"https:\/\/shop.brita.ch\/fr\/?s={search_term_string}"},"query-input":{"@type":"PropertyValueSpecification","valueRequired":true,"valueName":"search_term_string"}}],"inLanguage":"fr-FR"},{"@type":"Organization","@id":"https:\/\/shop.brita.ch\/fr\/#organization","name":"BRITA Wasserfilter-Systeme AG","url":"https:\/\/shop.brita.ch\/fr\/","logo":{"@type":"ImageObject","inLanguage":"fr-FR","@id":"https:\/\/shop.brita.ch\/fr\/#\/schema\/logo\/image\/","url":"\/fr\/wp-content\/uploads\/2019\/02\/logo-1.jpg","contentUrl":"\/fr\/wp-content\/uploads\/2019\/02\/logo-1.jpg","width":117,"height":86,"caption":"BRITA Wasserfilter-Systeme AG"},"image":{"@id":"https:\/\/shop.brita.ch\/fr\/#\/schema\/logo\/image\/"},"sameAs":["https:\/\/www.facebook.com\/BRITA.schweiz","https:\/\/www.instagram.com\/brita.schweiz\/","https:\/\/de.linkedin.com\/company\/brita-gmbh","https:\/\/www.youtube.com\/playlist?list=PLzhwO6-T9BJ7PNjKrGsSpVLHGT1s3xUoy"]}]}},"_links":{"self":[{"href":"https:\/\/shop.brita.ch\/fr\/wp-json\/wp\/v2\/product\/16421","targetHints":{"allow":["GET"]}}],"collection":[{"href":"https:\/\/shop.brita.ch\/fr\/wp-json\/wp\/v2\/product"}],"about":[{"href":"https:\/\/shop.brita.ch\/fr\/wp-json\/wp\/v2\/types\/product"}],"wp:featuredmedia":[{"embeddable":true,"href":"https:\/\/shop.brita.ch\/fr\/wp-json\/wp\/v2\/media\/16420"}],"wp:attachment":[{"href":"https:\/\/shop.brita.ch\/fr\/wp-json\/wp\/v2\/media?parent=16421"}],"wp:term":[{"taxonomy":"product_brand","embeddable":true,"href":"https:\/\/shop.brita.ch\/fr\/wp-json\/wp\/v2\/product_brand?post=16421"},{"taxonomy":"product_cat","embeddable":true,"href":"https:\/\/shop.brita.ch\/fr\/wp-json\/wp\/v2\/product_cat?post=16421"},{"taxonomy":"product_tag","embeddable":true,"href":"https:\/\/shop.brita.ch\/fr\/wp-json\/wp\/v2\/product_tag?post=16421"}],"curies":[{"name":"wp","href":"https:\/\/api.w.org\/{rel}","templated":true}]}}