{"id":15890,"date":"2025-07-02T12:42:10","date_gmt":"2025-07-02T10:42:10","guid":{"rendered":"https:\/\/shop.brita.ch\/fr\/?post_type=product&#038;p=15890"},"modified":"2026-03-18T13:23:46","modified_gmt":"2026-03-18T12:23:46","slug":"carafe-filtrante-style-essential","status":"publish","type":"product","link":"https:\/\/shop.brita.ch\/fr\/produit\/carafe-filtrante-style-essential","title":{"rendered":"Carafe filtrante BRITA Style Essential avec 1 cartouche filtrante"},"content":{"rendered":"<ul class=\"product-facts\">\n<li>Simple et efficace : cette carafe filtrante \u00e9l\u00e9gante et lavable au lave-vaisselle (sauf Smart Light LED) se remplit facilement d\u2019une seule main gr\u00e2ce \u00e0 son clapet de remplissage<\/li>\n<li>Cache sur le bec verseur qui prot\u00e8ge l\u2019eau de la poussi\u00e8re et des impuret\u00e9s<\/li>\n<li>Con\u00e7ue pour tenir dans la porte du r\u00e9frig\u00e9rateur<\/li>\n<li>Capacit\u00e9 : 2,4 l (total), 1,4 l (eau filtr\u00e9e)<\/li>\n<li>Intelligente et ergonomique : le voyant BRITA Smart Light vous indique quand le filtre a besoin d\u2019\u00eatre remplac\u00e9. Et si elle venait \u00e0 tomber en panne, vous pouvez facilement en commander une nouvelle gratuitement aupr\u00e8s de notre service client\u00e8le.<\/li>\n<li>Dimensions (L x H x P) : 23,9 x 27,3 x 10,5 cm<\/li>\n<li>La MAXTRA PRO PURE PERFORMANCE \u00e9limine les impuret\u00e9s impactant le go\u00fbt et l\u2019odeur (comme le chlore), les particules fines (\u2265 30 \u00b5m) et certains micropolluants, pour une eau au go\u00fbt id\u00e9al<\/li>\n<li>Qualit\u00e9 et design : fabrication en Allemagne, avec enthousiasme et longue exp\u00e9rience, depuis 1966<\/li>\n<p><strong>1 cartouche filtrantes MAXTRA PRO Pure Performance incl.<\/strong>\n<\/ul>\n<div class=\"dl-btn\">\n<h5>Mode d\u2019emploi Carafes filtrantes Style<\/h5>\n<p><a class=\"btn-default btn\" href=\"https:\/\/www.brita.ch\/dam\/jcr:07b6a5a4-352c-484d-8dc4-122cf58f0d2e\/brita-water-filter-jugs-instruction-manual-EMEA.pdf\" target=\"_blank\" rel=\"noopener noreferrer\" download=\"\">T\u00e9l\u00e9charger maintenant<\/a><\/p>\n<\/div>\n","protected":false},"excerpt":{"rendered":"<p>Simple et efficace : cette carafe filtrante \u00e9l\u00e9gante et lavable au lave-vaisselle (sauf Smart Light LED) se remplit facilement d\u2019une seule main gr\u00e2ce \u00e0 son clapet de remplissage Cache sur le bec verseur qui prot\u00e8ge l\u2019eau de la poussi\u00e8re et des impuret\u00e9s Con\u00e7ue pour tenir dans la porte du r\u00e9frig\u00e9rateur Capacit\u00e9 : 2,4 l (total), [&#8230;]<\/p>\n<p><a class=\"btn btn-secondary understrap-read-more-link\" href=\"https:\/\/shop.brita.ch\/fr\/produit\/carafe-filtrante-style-essential\">Lire la suite&#8230;<\/a><\/p>\n","protected":false},"featured_media":15900,"template":"","meta":[],"product_brand":[],"product_cat":[82,83],"product_tag":[74],"class_list":{"0":"post-15890","1":"product","2":"type-product","3":"status-publish","4":"has-post-thumbnail","6":"product_cat-carafes-filtrantes","7":"product_cat-twf","8":"product_tag-video","10":"first","11":"instock","12":"taxable","13":"shipping-taxable","14":"purchasable","15":"product-type-variable","16":"has-default-attributes"},"yoast_head":"<!-- This site is optimized with the Yoast SEO plugin v26.7 - https:\/\/yoast.com\/wordpress\/plugins\/seo\/ -->\n<title>BRITA Style Essential \u2013 Carafe filtrante I BRITA\u00ae<\/title>\n<meta name=\"description\" content=\"BRITA Style Essential : Klares Design trifft auf deutsche Technologie. Die LED-Wechselanzeige sorgt jederzeit f\u00fcr frisches, gefiltertes Wasser. Jetzt kaufen\" \/>\n<meta name=\"robots\" content=\"index, follow, max-snippet:-1, max-image-preview:large, max-video-preview:-1\" \/>\n<link rel=\"canonical\" href=\"https:\/\/shop.brita.ch\/fr\/produit\/carafe-filtrante-style-essential\" \/>\n<meta property=\"og:locale\" content=\"fr_FR\" \/>\n<meta property=\"og:type\" content=\"article\" \/>\n<meta property=\"og:title\" content=\"BRITA Style Essential \u2013 Carafe filtrante I BRITA\u00ae\" \/>\n<meta property=\"og:description\" content=\"BRITA Style Essential : Klares Design trifft auf deutsche Technologie. Die LED-Wechselanzeige sorgt jederzeit f\u00fcr frisches, gefiltertes Wasser. Jetzt kaufen\" \/>\n<meta property=\"og:url\" content=\"https:\/\/shop.brita.ch\/fr\/produit\/carafe-filtrante-style-essential\" \/>\n<meta property=\"og:site_name\" content=\"BRITA\" \/>\n<meta property=\"article:publisher\" content=\"https:\/\/www.facebook.com\/BRITA.schweiz\" \/>\n<meta property=\"article:modified_time\" content=\"2026-03-18T12:23:46+00:00\" \/>\n<meta property=\"og:image\" content=\"https:\/\/shop.brita.ch\/fr\/wp-content\/uploads\/2025\/07\/brita-consumer-water-filter-jugs-style-essential-white-maxtra-pro-pure-performance-1564x1564-1.webp\" \/>\n\t<meta property=\"og:image:width\" content=\"1564\" \/>\n\t<meta property=\"og:image:height\" content=\"1564\" \/>\n\t<meta property=\"og:image:type\" content=\"image\/webp\" \/>\n<meta name=\"twitter:card\" content=\"summary_large_image\" \/>\n<meta name=\"twitter:label1\" content=\"Est. reading time\" \/>\n\t<meta name=\"twitter:data1\" content=\"2 minutes\" \/>\n<script type=\"application\/ld+json\" class=\"yoast-schema-graph\">{\"@context\":\"https:\/\/schema.org\",\"@graph\":[{\"@type\":\"WebPage\",\"@id\":\"https:\/\/shop.brita.ch\/fr\/produit\/carafe-filtrante-style-essential\",\"url\":\"https:\/\/shop.brita.ch\/fr\/produit\/carafe-filtrante-style-essential\",\"name\":\"BRITA Style Essential \u2013 Carafe filtrante I BRITA\u00ae\",\"isPartOf\":{\"@id\":\"https:\/\/shop.brita.ch\/fr\/#website\"},\"primaryImageOfPage\":{\"@id\":\"https:\/\/shop.brita.ch\/fr\/produit\/carafe-filtrante-style-essential#primaryimage\"},\"image\":{\"@id\":\"https:\/\/shop.brita.ch\/fr\/produit\/carafe-filtrante-style-essential#primaryimage\"},\"thumbnailUrl\":\"\/fr\/wp-content\/uploads\/2025\/07\/brita-consumer-water-filter-jugs-style-essential-white-maxtra-pro-pure-performance-1564x1564-1.webp\",\"datePublished\":\"2025-07-02T10:42:10+00:00\",\"dateModified\":\"2026-03-18T12:23:46+00:00\",\"description\":\"BRITA Style Essential : Klares Design trifft auf deutsche Technologie. Die LED-Wechselanzeige sorgt jederzeit f\u00fcr frisches, gefiltertes Wasser. Jetzt kaufen\",\"breadcrumb\":{\"@id\":\"https:\/\/shop.brita.ch\/fr\/produit\/carafe-filtrante-style-essential#breadcrumb\"},\"inLanguage\":\"fr-FR\",\"potentialAction\":[{\"@type\":\"ReadAction\",\"target\":[\"https:\/\/shop.brita.ch\/fr\/produit\/carafe-filtrante-style-essential\"]}]},{\"@type\":\"ImageObject\",\"inLanguage\":\"fr-FR\",\"@id\":\"https:\/\/shop.brita.ch\/fr\/produit\/carafe-filtrante-style-essential#primaryimage\",\"url\":\"\/fr\/wp-content\/uploads\/2025\/07\/brita-consumer-water-filter-jugs-style-essential-white-maxtra-pro-pure-performance-1564x1564-1.webp\",\"contentUrl\":\"\/fr\/wp-content\/uploads\/2025\/07\/brita-consumer-water-filter-jugs-style-essential-white-maxtra-pro-pure-performance-1564x1564-1.webp\",\"width\":1564,\"height\":1564,\"caption\":\"BRITA Style Essential\"},{\"@type\":\"BreadcrumbList\",\"@id\":\"https:\/\/shop.brita.ch\/fr\/produit\/carafe-filtrante-style-essential#breadcrumb\",\"itemListElement\":[{\"@type\":\"ListItem\",\"position\":1,\"name\":\"Page d'accueil\",\"item\":\"https:\/\/shop.brita.ch\/fr\/\"},{\"@type\":\"ListItem\",\"position\":2,\"name\":\"Produits\",\"item\":\"https:\/\/shop.brita.ch\/fr\/shop\"},{\"@type\":\"ListItem\",\"position\":3,\"name\":\"Carafe filtrante BRITA Style Essential avec 1 cartouche filtrante\"}]},{\"@type\":\"WebSite\",\"@id\":\"https:\/\/shop.brita.ch\/fr\/#website\",\"url\":\"https:\/\/shop.brita.ch\/fr\/\",\"name\":\"BRITA\u00ae\",\"description\":\"Filtrationsl\u00f6sungen\",\"publisher\":{\"@id\":\"https:\/\/shop.brita.ch\/fr\/#organization\"},\"potentialAction\":[{\"@type\":\"SearchAction\",\"target\":{\"@type\":\"EntryPoint\",\"urlTemplate\":\"https:\/\/shop.brita.ch\/fr\/?s={search_term_string}\"},\"query-input\":{\"@type\":\"PropertyValueSpecification\",\"valueRequired\":true,\"valueName\":\"search_term_string\"}}],\"inLanguage\":\"fr-FR\"},{\"@type\":\"Organization\",\"@id\":\"https:\/\/shop.brita.ch\/fr\/#organization\",\"name\":\"BRITA Wasserfilter-Systeme AG\",\"url\":\"https:\/\/shop.brita.ch\/fr\/\",\"logo\":{\"@type\":\"ImageObject\",\"inLanguage\":\"fr-FR\",\"@id\":\"https:\/\/shop.brita.ch\/fr\/#\/schema\/logo\/image\/\",\"url\":\"\/fr\/wp-content\/uploads\/2019\/02\/logo-1.jpg\",\"contentUrl\":\"\/fr\/wp-content\/uploads\/2019\/02\/logo-1.jpg\",\"width\":117,\"height\":86,\"caption\":\"BRITA Wasserfilter-Systeme AG\"},\"image\":{\"@id\":\"https:\/\/shop.brita.ch\/fr\/#\/schema\/logo\/image\/\"},\"sameAs\":[\"https:\/\/www.facebook.com\/BRITA.schweiz\",\"https:\/\/www.instagram.com\/brita.schweiz\/\",\"https:\/\/de.linkedin.com\/company\/brita-gmbh\",\"https:\/\/www.youtube.com\/playlist?list=PLzhwO6-T9BJ7PNjKrGsSpVLHGT1s3xUoy\"]}]}<\/script>\n<!-- \/ Yoast SEO plugin. -->","yoast_head_json":{"title":"BRITA Style Essential \u2013 Carafe filtrante I BRITA\u00ae","description":"BRITA Style Essential : Klares Design trifft auf deutsche Technologie. Die LED-Wechselanzeige sorgt jederzeit f\u00fcr frisches, gefiltertes Wasser. Jetzt kaufen","robots":{"index":"index","follow":"follow","max-snippet":"max-snippet:-1","max-image-preview":"max-image-preview:large","max-video-preview":"max-video-preview:-1"},"canonical":"https:\/\/shop.brita.ch\/fr\/produit\/carafe-filtrante-style-essential","og_locale":"fr_FR","og_type":"article","og_title":"BRITA Style Essential \u2013 Carafe filtrante I BRITA\u00ae","og_description":"BRITA Style Essential : Klares Design trifft auf deutsche Technologie. Die LED-Wechselanzeige sorgt jederzeit f\u00fcr frisches, gefiltertes Wasser. Jetzt kaufen","og_url":"https:\/\/shop.brita.ch\/fr\/produit\/carafe-filtrante-style-essential","og_site_name":"BRITA","article_publisher":"https:\/\/www.facebook.com\/BRITA.schweiz","article_modified_time":"2026-03-18T12:23:46+00:00","og_image":[{"width":1564,"height":1564,"url":"https:\/\/shop.brita.ch\/fr\/wp-content\/uploads\/2025\/07\/brita-consumer-water-filter-jugs-style-essential-white-maxtra-pro-pure-performance-1564x1564-1.webp","type":"image\/webp"}],"twitter_card":"summary_large_image","twitter_misc":{"Est. reading time":"2 minutes"},"schema":{"@context":"https:\/\/schema.org","@graph":[{"@type":"WebPage","@id":"https:\/\/shop.brita.ch\/fr\/produit\/carafe-filtrante-style-essential","url":"https:\/\/shop.brita.ch\/fr\/produit\/carafe-filtrante-style-essential","name":"BRITA Style Essential \u2013 Carafe filtrante I BRITA\u00ae","isPartOf":{"@id":"https:\/\/shop.brita.ch\/fr\/#website"},"primaryImageOfPage":{"@id":"https:\/\/shop.brita.ch\/fr\/produit\/carafe-filtrante-style-essential#primaryimage"},"image":{"@id":"https:\/\/shop.brita.ch\/fr\/produit\/carafe-filtrante-style-essential#primaryimage"},"thumbnailUrl":"\/fr\/wp-content\/uploads\/2025\/07\/brita-consumer-water-filter-jugs-style-essential-white-maxtra-pro-pure-performance-1564x1564-1.webp","datePublished":"2025-07-02T10:42:10+00:00","dateModified":"2026-03-18T12:23:46+00:00","description":"BRITA Style Essential : Klares Design trifft auf deutsche Technologie. Die LED-Wechselanzeige sorgt jederzeit f\u00fcr frisches, gefiltertes Wasser. Jetzt kaufen","breadcrumb":{"@id":"https:\/\/shop.brita.ch\/fr\/produit\/carafe-filtrante-style-essential#breadcrumb"},"inLanguage":"fr-FR","potentialAction":[{"@type":"ReadAction","target":["https:\/\/shop.brita.ch\/fr\/produit\/carafe-filtrante-style-essential"]}]},{"@type":"ImageObject","inLanguage":"fr-FR","@id":"https:\/\/shop.brita.ch\/fr\/produit\/carafe-filtrante-style-essential#primaryimage","url":"\/fr\/wp-content\/uploads\/2025\/07\/brita-consumer-water-filter-jugs-style-essential-white-maxtra-pro-pure-performance-1564x1564-1.webp","contentUrl":"\/fr\/wp-content\/uploads\/2025\/07\/brita-consumer-water-filter-jugs-style-essential-white-maxtra-pro-pure-performance-1564x1564-1.webp","width":1564,"height":1564,"caption":"BRITA Style Essential"},{"@type":"BreadcrumbList","@id":"https:\/\/shop.brita.ch\/fr\/produit\/carafe-filtrante-style-essential#breadcrumb","itemListElement":[{"@type":"ListItem","position":1,"name":"Page d'accueil","item":"https:\/\/shop.brita.ch\/fr\/"},{"@type":"ListItem","position":2,"name":"Produits","item":"https:\/\/shop.brita.ch\/fr\/shop"},{"@type":"ListItem","position":3,"name":"Carafe filtrante BRITA Style Essential avec 1 cartouche filtrante"}]},{"@type":"WebSite","@id":"https:\/\/shop.brita.ch\/fr\/#website","url":"https:\/\/shop.brita.ch\/fr\/","name":"BRITA\u00ae","description":"Filtrationsl\u00f6sungen","publisher":{"@id":"https:\/\/shop.brita.ch\/fr\/#organization"},"potentialAction":[{"@type":"SearchAction","target":{"@type":"EntryPoint","urlTemplate":"https:\/\/shop.brita.ch\/fr\/?s={search_term_string}"},"query-input":{"@type":"PropertyValueSpecification","valueRequired":true,"valueName":"search_term_string"}}],"inLanguage":"fr-FR"},{"@type":"Organization","@id":"https:\/\/shop.brita.ch\/fr\/#organization","name":"BRITA Wasserfilter-Systeme AG","url":"https:\/\/shop.brita.ch\/fr\/","logo":{"@type":"ImageObject","inLanguage":"fr-FR","@id":"https:\/\/shop.brita.ch\/fr\/#\/schema\/logo\/image\/","url":"\/fr\/wp-content\/uploads\/2019\/02\/logo-1.jpg","contentUrl":"\/fr\/wp-content\/uploads\/2019\/02\/logo-1.jpg","width":117,"height":86,"caption":"BRITA Wasserfilter-Systeme AG"},"image":{"@id":"https:\/\/shop.brita.ch\/fr\/#\/schema\/logo\/image\/"},"sameAs":["https:\/\/www.facebook.com\/BRITA.schweiz","https:\/\/www.instagram.com\/brita.schweiz\/","https:\/\/de.linkedin.com\/company\/brita-gmbh","https:\/\/www.youtube.com\/playlist?list=PLzhwO6-T9BJ7PNjKrGsSpVLHGT1s3xUoy"]}]}},"_links":{"self":[{"href":"https:\/\/shop.brita.ch\/fr\/wp-json\/wp\/v2\/product\/15890","targetHints":{"allow":["GET"]}}],"collection":[{"href":"https:\/\/shop.brita.ch\/fr\/wp-json\/wp\/v2\/product"}],"about":[{"href":"https:\/\/shop.brita.ch\/fr\/wp-json\/wp\/v2\/types\/product"}],"wp:featuredmedia":[{"embeddable":true,"href":"https:\/\/shop.brita.ch\/fr\/wp-json\/wp\/v2\/media\/15900"}],"wp:attachment":[{"href":"https:\/\/shop.brita.ch\/fr\/wp-json\/wp\/v2\/media?parent=15890"}],"wp:term":[{"taxonomy":"product_brand","embeddable":true,"href":"https:\/\/shop.brita.ch\/fr\/wp-json\/wp\/v2\/product_brand?post=15890"},{"taxonomy":"product_cat","embeddable":true,"href":"https:\/\/shop.brita.ch\/fr\/wp-json\/wp\/v2\/product_cat?post=15890"},{"taxonomy":"product_tag","embeddable":true,"href":"https:\/\/shop.brita.ch\/fr\/wp-json\/wp\/v2\/product_tag?post=15890"}],"curies":[{"name":"wp","href":"https:\/\/api.w.org\/{rel}","templated":true}]}}