{"id":15747,"date":"2025-06-17T16:05:42","date_gmt":"2025-06-17T14:05:42","guid":{"rendered":"https:\/\/shop.brita.ch\/fr\/?post_type=product&#038;p=15747"},"modified":"2025-08-06T10:36:00","modified_gmt":"2025-08-06T08:36:00","slug":"bouteille-en-acier-inoxydable-brita","status":"publish","type":"product","link":"https:\/\/shop.brita.ch\/fr\/produit\/bouteille-en-acier-inoxydable-brita","title":{"rendered":"Bouteille en acier inoxydable BRITA sodaTRIO"},"content":{"rendered":"<p><strong>Comprend 1 bouteille en acier inoxydable BRITA pour gaz\u00e9ificateurs d\u2019eau sodaTRIO et sodaTRIO pro de BRITA.<\/strong><\/p>\n<ul class=\"product-facts\">\n<li>Gaz\u00e9ifiez votre eau directement dans la bouteille et emportez-la avec vous<\/li>\n<li>Une bouteille l\u00e9g\u00e8re et \u00e9l\u00e9gante pour toutes vos activit\u00e9s de plein air toute l\u2019ann\u00e9e<\/li>\n<li>Isotherme, elle gardera votre eau au frais et votre th\u00e9 ou votre caf\u00e9 au chaud<\/li>\n<li>Lavable au lave-vaisselle<\/li>\n<li>Bouchon ergonomique en silicone, \u00e0 ouverture rapide et s\u00e9curis\u00e9e<\/li>\n<li>Diff\u00e9rentes capacit\u00e9s selon vos besoins. Petit format\u00a0: 0,5\u00a0litre, grand format\u00a0: 0,9\u00a0litre<\/li>\n<li>Bouteille petit format (l\u00a0x\u00a0H)\u00a0: 7,7\u00a0x\u00a027,8\u00a0cm<\/li>\n<li>Bouteille grand format (l x H)\u00a0: 9,3 x 30,5\u00a0cm<\/li>\n<li>Exclusivement con\u00e7ue pour les gaz\u00e9ificateurs d\u2019eau sodaTRIO et sodaTRIO pro de BRITA<\/li>\n<p><strong style=\"color: red;\">Non compatible avec gaz\u00e9ificateur d&#8217;eau sodaONE<br \/>\n<\/strong>\n<\/ul>\n","protected":false},"excerpt":{"rendered":"<p>Comprend 1 bouteille en acier inoxydable BRITA pour gaz\u00e9ificateurs d\u2019eau sodaTRIO et sodaTRIO pro de BRITA. Gaz\u00e9ifiez votre eau directement dans la bouteille et emportez-la avec vous Une bouteille l\u00e9g\u00e8re et \u00e9l\u00e9gante pour toutes vos activit\u00e9s de plein air toute l\u2019ann\u00e9e Isotherme, elle gardera votre eau au frais et votre th\u00e9 ou votre caf\u00e9 au [&#8230;]<\/p>\n<p><a class=\"btn btn-secondary understrap-read-more-link\" href=\"https:\/\/shop.brita.ch\/fr\/produit\/bouteille-en-acier-inoxydable-brita\">Lire la suite&#8230;<\/a><\/p>\n","protected":false},"featured_media":12570,"template":"","meta":[],"product_brand":[],"product_cat":[102,103],"product_tag":[88],"class_list":{"0":"post-15747","1":"product","2":"type-product","3":"status-publish","4":"has-post-thumbnail","6":"product_cat-accessoires","7":"product_cat-test","8":"product_tag-variants","10":"first","11":"instock","12":"taxable","13":"shipping-taxable","14":"purchasable","15":"product-type-variable","16":"has-default-attributes"},"yoast_head":"<!-- This site is optimized with the Yoast SEO plugin v26.7 - https:\/\/yoast.com\/wordpress\/plugins\/seo\/ -->\n<title>sodaTRIO bouteille en acier inoxydable | BRITA\u00ae<\/title>\n<meta name=\"description\" content=\"Bouteille isotherme en acier inoxydable BRITA pour gaz\u00e9ificateurs d\u2019eau sodaTRIO et sodaTRIO pro. Disponible en deux formats et couleurs. Acheter maintenant\" \/>\n<meta name=\"robots\" content=\"index, follow, max-snippet:-1, max-image-preview:large, max-video-preview:-1\" \/>\n<link rel=\"canonical\" href=\"https:\/\/shop.brita.ch\/fr\/produit\/bouteille-en-acier-inoxydable-brita\" \/>\n<meta property=\"og:locale\" content=\"fr_FR\" \/>\n<meta property=\"og:type\" content=\"article\" \/>\n<meta property=\"og:title\" content=\"sodaTRIO bouteille en acier inoxydable | BRITA\u00ae\" \/>\n<meta property=\"og:description\" content=\"Bouteille isotherme en acier inoxydable BRITA pour gaz\u00e9ificateurs d\u2019eau sodaTRIO et sodaTRIO pro. Disponible en deux formats et couleurs. Acheter maintenant\" \/>\n<meta property=\"og:url\" content=\"https:\/\/shop.brita.ch\/fr\/produit\/bouteille-en-acier-inoxydable-brita\" \/>\n<meta property=\"og:site_name\" content=\"BRITA\" \/>\n<meta property=\"article:publisher\" content=\"https:\/\/www.facebook.com\/BRITA.schweiz\" \/>\n<meta property=\"article:modified_time\" content=\"2025-08-06T08:36:00+00:00\" \/>\n<meta property=\"og:image\" content=\"https:\/\/shop.brita.ch\/fr\/wp-content\/uploads\/2023\/04\/brita-consumer-stainless-steel-bottle-sodaTRIO-sparkling-water-maker-black-1564x1564-1.webp\" \/>\n\t<meta property=\"og:image:width\" content=\"1564\" \/>\n\t<meta property=\"og:image:height\" content=\"1564\" \/>\n\t<meta property=\"og:image:type\" content=\"image\/webp\" \/>\n<meta name=\"twitter:card\" content=\"summary_large_image\" \/>\n<meta name=\"twitter:label1\" content=\"Est. reading time\" \/>\n\t<meta name=\"twitter:data1\" content=\"1 minute\" \/>\n<script type=\"application\/ld+json\" class=\"yoast-schema-graph\">{\"@context\":\"https:\/\/schema.org\",\"@graph\":[{\"@type\":\"WebPage\",\"@id\":\"https:\/\/shop.brita.ch\/fr\/produit\/bouteille-en-acier-inoxydable-brita\",\"url\":\"https:\/\/shop.brita.ch\/fr\/produit\/bouteille-en-acier-inoxydable-brita\",\"name\":\"sodaTRIO bouteille en acier inoxydable | BRITA\u00ae\",\"isPartOf\":{\"@id\":\"https:\/\/shop.brita.ch\/fr\/#website\"},\"primaryImageOfPage\":{\"@id\":\"https:\/\/shop.brita.ch\/fr\/produit\/bouteille-en-acier-inoxydable-brita#primaryimage\"},\"image\":{\"@id\":\"https:\/\/shop.brita.ch\/fr\/produit\/bouteille-en-acier-inoxydable-brita#primaryimage\"},\"thumbnailUrl\":\"\/fr\/wp-content\/uploads\/2023\/04\/brita-consumer-stainless-steel-bottle-sodaTRIO-sparkling-water-maker-black-1564x1564-1.webp\",\"datePublished\":\"2025-06-17T14:05:42+00:00\",\"dateModified\":\"2025-08-06T08:36:00+00:00\",\"description\":\"Bouteille isotherme en acier inoxydable BRITA pour gaz\u00e9ificateurs d\u2019eau sodaTRIO et sodaTRIO pro. Disponible en deux formats et couleurs. Acheter maintenant\",\"breadcrumb\":{\"@id\":\"https:\/\/shop.brita.ch\/fr\/produit\/bouteille-en-acier-inoxydable-brita#breadcrumb\"},\"inLanguage\":\"fr-FR\",\"potentialAction\":[{\"@type\":\"ReadAction\",\"target\":[\"https:\/\/shop.brita.ch\/fr\/produit\/bouteille-en-acier-inoxydable-brita\"]}]},{\"@type\":\"ImageObject\",\"inLanguage\":\"fr-FR\",\"@id\":\"https:\/\/shop.brita.ch\/fr\/produit\/bouteille-en-acier-inoxydable-brita#primaryimage\",\"url\":\"\/fr\/wp-content\/uploads\/2023\/04\/brita-consumer-stainless-steel-bottle-sodaTRIO-sparkling-water-maker-black-1564x1564-1.webp\",\"contentUrl\":\"\/fr\/wp-content\/uploads\/2023\/04\/brita-consumer-stainless-steel-bottle-sodaTRIO-sparkling-water-maker-black-1564x1564-1.webp\",\"width\":1564,\"height\":1564,\"caption\":\"sodaTRIO\"},{\"@type\":\"BreadcrumbList\",\"@id\":\"https:\/\/shop.brita.ch\/fr\/produit\/bouteille-en-acier-inoxydable-brita#breadcrumb\",\"itemListElement\":[{\"@type\":\"ListItem\",\"position\":1,\"name\":\"Page d'accueil\",\"item\":\"https:\/\/shop.brita.ch\/fr\/\"},{\"@type\":\"ListItem\",\"position\":2,\"name\":\"Produits\",\"item\":\"https:\/\/shop.brita.ch\/fr\/shop\"},{\"@type\":\"ListItem\",\"position\":3,\"name\":\"Bouteille en acier inoxydable BRITA sodaTRIO\"}]},{\"@type\":\"WebSite\",\"@id\":\"https:\/\/shop.brita.ch\/fr\/#website\",\"url\":\"https:\/\/shop.brita.ch\/fr\/\",\"name\":\"BRITA\u00ae\",\"description\":\"Filtrationsl\u00f6sungen\",\"publisher\":{\"@id\":\"https:\/\/shop.brita.ch\/fr\/#organization\"},\"potentialAction\":[{\"@type\":\"SearchAction\",\"target\":{\"@type\":\"EntryPoint\",\"urlTemplate\":\"https:\/\/shop.brita.ch\/fr\/?s={search_term_string}\"},\"query-input\":{\"@type\":\"PropertyValueSpecification\",\"valueRequired\":true,\"valueName\":\"search_term_string\"}}],\"inLanguage\":\"fr-FR\"},{\"@type\":\"Organization\",\"@id\":\"https:\/\/shop.brita.ch\/fr\/#organization\",\"name\":\"BRITA Wasserfilter-Systeme AG\",\"url\":\"https:\/\/shop.brita.ch\/fr\/\",\"logo\":{\"@type\":\"ImageObject\",\"inLanguage\":\"fr-FR\",\"@id\":\"https:\/\/shop.brita.ch\/fr\/#\/schema\/logo\/image\/\",\"url\":\"\/fr\/wp-content\/uploads\/2019\/02\/logo-1.jpg\",\"contentUrl\":\"\/fr\/wp-content\/uploads\/2019\/02\/logo-1.jpg\",\"width\":117,\"height\":86,\"caption\":\"BRITA Wasserfilter-Systeme AG\"},\"image\":{\"@id\":\"https:\/\/shop.brita.ch\/fr\/#\/schema\/logo\/image\/\"},\"sameAs\":[\"https:\/\/www.facebook.com\/BRITA.schweiz\",\"https:\/\/www.instagram.com\/brita.schweiz\/\",\"https:\/\/de.linkedin.com\/company\/brita-gmbh\",\"https:\/\/www.youtube.com\/playlist?list=PLzhwO6-T9BJ7PNjKrGsSpVLHGT1s3xUoy\"]}]}<\/script>\n<!-- \/ Yoast SEO plugin. -->","yoast_head_json":{"title":"sodaTRIO bouteille en acier inoxydable | BRITA\u00ae","description":"Bouteille isotherme en acier inoxydable BRITA pour gaz\u00e9ificateurs d\u2019eau sodaTRIO et sodaTRIO pro. Disponible en deux formats et couleurs. Acheter maintenant","robots":{"index":"index","follow":"follow","max-snippet":"max-snippet:-1","max-image-preview":"max-image-preview:large","max-video-preview":"max-video-preview:-1"},"canonical":"https:\/\/shop.brita.ch\/fr\/produit\/bouteille-en-acier-inoxydable-brita","og_locale":"fr_FR","og_type":"article","og_title":"sodaTRIO bouteille en acier inoxydable | BRITA\u00ae","og_description":"Bouteille isotherme en acier inoxydable BRITA pour gaz\u00e9ificateurs d\u2019eau sodaTRIO et sodaTRIO pro. Disponible en deux formats et couleurs. Acheter maintenant","og_url":"https:\/\/shop.brita.ch\/fr\/produit\/bouteille-en-acier-inoxydable-brita","og_site_name":"BRITA","article_publisher":"https:\/\/www.facebook.com\/BRITA.schweiz","article_modified_time":"2025-08-06T08:36:00+00:00","og_image":[{"width":1564,"height":1564,"url":"https:\/\/shop.brita.ch\/fr\/wp-content\/uploads\/2023\/04\/brita-consumer-stainless-steel-bottle-sodaTRIO-sparkling-water-maker-black-1564x1564-1.webp","type":"image\/webp"}],"twitter_card":"summary_large_image","twitter_misc":{"Est. reading time":"1 minute"},"schema":{"@context":"https:\/\/schema.org","@graph":[{"@type":"WebPage","@id":"https:\/\/shop.brita.ch\/fr\/produit\/bouteille-en-acier-inoxydable-brita","url":"https:\/\/shop.brita.ch\/fr\/produit\/bouteille-en-acier-inoxydable-brita","name":"sodaTRIO bouteille en acier inoxydable | BRITA\u00ae","isPartOf":{"@id":"https:\/\/shop.brita.ch\/fr\/#website"},"primaryImageOfPage":{"@id":"https:\/\/shop.brita.ch\/fr\/produit\/bouteille-en-acier-inoxydable-brita#primaryimage"},"image":{"@id":"https:\/\/shop.brita.ch\/fr\/produit\/bouteille-en-acier-inoxydable-brita#primaryimage"},"thumbnailUrl":"\/fr\/wp-content\/uploads\/2023\/04\/brita-consumer-stainless-steel-bottle-sodaTRIO-sparkling-water-maker-black-1564x1564-1.webp","datePublished":"2025-06-17T14:05:42+00:00","dateModified":"2025-08-06T08:36:00+00:00","description":"Bouteille isotherme en acier inoxydable BRITA pour gaz\u00e9ificateurs d\u2019eau sodaTRIO et sodaTRIO pro. Disponible en deux formats et couleurs. Acheter maintenant","breadcrumb":{"@id":"https:\/\/shop.brita.ch\/fr\/produit\/bouteille-en-acier-inoxydable-brita#breadcrumb"},"inLanguage":"fr-FR","potentialAction":[{"@type":"ReadAction","target":["https:\/\/shop.brita.ch\/fr\/produit\/bouteille-en-acier-inoxydable-brita"]}]},{"@type":"ImageObject","inLanguage":"fr-FR","@id":"https:\/\/shop.brita.ch\/fr\/produit\/bouteille-en-acier-inoxydable-brita#primaryimage","url":"\/fr\/wp-content\/uploads\/2023\/04\/brita-consumer-stainless-steel-bottle-sodaTRIO-sparkling-water-maker-black-1564x1564-1.webp","contentUrl":"\/fr\/wp-content\/uploads\/2023\/04\/brita-consumer-stainless-steel-bottle-sodaTRIO-sparkling-water-maker-black-1564x1564-1.webp","width":1564,"height":1564,"caption":"sodaTRIO"},{"@type":"BreadcrumbList","@id":"https:\/\/shop.brita.ch\/fr\/produit\/bouteille-en-acier-inoxydable-brita#breadcrumb","itemListElement":[{"@type":"ListItem","position":1,"name":"Page d'accueil","item":"https:\/\/shop.brita.ch\/fr\/"},{"@type":"ListItem","position":2,"name":"Produits","item":"https:\/\/shop.brita.ch\/fr\/shop"},{"@type":"ListItem","position":3,"name":"Bouteille en acier inoxydable BRITA sodaTRIO"}]},{"@type":"WebSite","@id":"https:\/\/shop.brita.ch\/fr\/#website","url":"https:\/\/shop.brita.ch\/fr\/","name":"BRITA\u00ae","description":"Filtrationsl\u00f6sungen","publisher":{"@id":"https:\/\/shop.brita.ch\/fr\/#organization"},"potentialAction":[{"@type":"SearchAction","target":{"@type":"EntryPoint","urlTemplate":"https:\/\/shop.brita.ch\/fr\/?s={search_term_string}"},"query-input":{"@type":"PropertyValueSpecification","valueRequired":true,"valueName":"search_term_string"}}],"inLanguage":"fr-FR"},{"@type":"Organization","@id":"https:\/\/shop.brita.ch\/fr\/#organization","name":"BRITA Wasserfilter-Systeme AG","url":"https:\/\/shop.brita.ch\/fr\/","logo":{"@type":"ImageObject","inLanguage":"fr-FR","@id":"https:\/\/shop.brita.ch\/fr\/#\/schema\/logo\/image\/","url":"\/fr\/wp-content\/uploads\/2019\/02\/logo-1.jpg","contentUrl":"\/fr\/wp-content\/uploads\/2019\/02\/logo-1.jpg","width":117,"height":86,"caption":"BRITA Wasserfilter-Systeme AG"},"image":{"@id":"https:\/\/shop.brita.ch\/fr\/#\/schema\/logo\/image\/"},"sameAs":["https:\/\/www.facebook.com\/BRITA.schweiz","https:\/\/www.instagram.com\/brita.schweiz\/","https:\/\/de.linkedin.com\/company\/brita-gmbh","https:\/\/www.youtube.com\/playlist?list=PLzhwO6-T9BJ7PNjKrGsSpVLHGT1s3xUoy"]}]}},"_links":{"self":[{"href":"https:\/\/shop.brita.ch\/fr\/wp-json\/wp\/v2\/product\/15747","targetHints":{"allow":["GET"]}}],"collection":[{"href":"https:\/\/shop.brita.ch\/fr\/wp-json\/wp\/v2\/product"}],"about":[{"href":"https:\/\/shop.brita.ch\/fr\/wp-json\/wp\/v2\/types\/product"}],"wp:featuredmedia":[{"embeddable":true,"href":"https:\/\/shop.brita.ch\/fr\/wp-json\/wp\/v2\/media\/12570"}],"wp:attachment":[{"href":"https:\/\/shop.brita.ch\/fr\/wp-json\/wp\/v2\/media?parent=15747"}],"wp:term":[{"taxonomy":"product_brand","embeddable":true,"href":"https:\/\/shop.brita.ch\/fr\/wp-json\/wp\/v2\/product_brand?post=15747"},{"taxonomy":"product_cat","embeddable":true,"href":"https:\/\/shop.brita.ch\/fr\/wp-json\/wp\/v2\/product_cat?post=15747"},{"taxonomy":"product_tag","embeddable":true,"href":"https:\/\/shop.brita.ch\/fr\/wp-json\/wp\/v2\/product_tag?post=15747"}],"curies":[{"name":"wp","href":"https:\/\/api.w.org\/{rel}","templated":true}]}}