{"id":15737,"date":"2025-06-17T15:47:04","date_gmt":"2025-06-17T13:47:04","guid":{"rendered":"https:\/\/shop.brita.ch\/fr\/?post_type=product&#038;p=15737"},"modified":"2026-02-26T13:38:11","modified_gmt":"2026-02-26T12:38:11","slug":"gourde-filtrante-brita-model-vital","status":"publish","type":"product","link":"https:\/\/shop.brita.ch\/fr\/produit\/gourde-filtrante-brita-model-vital","title":{"rendered":"Gourde filtrante BRITA Model Vital"},"content":{"rendered":"<p><strong>Comprend 2 filtres MicroDisc<\/strong><\/p>\n<ul class=\"product-facts\">\n<li>Filtre l\u2019eau au fur et \u00e0 mesure que l\u2019on boit \u2013 jusqu\u2019\u00e0 60 litres ou 4 semaines<\/li>\n<li>R\u00e9duit le chlore et autres substances alt\u00e9rant le go\u00fbt, comme les pesticides, les herbicides et les hormones pr\u00e9sents dans l\u2019eau du robinet<\/li>\n<li>Retient les microparticules \u2265 15 \u03bcm<\/li>\n<li>Pr\u00e9serve les pr\u00e9cieux min\u00e9raux, comme le calcium et le magn\u00e9sium<\/li>\n<li>Grande capacit\u00e9 et poids plume : contenance de 0,6 litre pour 176 grammes<\/li>\n<li>Dimensions (L x H x l): 8 x 23 x 7,6 cm<\/li>\n<li>Lavable au lave-vaisselle \u00e0 55 \u00b0C<\/li>\n<\/ul>\n<div class=\"dl-btn\">\n<h5>Mode d\u2019emploi de la gourde filtrante BRITA Model Vital<\/h5>\n<p><a class=\"btn-default btn\" href=\"https:\/\/www.brita.ch\/dam\/jcr:77de6c9e-cb30-4b56-8efc-aeb5dea0ffa6\/brita-water-filter-bottle-model-vital-instruction-manual-INT.pdf\" target=\"_blank\" rel=\"noopener noreferrer\" download=\"\">T\u00e9l\u00e9charger ici<\/a><\/p>\n<\/div>\n","protected":false},"excerpt":{"rendered":"<p>Comprend 2 filtres MicroDisc Filtre l\u2019eau au fur et \u00e0 mesure que l\u2019on boit \u2013 jusqu\u2019\u00e0 60 litres ou 4 semaines R\u00e9duit le chlore et autres substances alt\u00e9rant le go\u00fbt, comme les pesticides, les herbicides et les hormones pr\u00e9sents dans l\u2019eau du robinet Retient les microparticules \u2265 15 \u03bcm Pr\u00e9serve les pr\u00e9cieux min\u00e9raux, comme le [&#8230;]<\/p>\n<p><a class=\"btn btn-secondary understrap-read-more-link\" href=\"https:\/\/shop.brita.ch\/fr\/produit\/gourde-filtrante-brita-model-vital\">Lire la suite&#8230;<\/a><\/p>\n","protected":false},"featured_media":13348,"template":"","meta":[],"product_brand":[],"product_cat":[99],"product_tag":[],"class_list":{"0":"post-15737","1":"product","2":"type-product","3":"status-publish","4":"has-post-thumbnail","6":"product_cat-gourdes-filtrantes","8":"first","9":"instock","10":"taxable","11":"shipping-taxable","12":"purchasable","13":"product-type-variable","14":"has-default-attributes"},"yoast_head":"<!-- This site is optimized with the Yoast SEO plugin v26.7 - https:\/\/yoast.com\/wordpress\/plugins\/seo\/ -->\n<title>Gourde filtrante BRITA Model Vital - acheter<\/title>\n<meta name=\"description\" content=\"La gourde filtrante BRITA Model Vital filtre l\u2019eau au fur et \u00e0 mesure que l\u2019on boit. Technologie de filtration MicroDisc BRITA. Acheter maintenant.\" \/>\n<meta name=\"robots\" content=\"index, follow, max-snippet:-1, max-image-preview:large, max-video-preview:-1\" \/>\n<link rel=\"canonical\" href=\"https:\/\/shop.brita.ch\/fr\/produit\/gourde-filtrante-brita-model-vital\" \/>\n<meta property=\"og:locale\" content=\"fr_FR\" \/>\n<meta property=\"og:type\" content=\"article\" \/>\n<meta property=\"og:title\" content=\"Gourde filtrante BRITA Model Vital - acheter\" \/>\n<meta property=\"og:description\" content=\"La gourde filtrante BRITA Model Vital filtre l\u2019eau au fur et \u00e0 mesure que l\u2019on boit. Technologie de filtration MicroDisc BRITA. Acheter maintenant.\" \/>\n<meta property=\"og:url\" content=\"https:\/\/shop.brita.ch\/fr\/produit\/gourde-filtrante-brita-model-vital\" \/>\n<meta property=\"og:site_name\" content=\"BRITA\" \/>\n<meta property=\"article:publisher\" content=\"https:\/\/www.facebook.com\/BRITA.schweiz\" \/>\n<meta property=\"article:modified_time\" content=\"2026-02-26T12:38:11+00:00\" \/>\n<meta property=\"og:image\" content=\"https:\/\/shop.brita.ch\/fr\/wp-content\/uploads\/2024\/01\/brita-consumer-water-filter-bottle-model-vital-apricot-1564x1564-1.jpg\" \/>\n\t<meta property=\"og:image:width\" content=\"1564\" \/>\n\t<meta property=\"og:image:height\" content=\"1564\" \/>\n\t<meta property=\"og:image:type\" content=\"image\/jpeg\" \/>\n<meta name=\"twitter:card\" content=\"summary_large_image\" \/>\n<meta name=\"twitter:label1\" content=\"Est. reading time\" \/>\n\t<meta name=\"twitter:data1\" content=\"1 minute\" \/>\n<script type=\"application\/ld+json\" class=\"yoast-schema-graph\">{\"@context\":\"https:\/\/schema.org\",\"@graph\":[{\"@type\":\"WebPage\",\"@id\":\"https:\/\/shop.brita.ch\/fr\/produit\/gourde-filtrante-brita-model-vital\",\"url\":\"https:\/\/shop.brita.ch\/fr\/produit\/gourde-filtrante-brita-model-vital\",\"name\":\"Gourde filtrante BRITA Model Vital - acheter\",\"isPartOf\":{\"@id\":\"https:\/\/shop.brita.ch\/fr\/#website\"},\"primaryImageOfPage\":{\"@id\":\"https:\/\/shop.brita.ch\/fr\/produit\/gourde-filtrante-brita-model-vital#primaryimage\"},\"image\":{\"@id\":\"https:\/\/shop.brita.ch\/fr\/produit\/gourde-filtrante-brita-model-vital#primaryimage\"},\"thumbnailUrl\":\"\/fr\/wp-content\/uploads\/2024\/01\/brita-consumer-water-filter-bottle-model-vital-apricot-1564x1564-1.jpg\",\"datePublished\":\"2025-06-17T13:47:04+00:00\",\"dateModified\":\"2026-02-26T12:38:11+00:00\",\"description\":\"La gourde filtrante BRITA Model Vital filtre l\u2019eau au fur et \u00e0 mesure que l\u2019on boit. Technologie de filtration MicroDisc BRITA. Acheter maintenant.\",\"breadcrumb\":{\"@id\":\"https:\/\/shop.brita.ch\/fr\/produit\/gourde-filtrante-brita-model-vital#breadcrumb\"},\"inLanguage\":\"fr-FR\",\"potentialAction\":[{\"@type\":\"ReadAction\",\"target\":[\"https:\/\/shop.brita.ch\/fr\/produit\/gourde-filtrante-brita-model-vital\"]}]},{\"@type\":\"ImageObject\",\"inLanguage\":\"fr-FR\",\"@id\":\"https:\/\/shop.brita.ch\/fr\/produit\/gourde-filtrante-brita-model-vital#primaryimage\",\"url\":\"\/fr\/wp-content\/uploads\/2024\/01\/brita-consumer-water-filter-bottle-model-vital-apricot-1564x1564-1.jpg\",\"contentUrl\":\"\/fr\/wp-content\/uploads\/2024\/01\/brita-consumer-water-filter-bottle-model-vital-apricot-1564x1564-1.jpg\",\"width\":1564,\"height\":1564,\"caption\":\"Gourde filtrante BRITA Model Vital\"},{\"@type\":\"BreadcrumbList\",\"@id\":\"https:\/\/shop.brita.ch\/fr\/produit\/gourde-filtrante-brita-model-vital#breadcrumb\",\"itemListElement\":[{\"@type\":\"ListItem\",\"position\":1,\"name\":\"Page d'accueil\",\"item\":\"https:\/\/shop.brita.ch\/fr\/\"},{\"@type\":\"ListItem\",\"position\":2,\"name\":\"Produits\",\"item\":\"https:\/\/shop.brita.ch\/fr\/shop\"},{\"@type\":\"ListItem\",\"position\":3,\"name\":\"Gourde filtrante BRITA Model Vital\"}]},{\"@type\":\"WebSite\",\"@id\":\"https:\/\/shop.brita.ch\/fr\/#website\",\"url\":\"https:\/\/shop.brita.ch\/fr\/\",\"name\":\"BRITA\u00ae\",\"description\":\"Filtrationsl\u00f6sungen\",\"publisher\":{\"@id\":\"https:\/\/shop.brita.ch\/fr\/#organization\"},\"potentialAction\":[{\"@type\":\"SearchAction\",\"target\":{\"@type\":\"EntryPoint\",\"urlTemplate\":\"https:\/\/shop.brita.ch\/fr\/?s={search_term_string}\"},\"query-input\":{\"@type\":\"PropertyValueSpecification\",\"valueRequired\":true,\"valueName\":\"search_term_string\"}}],\"inLanguage\":\"fr-FR\"},{\"@type\":\"Organization\",\"@id\":\"https:\/\/shop.brita.ch\/fr\/#organization\",\"name\":\"BRITA Wasserfilter-Systeme AG\",\"url\":\"https:\/\/shop.brita.ch\/fr\/\",\"logo\":{\"@type\":\"ImageObject\",\"inLanguage\":\"fr-FR\",\"@id\":\"https:\/\/shop.brita.ch\/fr\/#\/schema\/logo\/image\/\",\"url\":\"\/fr\/wp-content\/uploads\/2019\/02\/logo-1.jpg\",\"contentUrl\":\"\/fr\/wp-content\/uploads\/2019\/02\/logo-1.jpg\",\"width\":117,\"height\":86,\"caption\":\"BRITA Wasserfilter-Systeme AG\"},\"image\":{\"@id\":\"https:\/\/shop.brita.ch\/fr\/#\/schema\/logo\/image\/\"},\"sameAs\":[\"https:\/\/www.facebook.com\/BRITA.schweiz\",\"https:\/\/www.instagram.com\/brita.schweiz\/\",\"https:\/\/de.linkedin.com\/company\/brita-gmbh\",\"https:\/\/www.youtube.com\/playlist?list=PLzhwO6-T9BJ7PNjKrGsSpVLHGT1s3xUoy\"]}]}<\/script>\n<!-- \/ Yoast SEO plugin. -->","yoast_head_json":{"title":"Gourde filtrante BRITA Model Vital - acheter","description":"La gourde filtrante BRITA Model Vital filtre l\u2019eau au fur et \u00e0 mesure que l\u2019on boit. Technologie de filtration MicroDisc BRITA. Acheter maintenant.","robots":{"index":"index","follow":"follow","max-snippet":"max-snippet:-1","max-image-preview":"max-image-preview:large","max-video-preview":"max-video-preview:-1"},"canonical":"https:\/\/shop.brita.ch\/fr\/produit\/gourde-filtrante-brita-model-vital","og_locale":"fr_FR","og_type":"article","og_title":"Gourde filtrante BRITA Model Vital - acheter","og_description":"La gourde filtrante BRITA Model Vital filtre l\u2019eau au fur et \u00e0 mesure que l\u2019on boit. Technologie de filtration MicroDisc BRITA. Acheter maintenant.","og_url":"https:\/\/shop.brita.ch\/fr\/produit\/gourde-filtrante-brita-model-vital","og_site_name":"BRITA","article_publisher":"https:\/\/www.facebook.com\/BRITA.schweiz","article_modified_time":"2026-02-26T12:38:11+00:00","og_image":[{"width":1564,"height":1564,"url":"https:\/\/shop.brita.ch\/fr\/wp-content\/uploads\/2024\/01\/brita-consumer-water-filter-bottle-model-vital-apricot-1564x1564-1.jpg","type":"image\/jpeg"}],"twitter_card":"summary_large_image","twitter_misc":{"Est. reading time":"1 minute"},"schema":{"@context":"https:\/\/schema.org","@graph":[{"@type":"WebPage","@id":"https:\/\/shop.brita.ch\/fr\/produit\/gourde-filtrante-brita-model-vital","url":"https:\/\/shop.brita.ch\/fr\/produit\/gourde-filtrante-brita-model-vital","name":"Gourde filtrante BRITA Model Vital - acheter","isPartOf":{"@id":"https:\/\/shop.brita.ch\/fr\/#website"},"primaryImageOfPage":{"@id":"https:\/\/shop.brita.ch\/fr\/produit\/gourde-filtrante-brita-model-vital#primaryimage"},"image":{"@id":"https:\/\/shop.brita.ch\/fr\/produit\/gourde-filtrante-brita-model-vital#primaryimage"},"thumbnailUrl":"\/fr\/wp-content\/uploads\/2024\/01\/brita-consumer-water-filter-bottle-model-vital-apricot-1564x1564-1.jpg","datePublished":"2025-06-17T13:47:04+00:00","dateModified":"2026-02-26T12:38:11+00:00","description":"La gourde filtrante BRITA Model Vital filtre l\u2019eau au fur et \u00e0 mesure que l\u2019on boit. Technologie de filtration MicroDisc BRITA. Acheter maintenant.","breadcrumb":{"@id":"https:\/\/shop.brita.ch\/fr\/produit\/gourde-filtrante-brita-model-vital#breadcrumb"},"inLanguage":"fr-FR","potentialAction":[{"@type":"ReadAction","target":["https:\/\/shop.brita.ch\/fr\/produit\/gourde-filtrante-brita-model-vital"]}]},{"@type":"ImageObject","inLanguage":"fr-FR","@id":"https:\/\/shop.brita.ch\/fr\/produit\/gourde-filtrante-brita-model-vital#primaryimage","url":"\/fr\/wp-content\/uploads\/2024\/01\/brita-consumer-water-filter-bottle-model-vital-apricot-1564x1564-1.jpg","contentUrl":"\/fr\/wp-content\/uploads\/2024\/01\/brita-consumer-water-filter-bottle-model-vital-apricot-1564x1564-1.jpg","width":1564,"height":1564,"caption":"Gourde filtrante BRITA Model Vital"},{"@type":"BreadcrumbList","@id":"https:\/\/shop.brita.ch\/fr\/produit\/gourde-filtrante-brita-model-vital#breadcrumb","itemListElement":[{"@type":"ListItem","position":1,"name":"Page d'accueil","item":"https:\/\/shop.brita.ch\/fr\/"},{"@type":"ListItem","position":2,"name":"Produits","item":"https:\/\/shop.brita.ch\/fr\/shop"},{"@type":"ListItem","position":3,"name":"Gourde filtrante BRITA Model Vital"}]},{"@type":"WebSite","@id":"https:\/\/shop.brita.ch\/fr\/#website","url":"https:\/\/shop.brita.ch\/fr\/","name":"BRITA\u00ae","description":"Filtrationsl\u00f6sungen","publisher":{"@id":"https:\/\/shop.brita.ch\/fr\/#organization"},"potentialAction":[{"@type":"SearchAction","target":{"@type":"EntryPoint","urlTemplate":"https:\/\/shop.brita.ch\/fr\/?s={search_term_string}"},"query-input":{"@type":"PropertyValueSpecification","valueRequired":true,"valueName":"search_term_string"}}],"inLanguage":"fr-FR"},{"@type":"Organization","@id":"https:\/\/shop.brita.ch\/fr\/#organization","name":"BRITA Wasserfilter-Systeme AG","url":"https:\/\/shop.brita.ch\/fr\/","logo":{"@type":"ImageObject","inLanguage":"fr-FR","@id":"https:\/\/shop.brita.ch\/fr\/#\/schema\/logo\/image\/","url":"\/fr\/wp-content\/uploads\/2019\/02\/logo-1.jpg","contentUrl":"\/fr\/wp-content\/uploads\/2019\/02\/logo-1.jpg","width":117,"height":86,"caption":"BRITA Wasserfilter-Systeme AG"},"image":{"@id":"https:\/\/shop.brita.ch\/fr\/#\/schema\/logo\/image\/"},"sameAs":["https:\/\/www.facebook.com\/BRITA.schweiz","https:\/\/www.instagram.com\/brita.schweiz\/","https:\/\/de.linkedin.com\/company\/brita-gmbh","https:\/\/www.youtube.com\/playlist?list=PLzhwO6-T9BJ7PNjKrGsSpVLHGT1s3xUoy"]}]}},"_links":{"self":[{"href":"https:\/\/shop.brita.ch\/fr\/wp-json\/wp\/v2\/product\/15737","targetHints":{"allow":["GET"]}}],"collection":[{"href":"https:\/\/shop.brita.ch\/fr\/wp-json\/wp\/v2\/product"}],"about":[{"href":"https:\/\/shop.brita.ch\/fr\/wp-json\/wp\/v2\/types\/product"}],"wp:featuredmedia":[{"embeddable":true,"href":"https:\/\/shop.brita.ch\/fr\/wp-json\/wp\/v2\/media\/13348"}],"wp:attachment":[{"href":"https:\/\/shop.brita.ch\/fr\/wp-json\/wp\/v2\/media?parent=15737"}],"wp:term":[{"taxonomy":"product_brand","embeddable":true,"href":"https:\/\/shop.brita.ch\/fr\/wp-json\/wp\/v2\/product_brand?post=15737"},{"taxonomy":"product_cat","embeddable":true,"href":"https:\/\/shop.brita.ch\/fr\/wp-json\/wp\/v2\/product_cat?post=15737"},{"taxonomy":"product_tag","embeddable":true,"href":"https:\/\/shop.brita.ch\/fr\/wp-json\/wp\/v2\/product_tag?post=15737"}],"curies":[{"name":"wp","href":"https:\/\/api.w.org\/{rel}","templated":true}]}}