{"id":15728,"date":"2025-06-17T13:55:25","date_gmt":"2025-06-17T11:55:25","guid":{"rendered":"https:\/\/shop.brita.ch\/fr\/?post_type=product&#038;p=15728"},"modified":"2026-03-16T12:15:10","modified_gmt":"2026-03-16T11:15:10","slug":"brita-maxtra-pro-expert-anti-tartre-pack-de-cartouches-filtrantes","status":"publish","type":"product","link":"https:\/\/shop.brita.ch\/fr\/produit\/brita-maxtra-pro-expert-anti-tartre-pack-de-cartouches-filtrantes","title":{"rendered":"BRITA MAXTRA PRO EXPERT ANTI-TARTRE pack de cartouches filtrantes"},"content":{"rendered":"<ul class=\"product-facts\">\n<li>Pour une filtration optimale dans les r\u00e9gions o\u00f9 l\u2019eau est dure<\/li>\n<li>Redonnez du go\u00fbt \u00e0 vos boissons chaudes et prot\u00e9gez id\u00e9alement vos appareils<\/li>\n<li>R\u00e9duit la teneur en substances d\u00e9naturant le go\u00fbt et l\u2019ar\u00f4me<\/li>\n<li>R\u00e9duit le tartre*, restaurant tout l\u2019ar\u00f4me des boissons chaudes et prot\u00e9geant vos appareils<\/li>\n<li>R\u00e9duit la teneur en chlore et en m\u00e9taux, comme le plomb et le cuivre<\/li>\n<li>Haute performance : maillage ultrafin retenant les particules, id\u00e9al pour les canalisations anciennes<\/li>\n<li>Plus durables que jamais\u202f:<br \/>\ncouvercle et corps compos\u00e9s \u00e0 50 % de mat\u00e9riaux biosourc\u00e9s (m\u00e9thode du bilan massique) et recyclables \u00e0 99 %<\/li>\n<li>La MicroFlow Technology assure une filtration tr\u00e8s efficace<\/li>\n<li>La cartouche filtrante MAXTRA PRO remplace jusqu\u2019\u00e0 150 bouteilles d\u2019eau en plastique (1 litre)<\/li>\n<li>Compatible avec toutes les carafes filtrantes BRITA<\/li>\n<li>Qualit\u00e9 et design : fabriqu\u00e9es en Allemagne, avec passion et exp\u00e9rience, depuis 1966<\/li>\n<\/ul>\n<p><strong>Comprend 3 cartouches filtrantes BRITA MAXTRA PRO EXPERT ANTI-TARTRE<\/strong><br \/>\n<small>*R\u00e9duction du calcaire 50% plus efficace qu\u2019avec les cartouches filtrantes BRITA MAXTRA PRO PURE PERFORMANCE<\/small><\/p>\n","protected":false},"excerpt":{"rendered":"<p>Des boissons chaudes plus savoureuses et une protection optimale de vos appareils [&#8230;]<\/p>\n<p><a class=\"btn btn-secondary understrap-read-more-link\" href=\"https:\/\/shop.brita.ch\/fr\/produit\/brita-maxtra-pro-expert-anti-tartre-pack-de-cartouches-filtrantes\">Lire la suite&#8230;<\/a><\/p>\n","protected":false},"featured_media":15729,"template":"","meta":[],"product_brand":[],"product_cat":[27,83],"product_tag":[89,47,74],"class_list":{"0":"post-15728","1":"product","2":"type-product","3":"status-publish","4":"has-post-thumbnail","6":"product_cat-cartouches-filtrantes","7":"product_cat-twf","8":"product_tag-filterfinder","9":"product_tag-pitcher","10":"product_tag-video","12":"first","13":"instock","14":"taxable","15":"shipping-taxable","16":"purchasable","17":"product-type-variable","18":"has-default-attributes"},"yoast_head":"<!-- This site is optimized with the Yoast SEO plugin v26.7 - https:\/\/yoast.com\/wordpress\/plugins\/seo\/ -->\n<title>MAXTRA PRO EXPERT ANTI-TARTRE pack de cartouches I BRITA\u00ae<\/title>\n<meta name=\"description\" content=\"BRITA MAXTRA PRO EXPERT ANTI-TARTRE pack avantage de cartouches pour boissons chaudes, pour les r\u00e9gions o\u00f9 l\u2019eau est dure \u00e0 tr\u00e8s dure. Acheter maintenant\" \/>\n<meta name=\"robots\" content=\"index, follow, max-snippet:-1, max-image-preview:large, max-video-preview:-1\" \/>\n<link rel=\"canonical\" href=\"https:\/\/shop.brita.ch\/fr\/produit\/brita-maxtra-pro-expert-anti-tartre-pack-de-cartouches-filtrantes\" \/>\n<meta property=\"og:locale\" content=\"fr_FR\" \/>\n<meta property=\"og:type\" content=\"article\" \/>\n<meta property=\"og:title\" content=\"MAXTRA PRO EXPERT ANTI-TARTRE pack de cartouches I BRITA\u00ae\" \/>\n<meta property=\"og:description\" content=\"BRITA MAXTRA PRO EXPERT ANTI-TARTRE pack avantage de cartouches pour boissons chaudes, pour les r\u00e9gions o\u00f9 l\u2019eau est dure \u00e0 tr\u00e8s dure. Acheter maintenant\" \/>\n<meta property=\"og:url\" content=\"https:\/\/shop.brita.ch\/fr\/produit\/brita-maxtra-pro-expert-anti-tartre-pack-de-cartouches-filtrantes\" \/>\n<meta property=\"og:site_name\" content=\"BRITA\" \/>\n<meta property=\"article:publisher\" content=\"https:\/\/www.facebook.com\/BRITA.schweiz\" \/>\n<meta property=\"article:modified_time\" content=\"2026-03-16T11:15:10+00:00\" \/>\n<meta property=\"og:image\" content=\"https:\/\/shop.brita.ch\/fr\/wp-content\/uploads\/2025\/06\/2025_Refill_MXproCartridge_Limescale_Extra_Perspective_mit_Schatten_1024x1024.png\" \/>\n\t<meta property=\"og:image:width\" content=\"1024\" \/>\n\t<meta property=\"og:image:height\" content=\"1024\" \/>\n\t<meta property=\"og:image:type\" content=\"image\/png\" \/>\n<meta name=\"twitter:card\" content=\"summary_large_image\" \/>\n<meta name=\"twitter:label1\" content=\"Est. reading time\" \/>\n\t<meta name=\"twitter:data1\" content=\"2 minutes\" \/>\n<script type=\"application\/ld+json\" class=\"yoast-schema-graph\">{\"@context\":\"https:\/\/schema.org\",\"@graph\":[{\"@type\":\"WebPage\",\"@id\":\"https:\/\/shop.brita.ch\/fr\/produit\/brita-maxtra-pro-expert-anti-tartre-pack-de-cartouches-filtrantes\",\"url\":\"https:\/\/shop.brita.ch\/fr\/produit\/brita-maxtra-pro-expert-anti-tartre-pack-de-cartouches-filtrantes\",\"name\":\"MAXTRA PRO EXPERT ANTI-TARTRE pack de cartouches I BRITA\u00ae\",\"isPartOf\":{\"@id\":\"https:\/\/shop.brita.ch\/fr\/#website\"},\"primaryImageOfPage\":{\"@id\":\"https:\/\/shop.brita.ch\/fr\/produit\/brita-maxtra-pro-expert-anti-tartre-pack-de-cartouches-filtrantes#primaryimage\"},\"image\":{\"@id\":\"https:\/\/shop.brita.ch\/fr\/produit\/brita-maxtra-pro-expert-anti-tartre-pack-de-cartouches-filtrantes#primaryimage\"},\"thumbnailUrl\":\"\/fr\/wp-content\/uploads\/2025\/06\/2025_Refill_MXproCartridge_Limescale_Extra_Perspective_mit_Schatten_1024x1024.png\",\"datePublished\":\"2025-06-17T11:55:25+00:00\",\"dateModified\":\"2026-03-16T11:15:10+00:00\",\"description\":\"BRITA MAXTRA PRO EXPERT ANTI-TARTRE pack avantage de cartouches pour boissons chaudes, pour les r\u00e9gions o\u00f9 l\u2019eau est dure \u00e0 tr\u00e8s dure. Acheter maintenant\",\"breadcrumb\":{\"@id\":\"https:\/\/shop.brita.ch\/fr\/produit\/brita-maxtra-pro-expert-anti-tartre-pack-de-cartouches-filtrantes#breadcrumb\"},\"inLanguage\":\"fr-FR\",\"potentialAction\":[{\"@type\":\"ReadAction\",\"target\":[\"https:\/\/shop.brita.ch\/fr\/produit\/brita-maxtra-pro-expert-anti-tartre-pack-de-cartouches-filtrantes\"]}]},{\"@type\":\"ImageObject\",\"inLanguage\":\"fr-FR\",\"@id\":\"https:\/\/shop.brita.ch\/fr\/produit\/brita-maxtra-pro-expert-anti-tartre-pack-de-cartouches-filtrantes#primaryimage\",\"url\":\"\/fr\/wp-content\/uploads\/2025\/06\/2025_Refill_MXproCartridge_Limescale_Extra_Perspective_mit_Schatten_1024x1024.png\",\"contentUrl\":\"\/fr\/wp-content\/uploads\/2025\/06\/2025_Refill_MXproCartridge_Limescale_Extra_Perspective_mit_Schatten_1024x1024.png\",\"width\":1024,\"height\":1024},{\"@type\":\"BreadcrumbList\",\"@id\":\"https:\/\/shop.brita.ch\/fr\/produit\/brita-maxtra-pro-expert-anti-tartre-pack-de-cartouches-filtrantes#breadcrumb\",\"itemListElement\":[{\"@type\":\"ListItem\",\"position\":1,\"name\":\"Page d'accueil\",\"item\":\"https:\/\/shop.brita.ch\/fr\/\"},{\"@type\":\"ListItem\",\"position\":2,\"name\":\"Produits\",\"item\":\"https:\/\/shop.brita.ch\/fr\/shop\"},{\"@type\":\"ListItem\",\"position\":3,\"name\":\"BRITA MAXTRA PRO EXPERT ANTI-TARTRE pack de cartouches filtrantes\"}]},{\"@type\":\"WebSite\",\"@id\":\"https:\/\/shop.brita.ch\/fr\/#website\",\"url\":\"https:\/\/shop.brita.ch\/fr\/\",\"name\":\"BRITA\u00ae\",\"description\":\"Filtrationsl\u00f6sungen\",\"publisher\":{\"@id\":\"https:\/\/shop.brita.ch\/fr\/#organization\"},\"potentialAction\":[{\"@type\":\"SearchAction\",\"target\":{\"@type\":\"EntryPoint\",\"urlTemplate\":\"https:\/\/shop.brita.ch\/fr\/?s={search_term_string}\"},\"query-input\":{\"@type\":\"PropertyValueSpecification\",\"valueRequired\":true,\"valueName\":\"search_term_string\"}}],\"inLanguage\":\"fr-FR\"},{\"@type\":\"Organization\",\"@id\":\"https:\/\/shop.brita.ch\/fr\/#organization\",\"name\":\"BRITA Wasserfilter-Systeme AG\",\"url\":\"https:\/\/shop.brita.ch\/fr\/\",\"logo\":{\"@type\":\"ImageObject\",\"inLanguage\":\"fr-FR\",\"@id\":\"https:\/\/shop.brita.ch\/fr\/#\/schema\/logo\/image\/\",\"url\":\"\/fr\/wp-content\/uploads\/2019\/02\/logo-1.jpg\",\"contentUrl\":\"\/fr\/wp-content\/uploads\/2019\/02\/logo-1.jpg\",\"width\":117,\"height\":86,\"caption\":\"BRITA Wasserfilter-Systeme AG\"},\"image\":{\"@id\":\"https:\/\/shop.brita.ch\/fr\/#\/schema\/logo\/image\/\"},\"sameAs\":[\"https:\/\/www.facebook.com\/BRITA.schweiz\",\"https:\/\/www.instagram.com\/brita.schweiz\/\",\"https:\/\/de.linkedin.com\/company\/brita-gmbh\",\"https:\/\/www.youtube.com\/playlist?list=PLzhwO6-T9BJ7PNjKrGsSpVLHGT1s3xUoy\"]}]}<\/script>\n<!-- \/ Yoast SEO plugin. -->","yoast_head_json":{"title":"MAXTRA PRO EXPERT ANTI-TARTRE pack de cartouches I BRITA\u00ae","description":"BRITA MAXTRA PRO EXPERT ANTI-TARTRE pack avantage de cartouches pour boissons chaudes, pour les r\u00e9gions o\u00f9 l\u2019eau est dure \u00e0 tr\u00e8s dure. Acheter maintenant","robots":{"index":"index","follow":"follow","max-snippet":"max-snippet:-1","max-image-preview":"max-image-preview:large","max-video-preview":"max-video-preview:-1"},"canonical":"https:\/\/shop.brita.ch\/fr\/produit\/brita-maxtra-pro-expert-anti-tartre-pack-de-cartouches-filtrantes","og_locale":"fr_FR","og_type":"article","og_title":"MAXTRA PRO EXPERT ANTI-TARTRE pack de cartouches I BRITA\u00ae","og_description":"BRITA MAXTRA PRO EXPERT ANTI-TARTRE pack avantage de cartouches pour boissons chaudes, pour les r\u00e9gions o\u00f9 l\u2019eau est dure \u00e0 tr\u00e8s dure. Acheter maintenant","og_url":"https:\/\/shop.brita.ch\/fr\/produit\/brita-maxtra-pro-expert-anti-tartre-pack-de-cartouches-filtrantes","og_site_name":"BRITA","article_publisher":"https:\/\/www.facebook.com\/BRITA.schweiz","article_modified_time":"2026-03-16T11:15:10+00:00","og_image":[{"width":1024,"height":1024,"url":"https:\/\/shop.brita.ch\/fr\/wp-content\/uploads\/2025\/06\/2025_Refill_MXproCartridge_Limescale_Extra_Perspective_mit_Schatten_1024x1024.png","type":"image\/png"}],"twitter_card":"summary_large_image","twitter_misc":{"Est. reading time":"2 minutes"},"schema":{"@context":"https:\/\/schema.org","@graph":[{"@type":"WebPage","@id":"https:\/\/shop.brita.ch\/fr\/produit\/brita-maxtra-pro-expert-anti-tartre-pack-de-cartouches-filtrantes","url":"https:\/\/shop.brita.ch\/fr\/produit\/brita-maxtra-pro-expert-anti-tartre-pack-de-cartouches-filtrantes","name":"MAXTRA PRO EXPERT ANTI-TARTRE pack de cartouches I BRITA\u00ae","isPartOf":{"@id":"https:\/\/shop.brita.ch\/fr\/#website"},"primaryImageOfPage":{"@id":"https:\/\/shop.brita.ch\/fr\/produit\/brita-maxtra-pro-expert-anti-tartre-pack-de-cartouches-filtrantes#primaryimage"},"image":{"@id":"https:\/\/shop.brita.ch\/fr\/produit\/brita-maxtra-pro-expert-anti-tartre-pack-de-cartouches-filtrantes#primaryimage"},"thumbnailUrl":"\/fr\/wp-content\/uploads\/2025\/06\/2025_Refill_MXproCartridge_Limescale_Extra_Perspective_mit_Schatten_1024x1024.png","datePublished":"2025-06-17T11:55:25+00:00","dateModified":"2026-03-16T11:15:10+00:00","description":"BRITA MAXTRA PRO EXPERT ANTI-TARTRE pack avantage de cartouches pour boissons chaudes, pour les r\u00e9gions o\u00f9 l\u2019eau est dure \u00e0 tr\u00e8s dure. Acheter maintenant","breadcrumb":{"@id":"https:\/\/shop.brita.ch\/fr\/produit\/brita-maxtra-pro-expert-anti-tartre-pack-de-cartouches-filtrantes#breadcrumb"},"inLanguage":"fr-FR","potentialAction":[{"@type":"ReadAction","target":["https:\/\/shop.brita.ch\/fr\/produit\/brita-maxtra-pro-expert-anti-tartre-pack-de-cartouches-filtrantes"]}]},{"@type":"ImageObject","inLanguage":"fr-FR","@id":"https:\/\/shop.brita.ch\/fr\/produit\/brita-maxtra-pro-expert-anti-tartre-pack-de-cartouches-filtrantes#primaryimage","url":"\/fr\/wp-content\/uploads\/2025\/06\/2025_Refill_MXproCartridge_Limescale_Extra_Perspective_mit_Schatten_1024x1024.png","contentUrl":"\/fr\/wp-content\/uploads\/2025\/06\/2025_Refill_MXproCartridge_Limescale_Extra_Perspective_mit_Schatten_1024x1024.png","width":1024,"height":1024},{"@type":"BreadcrumbList","@id":"https:\/\/shop.brita.ch\/fr\/produit\/brita-maxtra-pro-expert-anti-tartre-pack-de-cartouches-filtrantes#breadcrumb","itemListElement":[{"@type":"ListItem","position":1,"name":"Page d'accueil","item":"https:\/\/shop.brita.ch\/fr\/"},{"@type":"ListItem","position":2,"name":"Produits","item":"https:\/\/shop.brita.ch\/fr\/shop"},{"@type":"ListItem","position":3,"name":"BRITA MAXTRA PRO EXPERT ANTI-TARTRE pack de cartouches filtrantes"}]},{"@type":"WebSite","@id":"https:\/\/shop.brita.ch\/fr\/#website","url":"https:\/\/shop.brita.ch\/fr\/","name":"BRITA\u00ae","description":"Filtrationsl\u00f6sungen","publisher":{"@id":"https:\/\/shop.brita.ch\/fr\/#organization"},"potentialAction":[{"@type":"SearchAction","target":{"@type":"EntryPoint","urlTemplate":"https:\/\/shop.brita.ch\/fr\/?s={search_term_string}"},"query-input":{"@type":"PropertyValueSpecification","valueRequired":true,"valueName":"search_term_string"}}],"inLanguage":"fr-FR"},{"@type":"Organization","@id":"https:\/\/shop.brita.ch\/fr\/#organization","name":"BRITA Wasserfilter-Systeme AG","url":"https:\/\/shop.brita.ch\/fr\/","logo":{"@type":"ImageObject","inLanguage":"fr-FR","@id":"https:\/\/shop.brita.ch\/fr\/#\/schema\/logo\/image\/","url":"\/fr\/wp-content\/uploads\/2019\/02\/logo-1.jpg","contentUrl":"\/fr\/wp-content\/uploads\/2019\/02\/logo-1.jpg","width":117,"height":86,"caption":"BRITA Wasserfilter-Systeme AG"},"image":{"@id":"https:\/\/shop.brita.ch\/fr\/#\/schema\/logo\/image\/"},"sameAs":["https:\/\/www.facebook.com\/BRITA.schweiz","https:\/\/www.instagram.com\/brita.schweiz\/","https:\/\/de.linkedin.com\/company\/brita-gmbh","https:\/\/www.youtube.com\/playlist?list=PLzhwO6-T9BJ7PNjKrGsSpVLHGT1s3xUoy"]}]}},"_links":{"self":[{"href":"https:\/\/shop.brita.ch\/fr\/wp-json\/wp\/v2\/product\/15728","targetHints":{"allow":["GET"]}}],"collection":[{"href":"https:\/\/shop.brita.ch\/fr\/wp-json\/wp\/v2\/product"}],"about":[{"href":"https:\/\/shop.brita.ch\/fr\/wp-json\/wp\/v2\/types\/product"}],"wp:featuredmedia":[{"embeddable":true,"href":"https:\/\/shop.brita.ch\/fr\/wp-json\/wp\/v2\/media\/15729"}],"wp:attachment":[{"href":"https:\/\/shop.brita.ch\/fr\/wp-json\/wp\/v2\/media?parent=15728"}],"wp:term":[{"taxonomy":"product_brand","embeddable":true,"href":"https:\/\/shop.brita.ch\/fr\/wp-json\/wp\/v2\/product_brand?post=15728"},{"taxonomy":"product_cat","embeddable":true,"href":"https:\/\/shop.brita.ch\/fr\/wp-json\/wp\/v2\/product_cat?post=15728"},{"taxonomy":"product_tag","embeddable":true,"href":"https:\/\/shop.brita.ch\/fr\/wp-json\/wp\/v2\/product_tag?post=15728"}],"curies":[{"name":"wp","href":"https:\/\/api.w.org\/{rel}","templated":true}]}}