{"id":15718,"date":"2025-06-17T13:21:38","date_gmt":"2025-06-17T11:21:38","guid":{"rendered":"https:\/\/shop.brita.ch\/fr\/?post_type=product&#038;p=15718"},"modified":"2026-03-16T12:06:17","modified_gmt":"2026-03-16T11:06:17","slug":"marella-pack-economique-3-cartouches","status":"publish","type":"product","link":"https:\/\/shop.brita.ch\/fr\/produit\/marella-pack-economique-3-cartouches","title":{"rendered":"Marella pack \u00e9conomique"},"content":{"rendered":"<p><strong>BRITA Marella avec pack de 3 cartouches MAXTRA PRO par BRITA, l\u2019expert des filtres \u00e0 eau. Jusqu\u2019\u00e0 12 semaines d\u2019eau filtr\u00e9e, fra\u00eeche, au go\u00fbt agr\u00e9able.<\/strong><\/p>\n<ul class=\"product-facts\">\n<li>Toujours \u00e0 temps: le BRITA Memo vous rappelle de remplacer votre filtre \u00e0 eau toutes les 4 semaines pour une filtration optimale<\/li>\n<li>Facile: le clapet de remplissage s\u2019ouvre d\u2019une seule main<\/li>\n<li>Pratique: compatible lave-vaisselle (\u00e0 l\u2019exception du couvercle)<\/li>\n<li>Bien pens\u00e9: design con\u00e7u pour tenir dans la porte du r\u00e9frig\u00e9rateur,<br \/>\nCapacit\u00e9: 2,4 l au total, 1,4 l filtr\u00e9<br \/>\n25,8 x 25,8 x 10,5 cm (L x H x P)<\/li>\n<li>BRITA PerfectFit pour une filtration optimale. Avec un filtre \u00e0 eau MAXTRA PRO, vous avez la garantie que votre eau du robinet est efficacement filtr\u00e9e<\/li>\n<li>Si le BRITA Memo venait \u00e0 tomber en panne, vous pouvez facilement en commander une nouvelle gratuitement aupr\u00e8s de notre service client\u00e8le.<\/li>\n<\/ul>\n<div class=\"dl-btn\">\n<h5>Mode d\u2019emploi des carafes filtrantes Marella<\/h5>\n<p><a class=\"btn-default btn\" href=\"https:\/\/www.brita.ch\/dam\/jcr:07b6a5a4-352c-484d-8dc4-122cf58f0d2e\/brita-water-filter-jugs-instruction-manual-EMEA.pdf\" target=\"_blank\" rel=\"noopener noreferrer\" download=\"\">T\u00e9l\u00e9charger maintenant<\/a><\/p>\n<\/div>\n","protected":false},"excerpt":{"rendered":"<p>La carafe filtrante pratique au quotidien. [&#8230;]<\/p>\n<p><a class=\"btn btn-secondary understrap-read-more-link\" href=\"https:\/\/shop.brita.ch\/fr\/produit\/marella-pack-economique-3-cartouches\">Lire la suite&#8230;<\/a><\/p>\n","protected":false},"featured_media":15660,"template":"","meta":[],"product_brand":[],"product_cat":[82,76,83],"product_tag":[47],"class_list":{"0":"post-15718","1":"product","2":"type-product","3":"status-publish","4":"has-post-thumbnail","6":"product_cat-carafes-filtrantes","7":"product_cat-promotion","8":"product_cat-twf","9":"product_tag-pitcher","11":"first","12":"instock","13":"sale","14":"taxable","15":"shipping-taxable","16":"purchasable","17":"product-type-variable","18":"has-default-attributes"},"yoast_head":"<!-- This site is optimized with the Yoast SEO plugin v26.7 - https:\/\/yoast.com\/wordpress\/plugins\/seo\/ -->\n<title>BRITA Marella avec pack de 3 cartouches MAXTRA PRO | BRITA\u00ae<\/title>\n<meta name=\"description\" content=\"BRITA Marella avec pack de 3 cartouches MAXTRA PRO par BRITA, l\u2019expert des filtres \u00e0 eau. Jusqu\u2019\u00e0 12 semaines d\u2019eau filtr\u00e9e, fra\u00eeche, au go\u00fbt agr\u00e9able.\" \/>\n<meta name=\"robots\" content=\"index, follow, max-snippet:-1, max-image-preview:large, max-video-preview:-1\" \/>\n<link rel=\"canonical\" href=\"https:\/\/shop.brita.ch\/fr\/produit\/marella-pack-economique-3-cartouches\" \/>\n<meta property=\"og:locale\" content=\"fr_FR\" \/>\n<meta property=\"og:type\" content=\"article\" \/>\n<meta property=\"og:title\" content=\"BRITA Marella avec pack de 3 cartouches MAXTRA PRO | BRITA\u00ae\" \/>\n<meta property=\"og:description\" content=\"BRITA Marella avec pack de 3 cartouches MAXTRA PRO par BRITA, l\u2019expert des filtres \u00e0 eau. Jusqu\u2019\u00e0 12 semaines d\u2019eau filtr\u00e9e, fra\u00eeche, au go\u00fbt agr\u00e9able.\" \/>\n<meta property=\"og:url\" content=\"https:\/\/shop.brita.ch\/fr\/produit\/marella-pack-economique-3-cartouches\" \/>\n<meta property=\"og:site_name\" content=\"BRITA\" \/>\n<meta property=\"article:publisher\" content=\"https:\/\/www.facebook.com\/BRITA.schweiz\" \/>\n<meta property=\"article:modified_time\" content=\"2026-03-16T11:06:17+00:00\" \/>\n<meta property=\"og:image\" content=\"https:\/\/shop.brita.ch\/fr\/wp-content\/uploads\/2021\/08\/brita-consumer-waterfilterjug-marella-white-3x-maxtra-pro-1564x1564-1.png\" \/>\n\t<meta property=\"og:image:width\" content=\"1280\" \/>\n\t<meta property=\"og:image:height\" content=\"1280\" \/>\n\t<meta property=\"og:image:type\" content=\"image\/png\" \/>\n<meta name=\"twitter:card\" content=\"summary_large_image\" \/>\n<meta name=\"twitter:label1\" content=\"Est. reading time\" \/>\n\t<meta name=\"twitter:data1\" content=\"1 minute\" \/>\n<script type=\"application\/ld+json\" class=\"yoast-schema-graph\">{\"@context\":\"https:\/\/schema.org\",\"@graph\":[{\"@type\":\"WebPage\",\"@id\":\"https:\/\/shop.brita.ch\/fr\/produit\/marella-pack-economique-3-cartouches\",\"url\":\"https:\/\/shop.brita.ch\/fr\/produit\/marella-pack-economique-3-cartouches\",\"name\":\"BRITA Marella avec pack de 3 cartouches MAXTRA PRO | BRITA\u00ae\",\"isPartOf\":{\"@id\":\"https:\/\/shop.brita.ch\/fr\/#website\"},\"primaryImageOfPage\":{\"@id\":\"https:\/\/shop.brita.ch\/fr\/produit\/marella-pack-economique-3-cartouches#primaryimage\"},\"image\":{\"@id\":\"https:\/\/shop.brita.ch\/fr\/produit\/marella-pack-economique-3-cartouches#primaryimage\"},\"thumbnailUrl\":\"\/fr\/wp-content\/uploads\/2021\/08\/brita-consumer-waterfilterjug-marella-white-3x-maxtra-pro-1564x1564-1.png\",\"datePublished\":\"2025-06-17T11:21:38+00:00\",\"dateModified\":\"2026-03-16T11:06:17+00:00\",\"description\":\"BRITA Marella avec pack de 3 cartouches MAXTRA PRO par BRITA, l\u2019expert des filtres \u00e0 eau. Jusqu\u2019\u00e0 12 semaines d\u2019eau filtr\u00e9e, fra\u00eeche, au go\u00fbt agr\u00e9able.\",\"breadcrumb\":{\"@id\":\"https:\/\/shop.brita.ch\/fr\/produit\/marella-pack-economique-3-cartouches#breadcrumb\"},\"inLanguage\":\"fr-FR\",\"potentialAction\":[{\"@type\":\"ReadAction\",\"target\":[\"https:\/\/shop.brita.ch\/fr\/produit\/marella-pack-economique-3-cartouches\"]}]},{\"@type\":\"ImageObject\",\"inLanguage\":\"fr-FR\",\"@id\":\"https:\/\/shop.brita.ch\/fr\/produit\/marella-pack-economique-3-cartouches#primaryimage\",\"url\":\"\/fr\/wp-content\/uploads\/2021\/08\/brita-consumer-waterfilterjug-marella-white-3x-maxtra-pro-1564x1564-1.png\",\"contentUrl\":\"\/fr\/wp-content\/uploads\/2021\/08\/brita-consumer-waterfilterjug-marella-white-3x-maxtra-pro-1564x1564-1.png\",\"width\":1280,\"height\":1280},{\"@type\":\"BreadcrumbList\",\"@id\":\"https:\/\/shop.brita.ch\/fr\/produit\/marella-pack-economique-3-cartouches#breadcrumb\",\"itemListElement\":[{\"@type\":\"ListItem\",\"position\":1,\"name\":\"Page d'accueil\",\"item\":\"https:\/\/shop.brita.ch\/fr\/\"},{\"@type\":\"ListItem\",\"position\":2,\"name\":\"Produits\",\"item\":\"https:\/\/shop.brita.ch\/fr\/shop\"},{\"@type\":\"ListItem\",\"position\":3,\"name\":\"Marella pack \u00e9conomique\"}]},{\"@type\":\"WebSite\",\"@id\":\"https:\/\/shop.brita.ch\/fr\/#website\",\"url\":\"https:\/\/shop.brita.ch\/fr\/\",\"name\":\"BRITA\u00ae\",\"description\":\"Filtrationsl\u00f6sungen\",\"publisher\":{\"@id\":\"https:\/\/shop.brita.ch\/fr\/#organization\"},\"potentialAction\":[{\"@type\":\"SearchAction\",\"target\":{\"@type\":\"EntryPoint\",\"urlTemplate\":\"https:\/\/shop.brita.ch\/fr\/?s={search_term_string}\"},\"query-input\":{\"@type\":\"PropertyValueSpecification\",\"valueRequired\":true,\"valueName\":\"search_term_string\"}}],\"inLanguage\":\"fr-FR\"},{\"@type\":\"Organization\",\"@id\":\"https:\/\/shop.brita.ch\/fr\/#organization\",\"name\":\"BRITA Wasserfilter-Systeme AG\",\"url\":\"https:\/\/shop.brita.ch\/fr\/\",\"logo\":{\"@type\":\"ImageObject\",\"inLanguage\":\"fr-FR\",\"@id\":\"https:\/\/shop.brita.ch\/fr\/#\/schema\/logo\/image\/\",\"url\":\"\/fr\/wp-content\/uploads\/2019\/02\/logo-1.jpg\",\"contentUrl\":\"\/fr\/wp-content\/uploads\/2019\/02\/logo-1.jpg\",\"width\":117,\"height\":86,\"caption\":\"BRITA Wasserfilter-Systeme AG\"},\"image\":{\"@id\":\"https:\/\/shop.brita.ch\/fr\/#\/schema\/logo\/image\/\"},\"sameAs\":[\"https:\/\/www.facebook.com\/BRITA.schweiz\",\"https:\/\/www.instagram.com\/brita.schweiz\/\",\"https:\/\/de.linkedin.com\/company\/brita-gmbh\",\"https:\/\/www.youtube.com\/playlist?list=PLzhwO6-T9BJ7PNjKrGsSpVLHGT1s3xUoy\"]}]}<\/script>\n<!-- \/ Yoast SEO plugin. -->","yoast_head_json":{"title":"BRITA Marella avec pack de 3 cartouches MAXTRA PRO | BRITA\u00ae","description":"BRITA Marella avec pack de 3 cartouches MAXTRA PRO par BRITA, l\u2019expert des filtres \u00e0 eau. Jusqu\u2019\u00e0 12 semaines d\u2019eau filtr\u00e9e, fra\u00eeche, au go\u00fbt agr\u00e9able.","robots":{"index":"index","follow":"follow","max-snippet":"max-snippet:-1","max-image-preview":"max-image-preview:large","max-video-preview":"max-video-preview:-1"},"canonical":"https:\/\/shop.brita.ch\/fr\/produit\/marella-pack-economique-3-cartouches","og_locale":"fr_FR","og_type":"article","og_title":"BRITA Marella avec pack de 3 cartouches MAXTRA PRO | BRITA\u00ae","og_description":"BRITA Marella avec pack de 3 cartouches MAXTRA PRO par BRITA, l\u2019expert des filtres \u00e0 eau. Jusqu\u2019\u00e0 12 semaines d\u2019eau filtr\u00e9e, fra\u00eeche, au go\u00fbt agr\u00e9able.","og_url":"https:\/\/shop.brita.ch\/fr\/produit\/marella-pack-economique-3-cartouches","og_site_name":"BRITA","article_publisher":"https:\/\/www.facebook.com\/BRITA.schweiz","article_modified_time":"2026-03-16T11:06:17+00:00","og_image":[{"width":1280,"height":1280,"url":"https:\/\/shop.brita.ch\/fr\/wp-content\/uploads\/2021\/08\/brita-consumer-waterfilterjug-marella-white-3x-maxtra-pro-1564x1564-1.png","type":"image\/png"}],"twitter_card":"summary_large_image","twitter_misc":{"Est. reading time":"1 minute"},"schema":{"@context":"https:\/\/schema.org","@graph":[{"@type":"WebPage","@id":"https:\/\/shop.brita.ch\/fr\/produit\/marella-pack-economique-3-cartouches","url":"https:\/\/shop.brita.ch\/fr\/produit\/marella-pack-economique-3-cartouches","name":"BRITA Marella avec pack de 3 cartouches MAXTRA PRO | BRITA\u00ae","isPartOf":{"@id":"https:\/\/shop.brita.ch\/fr\/#website"},"primaryImageOfPage":{"@id":"https:\/\/shop.brita.ch\/fr\/produit\/marella-pack-economique-3-cartouches#primaryimage"},"image":{"@id":"https:\/\/shop.brita.ch\/fr\/produit\/marella-pack-economique-3-cartouches#primaryimage"},"thumbnailUrl":"\/fr\/wp-content\/uploads\/2021\/08\/brita-consumer-waterfilterjug-marella-white-3x-maxtra-pro-1564x1564-1.png","datePublished":"2025-06-17T11:21:38+00:00","dateModified":"2026-03-16T11:06:17+00:00","description":"BRITA Marella avec pack de 3 cartouches MAXTRA PRO par BRITA, l\u2019expert des filtres \u00e0 eau. Jusqu\u2019\u00e0 12 semaines d\u2019eau filtr\u00e9e, fra\u00eeche, au go\u00fbt agr\u00e9able.","breadcrumb":{"@id":"https:\/\/shop.brita.ch\/fr\/produit\/marella-pack-economique-3-cartouches#breadcrumb"},"inLanguage":"fr-FR","potentialAction":[{"@type":"ReadAction","target":["https:\/\/shop.brita.ch\/fr\/produit\/marella-pack-economique-3-cartouches"]}]},{"@type":"ImageObject","inLanguage":"fr-FR","@id":"https:\/\/shop.brita.ch\/fr\/produit\/marella-pack-economique-3-cartouches#primaryimage","url":"\/fr\/wp-content\/uploads\/2021\/08\/brita-consumer-waterfilterjug-marella-white-3x-maxtra-pro-1564x1564-1.png","contentUrl":"\/fr\/wp-content\/uploads\/2021\/08\/brita-consumer-waterfilterjug-marella-white-3x-maxtra-pro-1564x1564-1.png","width":1280,"height":1280},{"@type":"BreadcrumbList","@id":"https:\/\/shop.brita.ch\/fr\/produit\/marella-pack-economique-3-cartouches#breadcrumb","itemListElement":[{"@type":"ListItem","position":1,"name":"Page d'accueil","item":"https:\/\/shop.brita.ch\/fr\/"},{"@type":"ListItem","position":2,"name":"Produits","item":"https:\/\/shop.brita.ch\/fr\/shop"},{"@type":"ListItem","position":3,"name":"Marella pack \u00e9conomique"}]},{"@type":"WebSite","@id":"https:\/\/shop.brita.ch\/fr\/#website","url":"https:\/\/shop.brita.ch\/fr\/","name":"BRITA\u00ae","description":"Filtrationsl\u00f6sungen","publisher":{"@id":"https:\/\/shop.brita.ch\/fr\/#organization"},"potentialAction":[{"@type":"SearchAction","target":{"@type":"EntryPoint","urlTemplate":"https:\/\/shop.brita.ch\/fr\/?s={search_term_string}"},"query-input":{"@type":"PropertyValueSpecification","valueRequired":true,"valueName":"search_term_string"}}],"inLanguage":"fr-FR"},{"@type":"Organization","@id":"https:\/\/shop.brita.ch\/fr\/#organization","name":"BRITA Wasserfilter-Systeme AG","url":"https:\/\/shop.brita.ch\/fr\/","logo":{"@type":"ImageObject","inLanguage":"fr-FR","@id":"https:\/\/shop.brita.ch\/fr\/#\/schema\/logo\/image\/","url":"\/fr\/wp-content\/uploads\/2019\/02\/logo-1.jpg","contentUrl":"\/fr\/wp-content\/uploads\/2019\/02\/logo-1.jpg","width":117,"height":86,"caption":"BRITA Wasserfilter-Systeme AG"},"image":{"@id":"https:\/\/shop.brita.ch\/fr\/#\/schema\/logo\/image\/"},"sameAs":["https:\/\/www.facebook.com\/BRITA.schweiz","https:\/\/www.instagram.com\/brita.schweiz\/","https:\/\/de.linkedin.com\/company\/brita-gmbh","https:\/\/www.youtube.com\/playlist?list=PLzhwO6-T9BJ7PNjKrGsSpVLHGT1s3xUoy"]}]}},"_links":{"self":[{"href":"https:\/\/shop.brita.ch\/fr\/wp-json\/wp\/v2\/product\/15718","targetHints":{"allow":["GET"]}}],"collection":[{"href":"https:\/\/shop.brita.ch\/fr\/wp-json\/wp\/v2\/product"}],"about":[{"href":"https:\/\/shop.brita.ch\/fr\/wp-json\/wp\/v2\/types\/product"}],"wp:featuredmedia":[{"embeddable":true,"href":"https:\/\/shop.brita.ch\/fr\/wp-json\/wp\/v2\/media\/15660"}],"wp:attachment":[{"href":"https:\/\/shop.brita.ch\/fr\/wp-json\/wp\/v2\/media?parent=15718"}],"wp:term":[{"taxonomy":"product_brand","embeddable":true,"href":"https:\/\/shop.brita.ch\/fr\/wp-json\/wp\/v2\/product_brand?post=15718"},{"taxonomy":"product_cat","embeddable":true,"href":"https:\/\/shop.brita.ch\/fr\/wp-json\/wp\/v2\/product_cat?post=15718"},{"taxonomy":"product_tag","embeddable":true,"href":"https:\/\/shop.brita.ch\/fr\/wp-json\/wp\/v2\/product_tag?post=15718"}],"curies":[{"name":"wp","href":"https:\/\/api.w.org\/{rel}","templated":true}]}}