{"id":15280,"date":"2025-03-12T17:17:14","date_gmt":"2025-03-12T16:17:14","guid":{"rendered":"https:\/\/shop.brita.ch\/fr\/?post_type=product&#038;p=15280"},"modified":"2026-04-07T07:35:18","modified_gmt":"2026-04-07T05:35:18","slug":"carafe-filtrante-style-eco","status":"publish","type":"product","link":"https:\/\/shop.brita.ch\/fr\/produit\/carafe-filtrante-style-eco","title":{"rendered":"Carafe filtrante Style eco avec 1 cartouche filtrante"},"content":{"rendered":"<p><strong>La carafe filtrante Style eco en combinaison avec les cartouches MAXTRA PRO assure un meilleur go\u00fbt. Pour des boissons froides, th\u00e9s et caf\u00e9s plus savoureux. BRITA r\u00e9duit la teneur en calcaire, chlore et autres substances ind\u00e9sirables.<\/strong><\/p>\n<ul class=\"product-facts\">\n<li>Durable : 60\u00a0% de plastique biosourc\u00e9*<\/li>\n<li>Voyant intelligent de fr\u00e9quence d\u2019utilisation: le voyant BRITA Smart Light vous indique quand remplacer le filtre \u2013 pour des r\u00e9sultats optimaux<\/li>\n<li>Ergonomique: le couvercle basculant s\u2019ouvre d\u2019une seule main<\/li>\n<li>Facile d\u2019entretien: lavable au lave-vaisselle (sauf le BRITA Smart Light)<\/li>\n<li>Taille cool: con\u00e7ue pour se loger dans la porte du r\u00e9frig\u00e9rateur,<br \/>\nCapacit\u00e9: 2,4\u00a0l au total, pour 1,4\u00a0l d\u2019eau filtr\u00e9e (dimensions l x H x P: 23,9 x 27,3 x 10,5\u00a0cm)<\/li>\n<li>Intelligente et ergonomique : le voyant BRITA Smart Light vous indique quand le filtre a besoin d\u2019\u00eatre remplac\u00e9. Et si elle venait \u00e0 tomber en panne, vous pouvez facilement en commander une nouvelle gratuitement aupr\u00e8s de notre service client\u00e8le.<\/li>\n<li>BRITA PerfectFit, pour une filtration optimale. Garantit une bonne filtration de toute l\u2019eau gr\u00e2ce au filtre MAXTRA PRO<\/li>\n<\/ul>\n<p><strong>1 cartouche filtrantes MAXTRA PRO Pure Performance incl.<\/strong><\/p>\n<p class=\"text-muted\" style=\"line-height: 1em;\"><small>* Carafe, entonnoir, couvercle et couvercle de remplissage (m\u00e9thode du bilan massique)<br \/>\n<\/small><\/p>\n<div class=\"dl-btn\">\n<h5>Mode d\u2019emploi Carafes filtrantes Style<\/h5>\n<p><a class=\"btn-default btn\" href=\"https:\/\/www.brita.ch\/dam\/jcr:07b6a5a4-352c-484d-8dc4-122cf58f0d2e\/brita-water-filter-jugs-instruction-manual-EMEA.pdf\" target=\"_blank\" rel=\"noopener noreferrer\" download=\"\">T\u00e9l\u00e9charger maintenant<\/a><\/p>\n<\/div>\n","protected":false},"excerpt":{"rendered":"<p>Der nachhaltigere Tischwasserfilter [&#8230;]<\/p>\n<p><a class=\"btn btn-secondary understrap-read-more-link\" href=\"https:\/\/shop.brita.ch\/fr\/produit\/carafe-filtrante-style-eco\">Lire la suite&#8230;<\/a><\/p>\n","protected":false},"featured_media":15648,"template":"","meta":[],"product_brand":[],"product_cat":[82,83],"product_tag":[107,47,74],"class_list":{"0":"post-15280","1":"product","2":"type-product","3":"status-publish","4":"has-post-thumbnail","6":"product_cat-carafes-filtrantes","7":"product_cat-twf","8":"product_tag-eco","9":"product_tag-pitcher","10":"product_tag-video","12":"first","13":"instock","14":"sale","15":"taxable","16":"shipping-taxable","17":"purchasable","18":"product-type-variable","19":"has-default-attributes"},"yoast_head":"<!-- This site is optimized with the Yoast SEO plugin v26.7 - https:\/\/yoast.com\/wordpress\/plugins\/seo\/ -->\n<title>Carafe filtrante BRITA Style eco bleu glacier avec 1 cartouches | BRITA\u00ae<\/title>\n<meta name=\"description\" content=\"D\u00e9couvrez notre nouvelle carafe filtrante durable compos\u00e9e \u00e0 60 % de mat\u00e9riaux biosourc\u00e9s conform\u00e9ment \u00e0 l\u2019approche du bilan massique. Acheter maintenant.\" \/>\n<meta name=\"robots\" content=\"index, follow, max-snippet:-1, max-image-preview:large, max-video-preview:-1\" \/>\n<link rel=\"canonical\" href=\"https:\/\/shop.brita.ch\/fr\/produit\/carafe-filtrante-style-eco\" \/>\n<meta property=\"og:locale\" content=\"fr_FR\" \/>\n<meta property=\"og:type\" content=\"article\" \/>\n<meta property=\"og:title\" content=\"Carafe filtrante BRITA Style eco bleu glacier avec 1 cartouches | BRITA\u00ae\" \/>\n<meta property=\"og:description\" content=\"D\u00e9couvrez notre nouvelle carafe filtrante durable compos\u00e9e \u00e0 60 % de mat\u00e9riaux biosourc\u00e9s conform\u00e9ment \u00e0 l\u2019approche du bilan massique. Acheter maintenant.\" \/>\n<meta property=\"og:url\" content=\"https:\/\/shop.brita.ch\/fr\/produit\/carafe-filtrante-style-eco\" \/>\n<meta property=\"og:site_name\" content=\"BRITA\" \/>\n<meta property=\"article:publisher\" content=\"https:\/\/www.facebook.com\/BRITA.schweiz\" \/>\n<meta property=\"article:modified_time\" content=\"2026-04-07T05:35:18+00:00\" \/>\n<meta property=\"og:image\" content=\"https:\/\/shop.brita.ch\/fr\/wp-content\/uploads\/2025\/03\/brita-consumer-waterfilterjug-style-eco-sea-green-1564x1564-1.webp\" \/>\n\t<meta property=\"og:image:width\" content=\"1564\" \/>\n\t<meta property=\"og:image:height\" content=\"1564\" \/>\n\t<meta property=\"og:image:type\" content=\"image\/webp\" \/>\n<meta name=\"twitter:card\" content=\"summary_large_image\" \/>\n<meta name=\"twitter:label1\" content=\"Est. reading time\" \/>\n\t<meta name=\"twitter:data1\" content=\"2 minutes\" \/>\n<script type=\"application\/ld+json\" class=\"yoast-schema-graph\">{\"@context\":\"https:\/\/schema.org\",\"@graph\":[{\"@type\":\"WebPage\",\"@id\":\"https:\/\/shop.brita.ch\/fr\/produit\/carafe-filtrante-style-eco\",\"url\":\"https:\/\/shop.brita.ch\/fr\/produit\/carafe-filtrante-style-eco\",\"name\":\"Carafe filtrante BRITA Style eco bleu glacier avec 1 cartouches | BRITA\u00ae\",\"isPartOf\":{\"@id\":\"https:\/\/shop.brita.ch\/fr\/#website\"},\"primaryImageOfPage\":{\"@id\":\"https:\/\/shop.brita.ch\/fr\/produit\/carafe-filtrante-style-eco#primaryimage\"},\"image\":{\"@id\":\"https:\/\/shop.brita.ch\/fr\/produit\/carafe-filtrante-style-eco#primaryimage\"},\"thumbnailUrl\":\"\/fr\/wp-content\/uploads\/2025\/03\/brita-consumer-waterfilterjug-style-eco-sea-green-1564x1564-1.webp\",\"datePublished\":\"2025-03-12T16:17:14+00:00\",\"dateModified\":\"2026-04-07T05:35:18+00:00\",\"description\":\"D\u00e9couvrez notre nouvelle carafe filtrante durable compos\u00e9e \u00e0 60 % de mat\u00e9riaux biosourc\u00e9s conform\u00e9ment \u00e0 l\u2019approche du bilan massique. Acheter maintenant.\",\"breadcrumb\":{\"@id\":\"https:\/\/shop.brita.ch\/fr\/produit\/carafe-filtrante-style-eco#breadcrumb\"},\"inLanguage\":\"fr-FR\",\"potentialAction\":[{\"@type\":\"ReadAction\",\"target\":[\"https:\/\/shop.brita.ch\/fr\/produit\/carafe-filtrante-style-eco\"]}]},{\"@type\":\"ImageObject\",\"inLanguage\":\"fr-FR\",\"@id\":\"https:\/\/shop.brita.ch\/fr\/produit\/carafe-filtrante-style-eco#primaryimage\",\"url\":\"\/fr\/wp-content\/uploads\/2025\/03\/brita-consumer-waterfilterjug-style-eco-sea-green-1564x1564-1.webp\",\"contentUrl\":\"\/fr\/wp-content\/uploads\/2025\/03\/brita-consumer-waterfilterjug-style-eco-sea-green-1564x1564-1.webp\",\"width\":1564,\"height\":1564},{\"@type\":\"BreadcrumbList\",\"@id\":\"https:\/\/shop.brita.ch\/fr\/produit\/carafe-filtrante-style-eco#breadcrumb\",\"itemListElement\":[{\"@type\":\"ListItem\",\"position\":1,\"name\":\"Page d'accueil\",\"item\":\"https:\/\/shop.brita.ch\/fr\/\"},{\"@type\":\"ListItem\",\"position\":2,\"name\":\"Produits\",\"item\":\"https:\/\/shop.brita.ch\/fr\/shop\"},{\"@type\":\"ListItem\",\"position\":3,\"name\":\"Carafe filtrante Style eco avec 1 cartouche filtrante\"}]},{\"@type\":\"WebSite\",\"@id\":\"https:\/\/shop.brita.ch\/fr\/#website\",\"url\":\"https:\/\/shop.brita.ch\/fr\/\",\"name\":\"BRITA\u00ae\",\"description\":\"Filtrationsl\u00f6sungen\",\"publisher\":{\"@id\":\"https:\/\/shop.brita.ch\/fr\/#organization\"},\"potentialAction\":[{\"@type\":\"SearchAction\",\"target\":{\"@type\":\"EntryPoint\",\"urlTemplate\":\"https:\/\/shop.brita.ch\/fr\/?s={search_term_string}\"},\"query-input\":{\"@type\":\"PropertyValueSpecification\",\"valueRequired\":true,\"valueName\":\"search_term_string\"}}],\"inLanguage\":\"fr-FR\"},{\"@type\":\"Organization\",\"@id\":\"https:\/\/shop.brita.ch\/fr\/#organization\",\"name\":\"BRITA Wasserfilter-Systeme AG\",\"url\":\"https:\/\/shop.brita.ch\/fr\/\",\"logo\":{\"@type\":\"ImageObject\",\"inLanguage\":\"fr-FR\",\"@id\":\"https:\/\/shop.brita.ch\/fr\/#\/schema\/logo\/image\/\",\"url\":\"\/fr\/wp-content\/uploads\/2019\/02\/logo-1.jpg\",\"contentUrl\":\"\/fr\/wp-content\/uploads\/2019\/02\/logo-1.jpg\",\"width\":117,\"height\":86,\"caption\":\"BRITA Wasserfilter-Systeme AG\"},\"image\":{\"@id\":\"https:\/\/shop.brita.ch\/fr\/#\/schema\/logo\/image\/\"},\"sameAs\":[\"https:\/\/www.facebook.com\/BRITA.schweiz\",\"https:\/\/www.instagram.com\/brita.schweiz\/\",\"https:\/\/de.linkedin.com\/company\/brita-gmbh\",\"https:\/\/www.youtube.com\/playlist?list=PLzhwO6-T9BJ7PNjKrGsSpVLHGT1s3xUoy\"]}]}<\/script>\n<!-- \/ Yoast SEO plugin. -->","yoast_head_json":{"title":"Carafe filtrante BRITA Style eco bleu glacier avec 1 cartouches | BRITA\u00ae","description":"D\u00e9couvrez notre nouvelle carafe filtrante durable compos\u00e9e \u00e0 60 % de mat\u00e9riaux biosourc\u00e9s conform\u00e9ment \u00e0 l\u2019approche du bilan massique. Acheter maintenant.","robots":{"index":"index","follow":"follow","max-snippet":"max-snippet:-1","max-image-preview":"max-image-preview:large","max-video-preview":"max-video-preview:-1"},"canonical":"https:\/\/shop.brita.ch\/fr\/produit\/carafe-filtrante-style-eco","og_locale":"fr_FR","og_type":"article","og_title":"Carafe filtrante BRITA Style eco bleu glacier avec 1 cartouches | BRITA\u00ae","og_description":"D\u00e9couvrez notre nouvelle carafe filtrante durable compos\u00e9e \u00e0 60 % de mat\u00e9riaux biosourc\u00e9s conform\u00e9ment \u00e0 l\u2019approche du bilan massique. Acheter maintenant.","og_url":"https:\/\/shop.brita.ch\/fr\/produit\/carafe-filtrante-style-eco","og_site_name":"BRITA","article_publisher":"https:\/\/www.facebook.com\/BRITA.schweiz","article_modified_time":"2026-04-07T05:35:18+00:00","og_image":[{"width":1564,"height":1564,"url":"https:\/\/shop.brita.ch\/fr\/wp-content\/uploads\/2025\/03\/brita-consumer-waterfilterjug-style-eco-sea-green-1564x1564-1.webp","type":"image\/webp"}],"twitter_card":"summary_large_image","twitter_misc":{"Est. reading time":"2 minutes"},"schema":{"@context":"https:\/\/schema.org","@graph":[{"@type":"WebPage","@id":"https:\/\/shop.brita.ch\/fr\/produit\/carafe-filtrante-style-eco","url":"https:\/\/shop.brita.ch\/fr\/produit\/carafe-filtrante-style-eco","name":"Carafe filtrante BRITA Style eco bleu glacier avec 1 cartouches | BRITA\u00ae","isPartOf":{"@id":"https:\/\/shop.brita.ch\/fr\/#website"},"primaryImageOfPage":{"@id":"https:\/\/shop.brita.ch\/fr\/produit\/carafe-filtrante-style-eco#primaryimage"},"image":{"@id":"https:\/\/shop.brita.ch\/fr\/produit\/carafe-filtrante-style-eco#primaryimage"},"thumbnailUrl":"\/fr\/wp-content\/uploads\/2025\/03\/brita-consumer-waterfilterjug-style-eco-sea-green-1564x1564-1.webp","datePublished":"2025-03-12T16:17:14+00:00","dateModified":"2026-04-07T05:35:18+00:00","description":"D\u00e9couvrez notre nouvelle carafe filtrante durable compos\u00e9e \u00e0 60 % de mat\u00e9riaux biosourc\u00e9s conform\u00e9ment \u00e0 l\u2019approche du bilan massique. Acheter maintenant.","breadcrumb":{"@id":"https:\/\/shop.brita.ch\/fr\/produit\/carafe-filtrante-style-eco#breadcrumb"},"inLanguage":"fr-FR","potentialAction":[{"@type":"ReadAction","target":["https:\/\/shop.brita.ch\/fr\/produit\/carafe-filtrante-style-eco"]}]},{"@type":"ImageObject","inLanguage":"fr-FR","@id":"https:\/\/shop.brita.ch\/fr\/produit\/carafe-filtrante-style-eco#primaryimage","url":"\/fr\/wp-content\/uploads\/2025\/03\/brita-consumer-waterfilterjug-style-eco-sea-green-1564x1564-1.webp","contentUrl":"\/fr\/wp-content\/uploads\/2025\/03\/brita-consumer-waterfilterjug-style-eco-sea-green-1564x1564-1.webp","width":1564,"height":1564},{"@type":"BreadcrumbList","@id":"https:\/\/shop.brita.ch\/fr\/produit\/carafe-filtrante-style-eco#breadcrumb","itemListElement":[{"@type":"ListItem","position":1,"name":"Page d'accueil","item":"https:\/\/shop.brita.ch\/fr\/"},{"@type":"ListItem","position":2,"name":"Produits","item":"https:\/\/shop.brita.ch\/fr\/shop"},{"@type":"ListItem","position":3,"name":"Carafe filtrante Style eco avec 1 cartouche filtrante"}]},{"@type":"WebSite","@id":"https:\/\/shop.brita.ch\/fr\/#website","url":"https:\/\/shop.brita.ch\/fr\/","name":"BRITA\u00ae","description":"Filtrationsl\u00f6sungen","publisher":{"@id":"https:\/\/shop.brita.ch\/fr\/#organization"},"potentialAction":[{"@type":"SearchAction","target":{"@type":"EntryPoint","urlTemplate":"https:\/\/shop.brita.ch\/fr\/?s={search_term_string}"},"query-input":{"@type":"PropertyValueSpecification","valueRequired":true,"valueName":"search_term_string"}}],"inLanguage":"fr-FR"},{"@type":"Organization","@id":"https:\/\/shop.brita.ch\/fr\/#organization","name":"BRITA Wasserfilter-Systeme AG","url":"https:\/\/shop.brita.ch\/fr\/","logo":{"@type":"ImageObject","inLanguage":"fr-FR","@id":"https:\/\/shop.brita.ch\/fr\/#\/schema\/logo\/image\/","url":"\/fr\/wp-content\/uploads\/2019\/02\/logo-1.jpg","contentUrl":"\/fr\/wp-content\/uploads\/2019\/02\/logo-1.jpg","width":117,"height":86,"caption":"BRITA Wasserfilter-Systeme AG"},"image":{"@id":"https:\/\/shop.brita.ch\/fr\/#\/schema\/logo\/image\/"},"sameAs":["https:\/\/www.facebook.com\/BRITA.schweiz","https:\/\/www.instagram.com\/brita.schweiz\/","https:\/\/de.linkedin.com\/company\/brita-gmbh","https:\/\/www.youtube.com\/playlist?list=PLzhwO6-T9BJ7PNjKrGsSpVLHGT1s3xUoy"]}]}},"_links":{"self":[{"href":"https:\/\/shop.brita.ch\/fr\/wp-json\/wp\/v2\/product\/15280","targetHints":{"allow":["GET"]}}],"collection":[{"href":"https:\/\/shop.brita.ch\/fr\/wp-json\/wp\/v2\/product"}],"about":[{"href":"https:\/\/shop.brita.ch\/fr\/wp-json\/wp\/v2\/types\/product"}],"wp:featuredmedia":[{"embeddable":true,"href":"https:\/\/shop.brita.ch\/fr\/wp-json\/wp\/v2\/media\/15648"}],"wp:attachment":[{"href":"https:\/\/shop.brita.ch\/fr\/wp-json\/wp\/v2\/media?parent=15280"}],"wp:term":[{"taxonomy":"product_brand","embeddable":true,"href":"https:\/\/shop.brita.ch\/fr\/wp-json\/wp\/v2\/product_brand?post=15280"},{"taxonomy":"product_cat","embeddable":true,"href":"https:\/\/shop.brita.ch\/fr\/wp-json\/wp\/v2\/product_cat?post=15280"},{"taxonomy":"product_tag","embeddable":true,"href":"https:\/\/shop.brita.ch\/fr\/wp-json\/wp\/v2\/product_tag?post=15280"}],"curies":[{"name":"wp","href":"https:\/\/api.w.org\/{rel}","templated":true}]}}