{"id":13305,"date":"2024-01-23T12:31:27","date_gmt":"2024-01-23T11:31:27","guid":{"rendered":"https:\/\/shop.brita.ch\/fr\/?post_type=product&#038;p=13305"},"modified":"2025-08-06T10:56:48","modified_gmt":"2025-08-06T08:56:48","slug":"microdisc-filtres-pack-de-3","status":"publish","type":"product","link":"https:\/\/shop.brita.ch\/fr\/produit\/microdisc-filtres-pack-de-3","title":{"rendered":"Pack de 3 filtres MicroDisc BRITA"},"content":{"rendered":"<p><strong>Comprend 3 filtres MicroDisc<\/strong><\/p>\n<ul class=\"product-facts\">\n<li>R\u00e9duit le chlore et autres substances alt\u00e9rant le go\u00fbt, comme les pesticides, les herbicides et les hormones pr\u00e9sents dans l\u2019eau du robinet<\/li>\n<li>R\u00e9duit les microparticules \u2265 15 \u03bcm<\/li>\n<li>Pr\u00e9serve les pr\u00e9cieux min\u00e9raux, comme le calcium et le magn\u00e9sium<\/li>\n<li>Compatible avec toutes les gourdes et bouteilles filtrantes BRITA en vente actuellement<\/li>\n<li>Un disque dure 4 semaines ou 60 l dans une gourde filtrante et 150 l dans une bouteille filtrante<\/li>\n<\/ul>\n<div class=\"dl-btn d-none\">\n<h5>Mode d\u2019emploi MicroDisc BRITA<\/h5>\n<p><a class=\"btn-default btn\" href=\"https:\/\/www.brita.ch\/dam\/jcr:71726bd0-8d90-4f10-af40-3ebb6e9ca004\/brita-water-filter-bottle-model-active-instruction-manual-INT.pdf\" target=\"_blank\" rel=\"noopener noreferrer\" download=\"\">T\u00e9l\u00e9charger ici<\/a><\/p>\n<\/div>\n","protected":false},"excerpt":{"rendered":"<p>Comprend 3 filtres MicroDisc R\u00e9duit le chlore et autres substances alt\u00e9rant le go\u00fbt, comme les pesticides, les herbicides et les hormones pr\u00e9sents dans l\u2019eau du robinet R\u00e9duit les microparticules \u2265 15 \u03bcm Pr\u00e9serve les pr\u00e9cieux min\u00e9raux, comme le calcium et le magn\u00e9sium Compatible avec toutes les gourdes et bouteilles filtrantes BRITA en vente actuellement Un [&#8230;]<\/p>\n<p><a class=\"btn btn-secondary understrap-read-more-link\" href=\"https:\/\/shop.brita.ch\/fr\/produit\/microdisc-filtres-pack-de-3\">Lire la suite&#8230;<\/a><\/p>\n","protected":false},"featured_media":13363,"template":"","meta":[],"product_brand":[],"product_cat":[117,99],"product_tag":[98,74],"class_list":{"0":"post-13305","1":"product","2":"type-product","3":"status-publish","4":"has-post-thumbnail","6":"product_cat-filterdiscs","7":"product_cat-gourdes-filtrantes","8":"product_tag-microdisc","9":"product_tag-video","11":"first","12":"instock","13":"taxable","14":"shipping-taxable","15":"purchasable","16":"product-type-simple"},"yoast_head":"<!-- This site is optimized with the Yoast SEO plugin v26.7 - https:\/\/yoast.com\/wordpress\/plugins\/seo\/ -->\n<title>Filtre \u00e0 eau MicroDisc BRITA - recharger \/ acheter<\/title>\n<meta name=\"description\" content=\"Pack de 3 filtres \u00e0 eau MicroDisc BRITA, pour 3 mois d\u2019eau pure au go\u00fbt agr\u00e9able pour toutes les gourdes et bouteilles filtrantes BRITA.\" \/>\n<meta name=\"robots\" content=\"index, follow, max-snippet:-1, max-image-preview:large, max-video-preview:-1\" \/>\n<link rel=\"canonical\" href=\"https:\/\/shop.brita.ch\/fr\/produit\/microdisc-filtres-pack-de-3\" \/>\n<meta property=\"og:locale\" content=\"fr_FR\" \/>\n<meta property=\"og:type\" content=\"article\" \/>\n<meta property=\"og:title\" content=\"Filtre \u00e0 eau MicroDisc BRITA - recharger \/ acheter\" \/>\n<meta property=\"og:description\" content=\"Pack de 3 filtres \u00e0 eau MicroDisc BRITA, pour 3 mois d\u2019eau pure au go\u00fbt agr\u00e9able pour toutes les gourdes et bouteilles filtrantes BRITA.\" \/>\n<meta property=\"og:url\" content=\"https:\/\/shop.brita.ch\/fr\/produit\/microdisc-filtres-pack-de-3\" \/>\n<meta property=\"og:site_name\" content=\"BRITA\" \/>\n<meta property=\"article:publisher\" content=\"https:\/\/www.facebook.com\/BRITA.schweiz\" \/>\n<meta property=\"article:modified_time\" content=\"2025-08-06T08:56:48+00:00\" \/>\n<meta property=\"og:image\" content=\"https:\/\/shop.brita.ch\/fr\/wp-content\/uploads\/2024\/01\/brita-consumer-microdisc-3x-water-filters-1564x1564-1.jpg\" \/>\n\t<meta property=\"og:image:width\" content=\"1564\" \/>\n\t<meta property=\"og:image:height\" content=\"1564\" \/>\n\t<meta property=\"og:image:type\" content=\"image\/jpeg\" \/>\n<meta name=\"twitter:card\" content=\"summary_large_image\" \/>\n<meta name=\"twitter:label1\" content=\"Est. reading time\" \/>\n\t<meta name=\"twitter:data1\" content=\"1 minute\" \/>\n<script type=\"application\/ld+json\" class=\"yoast-schema-graph\">{\"@context\":\"https:\/\/schema.org\",\"@graph\":[{\"@type\":\"WebPage\",\"@id\":\"https:\/\/shop.brita.ch\/fr\/produit\/microdisc-filtres-pack-de-3\",\"url\":\"https:\/\/shop.brita.ch\/fr\/produit\/microdisc-filtres-pack-de-3\",\"name\":\"Filtre \u00e0 eau MicroDisc BRITA - recharger \/ acheter\",\"isPartOf\":{\"@id\":\"https:\/\/shop.brita.ch\/fr\/#website\"},\"primaryImageOfPage\":{\"@id\":\"https:\/\/shop.brita.ch\/fr\/produit\/microdisc-filtres-pack-de-3#primaryimage\"},\"image\":{\"@id\":\"https:\/\/shop.brita.ch\/fr\/produit\/microdisc-filtres-pack-de-3#primaryimage\"},\"thumbnailUrl\":\"\/fr\/wp-content\/uploads\/2024\/01\/brita-consumer-microdisc-3x-water-filters-1564x1564-1.jpg\",\"datePublished\":\"2024-01-23T11:31:27+00:00\",\"dateModified\":\"2025-08-06T08:56:48+00:00\",\"description\":\"Pack de 3 filtres \u00e0 eau MicroDisc BRITA, pour 3 mois d\u2019eau pure au go\u00fbt agr\u00e9able pour toutes les gourdes et bouteilles filtrantes BRITA.\",\"breadcrumb\":{\"@id\":\"https:\/\/shop.brita.ch\/fr\/produit\/microdisc-filtres-pack-de-3#breadcrumb\"},\"inLanguage\":\"fr-FR\",\"potentialAction\":[{\"@type\":\"ReadAction\",\"target\":[\"https:\/\/shop.brita.ch\/fr\/produit\/microdisc-filtres-pack-de-3\"]}]},{\"@type\":\"ImageObject\",\"inLanguage\":\"fr-FR\",\"@id\":\"https:\/\/shop.brita.ch\/fr\/produit\/microdisc-filtres-pack-de-3#primaryimage\",\"url\":\"\/fr\/wp-content\/uploads\/2024\/01\/brita-consumer-microdisc-3x-water-filters-1564x1564-1.jpg\",\"contentUrl\":\"\/fr\/wp-content\/uploads\/2024\/01\/brita-consumer-microdisc-3x-water-filters-1564x1564-1.jpg\",\"width\":1564,\"height\":1564,\"caption\":\"MicroDisc BRITA\"},{\"@type\":\"BreadcrumbList\",\"@id\":\"https:\/\/shop.brita.ch\/fr\/produit\/microdisc-filtres-pack-de-3#breadcrumb\",\"itemListElement\":[{\"@type\":\"ListItem\",\"position\":1,\"name\":\"Page d'accueil\",\"item\":\"https:\/\/shop.brita.ch\/fr\/\"},{\"@type\":\"ListItem\",\"position\":2,\"name\":\"Produits\",\"item\":\"https:\/\/shop.brita.ch\/fr\/shop\"},{\"@type\":\"ListItem\",\"position\":3,\"name\":\"Pack de 3 filtres MicroDisc BRITA\"}]},{\"@type\":\"WebSite\",\"@id\":\"https:\/\/shop.brita.ch\/fr\/#website\",\"url\":\"https:\/\/shop.brita.ch\/fr\/\",\"name\":\"BRITA\u00ae\",\"description\":\"Filtrationsl\u00f6sungen\",\"publisher\":{\"@id\":\"https:\/\/shop.brita.ch\/fr\/#organization\"},\"potentialAction\":[{\"@type\":\"SearchAction\",\"target\":{\"@type\":\"EntryPoint\",\"urlTemplate\":\"https:\/\/shop.brita.ch\/fr\/?s={search_term_string}\"},\"query-input\":{\"@type\":\"PropertyValueSpecification\",\"valueRequired\":true,\"valueName\":\"search_term_string\"}}],\"inLanguage\":\"fr-FR\"},{\"@type\":\"Organization\",\"@id\":\"https:\/\/shop.brita.ch\/fr\/#organization\",\"name\":\"BRITA Wasserfilter-Systeme AG\",\"url\":\"https:\/\/shop.brita.ch\/fr\/\",\"logo\":{\"@type\":\"ImageObject\",\"inLanguage\":\"fr-FR\",\"@id\":\"https:\/\/shop.brita.ch\/fr\/#\/schema\/logo\/image\/\",\"url\":\"\/fr\/wp-content\/uploads\/2019\/02\/logo-1.jpg\",\"contentUrl\":\"\/fr\/wp-content\/uploads\/2019\/02\/logo-1.jpg\",\"width\":117,\"height\":86,\"caption\":\"BRITA Wasserfilter-Systeme AG\"},\"image\":{\"@id\":\"https:\/\/shop.brita.ch\/fr\/#\/schema\/logo\/image\/\"},\"sameAs\":[\"https:\/\/www.facebook.com\/BRITA.schweiz\",\"https:\/\/www.instagram.com\/brita.schweiz\/\",\"https:\/\/de.linkedin.com\/company\/brita-gmbh\",\"https:\/\/www.youtube.com\/playlist?list=PLzhwO6-T9BJ7PNjKrGsSpVLHGT1s3xUoy\"]}]}<\/script>\n<!-- \/ Yoast SEO plugin. -->","yoast_head_json":{"title":"Filtre \u00e0 eau MicroDisc BRITA - recharger \/ acheter","description":"Pack de 3 filtres \u00e0 eau MicroDisc BRITA, pour 3 mois d\u2019eau pure au go\u00fbt agr\u00e9able pour toutes les gourdes et bouteilles filtrantes BRITA.","robots":{"index":"index","follow":"follow","max-snippet":"max-snippet:-1","max-image-preview":"max-image-preview:large","max-video-preview":"max-video-preview:-1"},"canonical":"https:\/\/shop.brita.ch\/fr\/produit\/microdisc-filtres-pack-de-3","og_locale":"fr_FR","og_type":"article","og_title":"Filtre \u00e0 eau MicroDisc BRITA - recharger \/ acheter","og_description":"Pack de 3 filtres \u00e0 eau MicroDisc BRITA, pour 3 mois d\u2019eau pure au go\u00fbt agr\u00e9able pour toutes les gourdes et bouteilles filtrantes BRITA.","og_url":"https:\/\/shop.brita.ch\/fr\/produit\/microdisc-filtres-pack-de-3","og_site_name":"BRITA","article_publisher":"https:\/\/www.facebook.com\/BRITA.schweiz","article_modified_time":"2025-08-06T08:56:48+00:00","og_image":[{"width":1564,"height":1564,"url":"https:\/\/shop.brita.ch\/fr\/wp-content\/uploads\/2024\/01\/brita-consumer-microdisc-3x-water-filters-1564x1564-1.jpg","type":"image\/jpeg"}],"twitter_card":"summary_large_image","twitter_misc":{"Est. reading time":"1 minute"},"schema":{"@context":"https:\/\/schema.org","@graph":[{"@type":"WebPage","@id":"https:\/\/shop.brita.ch\/fr\/produit\/microdisc-filtres-pack-de-3","url":"https:\/\/shop.brita.ch\/fr\/produit\/microdisc-filtres-pack-de-3","name":"Filtre \u00e0 eau MicroDisc BRITA - recharger \/ acheter","isPartOf":{"@id":"https:\/\/shop.brita.ch\/fr\/#website"},"primaryImageOfPage":{"@id":"https:\/\/shop.brita.ch\/fr\/produit\/microdisc-filtres-pack-de-3#primaryimage"},"image":{"@id":"https:\/\/shop.brita.ch\/fr\/produit\/microdisc-filtres-pack-de-3#primaryimage"},"thumbnailUrl":"\/fr\/wp-content\/uploads\/2024\/01\/brita-consumer-microdisc-3x-water-filters-1564x1564-1.jpg","datePublished":"2024-01-23T11:31:27+00:00","dateModified":"2025-08-06T08:56:48+00:00","description":"Pack de 3 filtres \u00e0 eau MicroDisc BRITA, pour 3 mois d\u2019eau pure au go\u00fbt agr\u00e9able pour toutes les gourdes et bouteilles filtrantes BRITA.","breadcrumb":{"@id":"https:\/\/shop.brita.ch\/fr\/produit\/microdisc-filtres-pack-de-3#breadcrumb"},"inLanguage":"fr-FR","potentialAction":[{"@type":"ReadAction","target":["https:\/\/shop.brita.ch\/fr\/produit\/microdisc-filtres-pack-de-3"]}]},{"@type":"ImageObject","inLanguage":"fr-FR","@id":"https:\/\/shop.brita.ch\/fr\/produit\/microdisc-filtres-pack-de-3#primaryimage","url":"\/fr\/wp-content\/uploads\/2024\/01\/brita-consumer-microdisc-3x-water-filters-1564x1564-1.jpg","contentUrl":"\/fr\/wp-content\/uploads\/2024\/01\/brita-consumer-microdisc-3x-water-filters-1564x1564-1.jpg","width":1564,"height":1564,"caption":"MicroDisc BRITA"},{"@type":"BreadcrumbList","@id":"https:\/\/shop.brita.ch\/fr\/produit\/microdisc-filtres-pack-de-3#breadcrumb","itemListElement":[{"@type":"ListItem","position":1,"name":"Page d'accueil","item":"https:\/\/shop.brita.ch\/fr\/"},{"@type":"ListItem","position":2,"name":"Produits","item":"https:\/\/shop.brita.ch\/fr\/shop"},{"@type":"ListItem","position":3,"name":"Pack de 3 filtres MicroDisc BRITA"}]},{"@type":"WebSite","@id":"https:\/\/shop.brita.ch\/fr\/#website","url":"https:\/\/shop.brita.ch\/fr\/","name":"BRITA\u00ae","description":"Filtrationsl\u00f6sungen","publisher":{"@id":"https:\/\/shop.brita.ch\/fr\/#organization"},"potentialAction":[{"@type":"SearchAction","target":{"@type":"EntryPoint","urlTemplate":"https:\/\/shop.brita.ch\/fr\/?s={search_term_string}"},"query-input":{"@type":"PropertyValueSpecification","valueRequired":true,"valueName":"search_term_string"}}],"inLanguage":"fr-FR"},{"@type":"Organization","@id":"https:\/\/shop.brita.ch\/fr\/#organization","name":"BRITA Wasserfilter-Systeme AG","url":"https:\/\/shop.brita.ch\/fr\/","logo":{"@type":"ImageObject","inLanguage":"fr-FR","@id":"https:\/\/shop.brita.ch\/fr\/#\/schema\/logo\/image\/","url":"\/fr\/wp-content\/uploads\/2019\/02\/logo-1.jpg","contentUrl":"\/fr\/wp-content\/uploads\/2019\/02\/logo-1.jpg","width":117,"height":86,"caption":"BRITA Wasserfilter-Systeme AG"},"image":{"@id":"https:\/\/shop.brita.ch\/fr\/#\/schema\/logo\/image\/"},"sameAs":["https:\/\/www.facebook.com\/BRITA.schweiz","https:\/\/www.instagram.com\/brita.schweiz\/","https:\/\/de.linkedin.com\/company\/brita-gmbh","https:\/\/www.youtube.com\/playlist?list=PLzhwO6-T9BJ7PNjKrGsSpVLHGT1s3xUoy"]}]}},"_links":{"self":[{"href":"https:\/\/shop.brita.ch\/fr\/wp-json\/wp\/v2\/product\/13305","targetHints":{"allow":["GET"]}}],"collection":[{"href":"https:\/\/shop.brita.ch\/fr\/wp-json\/wp\/v2\/product"}],"about":[{"href":"https:\/\/shop.brita.ch\/fr\/wp-json\/wp\/v2\/types\/product"}],"wp:featuredmedia":[{"embeddable":true,"href":"https:\/\/shop.brita.ch\/fr\/wp-json\/wp\/v2\/media\/13363"}],"wp:attachment":[{"href":"https:\/\/shop.brita.ch\/fr\/wp-json\/wp\/v2\/media?parent=13305"}],"wp:term":[{"taxonomy":"product_brand","embeddable":true,"href":"https:\/\/shop.brita.ch\/fr\/wp-json\/wp\/v2\/product_brand?post=13305"},{"taxonomy":"product_cat","embeddable":true,"href":"https:\/\/shop.brita.ch\/fr\/wp-json\/wp\/v2\/product_cat?post=13305"},{"taxonomy":"product_tag","embeddable":true,"href":"https:\/\/shop.brita.ch\/fr\/wp-json\/wp\/v2\/product_tag?post=13305"}],"curies":[{"name":"wp","href":"https:\/\/api.w.org\/{rel}","templated":true}]}}