{"id":12815,"date":"2023-08-08T12:56:49","date_gmt":"2023-08-08T10:56:49","guid":{"rendered":"https:\/\/shop.brita.ch\/fr\/?post_type=product&#038;p=12815"},"modified":"2026-04-27T22:11:07","modified_gmt":"2026-04-27T20:11:07","slug":"systeme-de-filtre-a-eau-on-tap-v","status":"publish","type":"product","link":"https:\/\/shop.brita.ch\/fr\/produit\/systeme-de-filtre-a-eau-on-tap-v","title":{"rendered":"Syst\u00e8me de filtre \u00e0 eau BRITA ON TAP"},"content":{"rendered":"<p><strong>Comprend 1 cartouche filtrante BRITA ON TAP V, plusieurs adaptateurs de robinet<br \/>\n<\/strong><\/p>\n<ul class=\"product-facts\">\n<li>Un filtre au top \u00e0 fixer sur votre robinet de cuisine<\/li>\n<li>Montez-le sur n\u2019importe quel robinet et profitez d\u2019une bonne eau C\u2019est tellement simple !<\/li>\n<li>Filtration de l\u2019eau en 4 \u00e9tapes pour un go\u00fbt plus naturel<\/li>\n<li>r\u00e9duit les compos\u00e9s traces de certains herbicides, pesticides et m\u00e9dicaments si pr\u00e9sence dans l\u2019eau potable<\/li>\n<li>Ne prot\u00e8ge pas les appareils du tartre<\/li>\n<li>3 modes pratiques pour votre eau : filtr\u00e9e pour la boisson, non filtr\u00e9e et non filtr\u00e9e avec pulv\u00e9risation pour se laver les mains, laver la vaisselle ou les fruits et l\u00e9gumes<\/li>\n<li>L\u2019indicateur analogique indique quand changer le filtre<\/li>\n<li>Changement facile du filtre : il vous suffit d\u2019enficher le filtre pour appr\u00e9cier jusqu\u2019\u00e0 600 l \/ 4 mois d\u2019eau filtr\u00e9e<\/li>\n<li>Inclut 5 adaptateurs compatibles avec tous les robinets standard<\/li>\n<li>Dites adieu aux bouteilles en plastique. Soyez acteur du changement !<\/li>\n<li>Plus besoin de transporter de lourds packs d\u2019eau<\/li>\n<\/ul>\n<div class=\"dl-btn\">\n<h5>Mode d\u2019emploi Syst\u00e8me de filtre \u00e0 eau BRITA ON TAP<\/h5>\n<p><a class=\"btn-default btn\" href=\"https:\/\/www.brita.ch\/dam\/jcr:499565c3-67bc-44d0-be69-fb90856d9861\/brita-on-tap-pro-v-mf_manual-INT.pdf\" target=\"_blank\" rel=\"noopener noreferrer\" download=\"\">T\u00e9l\u00e9charger maintenant<\/a><\/p>\n<\/div>\n","protected":false},"excerpt":{"rendered":"<p>Comprend 1 cartouche filtrante BRITA ON TAP V, plusieurs adaptateurs de robinet Un filtre au top \u00e0 fixer sur votre robinet de cuisine Montez-le sur n\u2019importe quel robinet et profitez d\u2019une bonne eau C\u2019est tellement simple ! Filtration de l\u2019eau en 4 \u00e9tapes pour un go\u00fbt plus naturel r\u00e9duit les compos\u00e9s traces de certains herbicides, [&#8230;]<\/p>\n<p><a class=\"btn btn-secondary understrap-read-more-link\" href=\"https:\/\/shop.brita.ch\/fr\/produit\/systeme-de-filtre-a-eau-on-tap-v\">Lire la suite&#8230;<\/a><\/p>\n","protected":false},"featured_media":12818,"template":"","meta":[],"product_brand":[],"product_cat":[23],"product_tag":[94,74,92],"class_list":{"0":"post-12815","1":"product","2":"type-product","3":"status-publish","4":"has-post-thumbnail","6":"product_cat-robinets","7":"product_tag-ontap-v-kompatibel","8":"product_tag-video","9":"product_tag-video-2","11":"first","12":"instock","13":"taxable","14":"shipping-taxable","15":"purchasable","16":"product-type-simple"},"yoast_head":"<!-- This site is optimized with the Yoast SEO plugin v26.7 - https:\/\/yoast.com\/wordpress\/plugins\/seo\/ -->\n<title>ON TAP : filtre pour robinet de cuisine | BRITA\u00ae<\/title>\n<meta name=\"description\" content=\"BRITA ON TAP \u2013 syst\u00e8me de filtration sur robinet. Pour une eau au go\u00fbt id\u00e9al. Installez et profitez, tout simplement. \u2705 Acheter.\" \/>\n<meta name=\"robots\" content=\"index, follow, max-snippet:-1, max-image-preview:large, max-video-preview:-1\" \/>\n<link rel=\"canonical\" href=\"https:\/\/shop.brita.ch\/fr\/produit\/systeme-de-filtre-a-eau-on-tap-v\" \/>\n<meta property=\"og:locale\" content=\"fr_FR\" \/>\n<meta property=\"og:type\" content=\"article\" \/>\n<meta property=\"og:title\" content=\"ON TAP : filtre pour robinet de cuisine | BRITA\u00ae\" \/>\n<meta property=\"og:description\" content=\"BRITA ON TAP \u2013 syst\u00e8me de filtration sur robinet. Pour une eau au go\u00fbt id\u00e9al. Installez et profitez, tout simplement. \u2705 Acheter.\" \/>\n<meta property=\"og:url\" content=\"https:\/\/shop.brita.ch\/fr\/produit\/systeme-de-filtre-a-eau-on-tap-v\" \/>\n<meta property=\"og:site_name\" content=\"BRITA\" \/>\n<meta property=\"article:publisher\" content=\"https:\/\/www.facebook.com\/BRITA.schweiz\" \/>\n<meta property=\"article:modified_time\" content=\"2026-04-27T20:11:07+00:00\" \/>\n<meta property=\"og:image\" content=\"https:\/\/shop.brita.ch\/fr\/wp-content\/uploads\/2023\/08\/brita-consumer-on-tap-v-water-filter-system-1564x1564-1.webp\" \/>\n\t<meta property=\"og:image:width\" content=\"1564\" \/>\n\t<meta property=\"og:image:height\" content=\"1564\" \/>\n\t<meta property=\"og:image:type\" content=\"image\/webp\" \/>\n<meta name=\"twitter:card\" content=\"summary_large_image\" \/>\n<meta name=\"twitter:label1\" content=\"Est. reading time\" \/>\n\t<meta name=\"twitter:data1\" content=\"2 minutes\" \/>\n<script type=\"application\/ld+json\" class=\"yoast-schema-graph\">{\"@context\":\"https:\/\/schema.org\",\"@graph\":[{\"@type\":\"WebPage\",\"@id\":\"https:\/\/shop.brita.ch\/fr\/produit\/systeme-de-filtre-a-eau-on-tap-v\",\"url\":\"https:\/\/shop.brita.ch\/fr\/produit\/systeme-de-filtre-a-eau-on-tap-v\",\"name\":\"ON TAP : filtre pour robinet de cuisine | BRITA\u00ae\",\"isPartOf\":{\"@id\":\"https:\/\/shop.brita.ch\/fr\/#website\"},\"primaryImageOfPage\":{\"@id\":\"https:\/\/shop.brita.ch\/fr\/produit\/systeme-de-filtre-a-eau-on-tap-v#primaryimage\"},\"image\":{\"@id\":\"https:\/\/shop.brita.ch\/fr\/produit\/systeme-de-filtre-a-eau-on-tap-v#primaryimage\"},\"thumbnailUrl\":\"\/fr\/wp-content\/uploads\/2023\/08\/brita-consumer-on-tap-v-water-filter-system-1564x1564-1.webp\",\"datePublished\":\"2023-08-08T10:56:49+00:00\",\"dateModified\":\"2026-04-27T20:11:07+00:00\",\"description\":\"BRITA ON TAP \u2013 syst\u00e8me de filtration sur robinet. Pour une eau au go\u00fbt id\u00e9al. Installez et profitez, tout simplement. \u2705 Acheter.\",\"breadcrumb\":{\"@id\":\"https:\/\/shop.brita.ch\/fr\/produit\/systeme-de-filtre-a-eau-on-tap-v#breadcrumb\"},\"inLanguage\":\"fr-FR\",\"potentialAction\":[{\"@type\":\"ReadAction\",\"target\":[\"https:\/\/shop.brita.ch\/fr\/produit\/systeme-de-filtre-a-eau-on-tap-v\"]}]},{\"@type\":\"ImageObject\",\"inLanguage\":\"fr-FR\",\"@id\":\"https:\/\/shop.brita.ch\/fr\/produit\/systeme-de-filtre-a-eau-on-tap-v#primaryimage\",\"url\":\"\/fr\/wp-content\/uploads\/2023\/08\/brita-consumer-on-tap-v-water-filter-system-1564x1564-1.webp\",\"contentUrl\":\"\/fr\/wp-content\/uploads\/2023\/08\/brita-consumer-on-tap-v-water-filter-system-1564x1564-1.webp\",\"width\":1564,\"height\":1564,\"caption\":\"BRITA ON TAP V\"},{\"@type\":\"BreadcrumbList\",\"@id\":\"https:\/\/shop.brita.ch\/fr\/produit\/systeme-de-filtre-a-eau-on-tap-v#breadcrumb\",\"itemListElement\":[{\"@type\":\"ListItem\",\"position\":1,\"name\":\"Page d'accueil\",\"item\":\"https:\/\/shop.brita.ch\/fr\/\"},{\"@type\":\"ListItem\",\"position\":2,\"name\":\"Produits\",\"item\":\"https:\/\/shop.brita.ch\/fr\/shop\"},{\"@type\":\"ListItem\",\"position\":3,\"name\":\"Syst\u00e8me de filtre \u00e0 eau BRITA ON TAP\"}]},{\"@type\":\"WebSite\",\"@id\":\"https:\/\/shop.brita.ch\/fr\/#website\",\"url\":\"https:\/\/shop.brita.ch\/fr\/\",\"name\":\"BRITA\u00ae\",\"description\":\"Filtrationsl\u00f6sungen\",\"publisher\":{\"@id\":\"https:\/\/shop.brita.ch\/fr\/#organization\"},\"potentialAction\":[{\"@type\":\"SearchAction\",\"target\":{\"@type\":\"EntryPoint\",\"urlTemplate\":\"https:\/\/shop.brita.ch\/fr\/?s={search_term_string}\"},\"query-input\":{\"@type\":\"PropertyValueSpecification\",\"valueRequired\":true,\"valueName\":\"search_term_string\"}}],\"inLanguage\":\"fr-FR\"},{\"@type\":\"Organization\",\"@id\":\"https:\/\/shop.brita.ch\/fr\/#organization\",\"name\":\"BRITA Wasserfilter-Systeme AG\",\"url\":\"https:\/\/shop.brita.ch\/fr\/\",\"logo\":{\"@type\":\"ImageObject\",\"inLanguage\":\"fr-FR\",\"@id\":\"https:\/\/shop.brita.ch\/fr\/#\/schema\/logo\/image\/\",\"url\":\"\/fr\/wp-content\/uploads\/2019\/02\/logo-1.jpg\",\"contentUrl\":\"\/fr\/wp-content\/uploads\/2019\/02\/logo-1.jpg\",\"width\":117,\"height\":86,\"caption\":\"BRITA Wasserfilter-Systeme AG\"},\"image\":{\"@id\":\"https:\/\/shop.brita.ch\/fr\/#\/schema\/logo\/image\/\"},\"sameAs\":[\"https:\/\/www.facebook.com\/BRITA.schweiz\",\"https:\/\/www.instagram.com\/brita.schweiz\/\",\"https:\/\/de.linkedin.com\/company\/brita-gmbh\",\"https:\/\/www.youtube.com\/playlist?list=PLzhwO6-T9BJ7PNjKrGsSpVLHGT1s3xUoy\"]}]}<\/script>\n<!-- \/ Yoast SEO plugin. -->","yoast_head_json":{"title":"ON TAP : filtre pour robinet de cuisine | BRITA\u00ae","description":"BRITA ON TAP \u2013 syst\u00e8me de filtration sur robinet. Pour une eau au go\u00fbt id\u00e9al. Installez et profitez, tout simplement. \u2705 Acheter.","robots":{"index":"index","follow":"follow","max-snippet":"max-snippet:-1","max-image-preview":"max-image-preview:large","max-video-preview":"max-video-preview:-1"},"canonical":"https:\/\/shop.brita.ch\/fr\/produit\/systeme-de-filtre-a-eau-on-tap-v","og_locale":"fr_FR","og_type":"article","og_title":"ON TAP : filtre pour robinet de cuisine | BRITA\u00ae","og_description":"BRITA ON TAP \u2013 syst\u00e8me de filtration sur robinet. Pour une eau au go\u00fbt id\u00e9al. Installez et profitez, tout simplement. \u2705 Acheter.","og_url":"https:\/\/shop.brita.ch\/fr\/produit\/systeme-de-filtre-a-eau-on-tap-v","og_site_name":"BRITA","article_publisher":"https:\/\/www.facebook.com\/BRITA.schweiz","article_modified_time":"2026-04-27T20:11:07+00:00","og_image":[{"width":1564,"height":1564,"url":"https:\/\/shop.brita.ch\/fr\/wp-content\/uploads\/2023\/08\/brita-consumer-on-tap-v-water-filter-system-1564x1564-1.webp","type":"image\/webp"}],"twitter_card":"summary_large_image","twitter_misc":{"Est. reading time":"2 minutes"},"schema":{"@context":"https:\/\/schema.org","@graph":[{"@type":"WebPage","@id":"https:\/\/shop.brita.ch\/fr\/produit\/systeme-de-filtre-a-eau-on-tap-v","url":"https:\/\/shop.brita.ch\/fr\/produit\/systeme-de-filtre-a-eau-on-tap-v","name":"ON TAP : filtre pour robinet de cuisine | BRITA\u00ae","isPartOf":{"@id":"https:\/\/shop.brita.ch\/fr\/#website"},"primaryImageOfPage":{"@id":"https:\/\/shop.brita.ch\/fr\/produit\/systeme-de-filtre-a-eau-on-tap-v#primaryimage"},"image":{"@id":"https:\/\/shop.brita.ch\/fr\/produit\/systeme-de-filtre-a-eau-on-tap-v#primaryimage"},"thumbnailUrl":"\/fr\/wp-content\/uploads\/2023\/08\/brita-consumer-on-tap-v-water-filter-system-1564x1564-1.webp","datePublished":"2023-08-08T10:56:49+00:00","dateModified":"2026-04-27T20:11:07+00:00","description":"BRITA ON TAP \u2013 syst\u00e8me de filtration sur robinet. Pour une eau au go\u00fbt id\u00e9al. Installez et profitez, tout simplement. \u2705 Acheter.","breadcrumb":{"@id":"https:\/\/shop.brita.ch\/fr\/produit\/systeme-de-filtre-a-eau-on-tap-v#breadcrumb"},"inLanguage":"fr-FR","potentialAction":[{"@type":"ReadAction","target":["https:\/\/shop.brita.ch\/fr\/produit\/systeme-de-filtre-a-eau-on-tap-v"]}]},{"@type":"ImageObject","inLanguage":"fr-FR","@id":"https:\/\/shop.brita.ch\/fr\/produit\/systeme-de-filtre-a-eau-on-tap-v#primaryimage","url":"\/fr\/wp-content\/uploads\/2023\/08\/brita-consumer-on-tap-v-water-filter-system-1564x1564-1.webp","contentUrl":"\/fr\/wp-content\/uploads\/2023\/08\/brita-consumer-on-tap-v-water-filter-system-1564x1564-1.webp","width":1564,"height":1564,"caption":"BRITA ON TAP V"},{"@type":"BreadcrumbList","@id":"https:\/\/shop.brita.ch\/fr\/produit\/systeme-de-filtre-a-eau-on-tap-v#breadcrumb","itemListElement":[{"@type":"ListItem","position":1,"name":"Page d'accueil","item":"https:\/\/shop.brita.ch\/fr\/"},{"@type":"ListItem","position":2,"name":"Produits","item":"https:\/\/shop.brita.ch\/fr\/shop"},{"@type":"ListItem","position":3,"name":"Syst\u00e8me de filtre \u00e0 eau BRITA ON TAP"}]},{"@type":"WebSite","@id":"https:\/\/shop.brita.ch\/fr\/#website","url":"https:\/\/shop.brita.ch\/fr\/","name":"BRITA\u00ae","description":"Filtrationsl\u00f6sungen","publisher":{"@id":"https:\/\/shop.brita.ch\/fr\/#organization"},"potentialAction":[{"@type":"SearchAction","target":{"@type":"EntryPoint","urlTemplate":"https:\/\/shop.brita.ch\/fr\/?s={search_term_string}"},"query-input":{"@type":"PropertyValueSpecification","valueRequired":true,"valueName":"search_term_string"}}],"inLanguage":"fr-FR"},{"@type":"Organization","@id":"https:\/\/shop.brita.ch\/fr\/#organization","name":"BRITA Wasserfilter-Systeme AG","url":"https:\/\/shop.brita.ch\/fr\/","logo":{"@type":"ImageObject","inLanguage":"fr-FR","@id":"https:\/\/shop.brita.ch\/fr\/#\/schema\/logo\/image\/","url":"\/fr\/wp-content\/uploads\/2019\/02\/logo-1.jpg","contentUrl":"\/fr\/wp-content\/uploads\/2019\/02\/logo-1.jpg","width":117,"height":86,"caption":"BRITA Wasserfilter-Systeme AG"},"image":{"@id":"https:\/\/shop.brita.ch\/fr\/#\/schema\/logo\/image\/"},"sameAs":["https:\/\/www.facebook.com\/BRITA.schweiz","https:\/\/www.instagram.com\/brita.schweiz\/","https:\/\/de.linkedin.com\/company\/brita-gmbh","https:\/\/www.youtube.com\/playlist?list=PLzhwO6-T9BJ7PNjKrGsSpVLHGT1s3xUoy"]}]}},"_links":{"self":[{"href":"https:\/\/shop.brita.ch\/fr\/wp-json\/wp\/v2\/product\/12815","targetHints":{"allow":["GET"]}}],"collection":[{"href":"https:\/\/shop.brita.ch\/fr\/wp-json\/wp\/v2\/product"}],"about":[{"href":"https:\/\/shop.brita.ch\/fr\/wp-json\/wp\/v2\/types\/product"}],"wp:featuredmedia":[{"embeddable":true,"href":"https:\/\/shop.brita.ch\/fr\/wp-json\/wp\/v2\/media\/12818"}],"wp:attachment":[{"href":"https:\/\/shop.brita.ch\/fr\/wp-json\/wp\/v2\/media?parent=12815"}],"wp:term":[{"taxonomy":"product_brand","embeddable":true,"href":"https:\/\/shop.brita.ch\/fr\/wp-json\/wp\/v2\/product_brand?post=12815"},{"taxonomy":"product_cat","embeddable":true,"href":"https:\/\/shop.brita.ch\/fr\/wp-json\/wp\/v2\/product_cat?post=12815"},{"taxonomy":"product_tag","embeddable":true,"href":"https:\/\/shop.brita.ch\/fr\/wp-json\/wp\/v2\/product_tag?post=12815"}],"curies":[{"name":"wp","href":"https:\/\/api.w.org\/{rel}","templated":true}]}}