{"id":12688,"date":"2023-06-21T15:24:27","date_gmt":"2023-06-21T13:24:27","guid":{"rendered":"https:\/\/shop.brita.ch\/fr\/?post_type=product&#038;p=12688"},"modified":"2024-07-30T10:14:29","modified_gmt":"2024-07-30T08:14:29","slug":"gazeificateur-deau-sodatrio-pro-noir","status":"publish","type":"product","link":"https:\/\/shop.brita.ch\/fr\/produit\/gazeificateur-deau-sodatrio-pro-noir","title":{"rendered":"Gaz\u00e9ificateur d&#8217;eau BRITA sodaTRIO pro"},"content":{"rendered":"<ul class=\"product-facts\">\n<li>Avec des bouteilles pour toutes les occasions : en verre ou en acier inoxydable<\/li>\n<li>Un mod\u00e8le s\u00e9duisant : tous les avantages du gaz\u00e9ificateur d&#8217;eau sodaTRIO et un acier inoxydable de qualit\u00e9<\/li>\n<li>Le gaz\u00e9ificateur d&#8217;eau durable remplace jusqu&#8217;\u00e0 60 bouteilles en plastique (1 litre), pr\u00e9serve l&#8217;environnement et vous \u00e9vite le transport de lourdes bouteilles<\/li>\n<li>Une d\u00e9licieuse eau p\u00e9tillante, obtenue d\u2019une simple pression : choisissez votre niveau de gaz\u00e9ification pr\u00e9f\u00e9r\u00e9<\/li>\n<li>Syst\u00e8me \u00e0 visser universel : compatible avec les cylindres de CO2 en vente dans le commerce<\/li>\n<li>Simples d\u2019utilisation : placez la bouteille, vissez le cylindre et obtenez instantan\u00e9ment une eau \u00e0 votre go\u00fbt<\/li>\n<li>Facile d\u2019entretien : buse amovible et grille de r\u00e9cup\u00e9ration en acier inoxydable aimant\u00e9<\/li>\n<li>Placement libre: pas besoin de prise \u00e9lectrique<\/li>\n<li>Design moderne et peu encombrant<\/li>\n<li>Dimensions (I x H x P) : 12,6 x 44,3 x 23,1 cm<\/li>\n<li>Recommand\u00e9 pour la filtration de l&#8217;eau avec une carafe filtrante BRITA pour profiter de tous les avantages et de l&#8217;expertise de BRITA<\/li>\n<\/ul>\n<p><strong>Comprend : 1 adaptateur de bouteille BRITA, 1 cylindre de CO2 BRITA, 1 bouteille en verre, 1 grande bouteille en inox, noire<\/strong><\/p>\n<div class=\"mb-5 dl-btn\"><a class=\"btn-default btn\" href=\"https:\/\/www.brita.ch\/dam\/jcr:0f2e2e52-4f89-4242-8677-9440454852c5\/brita-sparkling-water-maker-instruction-manual-sodaTRIO.pdf\" target=\"_blank\" rel=\"noopener noreferrer\">T\u00e9l\u00e9charger maintenant<\/a><\/div>\n","protected":false},"excerpt":{"rendered":"<p>Comprend : 1 adaptateur de bouteille BRITA, 1 cylindre de CO2 BRITA, 1 bouteille en verre, 1 grande bouteille en inox, noire [&#8230;]<\/p>\n<p><a class=\"btn btn-secondary understrap-read-more-link\" href=\"https:\/\/shop.brita.ch\/fr\/produit\/gazeificateur-deau-sodatrio-pro-noir\">Lire la suite&#8230;<\/a><\/p>\n","protected":false},"featured_media":12871,"template":"","meta":[],"product_brand":[],"product_cat":[20],"product_tag":[74],"class_list":{"0":"post-12688","1":"product","2":"type-product","3":"status-publish","4":"has-post-thumbnail","6":"product_cat-unkategorisiert","7":"product_tag-video","9":"first","10":"outofstock","11":"taxable","12":"shipping-taxable","13":"purchasable","14":"product-type-simple"},"yoast_head":"<!-- This site is optimized with the Yoast SEO plugin v26.7 - https:\/\/yoast.com\/wordpress\/plugins\/seo\/ -->\n<title>sodaTRIO pro gaz\u00e9ificateur d&#039;eau acier inoxydable | BRITA\u00ae<\/title>\n<meta name=\"description\" content=\"BRITA sodaTRIO pro, un gaz\u00e9ificateur d&#039;eau de qualit\u00e9 et des bouteilles toujours adapt\u00e9es. Que vous soyez \u00e0 la maison ou en d\u00e9placement. Acheter\" \/>\n<meta name=\"robots\" content=\"index, follow, max-snippet:-1, max-image-preview:large, max-video-preview:-1\" \/>\n<link rel=\"canonical\" href=\"https:\/\/shop.brita.ch\/fr\/produit\/gazeificateur-deau-sodatrio-pro-noir\" \/>\n<meta property=\"og:locale\" content=\"fr_FR\" \/>\n<meta property=\"og:type\" content=\"article\" \/>\n<meta property=\"og:title\" content=\"sodaTRIO pro gaz\u00e9ificateur d&#039;eau acier inoxydable | BRITA\u00ae\" \/>\n<meta property=\"og:description\" content=\"BRITA sodaTRIO pro, un gaz\u00e9ificateur d&#039;eau de qualit\u00e9 et des bouteilles toujours adapt\u00e9es. Que vous soyez \u00e0 la maison ou en d\u00e9placement. Acheter\" \/>\n<meta property=\"og:url\" content=\"https:\/\/shop.brita.ch\/fr\/produit\/gazeificateur-deau-sodatrio-pro-noir\" \/>\n<meta property=\"og:site_name\" content=\"BRITA\" \/>\n<meta property=\"article:publisher\" content=\"https:\/\/www.facebook.com\/BRITA.schweiz\" \/>\n<meta property=\"article:modified_time\" content=\"2024-07-30T08:14:29+00:00\" \/>\n<meta property=\"og:image\" content=\"https:\/\/shop.brita.ch\/fr\/wp-content\/uploads\/2023\/06\/brita-consumerbrita-consumer-sodaTRIO-pro-sparkling-water-maker-accessories-glasplusblack-1564x1564-1.webp\" \/>\n\t<meta property=\"og:image:width\" content=\"1564\" \/>\n\t<meta property=\"og:image:height\" content=\"1564\" \/>\n\t<meta property=\"og:image:type\" content=\"image\/webp\" \/>\n<meta name=\"twitter:card\" content=\"summary_large_image\" \/>\n<meta name=\"twitter:label1\" content=\"Est. reading time\" \/>\n\t<meta name=\"twitter:data1\" content=\"1 minute\" \/>\n<script type=\"application\/ld+json\" class=\"yoast-schema-graph\">{\"@context\":\"https:\/\/schema.org\",\"@graph\":[{\"@type\":\"WebPage\",\"@id\":\"https:\/\/shop.brita.ch\/fr\/produit\/gazeificateur-deau-sodatrio-pro-noir\",\"url\":\"https:\/\/shop.brita.ch\/fr\/produit\/gazeificateur-deau-sodatrio-pro-noir\",\"name\":\"sodaTRIO pro gaz\u00e9ificateur d'eau acier inoxydable | BRITA\u00ae\",\"isPartOf\":{\"@id\":\"https:\/\/shop.brita.ch\/fr\/#website\"},\"primaryImageOfPage\":{\"@id\":\"https:\/\/shop.brita.ch\/fr\/produit\/gazeificateur-deau-sodatrio-pro-noir#primaryimage\"},\"image\":{\"@id\":\"https:\/\/shop.brita.ch\/fr\/produit\/gazeificateur-deau-sodatrio-pro-noir#primaryimage\"},\"thumbnailUrl\":\"\/fr\/wp-content\/uploads\/2023\/06\/brita-consumerbrita-consumer-sodaTRIO-pro-sparkling-water-maker-accessories-glasplusblack-1564x1564-1.webp\",\"datePublished\":\"2023-06-21T13:24:27+00:00\",\"dateModified\":\"2024-07-30T08:14:29+00:00\",\"description\":\"BRITA sodaTRIO pro, un gaz\u00e9ificateur d'eau de qualit\u00e9 et des bouteilles toujours adapt\u00e9es. Que vous soyez \u00e0 la maison ou en d\u00e9placement. Acheter\",\"breadcrumb\":{\"@id\":\"https:\/\/shop.brita.ch\/fr\/produit\/gazeificateur-deau-sodatrio-pro-noir#breadcrumb\"},\"inLanguage\":\"fr-FR\",\"potentialAction\":[{\"@type\":\"ReadAction\",\"target\":[\"https:\/\/shop.brita.ch\/fr\/produit\/gazeificateur-deau-sodatrio-pro-noir\"]}]},{\"@type\":\"ImageObject\",\"inLanguage\":\"fr-FR\",\"@id\":\"https:\/\/shop.brita.ch\/fr\/produit\/gazeificateur-deau-sodatrio-pro-noir#primaryimage\",\"url\":\"\/fr\/wp-content\/uploads\/2023\/06\/brita-consumerbrita-consumer-sodaTRIO-pro-sparkling-water-maker-accessories-glasplusblack-1564x1564-1.webp\",\"contentUrl\":\"\/fr\/wp-content\/uploads\/2023\/06\/brita-consumerbrita-consumer-sodaTRIO-pro-sparkling-water-maker-accessories-glasplusblack-1564x1564-1.webp\",\"width\":1564,\"height\":1564,\"caption\":\"sodaTRIO Pro\"},{\"@type\":\"BreadcrumbList\",\"@id\":\"https:\/\/shop.brita.ch\/fr\/produit\/gazeificateur-deau-sodatrio-pro-noir#breadcrumb\",\"itemListElement\":[{\"@type\":\"ListItem\",\"position\":1,\"name\":\"Page d'accueil\",\"item\":\"https:\/\/shop.brita.ch\/fr\/\"},{\"@type\":\"ListItem\",\"position\":2,\"name\":\"Produits\",\"item\":\"https:\/\/shop.brita.ch\/fr\/shop\"},{\"@type\":\"ListItem\",\"position\":3,\"name\":\"Gaz\u00e9ificateur d&#8217;eau BRITA sodaTRIO pro\"}]},{\"@type\":\"WebSite\",\"@id\":\"https:\/\/shop.brita.ch\/fr\/#website\",\"url\":\"https:\/\/shop.brita.ch\/fr\/\",\"name\":\"BRITA\u00ae\",\"description\":\"Filtrationsl\u00f6sungen\",\"publisher\":{\"@id\":\"https:\/\/shop.brita.ch\/fr\/#organization\"},\"potentialAction\":[{\"@type\":\"SearchAction\",\"target\":{\"@type\":\"EntryPoint\",\"urlTemplate\":\"https:\/\/shop.brita.ch\/fr\/?s={search_term_string}\"},\"query-input\":{\"@type\":\"PropertyValueSpecification\",\"valueRequired\":true,\"valueName\":\"search_term_string\"}}],\"inLanguage\":\"fr-FR\"},{\"@type\":\"Organization\",\"@id\":\"https:\/\/shop.brita.ch\/fr\/#organization\",\"name\":\"BRITA Wasserfilter-Systeme AG\",\"url\":\"https:\/\/shop.brita.ch\/fr\/\",\"logo\":{\"@type\":\"ImageObject\",\"inLanguage\":\"fr-FR\",\"@id\":\"https:\/\/shop.brita.ch\/fr\/#\/schema\/logo\/image\/\",\"url\":\"\/fr\/wp-content\/uploads\/2019\/02\/logo-1.jpg\",\"contentUrl\":\"\/fr\/wp-content\/uploads\/2019\/02\/logo-1.jpg\",\"width\":117,\"height\":86,\"caption\":\"BRITA Wasserfilter-Systeme AG\"},\"image\":{\"@id\":\"https:\/\/shop.brita.ch\/fr\/#\/schema\/logo\/image\/\"},\"sameAs\":[\"https:\/\/www.facebook.com\/BRITA.schweiz\",\"https:\/\/www.instagram.com\/brita.schweiz\/\",\"https:\/\/de.linkedin.com\/company\/brita-gmbh\",\"https:\/\/www.youtube.com\/playlist?list=PLzhwO6-T9BJ7PNjKrGsSpVLHGT1s3xUoy\"]}]}<\/script>\n<!-- \/ Yoast SEO plugin. -->","yoast_head_json":{"title":"sodaTRIO pro gaz\u00e9ificateur d'eau acier inoxydable | BRITA\u00ae","description":"BRITA sodaTRIO pro, un gaz\u00e9ificateur d'eau de qualit\u00e9 et des bouteilles toujours adapt\u00e9es. Que vous soyez \u00e0 la maison ou en d\u00e9placement. Acheter","robots":{"index":"index","follow":"follow","max-snippet":"max-snippet:-1","max-image-preview":"max-image-preview:large","max-video-preview":"max-video-preview:-1"},"canonical":"https:\/\/shop.brita.ch\/fr\/produit\/gazeificateur-deau-sodatrio-pro-noir","og_locale":"fr_FR","og_type":"article","og_title":"sodaTRIO pro gaz\u00e9ificateur d'eau acier inoxydable | BRITA\u00ae","og_description":"BRITA sodaTRIO pro, un gaz\u00e9ificateur d'eau de qualit\u00e9 et des bouteilles toujours adapt\u00e9es. Que vous soyez \u00e0 la maison ou en d\u00e9placement. Acheter","og_url":"https:\/\/shop.brita.ch\/fr\/produit\/gazeificateur-deau-sodatrio-pro-noir","og_site_name":"BRITA","article_publisher":"https:\/\/www.facebook.com\/BRITA.schweiz","article_modified_time":"2024-07-30T08:14:29+00:00","og_image":[{"width":1564,"height":1564,"url":"https:\/\/shop.brita.ch\/fr\/wp-content\/uploads\/2023\/06\/brita-consumerbrita-consumer-sodaTRIO-pro-sparkling-water-maker-accessories-glasplusblack-1564x1564-1.webp","type":"image\/webp"}],"twitter_card":"summary_large_image","twitter_misc":{"Est. reading time":"1 minute"},"schema":{"@context":"https:\/\/schema.org","@graph":[{"@type":"WebPage","@id":"https:\/\/shop.brita.ch\/fr\/produit\/gazeificateur-deau-sodatrio-pro-noir","url":"https:\/\/shop.brita.ch\/fr\/produit\/gazeificateur-deau-sodatrio-pro-noir","name":"sodaTRIO pro gaz\u00e9ificateur d'eau acier inoxydable | BRITA\u00ae","isPartOf":{"@id":"https:\/\/shop.brita.ch\/fr\/#website"},"primaryImageOfPage":{"@id":"https:\/\/shop.brita.ch\/fr\/produit\/gazeificateur-deau-sodatrio-pro-noir#primaryimage"},"image":{"@id":"https:\/\/shop.brita.ch\/fr\/produit\/gazeificateur-deau-sodatrio-pro-noir#primaryimage"},"thumbnailUrl":"\/fr\/wp-content\/uploads\/2023\/06\/brita-consumerbrita-consumer-sodaTRIO-pro-sparkling-water-maker-accessories-glasplusblack-1564x1564-1.webp","datePublished":"2023-06-21T13:24:27+00:00","dateModified":"2024-07-30T08:14:29+00:00","description":"BRITA sodaTRIO pro, un gaz\u00e9ificateur d'eau de qualit\u00e9 et des bouteilles toujours adapt\u00e9es. Que vous soyez \u00e0 la maison ou en d\u00e9placement. Acheter","breadcrumb":{"@id":"https:\/\/shop.brita.ch\/fr\/produit\/gazeificateur-deau-sodatrio-pro-noir#breadcrumb"},"inLanguage":"fr-FR","potentialAction":[{"@type":"ReadAction","target":["https:\/\/shop.brita.ch\/fr\/produit\/gazeificateur-deau-sodatrio-pro-noir"]}]},{"@type":"ImageObject","inLanguage":"fr-FR","@id":"https:\/\/shop.brita.ch\/fr\/produit\/gazeificateur-deau-sodatrio-pro-noir#primaryimage","url":"\/fr\/wp-content\/uploads\/2023\/06\/brita-consumerbrita-consumer-sodaTRIO-pro-sparkling-water-maker-accessories-glasplusblack-1564x1564-1.webp","contentUrl":"\/fr\/wp-content\/uploads\/2023\/06\/brita-consumerbrita-consumer-sodaTRIO-pro-sparkling-water-maker-accessories-glasplusblack-1564x1564-1.webp","width":1564,"height":1564,"caption":"sodaTRIO Pro"},{"@type":"BreadcrumbList","@id":"https:\/\/shop.brita.ch\/fr\/produit\/gazeificateur-deau-sodatrio-pro-noir#breadcrumb","itemListElement":[{"@type":"ListItem","position":1,"name":"Page d'accueil","item":"https:\/\/shop.brita.ch\/fr\/"},{"@type":"ListItem","position":2,"name":"Produits","item":"https:\/\/shop.brita.ch\/fr\/shop"},{"@type":"ListItem","position":3,"name":"Gaz\u00e9ificateur d&#8217;eau BRITA sodaTRIO pro"}]},{"@type":"WebSite","@id":"https:\/\/shop.brita.ch\/fr\/#website","url":"https:\/\/shop.brita.ch\/fr\/","name":"BRITA\u00ae","description":"Filtrationsl\u00f6sungen","publisher":{"@id":"https:\/\/shop.brita.ch\/fr\/#organization"},"potentialAction":[{"@type":"SearchAction","target":{"@type":"EntryPoint","urlTemplate":"https:\/\/shop.brita.ch\/fr\/?s={search_term_string}"},"query-input":{"@type":"PropertyValueSpecification","valueRequired":true,"valueName":"search_term_string"}}],"inLanguage":"fr-FR"},{"@type":"Organization","@id":"https:\/\/shop.brita.ch\/fr\/#organization","name":"BRITA Wasserfilter-Systeme AG","url":"https:\/\/shop.brita.ch\/fr\/","logo":{"@type":"ImageObject","inLanguage":"fr-FR","@id":"https:\/\/shop.brita.ch\/fr\/#\/schema\/logo\/image\/","url":"\/fr\/wp-content\/uploads\/2019\/02\/logo-1.jpg","contentUrl":"\/fr\/wp-content\/uploads\/2019\/02\/logo-1.jpg","width":117,"height":86,"caption":"BRITA Wasserfilter-Systeme AG"},"image":{"@id":"https:\/\/shop.brita.ch\/fr\/#\/schema\/logo\/image\/"},"sameAs":["https:\/\/www.facebook.com\/BRITA.schweiz","https:\/\/www.instagram.com\/brita.schweiz\/","https:\/\/de.linkedin.com\/company\/brita-gmbh","https:\/\/www.youtube.com\/playlist?list=PLzhwO6-T9BJ7PNjKrGsSpVLHGT1s3xUoy"]}]}},"_links":{"self":[{"href":"https:\/\/shop.brita.ch\/fr\/wp-json\/wp\/v2\/product\/12688","targetHints":{"allow":["GET"]}}],"collection":[{"href":"https:\/\/shop.brita.ch\/fr\/wp-json\/wp\/v2\/product"}],"about":[{"href":"https:\/\/shop.brita.ch\/fr\/wp-json\/wp\/v2\/types\/product"}],"wp:featuredmedia":[{"embeddable":true,"href":"https:\/\/shop.brita.ch\/fr\/wp-json\/wp\/v2\/media\/12871"}],"wp:attachment":[{"href":"https:\/\/shop.brita.ch\/fr\/wp-json\/wp\/v2\/media?parent=12688"}],"wp:term":[{"taxonomy":"product_brand","embeddable":true,"href":"https:\/\/shop.brita.ch\/fr\/wp-json\/wp\/v2\/product_brand?post=12688"},{"taxonomy":"product_cat","embeddable":true,"href":"https:\/\/shop.brita.ch\/fr\/wp-json\/wp\/v2\/product_cat?post=12688"},{"taxonomy":"product_tag","embeddable":true,"href":"https:\/\/shop.brita.ch\/fr\/wp-json\/wp\/v2\/product_tag?post=12688"}],"curies":[{"name":"wp","href":"https:\/\/api.w.org\/{rel}","templated":true}]}}