{"id":12318,"date":"2023-04-19T13:17:08","date_gmt":"2023-04-19T11:17:08","guid":{"rendered":"https:\/\/shop.brita.ch\/fr\/?post_type=product&#038;p=12318"},"modified":"2026-03-16T12:13:56","modified_gmt":"2026-03-16T11:13:56","slug":"maxtra-pro-pure-performance-pack-de-cartouches-filtrantes","status":"publish","type":"product","link":"https:\/\/shop.brita.ch\/fr\/produit\/maxtra-pro-pure-performance-pack-de-cartouches-filtrantes","title":{"rendered":"BRITA MAXTRA PRO Pure Performance cartouches filtrantes"},"content":{"rendered":"<ul class=\"product-facts\">\n<li>Fournit une eau d\u00e9licieuse fra\u00eechement filtr\u00e9e<\/li>\n<li>Pour les r\u00e9gions o\u00f9 l\u2019eau est douce \u00e0 moyennement dure<\/li>\n<li>Le plaisir d\u2019une eau pure, au go\u00fbt agr\u00e9able: BRITA MAXTRA PRO Pure Performance filtre les impuret\u00e9s du monde d\u2019aujourd\u2019hui, comme certains herbicides, pesticides, r\u00e9sidus m\u00e9dicamenteux<sup>1<\/sup> et PFAS<sup>2<\/sup><\/li>\n<li>R\u00e9duit la teneur en substances alt\u00e9rant le go\u00fbt, comme le chlore<\/li>\n<li>Pour les r\u00e9gions o\u00f9 l\u2019eau du robinet est douce \u00e0 dure<\/li>\n<li>R\u00e9duit la teneur en chlore, plomb et cuivre<\/li>\n<li>Haute performance: maillage ultrafin retenant les petites particules, id\u00e9al pour les canalisations anciennes<\/li>\n<li>Plus durables que jamais: couvercle et corps compos\u00e9s \u00e0 50% de mat\u00e9riaux biosourc\u00e9s (m\u00e9thode du bilan massique) et recyclables, gr\u00e2ce au programme de recyclage BRITA<\/li>\n<li>La MicroFlow Technology assure une filtration tr\u00e8s efficace<\/li>\n<li>1 cartouche filtrante MAXTRA PRO Pure Performance remplace jusqu\u2019\u00e0 150 bouteilles d\u2019eau en plastique (1 litre)<\/li>\n<li>Compatible avec toutes les carafes filtrantes BRITA<\/li>\n<li>Qualit\u00e9 et design: fabriqu\u00e9es en Allemagne, avec passion et exp\u00e9rience, depuis 1966<\/li>\n<\/ul>\n<p class=\"text-muted\" style=\"line-height: 1em;\"><small><br \/>\n<sup>*<\/sup> Couvercle et corps (bilan massique)<br \/>\n<sup>1<\/sup> Si pr\u00e9sents dans l\u2019eau potable<br \/>\n<sup>2<\/sup> Comme les PFOS\/PFOA (produits chimiques persistants). Certifi\u00e9e conforme aux normes JWPAS B.210 et NSF\/ANSI 53<br \/>\n<\/small><\/p>\n","protected":false},"excerpt":{"rendered":"<p>De l\u2019eau fra\u00eeche, pour le corps et l\u2019esprit. [&#8230;]<\/p>\n<p><a class=\"btn btn-secondary understrap-read-more-link\" href=\"https:\/\/shop.brita.ch\/fr\/produit\/maxtra-pro-pure-performance-pack-de-cartouches-filtrantes\">Lire la suite&#8230;<\/a><\/p>\n","protected":false},"featured_media":15723,"template":"","meta":[],"product_brand":[],"product_cat":[27,83],"product_tag":[89,47,74],"class_list":{"0":"post-12318","1":"product","2":"type-product","3":"status-publish","4":"has-post-thumbnail","6":"product_cat-cartouches-filtrantes","7":"product_cat-twf","8":"product_tag-filterfinder","9":"product_tag-pitcher","10":"product_tag-video","12":"first","13":"instock","14":"taxable","15":"shipping-taxable","16":"purchasable","17":"product-type-variable","18":"has-default-attributes"},"yoast_head":"<!-- This site is optimized with the Yoast SEO plugin v26.7 - https:\/\/yoast.com\/wordpress\/plugins\/seo\/ -->\n<title>MAXTRA PRO Pure Performance pack de cartouches I BRITA\u00ae<\/title>\n<meta name=\"description\" content=\"BRITA MAXTRA PRO Pure Performance pack avantage de cartouches pour boissons chaudes et froides. Pour les r\u00e9gions o\u00f9 l\u2019eau est douce \u00e0 dure. Acheter maintenant\" \/>\n<meta name=\"robots\" content=\"index, follow, max-snippet:-1, max-image-preview:large, max-video-preview:-1\" \/>\n<link rel=\"canonical\" href=\"https:\/\/shop.brita.ch\/fr\/produit\/maxtra-pro-pure-performance-pack-de-cartouches-filtrantes\" \/>\n<meta property=\"og:locale\" content=\"fr_FR\" \/>\n<meta property=\"og:type\" content=\"article\" \/>\n<meta property=\"og:title\" content=\"MAXTRA PRO Pure Performance pack de cartouches I BRITA\u00ae\" \/>\n<meta property=\"og:description\" content=\"BRITA MAXTRA PRO Pure Performance pack avantage de cartouches pour boissons chaudes et froides. Pour les r\u00e9gions o\u00f9 l\u2019eau est douce \u00e0 dure. Acheter maintenant\" \/>\n<meta property=\"og:url\" content=\"https:\/\/shop.brita.ch\/fr\/produit\/maxtra-pro-pure-performance-pack-de-cartouches-filtrantes\" \/>\n<meta property=\"og:site_name\" content=\"BRITA\" \/>\n<meta property=\"article:publisher\" content=\"https:\/\/www.facebook.com\/BRITA.schweiz\" \/>\n<meta property=\"article:modified_time\" content=\"2026-03-16T11:13:56+00:00\" \/>\n<meta property=\"og:image\" content=\"https:\/\/shop.brita.ch\/fr\/wp-content\/uploads\/2023\/04\/2025_Refill_MXproCartridge_Pure_Performance_Perspective_mit_Schatten_1024x1024.png\" \/>\n\t<meta property=\"og:image:width\" content=\"1024\" \/>\n\t<meta property=\"og:image:height\" content=\"1024\" \/>\n\t<meta property=\"og:image:type\" content=\"image\/png\" \/>\n<meta name=\"twitter:card\" content=\"summary_large_image\" \/>\n<meta name=\"twitter:label1\" content=\"Est. reading time\" \/>\n\t<meta name=\"twitter:data1\" content=\"2 minutes\" \/>\n<script type=\"application\/ld+json\" class=\"yoast-schema-graph\">{\"@context\":\"https:\/\/schema.org\",\"@graph\":[{\"@type\":\"WebPage\",\"@id\":\"https:\/\/shop.brita.ch\/fr\/produit\/maxtra-pro-pure-performance-pack-de-cartouches-filtrantes\",\"url\":\"https:\/\/shop.brita.ch\/fr\/produit\/maxtra-pro-pure-performance-pack-de-cartouches-filtrantes\",\"name\":\"MAXTRA PRO Pure Performance pack de cartouches I BRITA\u00ae\",\"isPartOf\":{\"@id\":\"https:\/\/shop.brita.ch\/fr\/#website\"},\"primaryImageOfPage\":{\"@id\":\"https:\/\/shop.brita.ch\/fr\/produit\/maxtra-pro-pure-performance-pack-de-cartouches-filtrantes#primaryimage\"},\"image\":{\"@id\":\"https:\/\/shop.brita.ch\/fr\/produit\/maxtra-pro-pure-performance-pack-de-cartouches-filtrantes#primaryimage\"},\"thumbnailUrl\":\"\/fr\/wp-content\/uploads\/2023\/04\/2025_Refill_MXproCartridge_Pure_Performance_Perspective_mit_Schatten_1024x1024.png\",\"datePublished\":\"2023-04-19T11:17:08+00:00\",\"dateModified\":\"2026-03-16T11:13:56+00:00\",\"description\":\"BRITA MAXTRA PRO Pure Performance pack avantage de cartouches pour boissons chaudes et froides. Pour les r\u00e9gions o\u00f9 l\u2019eau est douce \u00e0 dure. Acheter maintenant\",\"breadcrumb\":{\"@id\":\"https:\/\/shop.brita.ch\/fr\/produit\/maxtra-pro-pure-performance-pack-de-cartouches-filtrantes#breadcrumb\"},\"inLanguage\":\"fr-FR\",\"potentialAction\":[{\"@type\":\"ReadAction\",\"target\":[\"https:\/\/shop.brita.ch\/fr\/produit\/maxtra-pro-pure-performance-pack-de-cartouches-filtrantes\"]}]},{\"@type\":\"ImageObject\",\"inLanguage\":\"fr-FR\",\"@id\":\"https:\/\/shop.brita.ch\/fr\/produit\/maxtra-pro-pure-performance-pack-de-cartouches-filtrantes#primaryimage\",\"url\":\"\/fr\/wp-content\/uploads\/2023\/04\/2025_Refill_MXproCartridge_Pure_Performance_Perspective_mit_Schatten_1024x1024.png\",\"contentUrl\":\"\/fr\/wp-content\/uploads\/2023\/04\/2025_Refill_MXproCartridge_Pure_Performance_Perspective_mit_Schatten_1024x1024.png\",\"width\":1024,\"height\":1024},{\"@type\":\"BreadcrumbList\",\"@id\":\"https:\/\/shop.brita.ch\/fr\/produit\/maxtra-pro-pure-performance-pack-de-cartouches-filtrantes#breadcrumb\",\"itemListElement\":[{\"@type\":\"ListItem\",\"position\":1,\"name\":\"Page d'accueil\",\"item\":\"https:\/\/shop.brita.ch\/fr\/\"},{\"@type\":\"ListItem\",\"position\":2,\"name\":\"Produits\",\"item\":\"https:\/\/shop.brita.ch\/fr\/shop\"},{\"@type\":\"ListItem\",\"position\":3,\"name\":\"BRITA MAXTRA PRO Pure Performance cartouches filtrantes\"}]},{\"@type\":\"WebSite\",\"@id\":\"https:\/\/shop.brita.ch\/fr\/#website\",\"url\":\"https:\/\/shop.brita.ch\/fr\/\",\"name\":\"BRITA\u00ae\",\"description\":\"Filtrationsl\u00f6sungen\",\"publisher\":{\"@id\":\"https:\/\/shop.brita.ch\/fr\/#organization\"},\"potentialAction\":[{\"@type\":\"SearchAction\",\"target\":{\"@type\":\"EntryPoint\",\"urlTemplate\":\"https:\/\/shop.brita.ch\/fr\/?s={search_term_string}\"},\"query-input\":{\"@type\":\"PropertyValueSpecification\",\"valueRequired\":true,\"valueName\":\"search_term_string\"}}],\"inLanguage\":\"fr-FR\"},{\"@type\":\"Organization\",\"@id\":\"https:\/\/shop.brita.ch\/fr\/#organization\",\"name\":\"BRITA Wasserfilter-Systeme AG\",\"url\":\"https:\/\/shop.brita.ch\/fr\/\",\"logo\":{\"@type\":\"ImageObject\",\"inLanguage\":\"fr-FR\",\"@id\":\"https:\/\/shop.brita.ch\/fr\/#\/schema\/logo\/image\/\",\"url\":\"\/fr\/wp-content\/uploads\/2019\/02\/logo-1.jpg\",\"contentUrl\":\"\/fr\/wp-content\/uploads\/2019\/02\/logo-1.jpg\",\"width\":117,\"height\":86,\"caption\":\"BRITA Wasserfilter-Systeme AG\"},\"image\":{\"@id\":\"https:\/\/shop.brita.ch\/fr\/#\/schema\/logo\/image\/\"},\"sameAs\":[\"https:\/\/www.facebook.com\/BRITA.schweiz\",\"https:\/\/www.instagram.com\/brita.schweiz\/\",\"https:\/\/de.linkedin.com\/company\/brita-gmbh\",\"https:\/\/www.youtube.com\/playlist?list=PLzhwO6-T9BJ7PNjKrGsSpVLHGT1s3xUoy\"]}]}<\/script>\n<!-- \/ Yoast SEO plugin. -->","yoast_head_json":{"title":"MAXTRA PRO Pure Performance pack de cartouches I BRITA\u00ae","description":"BRITA MAXTRA PRO Pure Performance pack avantage de cartouches pour boissons chaudes et froides. Pour les r\u00e9gions o\u00f9 l\u2019eau est douce \u00e0 dure. Acheter maintenant","robots":{"index":"index","follow":"follow","max-snippet":"max-snippet:-1","max-image-preview":"max-image-preview:large","max-video-preview":"max-video-preview:-1"},"canonical":"https:\/\/shop.brita.ch\/fr\/produit\/maxtra-pro-pure-performance-pack-de-cartouches-filtrantes","og_locale":"fr_FR","og_type":"article","og_title":"MAXTRA PRO Pure Performance pack de cartouches I BRITA\u00ae","og_description":"BRITA MAXTRA PRO Pure Performance pack avantage de cartouches pour boissons chaudes et froides. Pour les r\u00e9gions o\u00f9 l\u2019eau est douce \u00e0 dure. Acheter maintenant","og_url":"https:\/\/shop.brita.ch\/fr\/produit\/maxtra-pro-pure-performance-pack-de-cartouches-filtrantes","og_site_name":"BRITA","article_publisher":"https:\/\/www.facebook.com\/BRITA.schweiz","article_modified_time":"2026-03-16T11:13:56+00:00","og_image":[{"width":1024,"height":1024,"url":"https:\/\/shop.brita.ch\/fr\/wp-content\/uploads\/2023\/04\/2025_Refill_MXproCartridge_Pure_Performance_Perspective_mit_Schatten_1024x1024.png","type":"image\/png"}],"twitter_card":"summary_large_image","twitter_misc":{"Est. reading time":"2 minutes"},"schema":{"@context":"https:\/\/schema.org","@graph":[{"@type":"WebPage","@id":"https:\/\/shop.brita.ch\/fr\/produit\/maxtra-pro-pure-performance-pack-de-cartouches-filtrantes","url":"https:\/\/shop.brita.ch\/fr\/produit\/maxtra-pro-pure-performance-pack-de-cartouches-filtrantes","name":"MAXTRA PRO Pure Performance pack de cartouches I BRITA\u00ae","isPartOf":{"@id":"https:\/\/shop.brita.ch\/fr\/#website"},"primaryImageOfPage":{"@id":"https:\/\/shop.brita.ch\/fr\/produit\/maxtra-pro-pure-performance-pack-de-cartouches-filtrantes#primaryimage"},"image":{"@id":"https:\/\/shop.brita.ch\/fr\/produit\/maxtra-pro-pure-performance-pack-de-cartouches-filtrantes#primaryimage"},"thumbnailUrl":"\/fr\/wp-content\/uploads\/2023\/04\/2025_Refill_MXproCartridge_Pure_Performance_Perspective_mit_Schatten_1024x1024.png","datePublished":"2023-04-19T11:17:08+00:00","dateModified":"2026-03-16T11:13:56+00:00","description":"BRITA MAXTRA PRO Pure Performance pack avantage de cartouches pour boissons chaudes et froides. Pour les r\u00e9gions o\u00f9 l\u2019eau est douce \u00e0 dure. Acheter maintenant","breadcrumb":{"@id":"https:\/\/shop.brita.ch\/fr\/produit\/maxtra-pro-pure-performance-pack-de-cartouches-filtrantes#breadcrumb"},"inLanguage":"fr-FR","potentialAction":[{"@type":"ReadAction","target":["https:\/\/shop.brita.ch\/fr\/produit\/maxtra-pro-pure-performance-pack-de-cartouches-filtrantes"]}]},{"@type":"ImageObject","inLanguage":"fr-FR","@id":"https:\/\/shop.brita.ch\/fr\/produit\/maxtra-pro-pure-performance-pack-de-cartouches-filtrantes#primaryimage","url":"\/fr\/wp-content\/uploads\/2023\/04\/2025_Refill_MXproCartridge_Pure_Performance_Perspective_mit_Schatten_1024x1024.png","contentUrl":"\/fr\/wp-content\/uploads\/2023\/04\/2025_Refill_MXproCartridge_Pure_Performance_Perspective_mit_Schatten_1024x1024.png","width":1024,"height":1024},{"@type":"BreadcrumbList","@id":"https:\/\/shop.brita.ch\/fr\/produit\/maxtra-pro-pure-performance-pack-de-cartouches-filtrantes#breadcrumb","itemListElement":[{"@type":"ListItem","position":1,"name":"Page d'accueil","item":"https:\/\/shop.brita.ch\/fr\/"},{"@type":"ListItem","position":2,"name":"Produits","item":"https:\/\/shop.brita.ch\/fr\/shop"},{"@type":"ListItem","position":3,"name":"BRITA MAXTRA PRO Pure Performance cartouches filtrantes"}]},{"@type":"WebSite","@id":"https:\/\/shop.brita.ch\/fr\/#website","url":"https:\/\/shop.brita.ch\/fr\/","name":"BRITA\u00ae","description":"Filtrationsl\u00f6sungen","publisher":{"@id":"https:\/\/shop.brita.ch\/fr\/#organization"},"potentialAction":[{"@type":"SearchAction","target":{"@type":"EntryPoint","urlTemplate":"https:\/\/shop.brita.ch\/fr\/?s={search_term_string}"},"query-input":{"@type":"PropertyValueSpecification","valueRequired":true,"valueName":"search_term_string"}}],"inLanguage":"fr-FR"},{"@type":"Organization","@id":"https:\/\/shop.brita.ch\/fr\/#organization","name":"BRITA Wasserfilter-Systeme AG","url":"https:\/\/shop.brita.ch\/fr\/","logo":{"@type":"ImageObject","inLanguage":"fr-FR","@id":"https:\/\/shop.brita.ch\/fr\/#\/schema\/logo\/image\/","url":"\/fr\/wp-content\/uploads\/2019\/02\/logo-1.jpg","contentUrl":"\/fr\/wp-content\/uploads\/2019\/02\/logo-1.jpg","width":117,"height":86,"caption":"BRITA Wasserfilter-Systeme AG"},"image":{"@id":"https:\/\/shop.brita.ch\/fr\/#\/schema\/logo\/image\/"},"sameAs":["https:\/\/www.facebook.com\/BRITA.schweiz","https:\/\/www.instagram.com\/brita.schweiz\/","https:\/\/de.linkedin.com\/company\/brita-gmbh","https:\/\/www.youtube.com\/playlist?list=PLzhwO6-T9BJ7PNjKrGsSpVLHGT1s3xUoy"]}]}},"_links":{"self":[{"href":"https:\/\/shop.brita.ch\/fr\/wp-json\/wp\/v2\/product\/12318","targetHints":{"allow":["GET"]}}],"collection":[{"href":"https:\/\/shop.brita.ch\/fr\/wp-json\/wp\/v2\/product"}],"about":[{"href":"https:\/\/shop.brita.ch\/fr\/wp-json\/wp\/v2\/types\/product"}],"wp:featuredmedia":[{"embeddable":true,"href":"https:\/\/shop.brita.ch\/fr\/wp-json\/wp\/v2\/media\/15723"}],"wp:attachment":[{"href":"https:\/\/shop.brita.ch\/fr\/wp-json\/wp\/v2\/media?parent=12318"}],"wp:term":[{"taxonomy":"product_brand","embeddable":true,"href":"https:\/\/shop.brita.ch\/fr\/wp-json\/wp\/v2\/product_brand?post=12318"},{"taxonomy":"product_cat","embeddable":true,"href":"https:\/\/shop.brita.ch\/fr\/wp-json\/wp\/v2\/product_cat?post=12318"},{"taxonomy":"product_tag","embeddable":true,"href":"https:\/\/shop.brita.ch\/fr\/wp-json\/wp\/v2\/product_tag?post=12318"}],"curies":[{"name":"wp","href":"https:\/\/api.w.org\/{rel}","templated":true}]}}