{"id":12241,"date":"2023-04-12T12:37:01","date_gmt":"2023-04-12T10:37:01","guid":{"rendered":"https:\/\/shop.brita.ch\/fr\/?post_type=product&#038;p=12241"},"modified":"2025-08-06T11:11:16","modified_gmt":"2025-08-06T09:11:16","slug":"gazeificateur-deau-sodatrio-bouteilles-pack-de-2","status":"publish","type":"product","link":"https:\/\/shop.brita.ch\/fr\/produit\/gazeificateur-deau-sodatrio-bouteilles-pack-de-2","title":{"rendered":"Pack de 2 bouteilles en verre BRITA sodaTRIO"},"content":{"rendered":"<p><strong>Comprend 2 bouteilles en verre pour gaz\u00e9ificateurs d\u2019eau sodaTRIO et sodaTRIO pro.<\/strong><\/p>\n<ul class=\"product-facts\">\n<li>Gaz\u00e9ifiez votre eau directement dans la bouteille et emportez-la avec vous<\/li>\n<li>\u00c9l\u00e9gante et d\u00e9corative\u00a0: le compl\u00e9ment parfait pour une table raffin\u00e9e \u00e0 la maison<\/li>\n<li>Lavable au lave-vaisselle<\/li>\n<li>En verre 100\u00a0% recyclable, bouchon en acier inoxydable durable<\/li>\n<li>Grande capacit\u00e9\u00a0: jusqu\u2019\u00e0 1\u00a0litre<\/li>\n<li>Dimensions (l x H)\u00a0: 9,3 x 30\u00a0cm<\/li>\n<li>Exclusivement con\u00e7ue pour les gaz\u00e9ificateurs d\u2019eau sodaTRIO et sodaTRIO pro de BRITA<\/li>\n<\/ul>\n<p><strong style=\"color: red;\">Non compatible avec gaz\u00e9ificateur d&#8217;eau sodaONE<br \/>\n<\/strong><\/p>\n","protected":false},"excerpt":{"rendered":"<p>Comprend 2 bouteilles en verre pour gaz\u00e9ificateurs d\u2019eau sodaTRIO et sodaTRIO pro. Gaz\u00e9ifiez votre eau directement dans la bouteille et emportez-la avec vous \u00c9l\u00e9gante et d\u00e9corative\u00a0: le compl\u00e9ment parfait pour une table raffin\u00e9e \u00e0 la maison Lavable au lave-vaisselle En verre 100\u00a0% recyclable, bouchon en acier inoxydable durable Grande capacit\u00e9\u00a0: jusqu\u2019\u00e0 1\u00a0litre Dimensions (l x [&#8230;]<\/p>\n<p><a class=\"btn btn-secondary understrap-read-more-link\" href=\"https:\/\/shop.brita.ch\/fr\/produit\/gazeificateur-deau-sodatrio-bouteilles-pack-de-2\">Lire la suite&#8230;<\/a><\/p>\n","protected":false},"featured_media":12294,"template":"","meta":[],"product_brand":[],"product_cat":[102],"product_tag":[],"class_list":{"0":"post-12241","1":"product","2":"type-product","3":"status-publish","4":"has-post-thumbnail","6":"product_cat-accessoires","8":"first","9":"instock","10":"taxable","11":"shipping-taxable","12":"purchasable","13":"product-type-simple"},"yoast_head":"<!-- This site is optimized with the Yoast SEO plugin v26.7 - https:\/\/yoast.com\/wordpress\/plugins\/seo\/ -->\n<title>Bouteille en verre pour gaz\u00e9ificateurs d\u2019eau | BRITA\u00ae<\/title>\n<meta name=\"description\" content=\"Bouteille en verre BRITA pour les gaz\u00e9ificateurs d\u2019eau sodaTRIO et sodaTRIO pro. Moderne et durable, bouchon en acier inoxydable de qualit\u00e9. Acheter maintenant\" \/>\n<meta name=\"robots\" content=\"index, follow, max-snippet:-1, max-image-preview:large, max-video-preview:-1\" \/>\n<link rel=\"canonical\" href=\"https:\/\/shop.brita.ch\/fr\/produit\/gazeificateur-deau-sodatrio-bouteilles-pack-de-2\" \/>\n<meta property=\"og:locale\" content=\"fr_FR\" \/>\n<meta property=\"og:type\" content=\"article\" \/>\n<meta property=\"og:title\" content=\"Bouteille en verre pour gaz\u00e9ificateurs d\u2019eau | BRITA\u00ae\" \/>\n<meta property=\"og:description\" content=\"Bouteille en verre BRITA pour les gaz\u00e9ificateurs d\u2019eau sodaTRIO et sodaTRIO pro. Moderne et durable, bouchon en acier inoxydable de qualit\u00e9. Acheter maintenant\" \/>\n<meta property=\"og:url\" content=\"https:\/\/shop.brita.ch\/fr\/produit\/gazeificateur-deau-sodatrio-bouteilles-pack-de-2\" \/>\n<meta property=\"og:site_name\" content=\"BRITA\" \/>\n<meta property=\"article:publisher\" content=\"https:\/\/www.facebook.com\/BRITA.schweiz\" \/>\n<meta property=\"article:modified_time\" content=\"2025-08-06T09:11:16+00:00\" \/>\n<meta property=\"og:image\" content=\"https:\/\/shop.brita.ch\/fr\/wp-content\/uploads\/2023\/04\/brita-consumer-glass-bottle-sodaTRIO-sparkling-water-maker-product-visual-1564x1564-2.jpg\" \/>\n\t<meta property=\"og:image:width\" content=\"1564\" \/>\n\t<meta property=\"og:image:height\" content=\"1564\" \/>\n\t<meta property=\"og:image:type\" content=\"image\/jpeg\" \/>\n<meta name=\"twitter:card\" content=\"summary_large_image\" \/>\n<meta name=\"twitter:label1\" content=\"Est. reading time\" \/>\n\t<meta name=\"twitter:data1\" content=\"1 minute\" \/>\n<script type=\"application\/ld+json\" class=\"yoast-schema-graph\">{\"@context\":\"https:\/\/schema.org\",\"@graph\":[{\"@type\":\"WebPage\",\"@id\":\"https:\/\/shop.brita.ch\/fr\/produit\/gazeificateur-deau-sodatrio-bouteilles-pack-de-2\",\"url\":\"https:\/\/shop.brita.ch\/fr\/produit\/gazeificateur-deau-sodatrio-bouteilles-pack-de-2\",\"name\":\"Bouteille en verre pour gaz\u00e9ificateurs d\u2019eau | BRITA\u00ae\",\"isPartOf\":{\"@id\":\"https:\/\/shop.brita.ch\/fr\/#website\"},\"primaryImageOfPage\":{\"@id\":\"https:\/\/shop.brita.ch\/fr\/produit\/gazeificateur-deau-sodatrio-bouteilles-pack-de-2#primaryimage\"},\"image\":{\"@id\":\"https:\/\/shop.brita.ch\/fr\/produit\/gazeificateur-deau-sodatrio-bouteilles-pack-de-2#primaryimage\"},\"thumbnailUrl\":\"\/fr\/wp-content\/uploads\/2023\/04\/brita-consumer-glass-bottle-sodaTRIO-sparkling-water-maker-product-visual-1564x1564-2.jpg\",\"datePublished\":\"2023-04-12T10:37:01+00:00\",\"dateModified\":\"2025-08-06T09:11:16+00:00\",\"description\":\"Bouteille en verre BRITA pour les gaz\u00e9ificateurs d\u2019eau sodaTRIO et sodaTRIO pro. Moderne et durable, bouchon en acier inoxydable de qualit\u00e9. Acheter maintenant\",\"breadcrumb\":{\"@id\":\"https:\/\/shop.brita.ch\/fr\/produit\/gazeificateur-deau-sodatrio-bouteilles-pack-de-2#breadcrumb\"},\"inLanguage\":\"fr-FR\",\"potentialAction\":[{\"@type\":\"ReadAction\",\"target\":[\"https:\/\/shop.brita.ch\/fr\/produit\/gazeificateur-deau-sodatrio-bouteilles-pack-de-2\"]}]},{\"@type\":\"ImageObject\",\"inLanguage\":\"fr-FR\",\"@id\":\"https:\/\/shop.brita.ch\/fr\/produit\/gazeificateur-deau-sodatrio-bouteilles-pack-de-2#primaryimage\",\"url\":\"\/fr\/wp-content\/uploads\/2023\/04\/brita-consumer-glass-bottle-sodaTRIO-sparkling-water-maker-product-visual-1564x1564-2.jpg\",\"contentUrl\":\"\/fr\/wp-content\/uploads\/2023\/04\/brita-consumer-glass-bottle-sodaTRIO-sparkling-water-maker-product-visual-1564x1564-2.jpg\",\"width\":1564,\"height\":1564},{\"@type\":\"BreadcrumbList\",\"@id\":\"https:\/\/shop.brita.ch\/fr\/produit\/gazeificateur-deau-sodatrio-bouteilles-pack-de-2#breadcrumb\",\"itemListElement\":[{\"@type\":\"ListItem\",\"position\":1,\"name\":\"Page d'accueil\",\"item\":\"https:\/\/shop.brita.ch\/fr\/\"},{\"@type\":\"ListItem\",\"position\":2,\"name\":\"Produits\",\"item\":\"https:\/\/shop.brita.ch\/fr\/shop\"},{\"@type\":\"ListItem\",\"position\":3,\"name\":\"Pack de 2 bouteilles en verre BRITA sodaTRIO\"}]},{\"@type\":\"WebSite\",\"@id\":\"https:\/\/shop.brita.ch\/fr\/#website\",\"url\":\"https:\/\/shop.brita.ch\/fr\/\",\"name\":\"BRITA\u00ae\",\"description\":\"Filtrationsl\u00f6sungen\",\"publisher\":{\"@id\":\"https:\/\/shop.brita.ch\/fr\/#organization\"},\"potentialAction\":[{\"@type\":\"SearchAction\",\"target\":{\"@type\":\"EntryPoint\",\"urlTemplate\":\"https:\/\/shop.brita.ch\/fr\/?s={search_term_string}\"},\"query-input\":{\"@type\":\"PropertyValueSpecification\",\"valueRequired\":true,\"valueName\":\"search_term_string\"}}],\"inLanguage\":\"fr-FR\"},{\"@type\":\"Organization\",\"@id\":\"https:\/\/shop.brita.ch\/fr\/#organization\",\"name\":\"BRITA Wasserfilter-Systeme AG\",\"url\":\"https:\/\/shop.brita.ch\/fr\/\",\"logo\":{\"@type\":\"ImageObject\",\"inLanguage\":\"fr-FR\",\"@id\":\"https:\/\/shop.brita.ch\/fr\/#\/schema\/logo\/image\/\",\"url\":\"\/fr\/wp-content\/uploads\/2019\/02\/logo-1.jpg\",\"contentUrl\":\"\/fr\/wp-content\/uploads\/2019\/02\/logo-1.jpg\",\"width\":117,\"height\":86,\"caption\":\"BRITA Wasserfilter-Systeme AG\"},\"image\":{\"@id\":\"https:\/\/shop.brita.ch\/fr\/#\/schema\/logo\/image\/\"},\"sameAs\":[\"https:\/\/www.facebook.com\/BRITA.schweiz\",\"https:\/\/www.instagram.com\/brita.schweiz\/\",\"https:\/\/de.linkedin.com\/company\/brita-gmbh\",\"https:\/\/www.youtube.com\/playlist?list=PLzhwO6-T9BJ7PNjKrGsSpVLHGT1s3xUoy\"]}]}<\/script>\n<!-- \/ Yoast SEO plugin. -->","yoast_head_json":{"title":"Bouteille en verre pour gaz\u00e9ificateurs d\u2019eau | BRITA\u00ae","description":"Bouteille en verre BRITA pour les gaz\u00e9ificateurs d\u2019eau sodaTRIO et sodaTRIO pro. Moderne et durable, bouchon en acier inoxydable de qualit\u00e9. Acheter maintenant","robots":{"index":"index","follow":"follow","max-snippet":"max-snippet:-1","max-image-preview":"max-image-preview:large","max-video-preview":"max-video-preview:-1"},"canonical":"https:\/\/shop.brita.ch\/fr\/produit\/gazeificateur-deau-sodatrio-bouteilles-pack-de-2","og_locale":"fr_FR","og_type":"article","og_title":"Bouteille en verre pour gaz\u00e9ificateurs d\u2019eau | BRITA\u00ae","og_description":"Bouteille en verre BRITA pour les gaz\u00e9ificateurs d\u2019eau sodaTRIO et sodaTRIO pro. Moderne et durable, bouchon en acier inoxydable de qualit\u00e9. Acheter maintenant","og_url":"https:\/\/shop.brita.ch\/fr\/produit\/gazeificateur-deau-sodatrio-bouteilles-pack-de-2","og_site_name":"BRITA","article_publisher":"https:\/\/www.facebook.com\/BRITA.schweiz","article_modified_time":"2025-08-06T09:11:16+00:00","og_image":[{"width":1564,"height":1564,"url":"https:\/\/shop.brita.ch\/fr\/wp-content\/uploads\/2023\/04\/brita-consumer-glass-bottle-sodaTRIO-sparkling-water-maker-product-visual-1564x1564-2.jpg","type":"image\/jpeg"}],"twitter_card":"summary_large_image","twitter_misc":{"Est. reading time":"1 minute"},"schema":{"@context":"https:\/\/schema.org","@graph":[{"@type":"WebPage","@id":"https:\/\/shop.brita.ch\/fr\/produit\/gazeificateur-deau-sodatrio-bouteilles-pack-de-2","url":"https:\/\/shop.brita.ch\/fr\/produit\/gazeificateur-deau-sodatrio-bouteilles-pack-de-2","name":"Bouteille en verre pour gaz\u00e9ificateurs d\u2019eau | BRITA\u00ae","isPartOf":{"@id":"https:\/\/shop.brita.ch\/fr\/#website"},"primaryImageOfPage":{"@id":"https:\/\/shop.brita.ch\/fr\/produit\/gazeificateur-deau-sodatrio-bouteilles-pack-de-2#primaryimage"},"image":{"@id":"https:\/\/shop.brita.ch\/fr\/produit\/gazeificateur-deau-sodatrio-bouteilles-pack-de-2#primaryimage"},"thumbnailUrl":"\/fr\/wp-content\/uploads\/2023\/04\/brita-consumer-glass-bottle-sodaTRIO-sparkling-water-maker-product-visual-1564x1564-2.jpg","datePublished":"2023-04-12T10:37:01+00:00","dateModified":"2025-08-06T09:11:16+00:00","description":"Bouteille en verre BRITA pour les gaz\u00e9ificateurs d\u2019eau sodaTRIO et sodaTRIO pro. Moderne et durable, bouchon en acier inoxydable de qualit\u00e9. Acheter maintenant","breadcrumb":{"@id":"https:\/\/shop.brita.ch\/fr\/produit\/gazeificateur-deau-sodatrio-bouteilles-pack-de-2#breadcrumb"},"inLanguage":"fr-FR","potentialAction":[{"@type":"ReadAction","target":["https:\/\/shop.brita.ch\/fr\/produit\/gazeificateur-deau-sodatrio-bouteilles-pack-de-2"]}]},{"@type":"ImageObject","inLanguage":"fr-FR","@id":"https:\/\/shop.brita.ch\/fr\/produit\/gazeificateur-deau-sodatrio-bouteilles-pack-de-2#primaryimage","url":"\/fr\/wp-content\/uploads\/2023\/04\/brita-consumer-glass-bottle-sodaTRIO-sparkling-water-maker-product-visual-1564x1564-2.jpg","contentUrl":"\/fr\/wp-content\/uploads\/2023\/04\/brita-consumer-glass-bottle-sodaTRIO-sparkling-water-maker-product-visual-1564x1564-2.jpg","width":1564,"height":1564},{"@type":"BreadcrumbList","@id":"https:\/\/shop.brita.ch\/fr\/produit\/gazeificateur-deau-sodatrio-bouteilles-pack-de-2#breadcrumb","itemListElement":[{"@type":"ListItem","position":1,"name":"Page d'accueil","item":"https:\/\/shop.brita.ch\/fr\/"},{"@type":"ListItem","position":2,"name":"Produits","item":"https:\/\/shop.brita.ch\/fr\/shop"},{"@type":"ListItem","position":3,"name":"Pack de 2 bouteilles en verre BRITA sodaTRIO"}]},{"@type":"WebSite","@id":"https:\/\/shop.brita.ch\/fr\/#website","url":"https:\/\/shop.brita.ch\/fr\/","name":"BRITA\u00ae","description":"Filtrationsl\u00f6sungen","publisher":{"@id":"https:\/\/shop.brita.ch\/fr\/#organization"},"potentialAction":[{"@type":"SearchAction","target":{"@type":"EntryPoint","urlTemplate":"https:\/\/shop.brita.ch\/fr\/?s={search_term_string}"},"query-input":{"@type":"PropertyValueSpecification","valueRequired":true,"valueName":"search_term_string"}}],"inLanguage":"fr-FR"},{"@type":"Organization","@id":"https:\/\/shop.brita.ch\/fr\/#organization","name":"BRITA Wasserfilter-Systeme AG","url":"https:\/\/shop.brita.ch\/fr\/","logo":{"@type":"ImageObject","inLanguage":"fr-FR","@id":"https:\/\/shop.brita.ch\/fr\/#\/schema\/logo\/image\/","url":"\/fr\/wp-content\/uploads\/2019\/02\/logo-1.jpg","contentUrl":"\/fr\/wp-content\/uploads\/2019\/02\/logo-1.jpg","width":117,"height":86,"caption":"BRITA Wasserfilter-Systeme AG"},"image":{"@id":"https:\/\/shop.brita.ch\/fr\/#\/schema\/logo\/image\/"},"sameAs":["https:\/\/www.facebook.com\/BRITA.schweiz","https:\/\/www.instagram.com\/brita.schweiz\/","https:\/\/de.linkedin.com\/company\/brita-gmbh","https:\/\/www.youtube.com\/playlist?list=PLzhwO6-T9BJ7PNjKrGsSpVLHGT1s3xUoy"]}]}},"_links":{"self":[{"href":"https:\/\/shop.brita.ch\/fr\/wp-json\/wp\/v2\/product\/12241","targetHints":{"allow":["GET"]}}],"collection":[{"href":"https:\/\/shop.brita.ch\/fr\/wp-json\/wp\/v2\/product"}],"about":[{"href":"https:\/\/shop.brita.ch\/fr\/wp-json\/wp\/v2\/types\/product"}],"wp:featuredmedia":[{"embeddable":true,"href":"https:\/\/shop.brita.ch\/fr\/wp-json\/wp\/v2\/media\/12294"}],"wp:attachment":[{"href":"https:\/\/shop.brita.ch\/fr\/wp-json\/wp\/v2\/media?parent=12241"}],"wp:term":[{"taxonomy":"product_brand","embeddable":true,"href":"https:\/\/shop.brita.ch\/fr\/wp-json\/wp\/v2\/product_brand?post=12241"},{"taxonomy":"product_cat","embeddable":true,"href":"https:\/\/shop.brita.ch\/fr\/wp-json\/wp\/v2\/product_cat?post=12241"},{"taxonomy":"product_tag","embeddable":true,"href":"https:\/\/shop.brita.ch\/fr\/wp-json\/wp\/v2\/product_tag?post=12241"}],"curies":[{"name":"wp","href":"https:\/\/api.w.org\/{rel}","templated":true}]}}