{"id":12200,"date":"2023-04-11T14:52:19","date_gmt":"2023-04-11T12:52:19","guid":{"rendered":"https:\/\/shop.brita.ch\/fr\/?post_type=product&#038;p=12200"},"modified":"2026-04-07T13:16:28","modified_gmt":"2026-04-07T11:16:28","slug":"carafe-filtrante-verre","status":"publish","type":"product","link":"https:\/\/shop.brita.ch\/fr\/produit\/carafe-filtrante-verre","title":{"rendered":"Carafe en verre BRITA"},"content":{"rendered":"<p><strong>La carafe en verre BRITA, votre carafe filtrante durable en verre de borosilicate. De l\u2019eau fra\u00eechement filtr\u00e9e et un design \u00e9l\u00e9gant. Acheter maintenant<\/strong><\/p>\n<ul class=\"product-facts\">\n<li>Durable\u00a0: 60% de verre recycl\u00e9 provenant de surplus de production et 100% de plastique biosourc\u00e9*<\/li>\n<li>100\u00a0% de verre de borosilicate\u00a0: l\u00e9ger, robuste et r\u00e9sistant \u00e0 la chaleur, tr\u00e8s pris\u00e9 du secteur industriel et des laboratoires<\/li>\n<li>La qualit\u00e9 de fabrication allemande BRITA renomm\u00e9e<\/li>\n<li>Hygi\u00e9nique\u00a0: le verre de borosilicate n\u2019absorbe pas les odeurs ni les go\u00fbts et ne se d\u00e9colore pas. Enti\u00e8rement lavable au lave-vaisselle \u00e0 60\u00a0\u00b0C (\u00e0 l\u2019exception du voyant SmartLight)<\/li>\n<li>Un concentr\u00e9 de puissance\u00a0: comprend 1 cartouche filtrante MAXTRA PRO Pure Performance, indispensable pour toutes vos boissons chaudes ou froides<\/li>\n<li>Un design \u00e9l\u00e9gant et moderne, sur votre table de cuisine ou de salle \u00e0 manger<\/li>\n<li>Intelligente et ergonomique : le voyant BRITA Smart Light vous indique quand le filtre a besoin d\u2019\u00eatre remplac\u00e9. Et si elle venait \u00e0 tomber en panne, vous pouvez facilement en commander une nouvelle gratuitement aupr\u00e8s de notre service client\u00e8le.<\/li>\n<li>Jusqu\u2019\u00e0 2,5\u00a0l de capacit\u00e9 totale. Dimensions (L x H x l)\u00a0: 13,8 x 27,7 x 19,3 cm<\/li>\n<li>BRITA PerfectFit garantit une filtration fiable avec les cartouches filtrantes MAXTRA PRO ou MAXTRA+<\/li>\n<\/ul>\n<p><strong>1 cartouche filtrantes MAXTRA PRO PURE PERFORMANCE incl.<\/strong><\/p>\n<p class=\"text-muted\" style=\"line-height: 1em;\"><small>* Entonnoir (bilan massique)<\/small><\/p>\n<div class=\"mb-5 dl-btn\">\n<h5>Mode d\u2019emploi Carafe en verre BRITA<\/h5>\n<p><a class=\"btn-default btn\" href=\"https:\/\/www.brita.ch\/dam\/jcr:07b6a5a4-352c-484d-8dc4-122cf58f0d2e\/brita-water-filter-jugs-instruction-manual-EMEA.pdf\" target=\"_blank\" rel=\"noopener noreferrer\" download=\"\">T\u00e9l\u00e9charger maintenant<\/a><\/p>\n<\/div>\n","protected":false},"excerpt":{"rendered":"<p>La carafe filtrante pratique au quotidien. [&#8230;]<\/p>\n<p><a class=\"btn btn-secondary understrap-read-more-link\" href=\"https:\/\/shop.brita.ch\/fr\/produit\/carafe-filtrante-verre\">Lire la suite&#8230;<\/a><\/p>\n","protected":false},"featured_media":15655,"template":"","meta":[],"product_brand":[],"product_cat":[82,83],"product_tag":[47,74],"class_list":{"0":"post-12200","1":"product","2":"type-product","3":"status-publish","4":"has-post-thumbnail","6":"product_cat-carafes-filtrantes","7":"product_cat-twf","8":"product_tag-pitcher","9":"product_tag-video","11":"first","12":"instock","13":"sale","14":"taxable","15":"shipping-taxable","16":"purchasable","17":"product-type-simple"},"yoast_head":"<!-- This site is optimized with the Yoast SEO plugin v26.7 - https:\/\/yoast.com\/wordpress\/plugins\/seo\/ -->\n<title>Carafe en verre BRITA | BRITA\u00ae<\/title>\n<meta name=\"description\" content=\"La carafe en verre BRITA, votre carafe filtrante durable en verre de borosilicate. De l\u2019eau fra\u00eechement filtr\u00e9e et un design \u00e9l\u00e9gant. Acheter maintenant\" \/>\n<meta name=\"robots\" content=\"index, follow, max-snippet:-1, max-image-preview:large, max-video-preview:-1\" \/>\n<link rel=\"canonical\" href=\"https:\/\/shop.brita.ch\/fr\/produit\/carafe-filtrante-verre\" \/>\n<meta property=\"og:locale\" content=\"fr_FR\" \/>\n<meta property=\"og:type\" content=\"article\" \/>\n<meta property=\"og:title\" content=\"Carafe en verre BRITA | BRITA\u00ae\" \/>\n<meta property=\"og:description\" content=\"La carafe en verre BRITA, votre carafe filtrante durable en verre de borosilicate. De l\u2019eau fra\u00eechement filtr\u00e9e et un design \u00e9l\u00e9gant. Acheter maintenant\" \/>\n<meta property=\"og:url\" content=\"https:\/\/shop.brita.ch\/fr\/produit\/carafe-filtrante-verre\" \/>\n<meta property=\"og:site_name\" content=\"BRITA\" \/>\n<meta property=\"article:publisher\" content=\"https:\/\/www.facebook.com\/BRITA.schweiz\" \/>\n<meta property=\"article:modified_time\" content=\"2026-04-07T11:16:28+00:00\" \/>\n<meta property=\"og:image\" content=\"https:\/\/shop.brita.ch\/fr\/wp-content\/uploads\/2023\/04\/brita-consumer-water-filter-glass-jug-light-blue-1564x1564-1.png\" \/>\n\t<meta property=\"og:image:width\" content=\"1564\" \/>\n\t<meta property=\"og:image:height\" content=\"1564\" \/>\n\t<meta property=\"og:image:type\" content=\"image\/png\" \/>\n<meta name=\"twitter:card\" content=\"summary_large_image\" \/>\n<meta name=\"twitter:label1\" content=\"Est. reading time\" \/>\n\t<meta name=\"twitter:data1\" content=\"2 minutes\" \/>\n<script type=\"application\/ld+json\" class=\"yoast-schema-graph\">{\"@context\":\"https:\/\/schema.org\",\"@graph\":[{\"@type\":\"WebPage\",\"@id\":\"https:\/\/shop.brita.ch\/fr\/produit\/carafe-filtrante-verre\",\"url\":\"https:\/\/shop.brita.ch\/fr\/produit\/carafe-filtrante-verre\",\"name\":\"Carafe en verre BRITA | BRITA\u00ae\",\"isPartOf\":{\"@id\":\"https:\/\/shop.brita.ch\/fr\/#website\"},\"primaryImageOfPage\":{\"@id\":\"https:\/\/shop.brita.ch\/fr\/produit\/carafe-filtrante-verre#primaryimage\"},\"image\":{\"@id\":\"https:\/\/shop.brita.ch\/fr\/produit\/carafe-filtrante-verre#primaryimage\"},\"thumbnailUrl\":\"\/fr\/wp-content\/uploads\/2023\/04\/brita-consumer-water-filter-glass-jug-light-blue-1564x1564-1.png\",\"datePublished\":\"2023-04-11T12:52:19+00:00\",\"dateModified\":\"2026-04-07T11:16:28+00:00\",\"description\":\"La carafe en verre BRITA, votre carafe filtrante durable en verre de borosilicate. De l\u2019eau fra\u00eechement filtr\u00e9e et un design \u00e9l\u00e9gant. Acheter maintenant\",\"breadcrumb\":{\"@id\":\"https:\/\/shop.brita.ch\/fr\/produit\/carafe-filtrante-verre#breadcrumb\"},\"inLanguage\":\"fr-FR\",\"potentialAction\":[{\"@type\":\"ReadAction\",\"target\":[\"https:\/\/shop.brita.ch\/fr\/produit\/carafe-filtrante-verre\"]}]},{\"@type\":\"ImageObject\",\"inLanguage\":\"fr-FR\",\"@id\":\"https:\/\/shop.brita.ch\/fr\/produit\/carafe-filtrante-verre#primaryimage\",\"url\":\"\/fr\/wp-content\/uploads\/2023\/04\/brita-consumer-water-filter-glass-jug-light-blue-1564x1564-1.png\",\"contentUrl\":\"\/fr\/wp-content\/uploads\/2023\/04\/brita-consumer-water-filter-glass-jug-light-blue-1564x1564-1.png\",\"width\":1564,\"height\":1564},{\"@type\":\"BreadcrumbList\",\"@id\":\"https:\/\/shop.brita.ch\/fr\/produit\/carafe-filtrante-verre#breadcrumb\",\"itemListElement\":[{\"@type\":\"ListItem\",\"position\":1,\"name\":\"Page d'accueil\",\"item\":\"https:\/\/shop.brita.ch\/fr\/\"},{\"@type\":\"ListItem\",\"position\":2,\"name\":\"Produits\",\"item\":\"https:\/\/shop.brita.ch\/fr\/shop\"},{\"@type\":\"ListItem\",\"position\":3,\"name\":\"Carafe en verre BRITA\"}]},{\"@type\":\"WebSite\",\"@id\":\"https:\/\/shop.brita.ch\/fr\/#website\",\"url\":\"https:\/\/shop.brita.ch\/fr\/\",\"name\":\"BRITA\u00ae\",\"description\":\"Filtrationsl\u00f6sungen\",\"publisher\":{\"@id\":\"https:\/\/shop.brita.ch\/fr\/#organization\"},\"potentialAction\":[{\"@type\":\"SearchAction\",\"target\":{\"@type\":\"EntryPoint\",\"urlTemplate\":\"https:\/\/shop.brita.ch\/fr\/?s={search_term_string}\"},\"query-input\":{\"@type\":\"PropertyValueSpecification\",\"valueRequired\":true,\"valueName\":\"search_term_string\"}}],\"inLanguage\":\"fr-FR\"},{\"@type\":\"Organization\",\"@id\":\"https:\/\/shop.brita.ch\/fr\/#organization\",\"name\":\"BRITA Wasserfilter-Systeme AG\",\"url\":\"https:\/\/shop.brita.ch\/fr\/\",\"logo\":{\"@type\":\"ImageObject\",\"inLanguage\":\"fr-FR\",\"@id\":\"https:\/\/shop.brita.ch\/fr\/#\/schema\/logo\/image\/\",\"url\":\"\/fr\/wp-content\/uploads\/2019\/02\/logo-1.jpg\",\"contentUrl\":\"\/fr\/wp-content\/uploads\/2019\/02\/logo-1.jpg\",\"width\":117,\"height\":86,\"caption\":\"BRITA Wasserfilter-Systeme AG\"},\"image\":{\"@id\":\"https:\/\/shop.brita.ch\/fr\/#\/schema\/logo\/image\/\"},\"sameAs\":[\"https:\/\/www.facebook.com\/BRITA.schweiz\",\"https:\/\/www.instagram.com\/brita.schweiz\/\",\"https:\/\/de.linkedin.com\/company\/brita-gmbh\",\"https:\/\/www.youtube.com\/playlist?list=PLzhwO6-T9BJ7PNjKrGsSpVLHGT1s3xUoy\"]}]}<\/script>\n<!-- \/ Yoast SEO plugin. -->","yoast_head_json":{"title":"Carafe en verre BRITA | BRITA\u00ae","description":"La carafe en verre BRITA, votre carafe filtrante durable en verre de borosilicate. De l\u2019eau fra\u00eechement filtr\u00e9e et un design \u00e9l\u00e9gant. Acheter maintenant","robots":{"index":"index","follow":"follow","max-snippet":"max-snippet:-1","max-image-preview":"max-image-preview:large","max-video-preview":"max-video-preview:-1"},"canonical":"https:\/\/shop.brita.ch\/fr\/produit\/carafe-filtrante-verre","og_locale":"fr_FR","og_type":"article","og_title":"Carafe en verre BRITA | BRITA\u00ae","og_description":"La carafe en verre BRITA, votre carafe filtrante durable en verre de borosilicate. De l\u2019eau fra\u00eechement filtr\u00e9e et un design \u00e9l\u00e9gant. Acheter maintenant","og_url":"https:\/\/shop.brita.ch\/fr\/produit\/carafe-filtrante-verre","og_site_name":"BRITA","article_publisher":"https:\/\/www.facebook.com\/BRITA.schweiz","article_modified_time":"2026-04-07T11:16:28+00:00","og_image":[{"width":1564,"height":1564,"url":"https:\/\/shop.brita.ch\/fr\/wp-content\/uploads\/2023\/04\/brita-consumer-water-filter-glass-jug-light-blue-1564x1564-1.png","type":"image\/png"}],"twitter_card":"summary_large_image","twitter_misc":{"Est. reading time":"2 minutes"},"schema":{"@context":"https:\/\/schema.org","@graph":[{"@type":"WebPage","@id":"https:\/\/shop.brita.ch\/fr\/produit\/carafe-filtrante-verre","url":"https:\/\/shop.brita.ch\/fr\/produit\/carafe-filtrante-verre","name":"Carafe en verre BRITA | BRITA\u00ae","isPartOf":{"@id":"https:\/\/shop.brita.ch\/fr\/#website"},"primaryImageOfPage":{"@id":"https:\/\/shop.brita.ch\/fr\/produit\/carafe-filtrante-verre#primaryimage"},"image":{"@id":"https:\/\/shop.brita.ch\/fr\/produit\/carafe-filtrante-verre#primaryimage"},"thumbnailUrl":"\/fr\/wp-content\/uploads\/2023\/04\/brita-consumer-water-filter-glass-jug-light-blue-1564x1564-1.png","datePublished":"2023-04-11T12:52:19+00:00","dateModified":"2026-04-07T11:16:28+00:00","description":"La carafe en verre BRITA, votre carafe filtrante durable en verre de borosilicate. De l\u2019eau fra\u00eechement filtr\u00e9e et un design \u00e9l\u00e9gant. Acheter maintenant","breadcrumb":{"@id":"https:\/\/shop.brita.ch\/fr\/produit\/carafe-filtrante-verre#breadcrumb"},"inLanguage":"fr-FR","potentialAction":[{"@type":"ReadAction","target":["https:\/\/shop.brita.ch\/fr\/produit\/carafe-filtrante-verre"]}]},{"@type":"ImageObject","inLanguage":"fr-FR","@id":"https:\/\/shop.brita.ch\/fr\/produit\/carafe-filtrante-verre#primaryimage","url":"\/fr\/wp-content\/uploads\/2023\/04\/brita-consumer-water-filter-glass-jug-light-blue-1564x1564-1.png","contentUrl":"\/fr\/wp-content\/uploads\/2023\/04\/brita-consumer-water-filter-glass-jug-light-blue-1564x1564-1.png","width":1564,"height":1564},{"@type":"BreadcrumbList","@id":"https:\/\/shop.brita.ch\/fr\/produit\/carafe-filtrante-verre#breadcrumb","itemListElement":[{"@type":"ListItem","position":1,"name":"Page d'accueil","item":"https:\/\/shop.brita.ch\/fr\/"},{"@type":"ListItem","position":2,"name":"Produits","item":"https:\/\/shop.brita.ch\/fr\/shop"},{"@type":"ListItem","position":3,"name":"Carafe en verre BRITA"}]},{"@type":"WebSite","@id":"https:\/\/shop.brita.ch\/fr\/#website","url":"https:\/\/shop.brita.ch\/fr\/","name":"BRITA\u00ae","description":"Filtrationsl\u00f6sungen","publisher":{"@id":"https:\/\/shop.brita.ch\/fr\/#organization"},"potentialAction":[{"@type":"SearchAction","target":{"@type":"EntryPoint","urlTemplate":"https:\/\/shop.brita.ch\/fr\/?s={search_term_string}"},"query-input":{"@type":"PropertyValueSpecification","valueRequired":true,"valueName":"search_term_string"}}],"inLanguage":"fr-FR"},{"@type":"Organization","@id":"https:\/\/shop.brita.ch\/fr\/#organization","name":"BRITA Wasserfilter-Systeme AG","url":"https:\/\/shop.brita.ch\/fr\/","logo":{"@type":"ImageObject","inLanguage":"fr-FR","@id":"https:\/\/shop.brita.ch\/fr\/#\/schema\/logo\/image\/","url":"\/fr\/wp-content\/uploads\/2019\/02\/logo-1.jpg","contentUrl":"\/fr\/wp-content\/uploads\/2019\/02\/logo-1.jpg","width":117,"height":86,"caption":"BRITA Wasserfilter-Systeme AG"},"image":{"@id":"https:\/\/shop.brita.ch\/fr\/#\/schema\/logo\/image\/"},"sameAs":["https:\/\/www.facebook.com\/BRITA.schweiz","https:\/\/www.instagram.com\/brita.schweiz\/","https:\/\/de.linkedin.com\/company\/brita-gmbh","https:\/\/www.youtube.com\/playlist?list=PLzhwO6-T9BJ7PNjKrGsSpVLHGT1s3xUoy"]}]}},"_links":{"self":[{"href":"https:\/\/shop.brita.ch\/fr\/wp-json\/wp\/v2\/product\/12200","targetHints":{"allow":["GET"]}}],"collection":[{"href":"https:\/\/shop.brita.ch\/fr\/wp-json\/wp\/v2\/product"}],"about":[{"href":"https:\/\/shop.brita.ch\/fr\/wp-json\/wp\/v2\/types\/product"}],"wp:featuredmedia":[{"embeddable":true,"href":"https:\/\/shop.brita.ch\/fr\/wp-json\/wp\/v2\/media\/15655"}],"wp:attachment":[{"href":"https:\/\/shop.brita.ch\/fr\/wp-json\/wp\/v2\/media?parent=12200"}],"wp:term":[{"taxonomy":"product_brand","embeddable":true,"href":"https:\/\/shop.brita.ch\/fr\/wp-json\/wp\/v2\/product_brand?post=12200"},{"taxonomy":"product_cat","embeddable":true,"href":"https:\/\/shop.brita.ch\/fr\/wp-json\/wp\/v2\/product_cat?post=12200"},{"taxonomy":"product_tag","embeddable":true,"href":"https:\/\/shop.brita.ch\/fr\/wp-json\/wp\/v2\/product_tag?post=12200"}],"curies":[{"name":"wp","href":"https:\/\/api.w.org\/{rel}","templated":true}]}}