{"id":10376,"date":"2021-06-28T15:12:34","date_gmt":"2021-06-28T13:12:34","guid":{"rendered":"https:\/\/shop.brita.ch\/fr\/?post_type=product&#038;p=10376"},"modified":"2026-01-29T13:42:13","modified_gmt":"2026-01-29T12:42:13","slug":"magasin-en-ligne-gazeificateur-sodaone-bouteilles","status":"publish","type":"product","link":"https:\/\/shop.brita.ch\/fr\/produit\/magasin-en-ligne-gazeificateur-sodaone-bouteilles","title":{"rendered":"Gaz\u00e9ificateur d&#8217;eau BRITA sodaONE pack de 2 bouteilles"},"content":{"rendered":"<p><strong>Le d\u00e9veloppement durable en double pack: 2 bouteilles en PET de 1 litre pour sodaONE<\/strong><\/p>\n<ul class=\"product-facts\">\n<li><strong>Robuste, l\u00e9g\u00e8re et pratique:<\/strong> \u00e9l\u00e9gante bouteille en plastique sans BPA rehauss\u00e9e d&#8217;\u00e9l\u00e9ments en inox de qualit\u00e9.<\/li>\n<li><strong>Ne supporte pas le lave-vaisselle:<\/strong> la bouteille doit se laver \u00e0 la main.<\/li>\n<li><strong>Bon pour l&#8217;environnement:<\/strong> r\u00e9utilisable pendant 24 mois (\u00e0 partir de la premi\u00e8re utilisation).<\/li>\n<li><strong>Avant la premi\u00e8re utilisation:<\/strong> se rince simplement \u00e0 l&#8217;eau ti\u00e8de!<\/li>\n<li><strong>Pas de temp\u00e9ratures extr\u00eames: <\/strong>stockage \u00e0 min. +5\u00b0C et max. +40\u00b0C.<\/li>\n<li><strong>Ne supporte pas le lave-vaisselle:<\/strong>la bouteille doit se laver \u00e0 la main.<\/li>\n<li><strong>Un plaisir nature:<\/strong> ne gaz\u00e9ifier que de l&#8217;eau courante ou de l&#8217;eau filtr\u00e9e BRITA (sans adjonction de sirop, etc.).<\/li>\n<li><strong>L&#8217;eau est meilleure fra\u00eeche:<\/strong> ne la stocker que deux jours au r\u00e9frig\u00e9rateur maximum.<\/li>\n<\/ul>\n<p><strong style=\"color: red;\">Non compatible avec gaz\u00e9ificateur d\u2019eau sodaTRIO<\/strong><\/p>\n<div class=\"mb-5 dl-btn\"><a class=\"btn-default btn\" href=\"https:\/\/www.brita.ch\/dam\/jcr:d8e8f106-38e1-4faa-9726-d1c22631fae5\/brita-sparkling-water-maker-instruction-manual-DACH.pdf\" target=\"_blank\" rel=\"noopener noreferrer\">T\u00e9l\u00e9charger maintenant<\/a><\/div>\n","protected":false},"excerpt":{"rendered":"<p>Le d\u00e9veloppement durable en double pack: 2 bouteilles en PET de 1 litre pour sodaONE Robuste, l\u00e9g\u00e8re et pratique: \u00e9l\u00e9gante bouteille en plastique sans BPA rehauss\u00e9e d&#8217;\u00e9l\u00e9ments en inox de qualit\u00e9. Ne supporte pas le lave-vaisselle: la bouteille doit se laver \u00e0 la main. Bon pour l&#8217;environnement: r\u00e9utilisable pendant 24 mois (\u00e0 partir de la [&#8230;]<\/p>\n<p><a class=\"btn btn-secondary understrap-read-more-link\" href=\"https:\/\/shop.brita.ch\/fr\/produit\/magasin-en-ligne-gazeificateur-sodaone-bouteilles\">Lire la suite&#8230;<\/a><\/p>\n","protected":false},"featured_media":12458,"template":"","meta":[],"product_brand":[],"product_cat":[102],"product_tag":[],"class_list":{"0":"post-10376","1":"product","2":"type-product","3":"status-publish","4":"has-post-thumbnail","6":"product_cat-accessoires","8":"first","9":"instock","10":"taxable","11":"shipping-taxable","12":"purchasable","13":"product-type-simple"},"yoast_head":"<!-- This site is optimized with the Yoast SEO plugin v26.7 - https:\/\/yoast.com\/wordpress\/plugins\/seo\/ -->\n<title>Bouteilles sodaONE pour gaz\u00e9ificateur d&#039;eau BRITA | BRITA\u00ae<\/title>\n<meta name=\"description\" content=\"Bouteilles sodaONE pour gaz\u00e9ificateur d&#039;eau BRITA: savourez chez vous une eau fra\u00eechement p\u00e9tillante et bon march\u00e9. J&#039;ach\u00e8te!\" \/>\n<meta name=\"robots\" content=\"index, follow, max-snippet:-1, max-image-preview:large, max-video-preview:-1\" \/>\n<link rel=\"canonical\" href=\"https:\/\/shop.brita.ch\/fr\/produit\/magasin-en-ligne-gazeificateur-sodaone-bouteilles\" \/>\n<meta property=\"og:locale\" content=\"fr_FR\" \/>\n<meta property=\"og:type\" content=\"article\" \/>\n<meta property=\"og:title\" content=\"Bouteilles sodaONE pour gaz\u00e9ificateur d&#039;eau BRITA | BRITA\u00ae\" \/>\n<meta property=\"og:description\" content=\"Bouteilles sodaONE pour gaz\u00e9ificateur d&#039;eau BRITA: savourez chez vous une eau fra\u00eechement p\u00e9tillante et bon march\u00e9. J&#039;ach\u00e8te!\" \/>\n<meta property=\"og:url\" content=\"https:\/\/shop.brita.ch\/fr\/produit\/magasin-en-ligne-gazeificateur-sodaone-bouteilles\" \/>\n<meta property=\"og:site_name\" content=\"BRITA\" \/>\n<meta property=\"article:publisher\" content=\"https:\/\/www.facebook.com\/BRITA.schweiz\" \/>\n<meta property=\"article:modified_time\" content=\"2026-01-29T12:42:13+00:00\" \/>\n<meta property=\"og:image\" content=\"https:\/\/shop.brita.ch\/fr\/wp-content\/uploads\/2021\/06\/brita-watersparkler-sodaone-bottles-hero-visual.jpg\" \/>\n\t<meta property=\"og:image:width\" content=\"1564\" \/>\n\t<meta property=\"og:image:height\" content=\"1564\" \/>\n\t<meta property=\"og:image:type\" content=\"image\/jpeg\" \/>\n<meta name=\"twitter:card\" content=\"summary_large_image\" \/>\n<meta name=\"twitter:label1\" content=\"Est. reading time\" \/>\n\t<meta name=\"twitter:data1\" content=\"1 minute\" \/>\n<script type=\"application\/ld+json\" class=\"yoast-schema-graph\">{\"@context\":\"https:\/\/schema.org\",\"@graph\":[{\"@type\":\"WebPage\",\"@id\":\"https:\/\/shop.brita.ch\/fr\/produit\/magasin-en-ligne-gazeificateur-sodaone-bouteilles\",\"url\":\"https:\/\/shop.brita.ch\/fr\/produit\/magasin-en-ligne-gazeificateur-sodaone-bouteilles\",\"name\":\"Bouteilles sodaONE pour gaz\u00e9ificateur d'eau BRITA | BRITA\u00ae\",\"isPartOf\":{\"@id\":\"https:\/\/shop.brita.ch\/fr\/#website\"},\"primaryImageOfPage\":{\"@id\":\"https:\/\/shop.brita.ch\/fr\/produit\/magasin-en-ligne-gazeificateur-sodaone-bouteilles#primaryimage\"},\"image\":{\"@id\":\"https:\/\/shop.brita.ch\/fr\/produit\/magasin-en-ligne-gazeificateur-sodaone-bouteilles#primaryimage\"},\"thumbnailUrl\":\"\/fr\/wp-content\/uploads\/2021\/06\/brita-watersparkler-sodaone-bottles-hero-visual.jpg\",\"datePublished\":\"2021-06-28T13:12:34+00:00\",\"dateModified\":\"2026-01-29T12:42:13+00:00\",\"description\":\"Bouteilles sodaONE pour gaz\u00e9ificateur d'eau BRITA: savourez chez vous une eau fra\u00eechement p\u00e9tillante et bon march\u00e9. J'ach\u00e8te!\",\"breadcrumb\":{\"@id\":\"https:\/\/shop.brita.ch\/fr\/produit\/magasin-en-ligne-gazeificateur-sodaone-bouteilles#breadcrumb\"},\"inLanguage\":\"fr-FR\",\"potentialAction\":[{\"@type\":\"ReadAction\",\"target\":[\"https:\/\/shop.brita.ch\/fr\/produit\/magasin-en-ligne-gazeificateur-sodaone-bouteilles\"]}]},{\"@type\":\"ImageObject\",\"inLanguage\":\"fr-FR\",\"@id\":\"https:\/\/shop.brita.ch\/fr\/produit\/magasin-en-ligne-gazeificateur-sodaone-bouteilles#primaryimage\",\"url\":\"\/fr\/wp-content\/uploads\/2021\/06\/brita-watersparkler-sodaone-bottles-hero-visual.jpg\",\"contentUrl\":\"\/fr\/wp-content\/uploads\/2021\/06\/brita-watersparkler-sodaone-bottles-hero-visual.jpg\",\"width\":1564,\"height\":1564,\"caption\":\"SodaONE Glas Flaschen\"},{\"@type\":\"BreadcrumbList\",\"@id\":\"https:\/\/shop.brita.ch\/fr\/produit\/magasin-en-ligne-gazeificateur-sodaone-bouteilles#breadcrumb\",\"itemListElement\":[{\"@type\":\"ListItem\",\"position\":1,\"name\":\"Page d'accueil\",\"item\":\"https:\/\/shop.brita.ch\/fr\/\"},{\"@type\":\"ListItem\",\"position\":2,\"name\":\"Produits\",\"item\":\"https:\/\/shop.brita.ch\/fr\/shop\"},{\"@type\":\"ListItem\",\"position\":3,\"name\":\"Gaz\u00e9ificateur d&#8217;eau BRITA sodaONE pack de 2 bouteilles\"}]},{\"@type\":\"WebSite\",\"@id\":\"https:\/\/shop.brita.ch\/fr\/#website\",\"url\":\"https:\/\/shop.brita.ch\/fr\/\",\"name\":\"BRITA\u00ae\",\"description\":\"Filtrationsl\u00f6sungen\",\"publisher\":{\"@id\":\"https:\/\/shop.brita.ch\/fr\/#organization\"},\"potentialAction\":[{\"@type\":\"SearchAction\",\"target\":{\"@type\":\"EntryPoint\",\"urlTemplate\":\"https:\/\/shop.brita.ch\/fr\/?s={search_term_string}\"},\"query-input\":{\"@type\":\"PropertyValueSpecification\",\"valueRequired\":true,\"valueName\":\"search_term_string\"}}],\"inLanguage\":\"fr-FR\"},{\"@type\":\"Organization\",\"@id\":\"https:\/\/shop.brita.ch\/fr\/#organization\",\"name\":\"BRITA Wasserfilter-Systeme AG\",\"url\":\"https:\/\/shop.brita.ch\/fr\/\",\"logo\":{\"@type\":\"ImageObject\",\"inLanguage\":\"fr-FR\",\"@id\":\"https:\/\/shop.brita.ch\/fr\/#\/schema\/logo\/image\/\",\"url\":\"\/fr\/wp-content\/uploads\/2019\/02\/logo-1.jpg\",\"contentUrl\":\"\/fr\/wp-content\/uploads\/2019\/02\/logo-1.jpg\",\"width\":117,\"height\":86,\"caption\":\"BRITA Wasserfilter-Systeme AG\"},\"image\":{\"@id\":\"https:\/\/shop.brita.ch\/fr\/#\/schema\/logo\/image\/\"},\"sameAs\":[\"https:\/\/www.facebook.com\/BRITA.schweiz\",\"https:\/\/www.instagram.com\/brita.schweiz\/\",\"https:\/\/de.linkedin.com\/company\/brita-gmbh\",\"https:\/\/www.youtube.com\/playlist?list=PLzhwO6-T9BJ7PNjKrGsSpVLHGT1s3xUoy\"]}]}<\/script>\n<!-- \/ Yoast SEO plugin. -->","yoast_head_json":{"title":"Bouteilles sodaONE pour gaz\u00e9ificateur d'eau BRITA | BRITA\u00ae","description":"Bouteilles sodaONE pour gaz\u00e9ificateur d'eau BRITA: savourez chez vous une eau fra\u00eechement p\u00e9tillante et bon march\u00e9. J'ach\u00e8te!","robots":{"index":"index","follow":"follow","max-snippet":"max-snippet:-1","max-image-preview":"max-image-preview:large","max-video-preview":"max-video-preview:-1"},"canonical":"https:\/\/shop.brita.ch\/fr\/produit\/magasin-en-ligne-gazeificateur-sodaone-bouteilles","og_locale":"fr_FR","og_type":"article","og_title":"Bouteilles sodaONE pour gaz\u00e9ificateur d'eau BRITA | BRITA\u00ae","og_description":"Bouteilles sodaONE pour gaz\u00e9ificateur d'eau BRITA: savourez chez vous une eau fra\u00eechement p\u00e9tillante et bon march\u00e9. J'ach\u00e8te!","og_url":"https:\/\/shop.brita.ch\/fr\/produit\/magasin-en-ligne-gazeificateur-sodaone-bouteilles","og_site_name":"BRITA","article_publisher":"https:\/\/www.facebook.com\/BRITA.schweiz","article_modified_time":"2026-01-29T12:42:13+00:00","og_image":[{"width":1564,"height":1564,"url":"https:\/\/shop.brita.ch\/fr\/wp-content\/uploads\/2021\/06\/brita-watersparkler-sodaone-bottles-hero-visual.jpg","type":"image\/jpeg"}],"twitter_card":"summary_large_image","twitter_misc":{"Est. reading time":"1 minute"},"schema":{"@context":"https:\/\/schema.org","@graph":[{"@type":"WebPage","@id":"https:\/\/shop.brita.ch\/fr\/produit\/magasin-en-ligne-gazeificateur-sodaone-bouteilles","url":"https:\/\/shop.brita.ch\/fr\/produit\/magasin-en-ligne-gazeificateur-sodaone-bouteilles","name":"Bouteilles sodaONE pour gaz\u00e9ificateur d'eau BRITA | BRITA\u00ae","isPartOf":{"@id":"https:\/\/shop.brita.ch\/fr\/#website"},"primaryImageOfPage":{"@id":"https:\/\/shop.brita.ch\/fr\/produit\/magasin-en-ligne-gazeificateur-sodaone-bouteilles#primaryimage"},"image":{"@id":"https:\/\/shop.brita.ch\/fr\/produit\/magasin-en-ligne-gazeificateur-sodaone-bouteilles#primaryimage"},"thumbnailUrl":"\/fr\/wp-content\/uploads\/2021\/06\/brita-watersparkler-sodaone-bottles-hero-visual.jpg","datePublished":"2021-06-28T13:12:34+00:00","dateModified":"2026-01-29T12:42:13+00:00","description":"Bouteilles sodaONE pour gaz\u00e9ificateur d'eau BRITA: savourez chez vous une eau fra\u00eechement p\u00e9tillante et bon march\u00e9. J'ach\u00e8te!","breadcrumb":{"@id":"https:\/\/shop.brita.ch\/fr\/produit\/magasin-en-ligne-gazeificateur-sodaone-bouteilles#breadcrumb"},"inLanguage":"fr-FR","potentialAction":[{"@type":"ReadAction","target":["https:\/\/shop.brita.ch\/fr\/produit\/magasin-en-ligne-gazeificateur-sodaone-bouteilles"]}]},{"@type":"ImageObject","inLanguage":"fr-FR","@id":"https:\/\/shop.brita.ch\/fr\/produit\/magasin-en-ligne-gazeificateur-sodaone-bouteilles#primaryimage","url":"\/fr\/wp-content\/uploads\/2021\/06\/brita-watersparkler-sodaone-bottles-hero-visual.jpg","contentUrl":"\/fr\/wp-content\/uploads\/2021\/06\/brita-watersparkler-sodaone-bottles-hero-visual.jpg","width":1564,"height":1564,"caption":"SodaONE Glas Flaschen"},{"@type":"BreadcrumbList","@id":"https:\/\/shop.brita.ch\/fr\/produit\/magasin-en-ligne-gazeificateur-sodaone-bouteilles#breadcrumb","itemListElement":[{"@type":"ListItem","position":1,"name":"Page d'accueil","item":"https:\/\/shop.brita.ch\/fr\/"},{"@type":"ListItem","position":2,"name":"Produits","item":"https:\/\/shop.brita.ch\/fr\/shop"},{"@type":"ListItem","position":3,"name":"Gaz\u00e9ificateur d&#8217;eau BRITA sodaONE pack de 2 bouteilles"}]},{"@type":"WebSite","@id":"https:\/\/shop.brita.ch\/fr\/#website","url":"https:\/\/shop.brita.ch\/fr\/","name":"BRITA\u00ae","description":"Filtrationsl\u00f6sungen","publisher":{"@id":"https:\/\/shop.brita.ch\/fr\/#organization"},"potentialAction":[{"@type":"SearchAction","target":{"@type":"EntryPoint","urlTemplate":"https:\/\/shop.brita.ch\/fr\/?s={search_term_string}"},"query-input":{"@type":"PropertyValueSpecification","valueRequired":true,"valueName":"search_term_string"}}],"inLanguage":"fr-FR"},{"@type":"Organization","@id":"https:\/\/shop.brita.ch\/fr\/#organization","name":"BRITA Wasserfilter-Systeme AG","url":"https:\/\/shop.brita.ch\/fr\/","logo":{"@type":"ImageObject","inLanguage":"fr-FR","@id":"https:\/\/shop.brita.ch\/fr\/#\/schema\/logo\/image\/","url":"\/fr\/wp-content\/uploads\/2019\/02\/logo-1.jpg","contentUrl":"\/fr\/wp-content\/uploads\/2019\/02\/logo-1.jpg","width":117,"height":86,"caption":"BRITA Wasserfilter-Systeme AG"},"image":{"@id":"https:\/\/shop.brita.ch\/fr\/#\/schema\/logo\/image\/"},"sameAs":["https:\/\/www.facebook.com\/BRITA.schweiz","https:\/\/www.instagram.com\/brita.schweiz\/","https:\/\/de.linkedin.com\/company\/brita-gmbh","https:\/\/www.youtube.com\/playlist?list=PLzhwO6-T9BJ7PNjKrGsSpVLHGT1s3xUoy"]}]}},"_links":{"self":[{"href":"https:\/\/shop.brita.ch\/fr\/wp-json\/wp\/v2\/product\/10376","targetHints":{"allow":["GET"]}}],"collection":[{"href":"https:\/\/shop.brita.ch\/fr\/wp-json\/wp\/v2\/product"}],"about":[{"href":"https:\/\/shop.brita.ch\/fr\/wp-json\/wp\/v2\/types\/product"}],"wp:featuredmedia":[{"embeddable":true,"href":"https:\/\/shop.brita.ch\/fr\/wp-json\/wp\/v2\/media\/12458"}],"wp:attachment":[{"href":"https:\/\/shop.brita.ch\/fr\/wp-json\/wp\/v2\/media?parent=10376"}],"wp:term":[{"taxonomy":"product_brand","embeddable":true,"href":"https:\/\/shop.brita.ch\/fr\/wp-json\/wp\/v2\/product_brand?post=10376"},{"taxonomy":"product_cat","embeddable":true,"href":"https:\/\/shop.brita.ch\/fr\/wp-json\/wp\/v2\/product_cat?post=10376"},{"taxonomy":"product_tag","embeddable":true,"href":"https:\/\/shop.brita.ch\/fr\/wp-json\/wp\/v2\/product_tag?post=10376"}],"curies":[{"name":"wp","href":"https:\/\/api.w.org\/{rel}","templated":true}]}}