{"id":16539,"date":"2025-10-21T14:34:46","date_gmt":"2025-10-21T12:34:46","guid":{"rendered":"https:\/\/shop.brita.ch\/fr\/?page_id=16539"},"modified":"2025-10-22T12:35:34","modified_gmt":"2025-10-22T10:35:34","slug":"developpement-durable-et-recyclage-chez-brita","status":"publish","type":"page","link":"https:\/\/shop.brita.ch\/fr\/developpement-durable-et-recyclage-chez-brita","title":{"rendered":"D\u00e9veloppement durable et recyclage chez BRITA"},"content":{"rendered":"<p>Le d\u00e9veloppement durable est au c\u0153ur de l\u2019action de BRITA. Depuis plus de 50 ans, nous d\u00e9veloppons des solutions qui contribuent \u00e0 l\u2019utilisation responsable de l\u2019eau \u2013 et pr\u00e9servent les ressources et l\u2019environnement. Avec des produits innovants, un programme de recyclage bien \u00e9tabli et des objectifs clairs, nous nous mobilisons pour que notre plan\u00e8te reste agr\u00e9able \u00e0 vivre pour les g\u00e9n\u00e9rations futures.<\/p>\n<p>Depuis plus de 30 ans, nous recyclons nos cartouches filtrantes. Depuis plus de dix ans, nous utilisons de l\u2019\u00e9lectricit\u00e9 verte. Chez BRITA, le d\u00e9veloppement durable \u00e9tait une r\u00e9alit\u00e9 bien avant que ce terme soit sur toutes les l\u00e8vres. Parce que nous sommes pr\u00eats \u00e0 endosser nos responsabilit\u00e9s. Pour nos produits. Pour l\u2019environnement. Pour chacune et chacun de nous.<\/p>\n<h2 style=\"margin-top: 48px;\">Le programme de recyclage BRITA<\/h2>\n<p>\u00abPourquoi laisser \u00e0 d\u2019autres la t\u00e2che de recycler nos cartouches filtrantes quand nous pouvons nous en occuper avec nos partenaires?\u00bb C\u2019est sur la base de cette r\u00e9flexion que le fondateur de BRITA Heinz Hankammer a lanc\u00e9 le programme de recyclage pour les cartouches BRITA en 1992. \u00c0 l\u2019\u00e9poque, c\u2019\u00e9tait un vrai travail de pionnier.<\/p>\n<p>Aussit\u00f4t dit, aussit\u00f4t fait. Depuis, les cartouches filtrantes rapport\u00e9es \u00e0 l\u2019usine BRITA en Allemagne sont tri\u00e9es dans le centre propre \u00e0 l\u2019entreprise pour \u00eatre valoris\u00e9es. Nous r\u00e9g\u00e9n\u00e9rons nous-m\u00eames certains mat\u00e9riaux filtrants que nous r\u00e9utilisons ensuite dans des cartouches filtrantes neuves et bouclons ainsi le cycle des mat\u00e9riaux.<\/p>\n<h3 style=\"margin-top: 48px;\">Pr\u00e9server les ressources \u2013 facilement et efficacement<\/h3>\n<p>Les composants de la cartouche \u00e9puis\u00e9e sont tri\u00e9s et valoris\u00e9s en plusieurs \u00e9tapes. Font partie des trois principaux composants:<\/p>\n<div class=\"tiles\">\n<div class=\"tile-paragraph\">\n<p><img decoding=\"async\" class=\"alignnone size-full wp-image-27780\" src=\"\/de\/wp-content\/uploads\/2025\/10\/Kartuschen-vor-Trennanlage-1.webp\" alt=\"\" width=\"100%\" height=\"auto\" \/><\/p>\n<div class=\"tile-text\">\n<h4>Corps en plastique<\/h4>\n<p>Le corps en plastique est broy\u00e9 sur place. Il sera revendu \u00e0 des entreprises partenaires. Elles nettoieront et trieront le plastique, puis le r\u00e9duiront en granul\u00e9s qui serviront \u00e0 fabriquer de nouvelles pi\u00e8ces en plastique.<\/p>\n<\/div>\n<\/div>\n<div class=\"tile-paragraph\">\n<p><img decoding=\"async\" class=\"alignnone size-full wp-image-27779\" src=\"\/de\/wp-content\/uploads\/2025\/10\/Aktivkohle.webp\" alt=\"\" width=\"100%\" height=\"auto\" \/><\/p>\n<div class=\"tile-text\">\n<h4>Charbon actif<\/h4>\n<p>Le charbon actif est retourn\u00e9 \u00e0 ses fournisseurs. Une fois r\u00e9g\u00e9n\u00e9r\u00e9, il pourra intervenir dans diff\u00e9rents processus de filtration (p. ex. pour le traitement des eaux us\u00e9es).<\/p>\n<\/div>\n<\/div>\n<div class=\"tile-paragraph\">\n<p><img decoding=\"async\" class=\"alignnone size-full wp-image-27778\" src=\"\/de\/wp-content\/uploads\/2025\/10\/Ionenaustauscher-2_1.webp\" alt=\"\" width=\"100%\" height=\"auto\" \/><\/p>\n<div class=\"tile-text\">\n<h4>\u00c9changeur ionique<\/h4>\n<p>L\u2019\u00e9changeur ionique est trait\u00e9 dans notre propre unit\u00e9 de r\u00e9g\u00e9n\u00e9ration, puis sera r\u00e9utilis\u00e9 dans de nouvelles cartouches filtrantes. Des cartouches filtrantes BRITA neuves peuvent ainsi contenir des \u00e9changeurs ioniques r\u00e9g\u00e9n\u00e9r\u00e9s et offrir le m\u00eame niveau de qualit\u00e9 et de performance.<\/p>\n<\/div>\n<\/div>\n<\/div>\n<h3 style=\"margin-top: 48px;\">Comment recycler vos cartouches filtrantes BRITA<\/h3>\n<p>Lors de votre prochaine commande dans notre boutique en ligne, vous pouvez laisser un message et demander des \u00e9tiquettes ECR qui vous permettront de renvoyer gratuitement vos cartouches filtrantes usag\u00e9es. Ou adressez-vous \u00e0 notre service client.<\/p>\n<p>Nous travaillons d\u2019ores et d\u00e9j\u00e0 avec diff\u00e9rents partenaires commerciaux afin de faciliter au maximum le retour des cartouches.<\/p>\n<p>Vous pouvez ainsi d\u00e9poser vos cartouches usag\u00e9es directement dans les magasins de nos revendeurs BRITA, comme Migros, Coop ou Media Markt. Les stations de recyclage ou le comptoir \u00e0 l\u2019accueil o\u00f9 sont collect\u00e9es les piles usag\u00e9es notamment acceptent aussi souvent nos cartouches. D\u00e8s que suffisamment de cartouches ont \u00e9t\u00e9 collect\u00e9es, nous allons les chercher et les envoyons dans notre unit\u00e9 de recyclage.<\/p>\n<div class=\"recycling-facts\" style=\"margin-top: 48px;\">\n<h2>Votre r\u00f4le \u2013 agir pour le d\u00e9veloppement durable en toute simplicit\u00e9<\/h2>\n<ul>\n<li><strong>Rapporter vos cartouches<\/strong><br \/>\nTrouvez un point de collecte pr\u00e8s de chez vous ou indiquez, lors de votre prochaine commande, que vous avez des cartouches \u00e0 recycler. Vous participerez ainsi \u00e0 la pr\u00e9servation de pr\u00e9cieuses ressources.<\/li>\n<li><strong>Choisir des produits durables<\/strong><br \/>\nD\u00e9couvrez nos <a href=\"https:\/\/shop.brita.ch\/fr\/gourdes-filtrantes\">gourdes r\u00e9utilisables<\/a> et nos solutions de filtration con\u00e7ues pour durer, comme nos <a href=\"https:\/\/shop.brita.ch\/fr\/systemes-de-filtration\">carafes filtrantes<\/a> ou nos <a href=\"https:\/\/shop.brita.ch\/fr\/robinets-de-cuisine-filtrants\">robinets de cuisine filtrants<\/a>.<\/li>\n<li><strong>Consommer de fa\u00e7on responsable<\/strong><br \/>\nUtilisez l\u2019eau du robinet filtr\u00e9e, \u00e9vitez le plastique et misez sur les produits con\u00e7us pour durer.<\/li>\n<\/ul>\n<\/div>\n<p>&nbsp;<\/p>\n<div class=\"plant\"><img decoding=\"async\" class=\"\" style=\"object-fit: cover;\" src=\"\/de\/wp-content\/uploads\/2025\/10\/2021_Sustainability_tiny_fern-1.webp\" alt=\"\" width=\"100%\" height=\"auto\" \/><\/div>\n<p>&nbsp;<\/p>\n<h2>Chez nous, l\u2019action durable est un enjeu majeur qui s\u2019affiche parmi les indicateurs de notre entreprise<\/h2>\n<p>Le d\u00e9veloppement durable est au c\u0153ur de notre strat\u00e9gie d\u2019entreprise. Nous avons mis en place ce que nous appelons la\u00a0<strong>Planet Contribution,<\/strong>\u00a0\u00e0 savoir un indicateur d\u2019entreprise qui, aux c\u00f4t\u00e9s du chiffre d\u2019affaires et du b\u00e9n\u00e9fice, mesure notre contribution au d\u00e9veloppement durable. Nous avons \u00e9galement d\u00e9fini des objectifs concrets, amen\u00e9s \u00e0 se pr\u00e9ciser, dans notre\u00a0<strong>Sustainability Charter<\/strong>. Nous voulons ainsi r\u00e9duire l\u2019utilisation de plastiques et de mat\u00e9riaux d\u2019emballage neufs, augmenter le taux de recyclage et r\u00e9duire les \u00e9missions de notre entreprise et de nos produits.<\/p>\n","protected":false},"excerpt":{"rendered":"<p>Le d\u00e9veloppement durable est au c\u0153ur de l\u2019action de BRITA. Depuis plus de 50 ans, nous d\u00e9veloppons des solutions qui contribuent \u00e0 l\u2019utilisation responsable de l\u2019eau \u2013 et pr\u00e9servent les ressources et l\u2019environnement. Avec des produits innovants, un programme de recyclage bien \u00e9tabli et des objectifs clairs, nous nous mobilisons pour que notre plan\u00e8te reste [&#8230;]<\/p>\n<p><a class=\"btn btn-secondary understrap-read-more-link\" href=\"https:\/\/shop.brita.ch\/fr\/developpement-durable-et-recyclage-chez-brita\">Lire la suite&#8230;<\/a><\/p>\n","protected":false},"author":8,"featured_media":0,"parent":0,"menu_order":0,"comment_status":"closed","ping_status":"closed","template":"stage-page.php","meta":{"footnotes":""},"class_list":["post-16539","page","type-page","status-publish","hentry"],"yoast_head":"<!-- This site is optimized with the Yoast SEO plugin v26.7 - https:\/\/yoast.com\/wordpress\/plugins\/seo\/ -->\n<title>D\u00e9veloppement durable et recyclage chez BRITA - BRITA<\/title>\n<meta name=\"description\" content=\"BRITA recycle les cartouches filtrantes depuis 1992. Avec des produits durables et des objectifs clairs, nous nous engageons pour un avenir meilleur \u2013 agissons ensemble!\" \/>\n<meta name=\"robots\" content=\"index, follow, max-snippet:-1, max-image-preview:large, max-video-preview:-1\" \/>\n<link rel=\"canonical\" href=\"https:\/\/shop.brita.ch\/fr\/developpement-durable-et-recyclage-chez-brita\" \/>\n<meta property=\"og:locale\" content=\"fr_FR\" \/>\n<meta property=\"og:type\" content=\"article\" \/>\n<meta property=\"og:title\" content=\"D\u00e9veloppement durable et recyclage chez BRITA - BRITA\" \/>\n<meta property=\"og:description\" content=\"BRITA recycle les cartouches filtrantes depuis 1992. Avec des produits durables et des objectifs clairs, nous nous engageons pour un avenir meilleur \u2013 agissons ensemble!\" \/>\n<meta property=\"og:url\" content=\"https:\/\/shop.brita.ch\/fr\/developpement-durable-et-recyclage-chez-brita\" \/>\n<meta property=\"og:site_name\" content=\"BRITA\" \/>\n<meta property=\"article:publisher\" content=\"https:\/\/www.facebook.com\/BRITA.schweiz\" \/>\n<meta property=\"article:modified_time\" content=\"2025-10-22T10:35:34+00:00\" \/>\n<meta name=\"twitter:card\" content=\"summary_large_image\" \/>\n<meta name=\"twitter:label1\" content=\"Est. reading time\" \/>\n\t<meta name=\"twitter:data1\" content=\"5 minutes\" \/>\n<script type=\"application\/ld+json\" class=\"yoast-schema-graph\">{\"@context\":\"https:\/\/schema.org\",\"@graph\":[{\"@type\":\"WebPage\",\"@id\":\"https:\/\/shop.brita.ch\/fr\/developpement-durable-et-recyclage-chez-brita\",\"url\":\"https:\/\/shop.brita.ch\/fr\/developpement-durable-et-recyclage-chez-brita\",\"name\":\"D\u00e9veloppement durable et recyclage chez BRITA - BRITA\",\"isPartOf\":{\"@id\":\"https:\/\/shop.brita.ch\/fr\/#website\"},\"datePublished\":\"2025-10-21T12:34:46+00:00\",\"dateModified\":\"2025-10-22T10:35:34+00:00\",\"description\":\"BRITA recycle les cartouches filtrantes depuis 1992. Avec des produits durables et des objectifs clairs, nous nous engageons pour un avenir meilleur \u2013 agissons ensemble!\",\"breadcrumb\":{\"@id\":\"https:\/\/shop.brita.ch\/fr\/developpement-durable-et-recyclage-chez-brita#breadcrumb\"},\"inLanguage\":\"fr-FR\",\"potentialAction\":[{\"@type\":\"ReadAction\",\"target\":[\"https:\/\/shop.brita.ch\/fr\/developpement-durable-et-recyclage-chez-brita\"]}]},{\"@type\":\"BreadcrumbList\",\"@id\":\"https:\/\/shop.brita.ch\/fr\/developpement-durable-et-recyclage-chez-brita#breadcrumb\",\"itemListElement\":[{\"@type\":\"ListItem\",\"position\":1,\"name\":\"Page d'accueil\",\"item\":\"https:\/\/shop.brita.ch\/fr\/\"},{\"@type\":\"ListItem\",\"position\":2,\"name\":\"D\u00e9veloppement durable et recyclage chez BRITA\"}]},{\"@type\":\"WebSite\",\"@id\":\"https:\/\/shop.brita.ch\/fr\/#website\",\"url\":\"https:\/\/shop.brita.ch\/fr\/\",\"name\":\"BRITA\u00ae\",\"description\":\"Filtrationsl\u00f6sungen\",\"publisher\":{\"@id\":\"https:\/\/shop.brita.ch\/fr\/#organization\"},\"potentialAction\":[{\"@type\":\"SearchAction\",\"target\":{\"@type\":\"EntryPoint\",\"urlTemplate\":\"https:\/\/shop.brita.ch\/fr\/?s={search_term_string}\"},\"query-input\":{\"@type\":\"PropertyValueSpecification\",\"valueRequired\":true,\"valueName\":\"search_term_string\"}}],\"inLanguage\":\"fr-FR\"},{\"@type\":\"Organization\",\"@id\":\"https:\/\/shop.brita.ch\/fr\/#organization\",\"name\":\"BRITA Wasserfilter-Systeme AG\",\"url\":\"https:\/\/shop.brita.ch\/fr\/\",\"logo\":{\"@type\":\"ImageObject\",\"inLanguage\":\"fr-FR\",\"@id\":\"https:\/\/shop.brita.ch\/fr\/#\/schema\/logo\/image\/\",\"url\":\"\/fr\/wp-content\/uploads\/2019\/02\/logo-1.jpg\",\"contentUrl\":\"\/fr\/wp-content\/uploads\/2019\/02\/logo-1.jpg\",\"width\":117,\"height\":86,\"caption\":\"BRITA Wasserfilter-Systeme AG\"},\"image\":{\"@id\":\"https:\/\/shop.brita.ch\/fr\/#\/schema\/logo\/image\/\"},\"sameAs\":[\"https:\/\/www.facebook.com\/BRITA.schweiz\",\"https:\/\/www.instagram.com\/brita.schweiz\/\",\"https:\/\/de.linkedin.com\/company\/brita-gmbh\",\"https:\/\/www.youtube.com\/playlist?list=PLzhwO6-T9BJ7PNjKrGsSpVLHGT1s3xUoy\"]}]}<\/script>\n<!-- \/ Yoast SEO plugin. -->","yoast_head_json":{"title":"D\u00e9veloppement durable et recyclage chez BRITA - BRITA","description":"BRITA recycle les cartouches filtrantes depuis 1992. Avec des produits durables et des objectifs clairs, nous nous engageons pour un avenir meilleur \u2013 agissons ensemble!","robots":{"index":"index","follow":"follow","max-snippet":"max-snippet:-1","max-image-preview":"max-image-preview:large","max-video-preview":"max-video-preview:-1"},"canonical":"https:\/\/shop.brita.ch\/fr\/developpement-durable-et-recyclage-chez-brita","og_locale":"fr_FR","og_type":"article","og_title":"D\u00e9veloppement durable et recyclage chez BRITA - BRITA","og_description":"BRITA recycle les cartouches filtrantes depuis 1992. Avec des produits durables et des objectifs clairs, nous nous engageons pour un avenir meilleur \u2013 agissons ensemble!","og_url":"https:\/\/shop.brita.ch\/fr\/developpement-durable-et-recyclage-chez-brita","og_site_name":"BRITA","article_publisher":"https:\/\/www.facebook.com\/BRITA.schweiz","article_modified_time":"2025-10-22T10:35:34+00:00","twitter_card":"summary_large_image","twitter_misc":{"Est. reading time":"5 minutes"},"schema":{"@context":"https:\/\/schema.org","@graph":[{"@type":"WebPage","@id":"https:\/\/shop.brita.ch\/fr\/developpement-durable-et-recyclage-chez-brita","url":"https:\/\/shop.brita.ch\/fr\/developpement-durable-et-recyclage-chez-brita","name":"D\u00e9veloppement durable et recyclage chez BRITA - BRITA","isPartOf":{"@id":"https:\/\/shop.brita.ch\/fr\/#website"},"datePublished":"2025-10-21T12:34:46+00:00","dateModified":"2025-10-22T10:35:34+00:00","description":"BRITA recycle les cartouches filtrantes depuis 1992. Avec des produits durables et des objectifs clairs, nous nous engageons pour un avenir meilleur \u2013 agissons ensemble!","breadcrumb":{"@id":"https:\/\/shop.brita.ch\/fr\/developpement-durable-et-recyclage-chez-brita#breadcrumb"},"inLanguage":"fr-FR","potentialAction":[{"@type":"ReadAction","target":["https:\/\/shop.brita.ch\/fr\/developpement-durable-et-recyclage-chez-brita"]}]},{"@type":"BreadcrumbList","@id":"https:\/\/shop.brita.ch\/fr\/developpement-durable-et-recyclage-chez-brita#breadcrumb","itemListElement":[{"@type":"ListItem","position":1,"name":"Page d'accueil","item":"https:\/\/shop.brita.ch\/fr\/"},{"@type":"ListItem","position":2,"name":"D\u00e9veloppement durable et recyclage chez BRITA"}]},{"@type":"WebSite","@id":"https:\/\/shop.brita.ch\/fr\/#website","url":"https:\/\/shop.brita.ch\/fr\/","name":"BRITA\u00ae","description":"Filtrationsl\u00f6sungen","publisher":{"@id":"https:\/\/shop.brita.ch\/fr\/#organization"},"potentialAction":[{"@type":"SearchAction","target":{"@type":"EntryPoint","urlTemplate":"https:\/\/shop.brita.ch\/fr\/?s={search_term_string}"},"query-input":{"@type":"PropertyValueSpecification","valueRequired":true,"valueName":"search_term_string"}}],"inLanguage":"fr-FR"},{"@type":"Organization","@id":"https:\/\/shop.brita.ch\/fr\/#organization","name":"BRITA Wasserfilter-Systeme AG","url":"https:\/\/shop.brita.ch\/fr\/","logo":{"@type":"ImageObject","inLanguage":"fr-FR","@id":"https:\/\/shop.brita.ch\/fr\/#\/schema\/logo\/image\/","url":"\/fr\/wp-content\/uploads\/2019\/02\/logo-1.jpg","contentUrl":"\/fr\/wp-content\/uploads\/2019\/02\/logo-1.jpg","width":117,"height":86,"caption":"BRITA Wasserfilter-Systeme AG"},"image":{"@id":"https:\/\/shop.brita.ch\/fr\/#\/schema\/logo\/image\/"},"sameAs":["https:\/\/www.facebook.com\/BRITA.schweiz","https:\/\/www.instagram.com\/brita.schweiz\/","https:\/\/de.linkedin.com\/company\/brita-gmbh","https:\/\/www.youtube.com\/playlist?list=PLzhwO6-T9BJ7PNjKrGsSpVLHGT1s3xUoy"]}]}},"_links":{"self":[{"href":"https:\/\/shop.brita.ch\/fr\/wp-json\/wp\/v2\/pages\/16539","targetHints":{"allow":["GET"]}}],"collection":[{"href":"https:\/\/shop.brita.ch\/fr\/wp-json\/wp\/v2\/pages"}],"about":[{"href":"https:\/\/shop.brita.ch\/fr\/wp-json\/wp\/v2\/types\/page"}],"author":[{"embeddable":true,"href":"https:\/\/shop.brita.ch\/fr\/wp-json\/wp\/v2\/users\/8"}],"replies":[{"embeddable":true,"href":"https:\/\/shop.brita.ch\/fr\/wp-json\/wp\/v2\/comments?post=16539"}],"version-history":[{"count":5,"href":"https:\/\/shop.brita.ch\/fr\/wp-json\/wp\/v2\/pages\/16539\/revisions"}],"predecessor-version":[{"id":16546,"href":"https:\/\/shop.brita.ch\/fr\/wp-json\/wp\/v2\/pages\/16539\/revisions\/16546"}],"wp:attachment":[{"href":"https:\/\/shop.brita.ch\/fr\/wp-json\/wp\/v2\/media?parent=16539"}],"curies":[{"name":"wp","href":"https:\/\/api.w.org\/{rel}","templated":true}]}}