{"id":1261,"date":"2018-10-22T17:39:40","date_gmt":"2018-10-22T15:39:40","guid":{"rendered":"https:\/\/shop.brita.ch\/?page_id=1261"},"modified":"2025-07-22T13:20:29","modified_gmt":"2025-07-22T11:20:29","slug":"faq","status":"publish","type":"page","link":"https:\/\/shop.brita.ch\/fr\/faq","title":{"rendered":"Questions sur votre commande"},"content":{"rendered":"<h2 class=\"lead text-center\">La boutique en ligne syst\u00e8mes d\u2019eau BRITA grand public<\/h2>\r\n<div id=\"accordion-1\" class=\"accordion no-js\">\n<h3 role=\"button\" id=\"accordion-1-t1\"\n    class=\"accordion-title js-accordion-controller\"\n    aria-controls=\"accordion-1-c1\" aria-expanded=\"false\" tabindex=\"0\"\n    >\n    Recherche et s\u00e9lection de produits<\/h3>\n\n<div id=\"accordion-1-c1\" class=\"accordion-content\"\n    aria-hidden=\"true\">\n    <\/p>\r\n<h4>S\u00e9lection de produits<\/h4>\r\n<p>Nous sommes heureux de l\u2019int\u00e9r\u00eat que vous portez aux produits BRITA. Pour acheter les articles qui vous plaisent, placez-les tout simplement dans le panier.<\/p>\r\n<h4>Trouver des produits<\/h4>\r\n<p>Parcourez les univers de produits BRITA \u00e0 la recherche du produit que vous souhaitez.<\/p>\r\n<h4>Utiliser le panier<\/h4>\r\n<p>Pour acc\u00e9der au r\u00e9capitulatif des produits que vous avez s\u00e9lectionn\u00e9s, cliquez sur l\u2019ic\u00f4ne du panier en haut \u00e0 droite depuis n\u2019importe quelle page. Vous pourrez y consulter une nouvelle fois les d\u00e9tails des diff\u00e9rents produits et supprimer des articles de votre liste. Pour poursuivre la commande, cliquez sur &#8220;Continuer&#8221;. <\/div>\n\n \n<h3 role=\"button\" id=\"accordion-1-t2\"\n    class=\"accordion-title js-accordion-controller\"\n    aria-controls=\"accordion-1-c2\" aria-expanded=\"false\" tabindex=\"0\"\n    >\n    Passer commande<\/h3>\n\n<div id=\"accordion-1-c2\" class=\"accordion-content\"\n    aria-hidden=\"true\">\n     Pour passer commande, affichez votre panier puis cliquez en bas sur &#8220;Continuer&#8221;. Vous serez alors guid\u00e9 pas \u00e0 pas \u00e0 travers les diff\u00e9rentes \u00e9tapes de la commande. Avant de valider d\u00e9finitivement votre commande et de l\u2019envoyer, vous reverrez tous les d\u00e9tails la concernant s\u2019afficher. <\/div>\n\n \n<h3 role=\"button\" id=\"accordion-1-t3\"\n    class=\"accordion-title js-accordion-controller\"\n    aria-controls=\"accordion-1-c3\" aria-expanded=\"false\" tabindex=\"0\"\n    >\n    Par quels moyens passer commande?<\/h3>\n\n<div id=\"accordion-1-c3\" class=\"accordion-content\"\n    aria-hidden=\"true\">\n     Les produits BRITA pr\u00e9sent\u00e9s dans la boutique en ligne BRITA ne peuvent \u00eatre achet\u00e9s que par le biais de la fonction de commande. Placez les articles souhait\u00e9s dans le panier puis, de l\u00e0, laissez vous guider \u00e0 travers les diff\u00e9rentes \u00e9tapes de la commande. Vous ne pouvez pas commander en passant par le formulaire de contact car les donn\u00e9es qui y sont entr\u00e9es ne sont pas transmises crypt\u00e9es par SSL. <br \/><br \/>Sachez que notre service client\u00e8le est l\u00e0 pour vous conseiller au 041 932 42 10 du LU au JE, de 08h00 \u00e0 12h00 \/ 13h30 \u00e0 17h00 et le VE de 08h00 \u00e0 12h00 \/ 13h30 \u00e0 16h00. <\/div>\n\n \n<h3 role=\"button\" id=\"accordion-1-t4\"\n    class=\"accordion-title js-accordion-controller\"\n    aria-controls=\"accordion-1-c4\" aria-expanded=\"false\" tabindex=\"0\"\n    >\n    Commandes depuis l\u2019\u00e9tranger<\/h3>\n\n<div id=\"accordion-1-c4\" class=\"accordion-content\"\n    aria-hidden=\"true\">\n     Nous ne pouvons vous livrer qu\u2019en Suisse. Les commandes pass\u00e9es aupr\u00e8s de la boutique en ligne BRITA depuis l\u2019\u00e9tranger ne sont donc malheureusement pas accept\u00e9es. Merci de votre compr\u00e9hension. <\/div>\n\n<\/div>\r\n<h3>Payer dans la boutique en ligne<\/h3>\r\n<div id=\"accordion-2\" class=\"accordion no-js\">\n<h3 role=\"button\" id=\"accordion-2-t1\"\n    class=\"accordion-title js-accordion-controller\"\n    aria-controls=\"accordion-2-c1\" aria-expanded=\"false\" tabindex=\"0\"\n    >\n    Modes de paiement<\/h3>\n\n<div id=\"accordion-2-c1\" class=\"accordion-content\"\n    aria-hidden=\"true\">\n     Les marchandises achet\u00e9es en ligne se paient par PostFinance Card, PostFinance E-Finance, TWINT, Apple Pay, Google Pay et les cartes de cr\u00e9dit suivantes: MasterCard, VISA. <\/div>\n\n \n<h3 role=\"button\" id=\"accordion-2-t2\"\n    class=\"accordion-title js-accordion-controller\"\n    aria-controls=\"accordion-2-c2\" aria-expanded=\"false\" tabindex=\"0\"\n    >\n    Partenaire contractuel<\/h3>\n\n<div id=\"accordion-2-c2\" class=\"accordion-content\"\n    aria-hidden=\"true\">\n     Le contrat est conclu avec BRITA AG, 6025 Neudorf, \u00e0 moins de stipulation expresse contraire. <br \/>Adresse: <br \/><br \/><strong>BRITA Wasser-Filter-Systeme AG<\/strong> <br \/>6025 Neudorf\/LU <br \/>T\u00e9l.: 041 932 42 10 <br \/>Fax: 041 932 42 11 <br \/>e-mail: <a href=\"mailto:info-cpd@brita.net\">info-cpd@brita.net<\/a> <br \/>Internet: www.brita.ch <br \/>Registre du commerce 21644; juridiction Wiesbaden <br \/>Num\u00e9ro d\u2019identification TVA: DE 814378411 <br \/>Droit de repr\u00e9sentation: Markus Hankammer <\/div>\n\n<\/div>\r\n<h3>Livraison et suivi des envois<\/h3>\r\n<div id=\"accordion-3\" class=\"accordion no-js\">\n<h3 role=\"button\" id=\"accordion-3-t1\"\n    class=\"accordion-title js-accordion-controller\"\n    aria-controls=\"accordion-3-c1\" aria-expanded=\"false\" tabindex=\"0\"\n    >\n    Adresse de livraison<\/h3>\n\n<div id=\"accordion-3-c1\" class=\"accordion-content\"\n    aria-hidden=\"true\">\n     Nous ne pouvons vous livrer qu\u2019en Suisse. Les commandes pass\u00e9es aupr\u00e8s de la boutique en ligne BRITA depuis l\u2019\u00e9tranger ne sont pas accept\u00e9es. <\/div>\n\n \n<h3 role=\"button\" id=\"accordion-3-t2\"\n    class=\"accordion-title js-accordion-controller\"\n    aria-controls=\"accordion-3-c2\" aria-expanded=\"false\" tabindex=\"0\"\n    >\n    Prix, frais d\u2019envoi et garantie<\/h3>\n\n<div id=\"accordion-3-c2\" class=\"accordion-content\"\n    aria-hidden=\"true\">\n     Tous les prix sont en CHF et incluent la TVA l\u00e9gale de 8,1%. Le prix applicable est celui en vigueur au moment de la commande. <br \/><br \/>Dans la boutique en ligne BRITA, la livraison est gratuite pour vous.<br \/><br \/>Si les articles livr\u00e9s pr\u00e9sentent des vices \u00e9vidents de mati\u00e8re ou de fabrication, veuillez adresser votre r\u00e9clamation au service consommateurs BRITA par t\u00e9l\u00e9phone en appelant le 041 932 42 10 ou par \u00e9crit en envoyant un e-mail \u00e0 <a href=\"mailto:info-cpd@brita.net\">info-cpd@brita.net<\/a> <\/div>\n\n<\/div>\r\n<h3>Retour de produits et r\u00e9clamations<\/h3>\r\n<div id=\"accordion-4\" class=\"accordion no-js\">\n<h3 role=\"button\" id=\"accordion-4-t1\"\n    class=\"accordion-title js-accordion-controller\"\n    aria-controls=\"accordion-4-c1\" aria-expanded=\"false\" tabindex=\"0\"\n    >\n    D\u00e9lais et conditions<\/h3>\n\n<div id=\"accordion-4-c1\" class=\"accordion-content\"\n    aria-hidden=\"true\">\n     Nous souhaitons bien \u00e9videmment que vous soyez pleinement satisfaits de votre nouveau produit BRITA. Si toutefois vous ne l\u2019\u00eates pas, vous disposez d\u2019un droit de r\u00e9tractation. Vous pouvez nous renvoyer la marchandise jusqu\u2019\u00e0 30 jours apr\u00e8s sa r\u00e9ception sans avoir \u00e0 avancer de motif. Pour que le d\u00e9lai soit respect\u00e9, il suffit que l\u2019envoi intervienne avant l\u2019expiration de celui-ci. <br \/><br \/>Apr\u00e8s r\u00e9ception de la marchandise, nous vous remboursons de sa valeur dans un d\u00e9lai de deux semaines, sous r\u00e9serve que vous ayez d\u00e9j\u00e0 r\u00e9gl\u00e9 la facture. <\/div>\n\n\n<h3 role=\"button\" id=\"accordion-4-t2\"\n    class=\"accordion-title js-accordion-controller\"\n    aria-controls=\"accordion-4-c2\" aria-expanded=\"false\" tabindex=\"0\"\n    >\n    D\u00e9gradation et utilisation incorrecte<\/h3>\n\n<div id=\"accordion-4-c2\" class=\"accordion-content\"\n    aria-hidden=\"true\">\n     <br \/><br \/>Merci de bien vouloir noter que nous ne pouvons reprendre les marchandises d\u00e9t\u00e9rior\u00e9es suite un usage inappropri\u00e9 ou ab\u00eem\u00e9es du fait d\u2019un emballage d\u00e9ficient. <\/div>\n\n\n<h3 role=\"button\" id=\"accordion-4-t3\"\n    class=\"accordion-title js-accordion-controller\"\n    aria-controls=\"accordion-4-c3\" aria-expanded=\"false\" tabindex=\"0\"\n    >\n    Garantie satisfait ou rembours\u00e9 BRITA<\/h3>\n\n<div id=\"accordion-4-c3\" class=\"accordion-content\"\n    aria-hidden=\"true\">\n     BRITA propose gracieusement une \u00abgarantie satisfait ou rembours\u00e9 de 30 jours\u00bb sur des produits de la boutique en ligne sp\u00e9cifi\u00e9s.<br \/>Le client peut retourner \u00e0 BRITA, dans un d\u00e9lai de 30 jours, toute marchandise couverte par la garantie satisfait ou rembours\u00e9 sans avoir \u00e0 se justifier. Le d\u00e9lai commence \u00e0 courir \u00e0 compter de la r\u00e9ception de la marchandise par le client et est r\u00e9put\u00e9 respect\u00e9 lorsque les marchandises sont renvoy\u00e9es avant expiration de ce d\u00e9lai. Le client assume les risques li\u00e9s au retour de la marchandise. Le client n\u2019est pas tenu de proc\u00e9der \u00e0 un remplacement de valeur en cas de d\u00e9t\u00e9rioration qui r\u00e9sulte d\u2019une utilisation adapt\u00e9e des marchandises couvertes par la garantie satisfait ou rembours\u00e9. Si et dans la mesure o\u00f9 le client a d\u00e9j\u00e0 proc\u00e9d\u00e9 au paiement (prix d\u2019achat et frais de port) des marchandises retourn\u00e9es, BRITA s\u2019engage \u00e0 le rembourser dans un d\u00e9lai de 30 jours. <\/div>\n\n<\/div>\r\n<h3>Engagement qualit\u00e9 et responsabilit\u00e9 BRITA<\/h3>\r\n<div id=\"accordion-5\" class=\"accordion no-js\">\n<h3 role=\"button\" id=\"accordion-5-t1\"\n    class=\"accordion-title js-accordion-controller\"\n    aria-controls=\"accordion-5-c1\" aria-expanded=\"false\" tabindex=\"0\"\n    >\n    Vos achats chez BRITA en toute s\u00e9curit\u00e9<\/h3>\n\n<div id=\"accordion-5-c1\" class=\"accordion-content\"\n    aria-hidden=\"true\">\n     Pour la collecte des informations confidentielles que vous \u00eates amen\u00e9(e) \u00e0 nous transmettre durant le processus de commande, nous utilisons une connexion SSL s\u00e9curis\u00e9e afin d\u2019emp\u00eacher que vos donn\u00e9es ne soient intercept\u00e9es par un tiers et ne tombent ainsi dans de mauvaises mains. <\/div>\n\n\n<h3 role=\"button\" id=\"accordion-5-t2\"\n    class=\"accordion-title js-accordion-controller\"\n    aria-controls=\"accordion-5-c2\" aria-expanded=\"false\" tabindex=\"0\"\n    >\n    BRITA s\u2019engage pour l\u2019environnement<\/h3>\n\n<div id=\"accordion-5-c2\" class=\"accordion-content\"\n    aria-hidden=\"true\">\n     Les produits BRITA refl\u00e8tent tous notre engagement en faveur d\u2019une utilisation responsable des ressources existantes et de la r\u00e9duction des d\u00e9chets. Pour preuve: en 1992, nous avons \u00e9t\u00e9 la premi\u00e8re entreprise de notre secteur d\u2019activit\u00e9 \u00e0 d\u00e9velopper un syst\u00e8me de recyclage pour les cartouches usag\u00e9es. Gr\u00e2ce \u00e0 un proc\u00e9d\u00e9 complexe, les composants des cartouches BRITA sont s\u00e9par\u00e9s puis recycl\u00e9s int\u00e9gralement. Pour participer \u00e0 la protection de l\u2019environnement, c\u2019est simple:<\/p>\r\n<ol>\r\n<li>BRITA recycle les cartouches usag\u00e9es.<\/li>\r\n<li>N\u2019h\u00e9sitez pas \u00e0 remettre gratuitement vos cartouches usag\u00e9es \u00e0 un revendeur BRITA!<\/li>\r\n<li>La hotline BRITA vous indiquera les revendeurs proches de chez vous qui proposent ce service. Contactez le service consommateurs BRITA au 041 932 42 10.<\/li>\r\n<\/ol>\r\n<p><a href=\"https:\/\/www.brita.ch\/fr_CH\/magazine\/developpement-durable\/recyclage\">En savoir plus<\/a><\/p>\r\n<p><\/div>\n\n<\/div>","protected":false},"excerpt":{"rendered":"<p>La boutique en ligne syst\u00e8mes d\u2019eau BRITA grand public Payer dans la boutique en ligne Livraison et suivi des envois Retour de produits et r\u00e9clamations Engagement qualit\u00e9 et responsabilit\u00e9 BRITA [&#8230;]<\/p>\n<p><a class=\"btn btn-secondary understrap-read-more-link\" href=\"https:\/\/shop.brita.ch\/fr\/faq\">Lire la suite&#8230;<\/a><\/p>\n","protected":false},"author":7,"featured_media":0,"parent":0,"menu_order":0,"comment_status":"closed","ping_status":"closed","template":"page-faq.php","meta":{"footnotes":""},"class_list":["post-1261","page","type-page","status-publish","hentry"],"yoast_head":"<!-- This site is optimized with the Yoast SEO plugin v26.7 - https:\/\/yoast.com\/wordpress\/plugins\/seo\/ -->\n<title>Questions sur votre commande - BRITA<\/title>\n<meta name=\"description\" content=\"FAQ BRITA: vous trouverez ici les r\u00e9ponses aux questions les plus fr\u00e9quemment pos\u00e9es sur les produits BRITA, la filtration de l&#039;eau ou votre commande dans la boutique en ligne. En savoir plus\" \/>\n<meta name=\"robots\" content=\"index, follow, max-snippet:-1, max-image-preview:large, max-video-preview:-1\" \/>\n<link rel=\"canonical\" href=\"https:\/\/shop.brita.ch\/fr\/faq\" \/>\n<meta property=\"og:locale\" content=\"fr_FR\" \/>\n<meta property=\"og:type\" content=\"article\" \/>\n<meta property=\"og:title\" content=\"Questions sur votre commande - BRITA\" \/>\n<meta property=\"og:description\" content=\"FAQ BRITA: vous trouverez ici les r\u00e9ponses aux questions les plus fr\u00e9quemment pos\u00e9es sur les produits BRITA, la filtration de l&#039;eau ou votre commande dans la boutique en ligne. En savoir plus\" \/>\n<meta property=\"og:url\" content=\"https:\/\/shop.brita.ch\/fr\/faq\" \/>\n<meta property=\"og:site_name\" content=\"BRITA\" \/>\n<meta property=\"article:publisher\" content=\"https:\/\/www.facebook.com\/BRITA.schweiz\" \/>\n<meta property=\"article:modified_time\" content=\"2025-07-22T11:20:29+00:00\" \/>\n<meta name=\"twitter:card\" content=\"summary_large_image\" \/>\n<meta name=\"twitter:label1\" content=\"Est. reading time\" \/>\n\t<meta name=\"twitter:data1\" content=\"6 minutes\" \/>\n<script type=\"application\/ld+json\" class=\"yoast-schema-graph\">{\"@context\":\"https:\/\/schema.org\",\"@graph\":[{\"@type\":\"WebPage\",\"@id\":\"https:\/\/shop.brita.ch\/fr\/faq\",\"url\":\"https:\/\/shop.brita.ch\/fr\/faq\",\"name\":\"Questions sur votre commande - BRITA\",\"isPartOf\":{\"@id\":\"https:\/\/shop.brita.ch\/fr\/#website\"},\"datePublished\":\"2018-10-22T15:39:40+00:00\",\"dateModified\":\"2025-07-22T11:20:29+00:00\",\"description\":\"FAQ BRITA: vous trouverez ici les r\u00e9ponses aux questions les plus fr\u00e9quemment pos\u00e9es sur les produits BRITA, la filtration de l'eau ou votre commande dans la boutique en ligne. En savoir plus\",\"breadcrumb\":{\"@id\":\"https:\/\/shop.brita.ch\/fr\/faq#breadcrumb\"},\"inLanguage\":\"fr-FR\",\"potentialAction\":[{\"@type\":\"ReadAction\",\"target\":[\"https:\/\/shop.brita.ch\/fr\/faq\"]}]},{\"@type\":\"BreadcrumbList\",\"@id\":\"https:\/\/shop.brita.ch\/fr\/faq#breadcrumb\",\"itemListElement\":[{\"@type\":\"ListItem\",\"position\":1,\"name\":\"Page d'accueil\",\"item\":\"https:\/\/shop.brita.ch\/fr\/\"},{\"@type\":\"ListItem\",\"position\":2,\"name\":\"Questions sur votre commande\"}]},{\"@type\":\"WebSite\",\"@id\":\"https:\/\/shop.brita.ch\/fr\/#website\",\"url\":\"https:\/\/shop.brita.ch\/fr\/\",\"name\":\"BRITA\u00ae\",\"description\":\"Filtrationsl\u00f6sungen\",\"publisher\":{\"@id\":\"https:\/\/shop.brita.ch\/fr\/#organization\"},\"potentialAction\":[{\"@type\":\"SearchAction\",\"target\":{\"@type\":\"EntryPoint\",\"urlTemplate\":\"https:\/\/shop.brita.ch\/fr\/?s={search_term_string}\"},\"query-input\":{\"@type\":\"PropertyValueSpecification\",\"valueRequired\":true,\"valueName\":\"search_term_string\"}}],\"inLanguage\":\"fr-FR\"},{\"@type\":\"Organization\",\"@id\":\"https:\/\/shop.brita.ch\/fr\/#organization\",\"name\":\"BRITA Wasserfilter-Systeme AG\",\"url\":\"https:\/\/shop.brita.ch\/fr\/\",\"logo\":{\"@type\":\"ImageObject\",\"inLanguage\":\"fr-FR\",\"@id\":\"https:\/\/shop.brita.ch\/fr\/#\/schema\/logo\/image\/\",\"url\":\"\/fr\/wp-content\/uploads\/2019\/02\/logo-1.jpg\",\"contentUrl\":\"\/fr\/wp-content\/uploads\/2019\/02\/logo-1.jpg\",\"width\":117,\"height\":86,\"caption\":\"BRITA Wasserfilter-Systeme AG\"},\"image\":{\"@id\":\"https:\/\/shop.brita.ch\/fr\/#\/schema\/logo\/image\/\"},\"sameAs\":[\"https:\/\/www.facebook.com\/BRITA.schweiz\",\"https:\/\/www.instagram.com\/brita.schweiz\/\",\"https:\/\/de.linkedin.com\/company\/brita-gmbh\",\"https:\/\/www.youtube.com\/playlist?list=PLzhwO6-T9BJ7PNjKrGsSpVLHGT1s3xUoy\"]}]}<\/script>\n<!-- \/ Yoast SEO plugin. -->","yoast_head_json":{"title":"Questions sur votre commande - BRITA","description":"FAQ BRITA: vous trouverez ici les r\u00e9ponses aux questions les plus fr\u00e9quemment pos\u00e9es sur les produits BRITA, la filtration de l'eau ou votre commande dans la boutique en ligne. En savoir plus","robots":{"index":"index","follow":"follow","max-snippet":"max-snippet:-1","max-image-preview":"max-image-preview:large","max-video-preview":"max-video-preview:-1"},"canonical":"https:\/\/shop.brita.ch\/fr\/faq","og_locale":"fr_FR","og_type":"article","og_title":"Questions sur votre commande - BRITA","og_description":"FAQ BRITA: vous trouverez ici les r\u00e9ponses aux questions les plus fr\u00e9quemment pos\u00e9es sur les produits BRITA, la filtration de l'eau ou votre commande dans la boutique en ligne. En savoir plus","og_url":"https:\/\/shop.brita.ch\/fr\/faq","og_site_name":"BRITA","article_publisher":"https:\/\/www.facebook.com\/BRITA.schweiz","article_modified_time":"2025-07-22T11:20:29+00:00","twitter_card":"summary_large_image","twitter_misc":{"Est. reading time":"6 minutes"},"schema":{"@context":"https:\/\/schema.org","@graph":[{"@type":"WebPage","@id":"https:\/\/shop.brita.ch\/fr\/faq","url":"https:\/\/shop.brita.ch\/fr\/faq","name":"Questions sur votre commande - BRITA","isPartOf":{"@id":"https:\/\/shop.brita.ch\/fr\/#website"},"datePublished":"2018-10-22T15:39:40+00:00","dateModified":"2025-07-22T11:20:29+00:00","description":"FAQ BRITA: vous trouverez ici les r\u00e9ponses aux questions les plus fr\u00e9quemment pos\u00e9es sur les produits BRITA, la filtration de l'eau ou votre commande dans la boutique en ligne. En savoir plus","breadcrumb":{"@id":"https:\/\/shop.brita.ch\/fr\/faq#breadcrumb"},"inLanguage":"fr-FR","potentialAction":[{"@type":"ReadAction","target":["https:\/\/shop.brita.ch\/fr\/faq"]}]},{"@type":"BreadcrumbList","@id":"https:\/\/shop.brita.ch\/fr\/faq#breadcrumb","itemListElement":[{"@type":"ListItem","position":1,"name":"Page d'accueil","item":"https:\/\/shop.brita.ch\/fr\/"},{"@type":"ListItem","position":2,"name":"Questions sur votre commande"}]},{"@type":"WebSite","@id":"https:\/\/shop.brita.ch\/fr\/#website","url":"https:\/\/shop.brita.ch\/fr\/","name":"BRITA\u00ae","description":"Filtrationsl\u00f6sungen","publisher":{"@id":"https:\/\/shop.brita.ch\/fr\/#organization"},"potentialAction":[{"@type":"SearchAction","target":{"@type":"EntryPoint","urlTemplate":"https:\/\/shop.brita.ch\/fr\/?s={search_term_string}"},"query-input":{"@type":"PropertyValueSpecification","valueRequired":true,"valueName":"search_term_string"}}],"inLanguage":"fr-FR"},{"@type":"Organization","@id":"https:\/\/shop.brita.ch\/fr\/#organization","name":"BRITA Wasserfilter-Systeme AG","url":"https:\/\/shop.brita.ch\/fr\/","logo":{"@type":"ImageObject","inLanguage":"fr-FR","@id":"https:\/\/shop.brita.ch\/fr\/#\/schema\/logo\/image\/","url":"\/fr\/wp-content\/uploads\/2019\/02\/logo-1.jpg","contentUrl":"\/fr\/wp-content\/uploads\/2019\/02\/logo-1.jpg","width":117,"height":86,"caption":"BRITA Wasserfilter-Systeme AG"},"image":{"@id":"https:\/\/shop.brita.ch\/fr\/#\/schema\/logo\/image\/"},"sameAs":["https:\/\/www.facebook.com\/BRITA.schweiz","https:\/\/www.instagram.com\/brita.schweiz\/","https:\/\/de.linkedin.com\/company\/brita-gmbh","https:\/\/www.youtube.com\/playlist?list=PLzhwO6-T9BJ7PNjKrGsSpVLHGT1s3xUoy"]}]}},"_links":{"self":[{"href":"https:\/\/shop.brita.ch\/fr\/wp-json\/wp\/v2\/pages\/1261","targetHints":{"allow":["GET"]}}],"collection":[{"href":"https:\/\/shop.brita.ch\/fr\/wp-json\/wp\/v2\/pages"}],"about":[{"href":"https:\/\/shop.brita.ch\/fr\/wp-json\/wp\/v2\/types\/page"}],"author":[{"embeddable":true,"href":"https:\/\/shop.brita.ch\/fr\/wp-json\/wp\/v2\/users\/7"}],"replies":[{"embeddable":true,"href":"https:\/\/shop.brita.ch\/fr\/wp-json\/wp\/v2\/comments?post=1261"}],"version-history":[{"count":1,"href":"https:\/\/shop.brita.ch\/fr\/wp-json\/wp\/v2\/pages\/1261\/revisions"}],"predecessor-version":[{"id":14771,"href":"https:\/\/shop.brita.ch\/fr\/wp-json\/wp\/v2\/pages\/1261\/revisions\/14771"}],"wp:attachment":[{"href":"https:\/\/shop.brita.ch\/fr\/wp-json\/wp\/v2\/media?parent=1261"}],"curies":[{"name":"wp","href":"https:\/\/api.w.org\/{rel}","templated":true}]}}