{"id":663,"date":"2017-06-14T13:25:47","date_gmt":"2017-06-14T11:25:47","guid":{"rendered":"https:\/\/shop.brita.ch\/?post_type=product&#038;p=663"},"modified":"2025-08-05T15:23:22","modified_gmt":"2025-08-05T13:23:22","slug":"onlineshop-ergaenzende-filterarmatur","status":"publish","type":"product","link":"https:\/\/shop.brita.ch\/de\/produkt\/onlineshop-ergaenzende-filterarmatur","title":{"rendered":"K\u00fcchenarmatur mypure P1"},"content":{"rendered":"<p><strong>Praktisch als Erg\u00e4nzung zur vorhandenen Armatur: Die separate und platzsparende BRITA Armatur f\u00fcr gefiltertes Wasser, mit Kartuschen-Statusanzeige.<\/strong><\/p>\n<p>Perfekte Erg\u00e4nzung f\u00fcr jede moderne K\u00fcche \u2013 ideal auch f\u00fcr Mietwohnungen Frisches BRITA gefiltertes Wasser im Handumdrehen geniessen, schnell, bequem und einfach, direkt aus der BRITA Armatur.<\/p>\n<p>Die BRITA Armatur mypure P1 erg\u00e4nzt Ihre vorhandene Armatur. So haben Sie zus\u00e4tzlich zu Ihrem normalen Wasseranschluss stets frisch gefiltertes Wasser aus der platzsparenden zweiten Armatur.<\/p>\n<ul class=\"product-facts\">\n<strong>Abmessungen<\/strong><\/p>\n<li>H\u00f6he: 29,2 cm<\/li>\n<\/ul>\n<span><a onclick=\"read_toggle(831471075, 'weitere Produktdetails', 'Details einklappen'); return false;\" class=\"read-link\" id=\"readlink831471075\" style=\"readlink\" href=\"#\">weitere Produktdetails<\/a><\/span>\n<div class=\"read_div\" id=\"read831471075\" style=\"display: none;\"><\/p>\n<p>Zur Installation reicht ein kleines, zus\u00e4tzliches Loch in der K\u00fcchenplatte. Die mehrstufige Wasserfiltration reduziert konstant Kalk, geruchs- und geschmacksst\u00f6rende Stoffe wie z.B. Chlor und Chlorgeschmacksstoffe sowie haushaltsinstallationsbedingt vorkommende Metalle wie Blei und Kupfer.<\/p>\n<ul class=\"product-facts w-100\">\n<li>Filterkartusche P 1000 bis 1200l Wasser filtern (im Starter-Kit enthalten)<\/li>\n<li>Einfache und platzsparende Installation der Wechselkartusche unter der Sp\u00fcle mit praktischer Wandhalterung<\/li>\n<li>Komplettes Starter-Kit mit allen f\u00fcr die Installation notwendigen Komponenten<\/li>\n<li>Ideal auch f\u00fcr Mietwohnungen<\/li>\n<\/ul>\n<p><\/div>\n<div class=\"mb-5 dl-btn\">\n<h5>Gerbauchsanleitung waterbar mypure P1<\/h5>\n<p><a class=\"btn-default btn\" href=\"https:\/\/www.brita.ch\/dam\/jcr:b709f98b-ea9f-4db2-9496-0bfb996f9ff1\/brita-filter-mypure-instruction-manual-DE.pdf\" target=\"_blank\" rel=\"noopener noreferrer\">Jetzt herunterladen<\/a><\/p>\n<\/div>\n","protected":false},"excerpt":{"rendered":"<p>Praktisch als Erg\u00e4nzung zur vorhandenen Armatur: Die separate und platzsparende BRITA Armatur f\u00fcr gefiltertes Wasser, mit Kartuschen-Statusanzeige. [&#8230;]<\/p>\n<p><a class=\"btn btn-secondary understrap-read-more-link\" href=\"https:\/\/shop.brita.ch\/de\/produkt\/onlineshop-ergaenzende-filterarmatur\">Weiterlesen&#8230;<\/a><\/p>\n","protected":false},"featured_media":8331,"template":"","meta":[],"product_brand":[],"product_cat":[22],"product_tag":[56],"class_list":{"0":"post-663","1":"product","2":"type-product","3":"status-publish","4":"has-post-thumbnail","6":"product_cat-armaturen","7":"product_tag-waterbars","9":"first","10":"instock","11":"taxable","12":"shipping-taxable","13":"purchasable","14":"product-type-simple"},"yoast_head":"<!-- This site is optimized with the Yoast SEO plugin v26.6 - https:\/\/yoast.com\/wordpress\/plugins\/seo\/ -->\n<title>Onlineshop Filterarmatur | BRITA\u00ae<\/title>\n<meta name=\"description\" content=\"BRITA erg\u00e4nzende Filteraramtur f\u00fcr K\u00fcche online kaufen und bestellen.\" \/>\n<meta name=\"robots\" content=\"index, follow, max-snippet:-1, max-image-preview:large, max-video-preview:-1\" \/>\n<link rel=\"canonical\" href=\"https:\/\/shop.brita.ch\/de\/produkt\/onlineshop-ergaenzende-filterarmatur\" \/>\n<meta property=\"og:locale\" content=\"de_DE\" \/>\n<meta property=\"og:type\" content=\"article\" \/>\n<meta property=\"og:title\" content=\"Onlineshop Filterarmatur | BRITA\u00ae\" \/>\n<meta property=\"og:description\" content=\"BRITA erg\u00e4nzende Filteraramtur f\u00fcr K\u00fcche online kaufen und bestellen.\" \/>\n<meta property=\"og:url\" content=\"https:\/\/shop.brita.ch\/de\/produkt\/onlineshop-ergaenzende-filterarmatur\" \/>\n<meta property=\"og:site_name\" content=\"BRITA\" \/>\n<meta property=\"article:publisher\" content=\"https:\/\/www.facebook.com\/BRITA.schweiz\" \/>\n<meta property=\"article:modified_time\" content=\"2025-08-05T13:23:22+00:00\" \/>\n<meta property=\"og:image\" content=\"https:\/\/shop.brita.ch\/de\/wp-content\/uploads\/2017\/06\/ch-lead-my-pure.jpg\" \/>\n\t<meta property=\"og:image:width\" content=\"1000\" \/>\n\t<meta property=\"og:image:height\" content=\"1000\" \/>\n\t<meta property=\"og:image:type\" content=\"image\/jpeg\" \/>\n<meta name=\"twitter:card\" content=\"summary_large_image\" \/>\n<meta name=\"twitter:label1\" content=\"Est. reading time\" \/>\n\t<meta name=\"twitter:data1\" content=\"1 Minute\" \/>\n<script type=\"application\/ld+json\" class=\"yoast-schema-graph\">{\"@context\":\"https:\/\/schema.org\",\"@graph\":[{\"@type\":\"WebPage\",\"@id\":\"https:\/\/shop.brita.ch\/de\/produkt\/onlineshop-ergaenzende-filterarmatur\",\"url\":\"https:\/\/shop.brita.ch\/de\/produkt\/onlineshop-ergaenzende-filterarmatur\",\"name\":\"Onlineshop Filterarmatur | BRITA\u00ae\",\"isPartOf\":{\"@id\":\"https:\/\/shop.brita.ch\/de\/#website\"},\"primaryImageOfPage\":{\"@id\":\"https:\/\/shop.brita.ch\/de\/produkt\/onlineshop-ergaenzende-filterarmatur#primaryimage\"},\"image\":{\"@id\":\"https:\/\/shop.brita.ch\/de\/produkt\/onlineshop-ergaenzende-filterarmatur#primaryimage\"},\"thumbnailUrl\":\"\/de\/wp-content\/uploads\/2017\/06\/ch-lead-my-pure.jpg\",\"datePublished\":\"2017-06-14T11:25:47+00:00\",\"dateModified\":\"2025-08-05T13:23:22+00:00\",\"description\":\"BRITA erg\u00e4nzende Filteraramtur f\u00fcr K\u00fcche online kaufen und bestellen.\",\"breadcrumb\":{\"@id\":\"https:\/\/shop.brita.ch\/de\/produkt\/onlineshop-ergaenzende-filterarmatur#breadcrumb\"},\"inLanguage\":\"de-DE\",\"potentialAction\":[{\"@type\":\"ReadAction\",\"target\":[\"https:\/\/shop.brita.ch\/de\/produkt\/onlineshop-ergaenzende-filterarmatur\"]}]},{\"@type\":\"ImageObject\",\"inLanguage\":\"de-DE\",\"@id\":\"https:\/\/shop.brita.ch\/de\/produkt\/onlineshop-ergaenzende-filterarmatur#primaryimage\",\"url\":\"\/de\/wp-content\/uploads\/2017\/06\/ch-lead-my-pure.jpg\",\"contentUrl\":\"\/de\/wp-content\/uploads\/2017\/06\/ch-lead-my-pure.jpg\",\"width\":1000,\"height\":1000,\"caption\":\"BRITA waterbar mypure P1\"},{\"@type\":\"BreadcrumbList\",\"@id\":\"https:\/\/shop.brita.ch\/de\/produkt\/onlineshop-ergaenzende-filterarmatur#breadcrumb\",\"itemListElement\":[{\"@type\":\"ListItem\",\"position\":1,\"name\":\"Startseite\",\"item\":\"https:\/\/shop.brita.ch\/de\/\"},{\"@type\":\"ListItem\",\"position\":2,\"name\":\"Produkte\",\"item\":\"https:\/\/shop.brita.ch\/de\/shop\"},{\"@type\":\"ListItem\",\"position\":3,\"name\":\"K\u00fcchenarmatur mypure P1\"}]},{\"@type\":\"WebSite\",\"@id\":\"https:\/\/shop.brita.ch\/de\/#website\",\"url\":\"https:\/\/shop.brita.ch\/de\/\",\"name\":\"BRITA\u00ae\",\"description\":\"Filtrationsl\u00f6sungen\",\"publisher\":{\"@id\":\"https:\/\/shop.brita.ch\/de\/#organization\"},\"alternateName\":\"BRITA Wassersysteme f\u00fcr Zuhause\",\"potentialAction\":[{\"@type\":\"SearchAction\",\"target\":{\"@type\":\"EntryPoint\",\"urlTemplate\":\"https:\/\/shop.brita.ch\/de\/?s={search_term_string}\"},\"query-input\":{\"@type\":\"PropertyValueSpecification\",\"valueRequired\":true,\"valueName\":\"search_term_string\"}}],\"inLanguage\":\"de-DE\"},{\"@type\":\"Organization\",\"@id\":\"https:\/\/shop.brita.ch\/de\/#organization\",\"name\":\"BRITA Wasserfilter-Systeme AG\",\"alternateName\":\"BRITA\",\"url\":\"https:\/\/shop.brita.ch\/de\/\",\"logo\":{\"@type\":\"ImageObject\",\"inLanguage\":\"de-DE\",\"@id\":\"https:\/\/shop.brita.ch\/de\/#\/schema\/logo\/image\/\",\"url\":\"\/de\/wp-content\/uploads\/2023\/02\/brita-logo.jpg\",\"contentUrl\":\"\/de\/wp-content\/uploads\/2023\/02\/brita-logo.jpg\",\"width\":201,\"height\":42,\"caption\":\"BRITA Wasserfilter-Systeme AG\"},\"image\":{\"@id\":\"https:\/\/shop.brita.ch\/de\/#\/schema\/logo\/image\/\"},\"sameAs\":[\"https:\/\/www.facebook.com\/BRITA.schweiz\",\"https:\/\/www.instagram.com\/brita.schweiz\/\",\"https:\/\/de.linkedin.com\/company\/brita-gmbh\",\"https:\/\/www.youtube.com\/playlist?list=PLzhwO6-T9BJ7PNjKrGsSpVLHGT1s3xUoy\"]}]}<\/script>\n<!-- \/ Yoast SEO plugin. -->","yoast_head_json":{"title":"Onlineshop Filterarmatur | BRITA\u00ae","description":"BRITA erg\u00e4nzende Filteraramtur f\u00fcr K\u00fcche online kaufen und bestellen.","robots":{"index":"index","follow":"follow","max-snippet":"max-snippet:-1","max-image-preview":"max-image-preview:large","max-video-preview":"max-video-preview:-1"},"canonical":"https:\/\/shop.brita.ch\/de\/produkt\/onlineshop-ergaenzende-filterarmatur","og_locale":"de_DE","og_type":"article","og_title":"Onlineshop Filterarmatur | BRITA\u00ae","og_description":"BRITA erg\u00e4nzende Filteraramtur f\u00fcr K\u00fcche online kaufen und bestellen.","og_url":"https:\/\/shop.brita.ch\/de\/produkt\/onlineshop-ergaenzende-filterarmatur","og_site_name":"BRITA","article_publisher":"https:\/\/www.facebook.com\/BRITA.schweiz","article_modified_time":"2025-08-05T13:23:22+00:00","og_image":[{"width":1000,"height":1000,"url":"https:\/\/shop.brita.ch\/de\/wp-content\/uploads\/2017\/06\/ch-lead-my-pure.jpg","type":"image\/jpeg"}],"twitter_card":"summary_large_image","twitter_misc":{"Est. reading time":"1 Minute"},"schema":{"@context":"https:\/\/schema.org","@graph":[{"@type":"WebPage","@id":"https:\/\/shop.brita.ch\/de\/produkt\/onlineshop-ergaenzende-filterarmatur","url":"https:\/\/shop.brita.ch\/de\/produkt\/onlineshop-ergaenzende-filterarmatur","name":"Onlineshop Filterarmatur | BRITA\u00ae","isPartOf":{"@id":"https:\/\/shop.brita.ch\/de\/#website"},"primaryImageOfPage":{"@id":"https:\/\/shop.brita.ch\/de\/produkt\/onlineshop-ergaenzende-filterarmatur#primaryimage"},"image":{"@id":"https:\/\/shop.brita.ch\/de\/produkt\/onlineshop-ergaenzende-filterarmatur#primaryimage"},"thumbnailUrl":"\/de\/wp-content\/uploads\/2017\/06\/ch-lead-my-pure.jpg","datePublished":"2017-06-14T11:25:47+00:00","dateModified":"2025-08-05T13:23:22+00:00","description":"BRITA erg\u00e4nzende Filteraramtur f\u00fcr K\u00fcche online kaufen und bestellen.","breadcrumb":{"@id":"https:\/\/shop.brita.ch\/de\/produkt\/onlineshop-ergaenzende-filterarmatur#breadcrumb"},"inLanguage":"de-DE","potentialAction":[{"@type":"ReadAction","target":["https:\/\/shop.brita.ch\/de\/produkt\/onlineshop-ergaenzende-filterarmatur"]}]},{"@type":"ImageObject","inLanguage":"de-DE","@id":"https:\/\/shop.brita.ch\/de\/produkt\/onlineshop-ergaenzende-filterarmatur#primaryimage","url":"\/de\/wp-content\/uploads\/2017\/06\/ch-lead-my-pure.jpg","contentUrl":"\/de\/wp-content\/uploads\/2017\/06\/ch-lead-my-pure.jpg","width":1000,"height":1000,"caption":"BRITA waterbar mypure P1"},{"@type":"BreadcrumbList","@id":"https:\/\/shop.brita.ch\/de\/produkt\/onlineshop-ergaenzende-filterarmatur#breadcrumb","itemListElement":[{"@type":"ListItem","position":1,"name":"Startseite","item":"https:\/\/shop.brita.ch\/de\/"},{"@type":"ListItem","position":2,"name":"Produkte","item":"https:\/\/shop.brita.ch\/de\/shop"},{"@type":"ListItem","position":3,"name":"K\u00fcchenarmatur mypure P1"}]},{"@type":"WebSite","@id":"https:\/\/shop.brita.ch\/de\/#website","url":"https:\/\/shop.brita.ch\/de\/","name":"BRITA\u00ae","description":"Filtrationsl\u00f6sungen","publisher":{"@id":"https:\/\/shop.brita.ch\/de\/#organization"},"alternateName":"BRITA Wassersysteme f\u00fcr Zuhause","potentialAction":[{"@type":"SearchAction","target":{"@type":"EntryPoint","urlTemplate":"https:\/\/shop.brita.ch\/de\/?s={search_term_string}"},"query-input":{"@type":"PropertyValueSpecification","valueRequired":true,"valueName":"search_term_string"}}],"inLanguage":"de-DE"},{"@type":"Organization","@id":"https:\/\/shop.brita.ch\/de\/#organization","name":"BRITA Wasserfilter-Systeme AG","alternateName":"BRITA","url":"https:\/\/shop.brita.ch\/de\/","logo":{"@type":"ImageObject","inLanguage":"de-DE","@id":"https:\/\/shop.brita.ch\/de\/#\/schema\/logo\/image\/","url":"\/de\/wp-content\/uploads\/2023\/02\/brita-logo.jpg","contentUrl":"\/de\/wp-content\/uploads\/2023\/02\/brita-logo.jpg","width":201,"height":42,"caption":"BRITA Wasserfilter-Systeme AG"},"image":{"@id":"https:\/\/shop.brita.ch\/de\/#\/schema\/logo\/image\/"},"sameAs":["https:\/\/www.facebook.com\/BRITA.schweiz","https:\/\/www.instagram.com\/brita.schweiz\/","https:\/\/de.linkedin.com\/company\/brita-gmbh","https:\/\/www.youtube.com\/playlist?list=PLzhwO6-T9BJ7PNjKrGsSpVLHGT1s3xUoy"]}]}},"_links":{"self":[{"href":"https:\/\/shop.brita.ch\/de\/wp-json\/wp\/v2\/product\/663","targetHints":{"allow":["GET"]}}],"collection":[{"href":"https:\/\/shop.brita.ch\/de\/wp-json\/wp\/v2\/product"}],"about":[{"href":"https:\/\/shop.brita.ch\/de\/wp-json\/wp\/v2\/types\/product"}],"wp:featuredmedia":[{"embeddable":true,"href":"https:\/\/shop.brita.ch\/de\/wp-json\/wp\/v2\/media\/8331"}],"wp:attachment":[{"href":"https:\/\/shop.brita.ch\/de\/wp-json\/wp\/v2\/media?parent=663"}],"wp:term":[{"taxonomy":"product_brand","embeddable":true,"href":"https:\/\/shop.brita.ch\/de\/wp-json\/wp\/v2\/product_brand?post=663"},{"taxonomy":"product_cat","embeddable":true,"href":"https:\/\/shop.brita.ch\/de\/wp-json\/wp\/v2\/product_cat?post=663"},{"taxonomy":"product_tag","embeddable":true,"href":"https:\/\/shop.brita.ch\/de\/wp-json\/wp\/v2\/product_tag?post=663"}],"curies":[{"name":"wp","href":"https:\/\/api.w.org\/{rel}","templated":true}]}}