{"id":2992,"date":"2019-10-01T13:40:25","date_gmt":"2019-10-01T11:40:25","guid":{"rendered":"https:\/\/shop.brita.ch\/de\/?post_type=product&#038;p=2992"},"modified":"2025-10-13T15:16:38","modified_gmt":"2025-10-13T13:16:38","slug":"marella-vorteilspack","status":"publish","type":"product","link":"https:\/\/shop.brita.ch\/de\/produkt\/marella-vorteilspack","title":{"rendered":"Tischwasserfilter Marella weiss inkl. 12 Filterkartuschen"},"content":{"rendered":"<p><strong>BRITA Marella &amp; MAXTRA PRO Vorteilspack mit 12 Kartuschen vom Wasserfilter-Experten BRITA f\u00fcr bis zu 48 Wochen frisches, gefiltertes Wasser.<\/strong><\/p>\n<ul class=\"product-facts\">\n<li>Immer p\u00fcnktlich: Das BRITA Memo erinnert Sie alle 4 Wochen daran, die Wasserfilterkartusche zu wechseln \u2013 f\u00fcr optimale Filtrationsergebnisse<\/li>\n<li>Einfach: Der Deckel kann mit einer Hand ge\u00f6ffnet werden<\/li>\n<li>Keine Sorge: sp\u00fclmaschinengeeignet (ausser Deckel)<\/li>\n<li>Ideale Gr\u00f6sse: passend f\u00fcr Ihre K\u00fchlschrankt\u00fcr,<br \/>\nKapazit\u00e4t: 2,4 l Gesamt, 1,4 l gefiltert<br \/>\n25,8 x 25,8 x 10,5 cm (B x H x T)<\/li>\n<li>BRITA PerfectFit f\u00fcr optimale Filtration. Garantiert vollst\u00e4ndige und zuverl\u00e4ssige Filtration bei Verwendung einer MAXTRA PRO Wasserfilterkartusche<\/li>\n<li>Sollte das BRITA Memo einmal ausfallen, erhalten Sie kostenfrei Ersatz \u00fcber unseren Kundenservice.<\/li>\n<\/ul>\n<p><strong>Lieferumfang: 1 x BRITA Tischwasserfilter Marella weiss inkl. 12 MAXTRA PRO Pure Performance Filterkartuschen<\/strong><\/p>\n<div class=\"dl-btn\">\n<h5>Gebrauchsanleitung BRITA Wasserfilter Marella<\/h5>\n<p><a class=\"btn-default btn\" href=\"https:\/\/www.brita.ch\/dam\/jcr:07b6a5a4-352c-484d-8dc4-122cf58f0d2e\/brita-water-filter-jugs-instruction-manual-EMEA.pdf\" target=\"_blank\" rel=\"noopener noreferrer\" download=\"\">Jetzt herunterladen<\/a><\/p>\n<\/div>\n","protected":false},"excerpt":{"rendered":"<p>Der praktische Tischwasserfilter f\u00fcr Ihr Zuhause. [&#8230;]<\/p>\n<p><a class=\"btn btn-secondary understrap-read-more-link\" href=\"https:\/\/shop.brita.ch\/de\/produkt\/marella-vorteilspack\">Weiterlesen&#8230;<\/a><\/p>\n","protected":false},"featured_media":26586,"template":"","meta":[],"product_brand":[],"product_cat":[73,81,54],"product_tag":[55],"class_list":{"0":"post-2992","1":"product","2":"type-product","3":"status-publish","4":"has-post-thumbnail","6":"product_cat-angebote","7":"product_cat-twf","8":"product_cat-vorteilspack","9":"product_tag-pitcher","11":"first","12":"instock","13":"sale","14":"taxable","15":"shipping-taxable","16":"purchasable","17":"product-type-simple"},"yoast_head":"<!-- This site is optimized with the Yoast SEO plugin v26.6 - https:\/\/yoast.com\/wordpress\/plugins\/seo\/ -->\n<title>BRITA Wasserfilter Marella mit 12 Filterkartuschen - Jahrespaket l BRITA\u00ae<\/title>\n<meta name=\"description\" content=\"BRITA Marella &amp; MAXTRA PRO Vorteilspack mit 12 Kartuschen vom Wasserfilter-Experten BRITA f\u00fcr bis zu 48 Wochen frisches, gefiltertes Wasser. Jetzt kaufen\" \/>\n<meta name=\"robots\" content=\"index, follow, max-snippet:-1, max-image-preview:large, max-video-preview:-1\" \/>\n<link rel=\"canonical\" href=\"https:\/\/shop.brita.ch\/de\/produkt\/marella-vorteilspack\" \/>\n<meta property=\"og:locale\" content=\"de_DE\" \/>\n<meta property=\"og:type\" content=\"article\" \/>\n<meta property=\"og:title\" content=\"BRITA Wasserfilter Marella mit 12 Filterkartuschen - Jahrespaket l BRITA\u00ae\" \/>\n<meta property=\"og:description\" content=\"BRITA Marella &amp; MAXTRA PRO Vorteilspack mit 12 Kartuschen vom Wasserfilter-Experten BRITA f\u00fcr bis zu 48 Wochen frisches, gefiltertes Wasser. Jetzt kaufen\" \/>\n<meta property=\"og:url\" content=\"https:\/\/shop.brita.ch\/de\/produkt\/marella-vorteilspack\" \/>\n<meta property=\"og:site_name\" content=\"BRITA\" \/>\n<meta property=\"article:publisher\" content=\"https:\/\/www.facebook.com\/BRITA.schweiz\" \/>\n<meta property=\"article:modified_time\" content=\"2025-10-13T13:16:38+00:00\" \/>\n<meta property=\"og:image\" content=\"https:\/\/shop.brita.ch\/de\/wp-content\/uploads\/2023\/04\/brita-waterfilterjug-marella-white-cool-12pack-hero-visual-maxtra-pro.jpg\" \/>\n\t<meta property=\"og:image:width\" content=\"1564\" \/>\n\t<meta property=\"og:image:height\" content=\"1564\" \/>\n\t<meta property=\"og:image:type\" content=\"image\/jpeg\" \/>\n<meta name=\"twitter:card\" content=\"summary_large_image\" \/>\n<meta name=\"twitter:label1\" content=\"Est. reading time\" \/>\n\t<meta name=\"twitter:data1\" content=\"1 Minute\" \/>\n<script type=\"application\/ld+json\" class=\"yoast-schema-graph\">{\"@context\":\"https:\/\/schema.org\",\"@graph\":[{\"@type\":\"WebPage\",\"@id\":\"https:\/\/shop.brita.ch\/de\/produkt\/marella-vorteilspack\",\"url\":\"https:\/\/shop.brita.ch\/de\/produkt\/marella-vorteilspack\",\"name\":\"BRITA Wasserfilter Marella mit 12 Filterkartuschen - Jahrespaket l BRITA\u00ae\",\"isPartOf\":{\"@id\":\"https:\/\/shop.brita.ch\/de\/#website\"},\"primaryImageOfPage\":{\"@id\":\"https:\/\/shop.brita.ch\/de\/produkt\/marella-vorteilspack#primaryimage\"},\"image\":{\"@id\":\"https:\/\/shop.brita.ch\/de\/produkt\/marella-vorteilspack#primaryimage\"},\"thumbnailUrl\":\"\/de\/wp-content\/uploads\/2019\/10\/brita-consumer-waterfilterjug-marella-white-12x-maxtra-pro-1564x1564-1.png\",\"datePublished\":\"2019-10-01T11:40:25+00:00\",\"dateModified\":\"2025-10-13T13:16:38+00:00\",\"description\":\"BRITA Marella & MAXTRA PRO Vorteilspack mit 12 Kartuschen vom Wasserfilter-Experten BRITA f\u00fcr bis zu 48 Wochen frisches, gefiltertes Wasser. Jetzt kaufen\",\"breadcrumb\":{\"@id\":\"https:\/\/shop.brita.ch\/de\/produkt\/marella-vorteilspack#breadcrumb\"},\"inLanguage\":\"de-DE\",\"potentialAction\":[{\"@type\":\"ReadAction\",\"target\":[\"https:\/\/shop.brita.ch\/de\/produkt\/marella-vorteilspack\"]}]},{\"@type\":\"ImageObject\",\"inLanguage\":\"de-DE\",\"@id\":\"https:\/\/shop.brita.ch\/de\/produkt\/marella-vorteilspack#primaryimage\",\"url\":\"\/de\/wp-content\/uploads\/2019\/10\/brita-consumer-waterfilterjug-marella-white-12x-maxtra-pro-1564x1564-1.png\",\"contentUrl\":\"\/de\/wp-content\/uploads\/2019\/10\/brita-consumer-waterfilterjug-marella-white-12x-maxtra-pro-1564x1564-1.png\",\"width\":1496,\"height\":1496},{\"@type\":\"BreadcrumbList\",\"@id\":\"https:\/\/shop.brita.ch\/de\/produkt\/marella-vorteilspack#breadcrumb\",\"itemListElement\":[{\"@type\":\"ListItem\",\"position\":1,\"name\":\"Startseite\",\"item\":\"https:\/\/shop.brita.ch\/de\/\"},{\"@type\":\"ListItem\",\"position\":2,\"name\":\"Produkte\",\"item\":\"https:\/\/shop.brita.ch\/de\/shop\"},{\"@type\":\"ListItem\",\"position\":3,\"name\":\"Tischwasserfilter Marella weiss inkl. 12 Filterkartuschen\"}]},{\"@type\":\"WebSite\",\"@id\":\"https:\/\/shop.brita.ch\/de\/#website\",\"url\":\"https:\/\/shop.brita.ch\/de\/\",\"name\":\"BRITA\u00ae\",\"description\":\"Filtrationsl\u00f6sungen\",\"publisher\":{\"@id\":\"https:\/\/shop.brita.ch\/de\/#organization\"},\"alternateName\":\"BRITA Wassersysteme f\u00fcr Zuhause\",\"potentialAction\":[{\"@type\":\"SearchAction\",\"target\":{\"@type\":\"EntryPoint\",\"urlTemplate\":\"https:\/\/shop.brita.ch\/de\/?s={search_term_string}\"},\"query-input\":{\"@type\":\"PropertyValueSpecification\",\"valueRequired\":true,\"valueName\":\"search_term_string\"}}],\"inLanguage\":\"de-DE\"},{\"@type\":\"Organization\",\"@id\":\"https:\/\/shop.brita.ch\/de\/#organization\",\"name\":\"BRITA Wasserfilter-Systeme AG\",\"alternateName\":\"BRITA\",\"url\":\"https:\/\/shop.brita.ch\/de\/\",\"logo\":{\"@type\":\"ImageObject\",\"inLanguage\":\"de-DE\",\"@id\":\"https:\/\/shop.brita.ch\/de\/#\/schema\/logo\/image\/\",\"url\":\"\/de\/wp-content\/uploads\/2023\/02\/brita-logo.jpg\",\"contentUrl\":\"\/de\/wp-content\/uploads\/2023\/02\/brita-logo.jpg\",\"width\":201,\"height\":42,\"caption\":\"BRITA Wasserfilter-Systeme AG\"},\"image\":{\"@id\":\"https:\/\/shop.brita.ch\/de\/#\/schema\/logo\/image\/\"},\"sameAs\":[\"https:\/\/www.facebook.com\/BRITA.schweiz\",\"https:\/\/www.instagram.com\/brita.schweiz\/\",\"https:\/\/de.linkedin.com\/company\/brita-gmbh\",\"https:\/\/www.youtube.com\/playlist?list=PLzhwO6-T9BJ7PNjKrGsSpVLHGT1s3xUoy\"]}]}<\/script>\n<!-- \/ Yoast SEO plugin. -->","yoast_head_json":{"title":"BRITA Wasserfilter Marella mit 12 Filterkartuschen - Jahrespaket l BRITA\u00ae","description":"BRITA Marella & MAXTRA PRO Vorteilspack mit 12 Kartuschen vom Wasserfilter-Experten BRITA f\u00fcr bis zu 48 Wochen frisches, gefiltertes Wasser. Jetzt kaufen","robots":{"index":"index","follow":"follow","max-snippet":"max-snippet:-1","max-image-preview":"max-image-preview:large","max-video-preview":"max-video-preview:-1"},"canonical":"https:\/\/shop.brita.ch\/de\/produkt\/marella-vorteilspack","og_locale":"de_DE","og_type":"article","og_title":"BRITA Wasserfilter Marella mit 12 Filterkartuschen - Jahrespaket l BRITA\u00ae","og_description":"BRITA Marella & MAXTRA PRO Vorteilspack mit 12 Kartuschen vom Wasserfilter-Experten BRITA f\u00fcr bis zu 48 Wochen frisches, gefiltertes Wasser. Jetzt kaufen","og_url":"https:\/\/shop.brita.ch\/de\/produkt\/marella-vorteilspack","og_site_name":"BRITA","article_publisher":"https:\/\/www.facebook.com\/BRITA.schweiz","article_modified_time":"2025-10-13T13:16:38+00:00","og_image":[{"width":1564,"height":1564,"url":"https:\/\/shop.brita.ch\/de\/wp-content\/uploads\/2023\/04\/brita-waterfilterjug-marella-white-cool-12pack-hero-visual-maxtra-pro.jpg","type":"image\/jpeg"}],"twitter_card":"summary_large_image","twitter_misc":{"Est. reading time":"1 Minute"},"schema":{"@context":"https:\/\/schema.org","@graph":[{"@type":"WebPage","@id":"https:\/\/shop.brita.ch\/de\/produkt\/marella-vorteilspack","url":"https:\/\/shop.brita.ch\/de\/produkt\/marella-vorteilspack","name":"BRITA Wasserfilter Marella mit 12 Filterkartuschen - Jahrespaket l BRITA\u00ae","isPartOf":{"@id":"https:\/\/shop.brita.ch\/de\/#website"},"primaryImageOfPage":{"@id":"https:\/\/shop.brita.ch\/de\/produkt\/marella-vorteilspack#primaryimage"},"image":{"@id":"https:\/\/shop.brita.ch\/de\/produkt\/marella-vorteilspack#primaryimage"},"thumbnailUrl":"\/de\/wp-content\/uploads\/2019\/10\/brita-consumer-waterfilterjug-marella-white-12x-maxtra-pro-1564x1564-1.png","datePublished":"2019-10-01T11:40:25+00:00","dateModified":"2025-10-13T13:16:38+00:00","description":"BRITA Marella & MAXTRA PRO Vorteilspack mit 12 Kartuschen vom Wasserfilter-Experten BRITA f\u00fcr bis zu 48 Wochen frisches, gefiltertes Wasser. Jetzt kaufen","breadcrumb":{"@id":"https:\/\/shop.brita.ch\/de\/produkt\/marella-vorteilspack#breadcrumb"},"inLanguage":"de-DE","potentialAction":[{"@type":"ReadAction","target":["https:\/\/shop.brita.ch\/de\/produkt\/marella-vorteilspack"]}]},{"@type":"ImageObject","inLanguage":"de-DE","@id":"https:\/\/shop.brita.ch\/de\/produkt\/marella-vorteilspack#primaryimage","url":"\/de\/wp-content\/uploads\/2019\/10\/brita-consumer-waterfilterjug-marella-white-12x-maxtra-pro-1564x1564-1.png","contentUrl":"\/de\/wp-content\/uploads\/2019\/10\/brita-consumer-waterfilterjug-marella-white-12x-maxtra-pro-1564x1564-1.png","width":1496,"height":1496},{"@type":"BreadcrumbList","@id":"https:\/\/shop.brita.ch\/de\/produkt\/marella-vorteilspack#breadcrumb","itemListElement":[{"@type":"ListItem","position":1,"name":"Startseite","item":"https:\/\/shop.brita.ch\/de\/"},{"@type":"ListItem","position":2,"name":"Produkte","item":"https:\/\/shop.brita.ch\/de\/shop"},{"@type":"ListItem","position":3,"name":"Tischwasserfilter Marella weiss inkl. 12 Filterkartuschen"}]},{"@type":"WebSite","@id":"https:\/\/shop.brita.ch\/de\/#website","url":"https:\/\/shop.brita.ch\/de\/","name":"BRITA\u00ae","description":"Filtrationsl\u00f6sungen","publisher":{"@id":"https:\/\/shop.brita.ch\/de\/#organization"},"alternateName":"BRITA Wassersysteme f\u00fcr Zuhause","potentialAction":[{"@type":"SearchAction","target":{"@type":"EntryPoint","urlTemplate":"https:\/\/shop.brita.ch\/de\/?s={search_term_string}"},"query-input":{"@type":"PropertyValueSpecification","valueRequired":true,"valueName":"search_term_string"}}],"inLanguage":"de-DE"},{"@type":"Organization","@id":"https:\/\/shop.brita.ch\/de\/#organization","name":"BRITA Wasserfilter-Systeme AG","alternateName":"BRITA","url":"https:\/\/shop.brita.ch\/de\/","logo":{"@type":"ImageObject","inLanguage":"de-DE","@id":"https:\/\/shop.brita.ch\/de\/#\/schema\/logo\/image\/","url":"\/de\/wp-content\/uploads\/2023\/02\/brita-logo.jpg","contentUrl":"\/de\/wp-content\/uploads\/2023\/02\/brita-logo.jpg","width":201,"height":42,"caption":"BRITA Wasserfilter-Systeme AG"},"image":{"@id":"https:\/\/shop.brita.ch\/de\/#\/schema\/logo\/image\/"},"sameAs":["https:\/\/www.facebook.com\/BRITA.schweiz","https:\/\/www.instagram.com\/brita.schweiz\/","https:\/\/de.linkedin.com\/company\/brita-gmbh","https:\/\/www.youtube.com\/playlist?list=PLzhwO6-T9BJ7PNjKrGsSpVLHGT1s3xUoy"]}]}},"_links":{"self":[{"href":"https:\/\/shop.brita.ch\/de\/wp-json\/wp\/v2\/product\/2992","targetHints":{"allow":["GET"]}}],"collection":[{"href":"https:\/\/shop.brita.ch\/de\/wp-json\/wp\/v2\/product"}],"about":[{"href":"https:\/\/shop.brita.ch\/de\/wp-json\/wp\/v2\/types\/product"}],"wp:featuredmedia":[{"embeddable":true,"href":"https:\/\/shop.brita.ch\/de\/wp-json\/wp\/v2\/media\/26586"}],"wp:attachment":[{"href":"https:\/\/shop.brita.ch\/de\/wp-json\/wp\/v2\/media?parent=2992"}],"wp:term":[{"taxonomy":"product_brand","embeddable":true,"href":"https:\/\/shop.brita.ch\/de\/wp-json\/wp\/v2\/product_brand?post=2992"},{"taxonomy":"product_cat","embeddable":true,"href":"https:\/\/shop.brita.ch\/de\/wp-json\/wp\/v2\/product_cat?post=2992"},{"taxonomy":"product_tag","embeddable":true,"href":"https:\/\/shop.brita.ch\/de\/wp-json\/wp\/v2\/product_tag?post=2992"}],"curies":[{"name":"wp","href":"https:\/\/api.w.org\/{rel}","templated":true}]}}