{"id":29608,"date":"2026-03-18T11:12:03","date_gmt":"2026-03-18T10:12:03","guid":{"rendered":"https:\/\/shop.brita.ch\/de\/?post_type=product&#038;p=29608"},"modified":"2026-03-19T10:53:32","modified_gmt":"2026-03-19T09:53:32","slug":"classic-vorteilspack-3-kartuschen","status":"publish","type":"product","link":"https:\/\/shop.brita.ch\/de\/produkt\/classic-vorteilspack-3-kartuschen","title":{"rendered":"BRITA Classic Filterkartuschen 3er-Pack"},"content":{"rendered":"<ul class=\"product-facts\">\n<li>BRITA Classic Filterkartuschen passen <strong>NUR<\/strong> in BRITA CLASSIC Tischwasserfilter und Wasserkocher sowie in die Haushaltsger\u00e4te unserer BRITA Partner. Beachten Sie das CLASSIC Kartuschen-Symbol in Ihrer Gebrauchsanleitung.<\/li>\n<li>Sch\u00fctzt Haushaltsger\u00e4te vor Verkalkung<\/li>\n<li>Reduziert geruchs- und geschmacksst\u00f6rende Stoffe im Wasser wie Chlor<\/li>\n<li>Eine Kartusche reicht f\u00fcr bis zu 4 Wochen<\/li>\n<p><strong>Hinweis:<\/strong> BRITA CLASSIC Tischwasserfilter sind nicht mehr erh\u00e4ltlich. Filterkartuschen k\u00f6nnen hier weiterhin nachbestellt werden.\n<\/ul>\n","protected":false},"excerpt":{"rendered":"<p>BRITA Classic Filterkartuschen passen NUR in BRITA CLASSIC Tischwasserfilter und Wasserkocher sowie in die Haushaltsger\u00e4te unserer BRITA Partner. Beachten Sie das CLASSIC Kartuschen-Symbol in Ihrer Gebrauchsanleitung. Sch\u00fctzt Haushaltsger\u00e4te vor Verkalkung Reduziert geruchs- und geschmacksst\u00f6rende Stoffe im Wasser wie Chlor Eine Kartusche reicht f\u00fcr bis zu 4 Wochen Hinweis: BRITA CLASSIC Tischwasserfilter sind nicht mehr erh\u00e4ltlich. [&#8230;]<\/p>\n<p><a class=\"btn btn-secondary understrap-read-more-link\" href=\"https:\/\/shop.brita.ch\/de\/produkt\/classic-vorteilspack-3-kartuschen\">Weiterlesen&#8230;<\/a><\/p>\n","protected":false},"featured_media":29612,"template":"","meta":[],"product_brand":[],"product_cat":[136],"product_tag":[],"class_list":{"0":"post-29608","1":"product","2":"type-product","3":"status-publish","4":"has-post-thumbnail","6":"product_cat-classic","8":"first","9":"instock","10":"taxable","11":"shipping-taxable","12":"purchasable","13":"product-type-simple"},"yoast_head":"<!-- This site is optimized with the Yoast SEO plugin v26.6 - https:\/\/yoast.com\/wordpress\/plugins\/seo\/ -->\n<title>\u2063BRITA CLASSIC Filterkartuschen 3er-Pack | BRITA\u00ae<\/title>\n<meta name=\"description\" content=\"Entdecken Sie das 3er-Pack BRITA CLASSIC Filterkartuschen f\u00fcr das BRITA CLASSIC Wasserfiltersystem. Bis zu 12 Wochen wohlschmeckendes Wasser. Mehr erfahren.\" \/>\n<meta name=\"robots\" content=\"index, follow, max-snippet:-1, max-image-preview:large, max-video-preview:-1\" \/>\n<link rel=\"canonical\" href=\"https:\/\/shop.brita.ch\/de\/produkt\/classic-vorteilspack-3-kartuschen\" \/>\n<meta property=\"og:locale\" content=\"de_DE\" \/>\n<meta property=\"og:type\" content=\"article\" \/>\n<meta property=\"og:title\" content=\"\u2063BRITA CLASSIC Filterkartuschen 3er-Pack | BRITA\u00ae\" \/>\n<meta property=\"og:description\" content=\"Entdecken Sie das 3er-Pack BRITA CLASSIC Filterkartuschen f\u00fcr das BRITA CLASSIC Wasserfiltersystem. Bis zu 12 Wochen wohlschmeckendes Wasser. Mehr erfahren.\" \/>\n<meta property=\"og:url\" content=\"https:\/\/shop.brita.ch\/de\/produkt\/classic-vorteilspack-3-kartuschen\" \/>\n<meta property=\"og:site_name\" content=\"BRITA\" \/>\n<meta property=\"article:publisher\" content=\"https:\/\/www.facebook.com\/BRITA.schweiz\" \/>\n<meta property=\"article:modified_time\" content=\"2026-03-19T09:53:32+00:00\" \/>\n<meta property=\"og:image\" content=\"https:\/\/shop.brita.ch\/de\/wp-content\/uploads\/2026\/03\/brita_filtersandcartridges_classic.webp\" \/>\n\t<meta property=\"og:image:width\" content=\"1024\" \/>\n\t<meta property=\"og:image:height\" content=\"1024\" \/>\n\t<meta property=\"og:image:type\" content=\"image\/webp\" \/>\n<meta name=\"twitter:card\" content=\"summary_large_image\" \/>\n<meta name=\"twitter:label1\" content=\"Est. reading time\" \/>\n\t<meta name=\"twitter:data1\" content=\"1 Minute\" \/>\n<script type=\"application\/ld+json\" class=\"yoast-schema-graph\">{\"@context\":\"https:\/\/schema.org\",\"@graph\":[{\"@type\":\"WebPage\",\"@id\":\"https:\/\/shop.brita.ch\/de\/produkt\/classic-vorteilspack-3-kartuschen\",\"url\":\"https:\/\/shop.brita.ch\/de\/produkt\/classic-vorteilspack-3-kartuschen\",\"name\":\"\u2063BRITA CLASSIC Filterkartuschen 3er-Pack | BRITA\u00ae\",\"isPartOf\":{\"@id\":\"https:\/\/shop.brita.ch\/de\/#website\"},\"primaryImageOfPage\":{\"@id\":\"https:\/\/shop.brita.ch\/de\/produkt\/classic-vorteilspack-3-kartuschen#primaryimage\"},\"image\":{\"@id\":\"https:\/\/shop.brita.ch\/de\/produkt\/classic-vorteilspack-3-kartuschen#primaryimage\"},\"thumbnailUrl\":\"\/de\/wp-content\/uploads\/2026\/03\/brita_filtersandcartridges_classic.webp\",\"datePublished\":\"2026-03-18T10:12:03+00:00\",\"dateModified\":\"2026-03-19T09:53:32+00:00\",\"description\":\"Entdecken Sie das 3er-Pack BRITA CLASSIC Filterkartuschen f\u00fcr das BRITA CLASSIC Wasserfiltersystem. Bis zu 12 Wochen wohlschmeckendes Wasser. Mehr erfahren.\",\"breadcrumb\":{\"@id\":\"https:\/\/shop.brita.ch\/de\/produkt\/classic-vorteilspack-3-kartuschen#breadcrumb\"},\"inLanguage\":\"de-DE\",\"potentialAction\":[{\"@type\":\"ReadAction\",\"target\":[\"https:\/\/shop.brita.ch\/de\/produkt\/classic-vorteilspack-3-kartuschen\"]}]},{\"@type\":\"ImageObject\",\"inLanguage\":\"de-DE\",\"@id\":\"https:\/\/shop.brita.ch\/de\/produkt\/classic-vorteilspack-3-kartuschen#primaryimage\",\"url\":\"\/de\/wp-content\/uploads\/2026\/03\/brita_filtersandcartridges_classic.webp\",\"contentUrl\":\"\/de\/wp-content\/uploads\/2026\/03\/brita_filtersandcartridges_classic.webp\",\"width\":1024,\"height\":1024},{\"@type\":\"BreadcrumbList\",\"@id\":\"https:\/\/shop.brita.ch\/de\/produkt\/classic-vorteilspack-3-kartuschen#breadcrumb\",\"itemListElement\":[{\"@type\":\"ListItem\",\"position\":1,\"name\":\"Startseite\",\"item\":\"https:\/\/shop.brita.ch\/de\/\"},{\"@type\":\"ListItem\",\"position\":2,\"name\":\"Produkte\",\"item\":\"https:\/\/shop.brita.ch\/de\/shop\"},{\"@type\":\"ListItem\",\"position\":3,\"name\":\"BRITA Classic Filterkartuschen 3er-Pack\"}]},{\"@type\":\"WebSite\",\"@id\":\"https:\/\/shop.brita.ch\/de\/#website\",\"url\":\"https:\/\/shop.brita.ch\/de\/\",\"name\":\"BRITA\u00ae\",\"description\":\"Filtrationsl\u00f6sungen\",\"publisher\":{\"@id\":\"https:\/\/shop.brita.ch\/de\/#organization\"},\"alternateName\":\"BRITA Wassersysteme f\u00fcr Zuhause\",\"potentialAction\":[{\"@type\":\"SearchAction\",\"target\":{\"@type\":\"EntryPoint\",\"urlTemplate\":\"https:\/\/shop.brita.ch\/de\/?s={search_term_string}\"},\"query-input\":{\"@type\":\"PropertyValueSpecification\",\"valueRequired\":true,\"valueName\":\"search_term_string\"}}],\"inLanguage\":\"de-DE\"},{\"@type\":\"Organization\",\"@id\":\"https:\/\/shop.brita.ch\/de\/#organization\",\"name\":\"BRITA Wasserfilter-Systeme AG\",\"alternateName\":\"BRITA\",\"url\":\"https:\/\/shop.brita.ch\/de\/\",\"logo\":{\"@type\":\"ImageObject\",\"inLanguage\":\"de-DE\",\"@id\":\"https:\/\/shop.brita.ch\/de\/#\/schema\/logo\/image\/\",\"url\":\"\/de\/wp-content\/uploads\/2023\/02\/brita-logo.jpg\",\"contentUrl\":\"\/de\/wp-content\/uploads\/2023\/02\/brita-logo.jpg\",\"width\":201,\"height\":42,\"caption\":\"BRITA Wasserfilter-Systeme AG\"},\"image\":{\"@id\":\"https:\/\/shop.brita.ch\/de\/#\/schema\/logo\/image\/\"},\"sameAs\":[\"https:\/\/www.facebook.com\/BRITA.schweiz\",\"https:\/\/www.instagram.com\/brita.schweiz\/\",\"https:\/\/de.linkedin.com\/company\/brita-gmbh\",\"https:\/\/www.youtube.com\/playlist?list=PLzhwO6-T9BJ7PNjKrGsSpVLHGT1s3xUoy\"]}]}<\/script>\n<!-- \/ Yoast SEO plugin. -->","yoast_head_json":{"title":"\u2063BRITA CLASSIC Filterkartuschen 3er-Pack | BRITA\u00ae","description":"Entdecken Sie das 3er-Pack BRITA CLASSIC Filterkartuschen f\u00fcr das BRITA CLASSIC Wasserfiltersystem. Bis zu 12 Wochen wohlschmeckendes Wasser. Mehr erfahren.","robots":{"index":"index","follow":"follow","max-snippet":"max-snippet:-1","max-image-preview":"max-image-preview:large","max-video-preview":"max-video-preview:-1"},"canonical":"https:\/\/shop.brita.ch\/de\/produkt\/classic-vorteilspack-3-kartuschen","og_locale":"de_DE","og_type":"article","og_title":"\u2063BRITA CLASSIC Filterkartuschen 3er-Pack | BRITA\u00ae","og_description":"Entdecken Sie das 3er-Pack BRITA CLASSIC Filterkartuschen f\u00fcr das BRITA CLASSIC Wasserfiltersystem. Bis zu 12 Wochen wohlschmeckendes Wasser. Mehr erfahren.","og_url":"https:\/\/shop.brita.ch\/de\/produkt\/classic-vorteilspack-3-kartuschen","og_site_name":"BRITA","article_publisher":"https:\/\/www.facebook.com\/BRITA.schweiz","article_modified_time":"2026-03-19T09:53:32+00:00","og_image":[{"width":1024,"height":1024,"url":"https:\/\/shop.brita.ch\/de\/wp-content\/uploads\/2026\/03\/brita_filtersandcartridges_classic.webp","type":"image\/webp"}],"twitter_card":"summary_large_image","twitter_misc":{"Est. reading time":"1 Minute"},"schema":{"@context":"https:\/\/schema.org","@graph":[{"@type":"WebPage","@id":"https:\/\/shop.brita.ch\/de\/produkt\/classic-vorteilspack-3-kartuschen","url":"https:\/\/shop.brita.ch\/de\/produkt\/classic-vorteilspack-3-kartuschen","name":"\u2063BRITA CLASSIC Filterkartuschen 3er-Pack | BRITA\u00ae","isPartOf":{"@id":"https:\/\/shop.brita.ch\/de\/#website"},"primaryImageOfPage":{"@id":"https:\/\/shop.brita.ch\/de\/produkt\/classic-vorteilspack-3-kartuschen#primaryimage"},"image":{"@id":"https:\/\/shop.brita.ch\/de\/produkt\/classic-vorteilspack-3-kartuschen#primaryimage"},"thumbnailUrl":"\/de\/wp-content\/uploads\/2026\/03\/brita_filtersandcartridges_classic.webp","datePublished":"2026-03-18T10:12:03+00:00","dateModified":"2026-03-19T09:53:32+00:00","description":"Entdecken Sie das 3er-Pack BRITA CLASSIC Filterkartuschen f\u00fcr das BRITA CLASSIC Wasserfiltersystem. Bis zu 12 Wochen wohlschmeckendes Wasser. Mehr erfahren.","breadcrumb":{"@id":"https:\/\/shop.brita.ch\/de\/produkt\/classic-vorteilspack-3-kartuschen#breadcrumb"},"inLanguage":"de-DE","potentialAction":[{"@type":"ReadAction","target":["https:\/\/shop.brita.ch\/de\/produkt\/classic-vorteilspack-3-kartuschen"]}]},{"@type":"ImageObject","inLanguage":"de-DE","@id":"https:\/\/shop.brita.ch\/de\/produkt\/classic-vorteilspack-3-kartuschen#primaryimage","url":"\/de\/wp-content\/uploads\/2026\/03\/brita_filtersandcartridges_classic.webp","contentUrl":"\/de\/wp-content\/uploads\/2026\/03\/brita_filtersandcartridges_classic.webp","width":1024,"height":1024},{"@type":"BreadcrumbList","@id":"https:\/\/shop.brita.ch\/de\/produkt\/classic-vorteilspack-3-kartuschen#breadcrumb","itemListElement":[{"@type":"ListItem","position":1,"name":"Startseite","item":"https:\/\/shop.brita.ch\/de\/"},{"@type":"ListItem","position":2,"name":"Produkte","item":"https:\/\/shop.brita.ch\/de\/shop"},{"@type":"ListItem","position":3,"name":"BRITA Classic Filterkartuschen 3er-Pack"}]},{"@type":"WebSite","@id":"https:\/\/shop.brita.ch\/de\/#website","url":"https:\/\/shop.brita.ch\/de\/","name":"BRITA\u00ae","description":"Filtrationsl\u00f6sungen","publisher":{"@id":"https:\/\/shop.brita.ch\/de\/#organization"},"alternateName":"BRITA Wassersysteme f\u00fcr Zuhause","potentialAction":[{"@type":"SearchAction","target":{"@type":"EntryPoint","urlTemplate":"https:\/\/shop.brita.ch\/de\/?s={search_term_string}"},"query-input":{"@type":"PropertyValueSpecification","valueRequired":true,"valueName":"search_term_string"}}],"inLanguage":"de-DE"},{"@type":"Organization","@id":"https:\/\/shop.brita.ch\/de\/#organization","name":"BRITA Wasserfilter-Systeme AG","alternateName":"BRITA","url":"https:\/\/shop.brita.ch\/de\/","logo":{"@type":"ImageObject","inLanguage":"de-DE","@id":"https:\/\/shop.brita.ch\/de\/#\/schema\/logo\/image\/","url":"\/de\/wp-content\/uploads\/2023\/02\/brita-logo.jpg","contentUrl":"\/de\/wp-content\/uploads\/2023\/02\/brita-logo.jpg","width":201,"height":42,"caption":"BRITA Wasserfilter-Systeme AG"},"image":{"@id":"https:\/\/shop.brita.ch\/de\/#\/schema\/logo\/image\/"},"sameAs":["https:\/\/www.facebook.com\/BRITA.schweiz","https:\/\/www.instagram.com\/brita.schweiz\/","https:\/\/de.linkedin.com\/company\/brita-gmbh","https:\/\/www.youtube.com\/playlist?list=PLzhwO6-T9BJ7PNjKrGsSpVLHGT1s3xUoy"]}]}},"_links":{"self":[{"href":"https:\/\/shop.brita.ch\/de\/wp-json\/wp\/v2\/product\/29608","targetHints":{"allow":["GET"]}}],"collection":[{"href":"https:\/\/shop.brita.ch\/de\/wp-json\/wp\/v2\/product"}],"about":[{"href":"https:\/\/shop.brita.ch\/de\/wp-json\/wp\/v2\/types\/product"}],"wp:featuredmedia":[{"embeddable":true,"href":"https:\/\/shop.brita.ch\/de\/wp-json\/wp\/v2\/media\/29612"}],"wp:attachment":[{"href":"https:\/\/shop.brita.ch\/de\/wp-json\/wp\/v2\/media?parent=29608"}],"wp:term":[{"taxonomy":"product_brand","embeddable":true,"href":"https:\/\/shop.brita.ch\/de\/wp-json\/wp\/v2\/product_brand?post=29608"},{"taxonomy":"product_cat","embeddable":true,"href":"https:\/\/shop.brita.ch\/de\/wp-json\/wp\/v2\/product_cat?post=29608"},{"taxonomy":"product_tag","embeddable":true,"href":"https:\/\/shop.brita.ch\/de\/wp-json\/wp\/v2\/product_tag?post=29608"}],"curies":[{"name":"wp","href":"https:\/\/api.w.org\/{rel}","templated":true}]}}