{"id":27474,"date":"2025-09-23T09:49:26","date_gmt":"2025-09-23T07:49:26","guid":{"rendered":"https:\/\/shop.brita.ch\/de\/?post_type=product&#038;p=27474"},"modified":"2026-03-19T08:35:17","modified_gmt":"2026-03-19T07:35:17","slug":"tischwasserfilter-style-essential-inkl-2-filterkartuschen","status":"publish","type":"product","link":"https:\/\/shop.brita.ch\/de\/produkt\/tischwasserfilter-style-essential-inkl-2-filterkartuschen","title":{"rendered":"Tischwasserfilter Style Essential inkl. 2 Filterkartuschen"},"content":{"rendered":"<ul class=\"product-facts\">\n<li>Der unkomplizierte Tischwasserfilter: einfach mit einer Hand zu \u00f6ffnen, sp\u00fclmaschinengeeignet (ausser Smart Light LED) und dazu noch stylish!<\/li>\n<li>F\u00fcr gefiltertes Wasser, ganz nach Ihren Bed\u00fcrfnissen &#8211; eine MAXTRA PRO Kartusche oder beide? W\u00e4hlen Sie Ihre perfekte Filterkombination!<\/li>\n<li>Inklusive 1 MAXTRA PRO PURE PERFORMANCE f\u00fcr Wasser-Puristen: Frisch- gefiltertes, kaltes Wasser, ohne geschmacksst\u00f6renden Stoffe wie Chlor sowie feinste Partikeln (\u2265 30 \u00b5m) und Mikroverunreinigungen.<\/li>\n<li>Testen Sie zus\u00e4tzlich 1 MAXTRA PRO EXTRA KALKSCHUTZ f\u00fcr Kaffee- und Tee-Liebhaber: Der Kalkexperte f\u00fcr optimalen Geschmack und ultimativen Ger\u00e4teschutz!<\/li>\n<li>Praktische Abdeckung f\u00fcr den Auslauf, damit das Wasser sauber und staubfrei bleibt<\/li>\n<li>Ideale Gr\u00f6sse: passend f\u00fcr Ihre K\u00fchlschrankt\u00fcr<\/li>\n<li>Kapazit\u00e4t: 2,4 l insgesamt, 1,4 l gefiltert<\/li>\n<li>Intelligent und ergonomisch: Die BRITA Smart Light LED zeigt an, wenn der Filter gewechselt werden muss. Und sollte sie einmal ausfallen, erhalten Sie kostenfrei Ersatz \u00fcber unseren Kundenservice.<\/li>\n<li>23,9 x 27,3 x 10,5 cm (B x H x T)<\/li>\n<li>Qualit\u00e4t und Design: hergestellt in Deutschland mit Leidenschaft und Erfahrung seit 1966<\/li>\n<p><strong>inkl. 1 BRITA MAXTRA PRO PURE PERFORMANCE &#038; 1 MAXTRA PRO EXTRA KALKSCHUTZ Wasserfilterkartuschen<\/strong>\n<\/ul>\n<div class=\"dl-btn\">\n<h5>Gebrauchsanleitung BRITA Tischwasserfilter Style<\/h5>\n<p><a class=\"btn-default btn\" href=\"https:\/\/www.brita.ch\/dam\/jcr:07b6a5a4-352c-484d-8dc4-122cf58f0d2e\/brita-water-filter-jugs-instruction-manual-EMEA.pdf\" target=\"_blank\" rel=\"noopener noreferrer\" download=\"\">Jetzt herunterladen<\/a><\/p>\n<\/div>\n","protected":false},"excerpt":{"rendered":"<p>Der unkomplizierte Tischwasserfilter: einfach mit einer Hand zu \u00f6ffnen, sp\u00fclmaschinengeeignet (ausser Smart Light LED) und dazu noch stylish! F\u00fcr gefiltertes Wasser, ganz nach Ihren Bed\u00fcrfnissen &#8211; eine MAXTRA PRO Kartusche oder beide? W\u00e4hlen Sie Ihre perfekte Filterkombination! Inklusive 1 MAXTRA PRO PURE PERFORMANCE f\u00fcr Wasser-Puristen: Frisch- gefiltertes, kaltes Wasser, ohne geschmacksst\u00f6renden Stoffe wie Chlor sowie [&#8230;]<\/p>\n<p><a class=\"btn btn-secondary understrap-read-more-link\" href=\"https:\/\/shop.brita.ch\/de\/produkt\/tischwasserfilter-style-essential-inkl-2-filterkartuschen\">Weiterlesen&#8230;<\/a><\/p>\n","protected":false},"featured_media":27480,"template":"","meta":[],"product_brand":[],"product_cat":[80,81],"product_tag":[71],"class_list":{"0":"post-27474","1":"product","2":"type-product","3":"status-publish","4":"has-post-thumbnail","6":"product_cat-tischwasserfilter","7":"product_cat-twf","8":"product_tag-video","10":"first","11":"instock","12":"taxable","13":"shipping-taxable","14":"purchasable","15":"product-type-variable","16":"has-default-attributes"},"yoast_head":"<!-- This site is optimized with the Yoast SEO plugin v26.6 - https:\/\/yoast.com\/wordpress\/plugins\/seo\/ -->\n<title>BRITA Style Essential - Tischwasserfilter inkl. 2 Filterkartuschen | BRITA\u00ae<\/title>\n<meta name=\"description\" content=\"BRITA Style Essential : Klares Design trifft auf deutsche Technologie. Die LED-Wechselanzeige sorgt jederzeit f\u00fcr frisches, gefiltertes Wasser. Jetzt kaufen\" \/>\n<meta name=\"robots\" content=\"index, follow, max-snippet:-1, max-image-preview:large, max-video-preview:-1\" \/>\n<link rel=\"canonical\" href=\"https:\/\/shop.brita.ch\/de\/produkt\/tischwasserfilter-style-essential-inkl-2-filterkartuschen\" \/>\n<meta property=\"og:locale\" content=\"de_DE\" \/>\n<meta property=\"og:type\" content=\"article\" \/>\n<meta property=\"og:title\" content=\"BRITA Style Essential - Tischwasserfilter inkl. 2 Filterkartuschen | BRITA\u00ae\" \/>\n<meta property=\"og:description\" content=\"BRITA Style Essential : Klares Design trifft auf deutsche Technologie. Die LED-Wechselanzeige sorgt jederzeit f\u00fcr frisches, gefiltertes Wasser. Jetzt kaufen\" \/>\n<meta property=\"og:url\" content=\"https:\/\/shop.brita.ch\/de\/produkt\/tischwasserfilter-style-essential-inkl-2-filterkartuschen\" \/>\n<meta property=\"og:site_name\" content=\"BRITA\" \/>\n<meta property=\"article:publisher\" content=\"https:\/\/www.facebook.com\/BRITA.schweiz\" \/>\n<meta property=\"article:modified_time\" content=\"2026-03-19T07:35:17+00:00\" \/>\n<meta property=\"og:image\" content=\"https:\/\/shop.brita.ch\/de\/wp-content\/uploads\/2025\/09\/250907-eshop-style_de02-weiss-scaled.webp\" \/>\n\t<meta property=\"og:image:width\" content=\"2560\" \/>\n\t<meta property=\"og:image:height\" content=\"2560\" \/>\n\t<meta property=\"og:image:type\" content=\"image\/webp\" \/>\n<meta name=\"twitter:card\" content=\"summary_large_image\" \/>\n<meta name=\"twitter:label1\" content=\"Est. reading time\" \/>\n\t<meta name=\"twitter:data1\" content=\"2 Minuten\" \/>\n<script type=\"application\/ld+json\" class=\"yoast-schema-graph\">{\"@context\":\"https:\/\/schema.org\",\"@graph\":[{\"@type\":\"WebPage\",\"@id\":\"https:\/\/shop.brita.ch\/de\/produkt\/tischwasserfilter-style-essential-inkl-2-filterkartuschen\",\"url\":\"https:\/\/shop.brita.ch\/de\/produkt\/tischwasserfilter-style-essential-inkl-2-filterkartuschen\",\"name\":\"BRITA Style Essential - Tischwasserfilter inkl. 2 Filterkartuschen | BRITA\u00ae\",\"isPartOf\":{\"@id\":\"https:\/\/shop.brita.ch\/de\/#website\"},\"primaryImageOfPage\":{\"@id\":\"https:\/\/shop.brita.ch\/de\/produkt\/tischwasserfilter-style-essential-inkl-2-filterkartuschen#primaryimage\"},\"image\":{\"@id\":\"https:\/\/shop.brita.ch\/de\/produkt\/tischwasserfilter-style-essential-inkl-2-filterkartuschen#primaryimage\"},\"thumbnailUrl\":\"\/de\/wp-content\/uploads\/2025\/09\/250907-eshop-style_de02-weiss-scaled.webp\",\"datePublished\":\"2025-09-23T07:49:26+00:00\",\"dateModified\":\"2026-03-19T07:35:17+00:00\",\"description\":\"BRITA Style Essential : Klares Design trifft auf deutsche Technologie. Die LED-Wechselanzeige sorgt jederzeit f\u00fcr frisches, gefiltertes Wasser. Jetzt kaufen\",\"breadcrumb\":{\"@id\":\"https:\/\/shop.brita.ch\/de\/produkt\/tischwasserfilter-style-essential-inkl-2-filterkartuschen#breadcrumb\"},\"inLanguage\":\"de-DE\",\"potentialAction\":[{\"@type\":\"ReadAction\",\"target\":[\"https:\/\/shop.brita.ch\/de\/produkt\/tischwasserfilter-style-essential-inkl-2-filterkartuschen\"]}]},{\"@type\":\"ImageObject\",\"inLanguage\":\"de-DE\",\"@id\":\"https:\/\/shop.brita.ch\/de\/produkt\/tischwasserfilter-style-essential-inkl-2-filterkartuschen#primaryimage\",\"url\":\"\/de\/wp-content\/uploads\/2025\/09\/250907-eshop-style_de02-weiss-scaled.webp\",\"contentUrl\":\"\/de\/wp-content\/uploads\/2025\/09\/250907-eshop-style_de02-weiss-scaled.webp\",\"width\":2560,\"height\":2560},{\"@type\":\"BreadcrumbList\",\"@id\":\"https:\/\/shop.brita.ch\/de\/produkt\/tischwasserfilter-style-essential-inkl-2-filterkartuschen#breadcrumb\",\"itemListElement\":[{\"@type\":\"ListItem\",\"position\":1,\"name\":\"Startseite\",\"item\":\"https:\/\/shop.brita.ch\/de\/\"},{\"@type\":\"ListItem\",\"position\":2,\"name\":\"Produkte\",\"item\":\"https:\/\/shop.brita.ch\/de\/shop\"},{\"@type\":\"ListItem\",\"position\":3,\"name\":\"Tischwasserfilter Style Essential inkl. 2 Filterkartuschen\"}]},{\"@type\":\"WebSite\",\"@id\":\"https:\/\/shop.brita.ch\/de\/#website\",\"url\":\"https:\/\/shop.brita.ch\/de\/\",\"name\":\"BRITA\u00ae\",\"description\":\"Filtrationsl\u00f6sungen\",\"publisher\":{\"@id\":\"https:\/\/shop.brita.ch\/de\/#organization\"},\"alternateName\":\"BRITA Wassersysteme f\u00fcr Zuhause\",\"potentialAction\":[{\"@type\":\"SearchAction\",\"target\":{\"@type\":\"EntryPoint\",\"urlTemplate\":\"https:\/\/shop.brita.ch\/de\/?s={search_term_string}\"},\"query-input\":{\"@type\":\"PropertyValueSpecification\",\"valueRequired\":true,\"valueName\":\"search_term_string\"}}],\"inLanguage\":\"de-DE\"},{\"@type\":\"Organization\",\"@id\":\"https:\/\/shop.brita.ch\/de\/#organization\",\"name\":\"BRITA Wasserfilter-Systeme AG\",\"alternateName\":\"BRITA\",\"url\":\"https:\/\/shop.brita.ch\/de\/\",\"logo\":{\"@type\":\"ImageObject\",\"inLanguage\":\"de-DE\",\"@id\":\"https:\/\/shop.brita.ch\/de\/#\/schema\/logo\/image\/\",\"url\":\"\/de\/wp-content\/uploads\/2023\/02\/brita-logo.jpg\",\"contentUrl\":\"\/de\/wp-content\/uploads\/2023\/02\/brita-logo.jpg\",\"width\":201,\"height\":42,\"caption\":\"BRITA Wasserfilter-Systeme AG\"},\"image\":{\"@id\":\"https:\/\/shop.brita.ch\/de\/#\/schema\/logo\/image\/\"},\"sameAs\":[\"https:\/\/www.facebook.com\/BRITA.schweiz\",\"https:\/\/www.instagram.com\/brita.schweiz\/\",\"https:\/\/de.linkedin.com\/company\/brita-gmbh\",\"https:\/\/www.youtube.com\/playlist?list=PLzhwO6-T9BJ7PNjKrGsSpVLHGT1s3xUoy\"]}]}<\/script>\n<!-- \/ Yoast SEO plugin. -->","yoast_head_json":{"title":"BRITA Style Essential - Tischwasserfilter inkl. 2 Filterkartuschen | BRITA\u00ae","description":"BRITA Style Essential : Klares Design trifft auf deutsche Technologie. Die LED-Wechselanzeige sorgt jederzeit f\u00fcr frisches, gefiltertes Wasser. Jetzt kaufen","robots":{"index":"index","follow":"follow","max-snippet":"max-snippet:-1","max-image-preview":"max-image-preview:large","max-video-preview":"max-video-preview:-1"},"canonical":"https:\/\/shop.brita.ch\/de\/produkt\/tischwasserfilter-style-essential-inkl-2-filterkartuschen","og_locale":"de_DE","og_type":"article","og_title":"BRITA Style Essential - Tischwasserfilter inkl. 2 Filterkartuschen | BRITA\u00ae","og_description":"BRITA Style Essential : Klares Design trifft auf deutsche Technologie. Die LED-Wechselanzeige sorgt jederzeit f\u00fcr frisches, gefiltertes Wasser. Jetzt kaufen","og_url":"https:\/\/shop.brita.ch\/de\/produkt\/tischwasserfilter-style-essential-inkl-2-filterkartuschen","og_site_name":"BRITA","article_publisher":"https:\/\/www.facebook.com\/BRITA.schweiz","article_modified_time":"2026-03-19T07:35:17+00:00","og_image":[{"width":2560,"height":2560,"url":"https:\/\/shop.brita.ch\/de\/wp-content\/uploads\/2025\/09\/250907-eshop-style_de02-weiss-scaled.webp","type":"image\/webp"}],"twitter_card":"summary_large_image","twitter_misc":{"Est. reading time":"2 Minuten"},"schema":{"@context":"https:\/\/schema.org","@graph":[{"@type":"WebPage","@id":"https:\/\/shop.brita.ch\/de\/produkt\/tischwasserfilter-style-essential-inkl-2-filterkartuschen","url":"https:\/\/shop.brita.ch\/de\/produkt\/tischwasserfilter-style-essential-inkl-2-filterkartuschen","name":"BRITA Style Essential - Tischwasserfilter inkl. 2 Filterkartuschen | BRITA\u00ae","isPartOf":{"@id":"https:\/\/shop.brita.ch\/de\/#website"},"primaryImageOfPage":{"@id":"https:\/\/shop.brita.ch\/de\/produkt\/tischwasserfilter-style-essential-inkl-2-filterkartuschen#primaryimage"},"image":{"@id":"https:\/\/shop.brita.ch\/de\/produkt\/tischwasserfilter-style-essential-inkl-2-filterkartuschen#primaryimage"},"thumbnailUrl":"\/de\/wp-content\/uploads\/2025\/09\/250907-eshop-style_de02-weiss-scaled.webp","datePublished":"2025-09-23T07:49:26+00:00","dateModified":"2026-03-19T07:35:17+00:00","description":"BRITA Style Essential : Klares Design trifft auf deutsche Technologie. Die LED-Wechselanzeige sorgt jederzeit f\u00fcr frisches, gefiltertes Wasser. Jetzt kaufen","breadcrumb":{"@id":"https:\/\/shop.brita.ch\/de\/produkt\/tischwasserfilter-style-essential-inkl-2-filterkartuschen#breadcrumb"},"inLanguage":"de-DE","potentialAction":[{"@type":"ReadAction","target":["https:\/\/shop.brita.ch\/de\/produkt\/tischwasserfilter-style-essential-inkl-2-filterkartuschen"]}]},{"@type":"ImageObject","inLanguage":"de-DE","@id":"https:\/\/shop.brita.ch\/de\/produkt\/tischwasserfilter-style-essential-inkl-2-filterkartuschen#primaryimage","url":"\/de\/wp-content\/uploads\/2025\/09\/250907-eshop-style_de02-weiss-scaled.webp","contentUrl":"\/de\/wp-content\/uploads\/2025\/09\/250907-eshop-style_de02-weiss-scaled.webp","width":2560,"height":2560},{"@type":"BreadcrumbList","@id":"https:\/\/shop.brita.ch\/de\/produkt\/tischwasserfilter-style-essential-inkl-2-filterkartuschen#breadcrumb","itemListElement":[{"@type":"ListItem","position":1,"name":"Startseite","item":"https:\/\/shop.brita.ch\/de\/"},{"@type":"ListItem","position":2,"name":"Produkte","item":"https:\/\/shop.brita.ch\/de\/shop"},{"@type":"ListItem","position":3,"name":"Tischwasserfilter Style Essential inkl. 2 Filterkartuschen"}]},{"@type":"WebSite","@id":"https:\/\/shop.brita.ch\/de\/#website","url":"https:\/\/shop.brita.ch\/de\/","name":"BRITA\u00ae","description":"Filtrationsl\u00f6sungen","publisher":{"@id":"https:\/\/shop.brita.ch\/de\/#organization"},"alternateName":"BRITA Wassersysteme f\u00fcr Zuhause","potentialAction":[{"@type":"SearchAction","target":{"@type":"EntryPoint","urlTemplate":"https:\/\/shop.brita.ch\/de\/?s={search_term_string}"},"query-input":{"@type":"PropertyValueSpecification","valueRequired":true,"valueName":"search_term_string"}}],"inLanguage":"de-DE"},{"@type":"Organization","@id":"https:\/\/shop.brita.ch\/de\/#organization","name":"BRITA Wasserfilter-Systeme AG","alternateName":"BRITA","url":"https:\/\/shop.brita.ch\/de\/","logo":{"@type":"ImageObject","inLanguage":"de-DE","@id":"https:\/\/shop.brita.ch\/de\/#\/schema\/logo\/image\/","url":"\/de\/wp-content\/uploads\/2023\/02\/brita-logo.jpg","contentUrl":"\/de\/wp-content\/uploads\/2023\/02\/brita-logo.jpg","width":201,"height":42,"caption":"BRITA Wasserfilter-Systeme AG"},"image":{"@id":"https:\/\/shop.brita.ch\/de\/#\/schema\/logo\/image\/"},"sameAs":["https:\/\/www.facebook.com\/BRITA.schweiz","https:\/\/www.instagram.com\/brita.schweiz\/","https:\/\/de.linkedin.com\/company\/brita-gmbh","https:\/\/www.youtube.com\/playlist?list=PLzhwO6-T9BJ7PNjKrGsSpVLHGT1s3xUoy"]}]}},"_links":{"self":[{"href":"https:\/\/shop.brita.ch\/de\/wp-json\/wp\/v2\/product\/27474","targetHints":{"allow":["GET"]}}],"collection":[{"href":"https:\/\/shop.brita.ch\/de\/wp-json\/wp\/v2\/product"}],"about":[{"href":"https:\/\/shop.brita.ch\/de\/wp-json\/wp\/v2\/types\/product"}],"wp:featuredmedia":[{"embeddable":true,"href":"https:\/\/shop.brita.ch\/de\/wp-json\/wp\/v2\/media\/27480"}],"wp:attachment":[{"href":"https:\/\/shop.brita.ch\/de\/wp-json\/wp\/v2\/media?parent=27474"}],"wp:term":[{"taxonomy":"product_brand","embeddable":true,"href":"https:\/\/shop.brita.ch\/de\/wp-json\/wp\/v2\/product_brand?post=27474"},{"taxonomy":"product_cat","embeddable":true,"href":"https:\/\/shop.brita.ch\/de\/wp-json\/wp\/v2\/product_cat?post=27474"},{"taxonomy":"product_tag","embeddable":true,"href":"https:\/\/shop.brita.ch\/de\/wp-json\/wp\/v2\/product_tag?post=27474"}],"curies":[{"name":"wp","href":"https:\/\/api.w.org\/{rel}","templated":true}]}}