{"id":26781,"date":"2025-06-25T11:25:29","date_gmt":"2025-06-25T09:25:29","guid":{"rendered":"https:\/\/shop.brita.ch\/de\/?post_type=product&#038;p=26781"},"modified":"2025-08-05T14:53:12","modified_gmt":"2025-08-05T12:53:12","slug":"wassersprudler-sodatrio-edelstahlflaschen","status":"publish","type":"product","link":"https:\/\/shop.brita.ch\/de\/produkt\/wassersprudler-sodatrio-edelstahlflaschen","title":{"rendered":"BRITA Edelstahlflasche f\u00fcr den sodaTRIO Wassersprudler"},"content":{"rendered":"<p><strong>Edelstahlflasche f\u00fcr den sodaTRIO Wassersprudler<\/strong><\/p>\n<ul class=\"product-facts\">\n<li>Wasser direkt in der Flasche sprudeln und einfach mitnehmen!<\/li>\n<li>Elegante und leichte Flasche f\u00fcr alle Ihre Outdoor-Aktivit\u00e4ten, das ganze Jahr \u00fcber<\/li>\n<li>Das isolierende Design h\u00e4lt Ihr Trinkwasser kalt und Ihren Tee und Kaffee heiss<\/li>\n<li>Sp\u00fclmaschinengeeignet<\/li>\n<li>Silikonkappe f\u00fcr schnelle und sichere Handhabung<\/li>\n<li>Verschiedene F\u00fcllmengen je nach Bedarf. Kleine Flasche: 0,5\u00a0Liter, grosse 0,9\u00a0Liter<\/li>\n<li>Gr\u00f6sse der kleinen Flasche (B\u00d7H): 7,7 \u00d7 27,8\u00a0cm<\/li>\n<li>Gr\u00f6sse der grossen Flasche (B\u00d7H): 9,3 \u00d7 30,5\u00a0cm<\/li>\n<li>Speziell f\u00fcr BRITA sodaTRIO und sodaTRIO pro Wassersprudler entwickelt<\/li>\n<p><strong>Lieferumfang: 1 x BRITA BRITA Edelstahlflasche sodaTRIO weiss<\/strong><br \/>\n<strong style=\"color: red;\">Nicht kompatibel mit Wassersprudler sodaONE<\/strong>\n<\/ul>\n","protected":false},"excerpt":{"rendered":"<p>Edelstahlflasche f\u00fcr den sodaTRIO Wassersprudler Wasser direkt in der Flasche sprudeln und einfach mitnehmen! Elegante und leichte Flasche f\u00fcr alle Ihre Outdoor-Aktivit\u00e4ten, das ganze Jahr \u00fcber Das isolierende Design h\u00e4lt Ihr Trinkwasser kalt und Ihren Tee und Kaffee heiss Sp\u00fclmaschinengeeignet Silikonkappe f\u00fcr schnelle und sichere Handhabung Verschiedene F\u00fcllmengen je nach Bedarf. Kleine Flasche: 0,5\u00a0Liter, grosse [&#8230;]<\/p>\n<p><a class=\"btn btn-secondary understrap-read-more-link\" href=\"https:\/\/shop.brita.ch\/de\/produkt\/wassersprudler-sodatrio-edelstahlflaschen\">Weiterlesen&#8230;<\/a><\/p>\n","protected":false},"featured_media":18841,"template":"","meta":[],"product_brand":[],"product_cat":[110],"product_tag":[87],"class_list":{"0":"post-26781","1":"product","2":"type-product","3":"status-publish","4":"has-post-thumbnail","6":"product_cat-accessoires","7":"product_tag-variants","9":"first","10":"instock","11":"taxable","12":"shipping-taxable","13":"purchasable","14":"product-type-variable","15":"has-default-attributes"},"yoast_head":"<!-- This site is optimized with the Yoast SEO plugin v26.6 - https:\/\/yoast.com\/wordpress\/plugins\/seo\/ -->\n<title>Glasflasche f\u00fcr Wassersprudler | BRITA\u00ae<\/title>\n<meta name=\"description\" content=\"BRITA Glasflasche f\u00fcr sodaTRIO Wassersprudler. Moderne und nachhaltige Glasflasche mit hochwertigem Edelstahl-Schraubverschluss. Jetzt kaufen!\" \/>\n<meta name=\"robots\" content=\"index, follow, max-snippet:-1, max-image-preview:large, max-video-preview:-1\" \/>\n<link rel=\"canonical\" href=\"https:\/\/shop.brita.ch\/de\/produkt\/wassersprudler-sodatrio-edelstahlflaschen\" \/>\n<meta property=\"og:locale\" content=\"de_DE\" \/>\n<meta property=\"og:type\" content=\"article\" \/>\n<meta property=\"og:title\" content=\"Glasflasche f\u00fcr Wassersprudler | BRITA\u00ae\" \/>\n<meta property=\"og:description\" content=\"BRITA Glasflasche f\u00fcr sodaTRIO Wassersprudler. Moderne und nachhaltige Glasflasche mit hochwertigem Edelstahl-Schraubverschluss. Jetzt kaufen!\" \/>\n<meta property=\"og:url\" content=\"https:\/\/shop.brita.ch\/de\/produkt\/wassersprudler-sodatrio-edelstahlflaschen\" \/>\n<meta property=\"og:site_name\" content=\"BRITA\" \/>\n<meta property=\"article:publisher\" content=\"https:\/\/www.facebook.com\/BRITA.schweiz\" \/>\n<meta property=\"article:modified_time\" content=\"2025-08-05T12:53:12+00:00\" \/>\n<meta property=\"og:image\" content=\"https:\/\/shop.brita.ch\/de\/wp-content\/uploads\/2023\/04\/brita-consumer-stainless-steel-bottle-sodaTRIO-sparkling-water-maker-black-1564x1564-1.webp\" \/>\n\t<meta property=\"og:image:width\" content=\"1564\" \/>\n\t<meta property=\"og:image:height\" content=\"1564\" \/>\n\t<meta property=\"og:image:type\" content=\"image\/webp\" \/>\n<meta name=\"twitter:card\" content=\"summary_large_image\" \/>\n<meta name=\"twitter:label1\" content=\"Est. reading time\" \/>\n\t<meta name=\"twitter:data1\" content=\"1 Minute\" \/>\n<script type=\"application\/ld+json\" class=\"yoast-schema-graph\">{\"@context\":\"https:\/\/schema.org\",\"@graph\":[{\"@type\":\"WebPage\",\"@id\":\"https:\/\/shop.brita.ch\/de\/produkt\/wassersprudler-sodatrio-edelstahlflaschen\",\"url\":\"https:\/\/shop.brita.ch\/de\/produkt\/wassersprudler-sodatrio-edelstahlflaschen\",\"name\":\"Glasflasche f\u00fcr Wassersprudler | BRITA\u00ae\",\"isPartOf\":{\"@id\":\"https:\/\/shop.brita.ch\/de\/#website\"},\"primaryImageOfPage\":{\"@id\":\"https:\/\/shop.brita.ch\/de\/produkt\/wassersprudler-sodatrio-edelstahlflaschen#primaryimage\"},\"image\":{\"@id\":\"https:\/\/shop.brita.ch\/de\/produkt\/wassersprudler-sodatrio-edelstahlflaschen#primaryimage\"},\"thumbnailUrl\":\"\/de\/wp-content\/uploads\/2023\/04\/brita-consumer-stainless-steel-bottle-sodaTRIO-sparkling-water-maker-black-1564x1564-1.webp\",\"datePublished\":\"2025-06-25T09:25:29+00:00\",\"dateModified\":\"2025-08-05T12:53:12+00:00\",\"description\":\"BRITA Glasflasche f\u00fcr sodaTRIO Wassersprudler. Moderne und nachhaltige Glasflasche mit hochwertigem Edelstahl-Schraubverschluss. Jetzt kaufen!\",\"breadcrumb\":{\"@id\":\"https:\/\/shop.brita.ch\/de\/produkt\/wassersprudler-sodatrio-edelstahlflaschen#breadcrumb\"},\"inLanguage\":\"de-DE\",\"potentialAction\":[{\"@type\":\"ReadAction\",\"target\":[\"https:\/\/shop.brita.ch\/de\/produkt\/wassersprudler-sodatrio-edelstahlflaschen\"]}]},{\"@type\":\"ImageObject\",\"inLanguage\":\"de-DE\",\"@id\":\"https:\/\/shop.brita.ch\/de\/produkt\/wassersprudler-sodatrio-edelstahlflaschen#primaryimage\",\"url\":\"\/de\/wp-content\/uploads\/2023\/04\/brita-consumer-stainless-steel-bottle-sodaTRIO-sparkling-water-maker-black-1564x1564-1.webp\",\"contentUrl\":\"\/de\/wp-content\/uploads\/2023\/04\/brita-consumer-stainless-steel-bottle-sodaTRIO-sparkling-water-maker-black-1564x1564-1.webp\",\"width\":1564,\"height\":1564,\"caption\":\"sodaTRIO\"},{\"@type\":\"BreadcrumbList\",\"@id\":\"https:\/\/shop.brita.ch\/de\/produkt\/wassersprudler-sodatrio-edelstahlflaschen#breadcrumb\",\"itemListElement\":[{\"@type\":\"ListItem\",\"position\":1,\"name\":\"Startseite\",\"item\":\"https:\/\/shop.brita.ch\/de\/\"},{\"@type\":\"ListItem\",\"position\":2,\"name\":\"Produkte\",\"item\":\"https:\/\/shop.brita.ch\/de\/shop\"},{\"@type\":\"ListItem\",\"position\":3,\"name\":\"BRITA Edelstahlflasche f\u00fcr den sodaTRIO Wassersprudler\"}]},{\"@type\":\"WebSite\",\"@id\":\"https:\/\/shop.brita.ch\/de\/#website\",\"url\":\"https:\/\/shop.brita.ch\/de\/\",\"name\":\"BRITA\u00ae\",\"description\":\"Filtrationsl\u00f6sungen\",\"publisher\":{\"@id\":\"https:\/\/shop.brita.ch\/de\/#organization\"},\"alternateName\":\"BRITA Wassersysteme f\u00fcr Zuhause\",\"potentialAction\":[{\"@type\":\"SearchAction\",\"target\":{\"@type\":\"EntryPoint\",\"urlTemplate\":\"https:\/\/shop.brita.ch\/de\/?s={search_term_string}\"},\"query-input\":{\"@type\":\"PropertyValueSpecification\",\"valueRequired\":true,\"valueName\":\"search_term_string\"}}],\"inLanguage\":\"de-DE\"},{\"@type\":\"Organization\",\"@id\":\"https:\/\/shop.brita.ch\/de\/#organization\",\"name\":\"BRITA Wasserfilter-Systeme AG\",\"alternateName\":\"BRITA\",\"url\":\"https:\/\/shop.brita.ch\/de\/\",\"logo\":{\"@type\":\"ImageObject\",\"inLanguage\":\"de-DE\",\"@id\":\"https:\/\/shop.brita.ch\/de\/#\/schema\/logo\/image\/\",\"url\":\"\/de\/wp-content\/uploads\/2023\/02\/brita-logo.jpg\",\"contentUrl\":\"\/de\/wp-content\/uploads\/2023\/02\/brita-logo.jpg\",\"width\":201,\"height\":42,\"caption\":\"BRITA Wasserfilter-Systeme AG\"},\"image\":{\"@id\":\"https:\/\/shop.brita.ch\/de\/#\/schema\/logo\/image\/\"},\"sameAs\":[\"https:\/\/www.facebook.com\/BRITA.schweiz\",\"https:\/\/www.instagram.com\/brita.schweiz\/\",\"https:\/\/de.linkedin.com\/company\/brita-gmbh\",\"https:\/\/www.youtube.com\/playlist?list=PLzhwO6-T9BJ7PNjKrGsSpVLHGT1s3xUoy\"]}]}<\/script>\n<!-- \/ Yoast SEO plugin. -->","yoast_head_json":{"title":"Glasflasche f\u00fcr Wassersprudler | BRITA\u00ae","description":"BRITA Glasflasche f\u00fcr sodaTRIO Wassersprudler. Moderne und nachhaltige Glasflasche mit hochwertigem Edelstahl-Schraubverschluss. Jetzt kaufen!","robots":{"index":"index","follow":"follow","max-snippet":"max-snippet:-1","max-image-preview":"max-image-preview:large","max-video-preview":"max-video-preview:-1"},"canonical":"https:\/\/shop.brita.ch\/de\/produkt\/wassersprudler-sodatrio-edelstahlflaschen","og_locale":"de_DE","og_type":"article","og_title":"Glasflasche f\u00fcr Wassersprudler | BRITA\u00ae","og_description":"BRITA Glasflasche f\u00fcr sodaTRIO Wassersprudler. Moderne und nachhaltige Glasflasche mit hochwertigem Edelstahl-Schraubverschluss. Jetzt kaufen!","og_url":"https:\/\/shop.brita.ch\/de\/produkt\/wassersprudler-sodatrio-edelstahlflaschen","og_site_name":"BRITA","article_publisher":"https:\/\/www.facebook.com\/BRITA.schweiz","article_modified_time":"2025-08-05T12:53:12+00:00","og_image":[{"width":1564,"height":1564,"url":"https:\/\/shop.brita.ch\/de\/wp-content\/uploads\/2023\/04\/brita-consumer-stainless-steel-bottle-sodaTRIO-sparkling-water-maker-black-1564x1564-1.webp","type":"image\/webp"}],"twitter_card":"summary_large_image","twitter_misc":{"Est. reading time":"1 Minute"},"schema":{"@context":"https:\/\/schema.org","@graph":[{"@type":"WebPage","@id":"https:\/\/shop.brita.ch\/de\/produkt\/wassersprudler-sodatrio-edelstahlflaschen","url":"https:\/\/shop.brita.ch\/de\/produkt\/wassersprudler-sodatrio-edelstahlflaschen","name":"Glasflasche f\u00fcr Wassersprudler | BRITA\u00ae","isPartOf":{"@id":"https:\/\/shop.brita.ch\/de\/#website"},"primaryImageOfPage":{"@id":"https:\/\/shop.brita.ch\/de\/produkt\/wassersprudler-sodatrio-edelstahlflaschen#primaryimage"},"image":{"@id":"https:\/\/shop.brita.ch\/de\/produkt\/wassersprudler-sodatrio-edelstahlflaschen#primaryimage"},"thumbnailUrl":"\/de\/wp-content\/uploads\/2023\/04\/brita-consumer-stainless-steel-bottle-sodaTRIO-sparkling-water-maker-black-1564x1564-1.webp","datePublished":"2025-06-25T09:25:29+00:00","dateModified":"2025-08-05T12:53:12+00:00","description":"BRITA Glasflasche f\u00fcr sodaTRIO Wassersprudler. Moderne und nachhaltige Glasflasche mit hochwertigem Edelstahl-Schraubverschluss. Jetzt kaufen!","breadcrumb":{"@id":"https:\/\/shop.brita.ch\/de\/produkt\/wassersprudler-sodatrio-edelstahlflaschen#breadcrumb"},"inLanguage":"de-DE","potentialAction":[{"@type":"ReadAction","target":["https:\/\/shop.brita.ch\/de\/produkt\/wassersprudler-sodatrio-edelstahlflaschen"]}]},{"@type":"ImageObject","inLanguage":"de-DE","@id":"https:\/\/shop.brita.ch\/de\/produkt\/wassersprudler-sodatrio-edelstahlflaschen#primaryimage","url":"\/de\/wp-content\/uploads\/2023\/04\/brita-consumer-stainless-steel-bottle-sodaTRIO-sparkling-water-maker-black-1564x1564-1.webp","contentUrl":"\/de\/wp-content\/uploads\/2023\/04\/brita-consumer-stainless-steel-bottle-sodaTRIO-sparkling-water-maker-black-1564x1564-1.webp","width":1564,"height":1564,"caption":"sodaTRIO"},{"@type":"BreadcrumbList","@id":"https:\/\/shop.brita.ch\/de\/produkt\/wassersprudler-sodatrio-edelstahlflaschen#breadcrumb","itemListElement":[{"@type":"ListItem","position":1,"name":"Startseite","item":"https:\/\/shop.brita.ch\/de\/"},{"@type":"ListItem","position":2,"name":"Produkte","item":"https:\/\/shop.brita.ch\/de\/shop"},{"@type":"ListItem","position":3,"name":"BRITA Edelstahlflasche f\u00fcr den sodaTRIO Wassersprudler"}]},{"@type":"WebSite","@id":"https:\/\/shop.brita.ch\/de\/#website","url":"https:\/\/shop.brita.ch\/de\/","name":"BRITA\u00ae","description":"Filtrationsl\u00f6sungen","publisher":{"@id":"https:\/\/shop.brita.ch\/de\/#organization"},"alternateName":"BRITA Wassersysteme f\u00fcr Zuhause","potentialAction":[{"@type":"SearchAction","target":{"@type":"EntryPoint","urlTemplate":"https:\/\/shop.brita.ch\/de\/?s={search_term_string}"},"query-input":{"@type":"PropertyValueSpecification","valueRequired":true,"valueName":"search_term_string"}}],"inLanguage":"de-DE"},{"@type":"Organization","@id":"https:\/\/shop.brita.ch\/de\/#organization","name":"BRITA Wasserfilter-Systeme AG","alternateName":"BRITA","url":"https:\/\/shop.brita.ch\/de\/","logo":{"@type":"ImageObject","inLanguage":"de-DE","@id":"https:\/\/shop.brita.ch\/de\/#\/schema\/logo\/image\/","url":"\/de\/wp-content\/uploads\/2023\/02\/brita-logo.jpg","contentUrl":"\/de\/wp-content\/uploads\/2023\/02\/brita-logo.jpg","width":201,"height":42,"caption":"BRITA Wasserfilter-Systeme AG"},"image":{"@id":"https:\/\/shop.brita.ch\/de\/#\/schema\/logo\/image\/"},"sameAs":["https:\/\/www.facebook.com\/BRITA.schweiz","https:\/\/www.instagram.com\/brita.schweiz\/","https:\/\/de.linkedin.com\/company\/brita-gmbh","https:\/\/www.youtube.com\/playlist?list=PLzhwO6-T9BJ7PNjKrGsSpVLHGT1s3xUoy"]}]}},"_links":{"self":[{"href":"https:\/\/shop.brita.ch\/de\/wp-json\/wp\/v2\/product\/26781","targetHints":{"allow":["GET"]}}],"collection":[{"href":"https:\/\/shop.brita.ch\/de\/wp-json\/wp\/v2\/product"}],"about":[{"href":"https:\/\/shop.brita.ch\/de\/wp-json\/wp\/v2\/types\/product"}],"wp:featuredmedia":[{"embeddable":true,"href":"https:\/\/shop.brita.ch\/de\/wp-json\/wp\/v2\/media\/18841"}],"wp:attachment":[{"href":"https:\/\/shop.brita.ch\/de\/wp-json\/wp\/v2\/media?parent=26781"}],"wp:term":[{"taxonomy":"product_brand","embeddable":true,"href":"https:\/\/shop.brita.ch\/de\/wp-json\/wp\/v2\/product_brand?post=26781"},{"taxonomy":"product_cat","embeddable":true,"href":"https:\/\/shop.brita.ch\/de\/wp-json\/wp\/v2\/product_cat?post=26781"},{"taxonomy":"product_tag","embeddable":true,"href":"https:\/\/shop.brita.ch\/de\/wp-json\/wp\/v2\/product_tag?post=26781"}],"curies":[{"name":"wp","href":"https:\/\/api.w.org\/{rel}","templated":true}]}}