{"id":26525,"date":"2025-05-13T10:58:41","date_gmt":"2025-05-13T08:58:41","guid":{"rendered":"https:\/\/shop.brita.ch\/de\/?post_type=product&#038;p=26525"},"modified":"2025-12-02T07:44:05","modified_gmt":"2025-12-02T06:44:05","slug":"brita-maxtra-pro-extra-kalkschutz-filterkartuschen","status":"publish","type":"product","link":"https:\/\/shop.brita.ch\/de\/produkt\/brita-maxtra-pro-extra-kalkschutz-filterkartuschen","title":{"rendered":"MAXTRA PRO EXTRA KALKSCHUTZ Filterkartuschen"},"content":{"rendered":"<ul class=\"product-facts\">\n<li>1 Kartusche entspricht 4 Wochen<\/li>\n<li>F\u00fcr Regionen mit hartem bis sehr hartem Wasser<\/li>\n<li>F\u00fcr optimalen Geschmack von Tee und Kaffee und ultimativen Ger\u00e4teschutz<\/li>\n<li>Verbessert den Geschmack von Wasser, Tee und Kaffee und sch\u00fctzt K\u00fcchenger\u00e4te zuverl\u00e4ssig vor Kalkablagerungen.<\/li>\n<li>Reduziert Kalk*, geschmacksst\u00f6rende Stoffe wie Chlor, Blei und Kupfer<\/li>\n<li>Leistungsstark: superfeines Filtergewebe h\u00e4lt Partikel zur\u00fcck, ideal bei alten Rohrleitungen inkl. zus\u00e4tzlichem Hochleistungs-Filtergewebe f\u00fcr 4x besseren Partikelr\u00fcckhalt<\/li>\n<li>Echt nachhaltig: 50% biobasiertes Material wurden f\u00fcr die Herstellung von Geh\u00e4use &#038; Deckel verwendet (nach dem Ansatz der Massenbilanzierung) und recycelbar mit dem BRITA Recycling-Programm<\/li>\n<li>Kompatibel mit allen BRITA Tischwasserfiltern<\/li>\n<li>Qualit\u00e4t und Design: hergestellt in Deutschland mit Leidenschaft und Erfahrung seit 1966\n<\/li>\n<\/ul>\n<p><small>* 50 % effektivere Kalkreduktion gegen\u00fcber BRITA MAXTRA PRO PURE PERFORMANCE Wasserfilterkartuschen<\/small><\/p>\n","protected":false},"excerpt":{"rendered":"<p>Dank innovativer Kartuschen genie\u00dfen Sie optimiertes, genussvolles Wasser. [&#8230;]<\/p>\n<p><a class=\"btn btn-secondary understrap-read-more-link\" href=\"https:\/\/shop.brita.ch\/de\/produkt\/brita-maxtra-pro-extra-kalkschutz-filterkartuschen\">Weiterlesen&#8230;<\/a><\/p>\n","protected":false},"featured_media":26530,"template":"","meta":[],"product_brand":[],"product_cat":[24,81],"product_tag":[88,55,71],"class_list":{"0":"post-26525","1":"product","2":"type-product","3":"status-publish","4":"has-post-thumbnail","6":"product_cat-filterkartuschen","7":"product_cat-twf","8":"product_tag-filterfinder","9":"product_tag-pitcher","10":"product_tag-video","12":"first","13":"instock","14":"taxable","15":"shipping-taxable","16":"purchasable","17":"product-type-variable","18":"has-default-attributes"},"yoast_head":"<!-- This site is optimized with the Yoast SEO plugin v26.6 - https:\/\/yoast.com\/wordpress\/plugins\/seo\/ -->\n<title>MAXTRA PRO EXTRA KALKSCHUTZ Kartuschen Pack I BRITA\u00ae<\/title>\n<meta name=\"description\" content=\"BRITA MAXTRA PRO EXTRA KALKSCHUTZ Vorteilspack Wasserfilterkartuschen f\u00fcr Heissgetr\u00e4nke. F\u00fcr hartes bis sehr hartes Leitungswasser. Jetzt kaufen\" \/>\n<meta name=\"robots\" content=\"index, follow, max-snippet:-1, max-image-preview:large, max-video-preview:-1\" \/>\n<link rel=\"canonical\" href=\"https:\/\/shop.brita.ch\/de\/produkt\/brita-maxtra-pro-extra-kalkschutz-filterkartuschen\" \/>\n<meta property=\"og:locale\" content=\"de_DE\" \/>\n<meta property=\"og:type\" content=\"article\" \/>\n<meta property=\"og:title\" content=\"MAXTRA PRO EXTRA KALKSCHUTZ Kartuschen Pack I BRITA\u00ae\" \/>\n<meta property=\"og:description\" content=\"BRITA MAXTRA PRO EXTRA KALKSCHUTZ Vorteilspack Wasserfilterkartuschen f\u00fcr Heissgetr\u00e4nke. F\u00fcr hartes bis sehr hartes Leitungswasser. Jetzt kaufen\" \/>\n<meta property=\"og:url\" content=\"https:\/\/shop.brita.ch\/de\/produkt\/brita-maxtra-pro-extra-kalkschutz-filterkartuschen\" \/>\n<meta property=\"og:site_name\" content=\"BRITA\" \/>\n<meta property=\"article:publisher\" content=\"https:\/\/www.facebook.com\/BRITA.schweiz\" \/>\n<meta property=\"article:modified_time\" content=\"2025-12-02T06:44:05+00:00\" \/>\n<meta property=\"og:image\" content=\"https:\/\/shop.brita.ch\/de\/wp-content\/uploads\/2025\/05\/2025_Refill_MXproCartridge_Limescale_Extra_Perspective_mit_Schatten_1024x1024.png\" \/>\n\t<meta property=\"og:image:width\" content=\"1024\" \/>\n\t<meta property=\"og:image:height\" content=\"1024\" \/>\n\t<meta property=\"og:image:type\" content=\"image\/png\" \/>\n<meta name=\"twitter:card\" content=\"summary_large_image\" \/>\n<meta name=\"twitter:label1\" content=\"Est. reading time\" \/>\n\t<meta name=\"twitter:data1\" content=\"1 Minute\" \/>\n<script type=\"application\/ld+json\" class=\"yoast-schema-graph\">{\"@context\":\"https:\/\/schema.org\",\"@graph\":[{\"@type\":\"WebPage\",\"@id\":\"https:\/\/shop.brita.ch\/de\/produkt\/brita-maxtra-pro-extra-kalkschutz-filterkartuschen\",\"url\":\"https:\/\/shop.brita.ch\/de\/produkt\/brita-maxtra-pro-extra-kalkschutz-filterkartuschen\",\"name\":\"MAXTRA PRO EXTRA KALKSCHUTZ Kartuschen Pack I BRITA\u00ae\",\"isPartOf\":{\"@id\":\"https:\/\/shop.brita.ch\/de\/#website\"},\"primaryImageOfPage\":{\"@id\":\"https:\/\/shop.brita.ch\/de\/produkt\/brita-maxtra-pro-extra-kalkschutz-filterkartuschen#primaryimage\"},\"image\":{\"@id\":\"https:\/\/shop.brita.ch\/de\/produkt\/brita-maxtra-pro-extra-kalkschutz-filterkartuschen#primaryimage\"},\"thumbnailUrl\":\"\/de\/wp-content\/uploads\/2025\/05\/2025_Refill_MXproCartridge_Limescale_Extra_Perspective_mit_Schatten_1024x1024.png\",\"datePublished\":\"2025-05-13T08:58:41+00:00\",\"dateModified\":\"2025-12-02T06:44:05+00:00\",\"description\":\"BRITA MAXTRA PRO EXTRA KALKSCHUTZ Vorteilspack Wasserfilterkartuschen f\u00fcr Heissgetr\u00e4nke. F\u00fcr hartes bis sehr hartes Leitungswasser. Jetzt kaufen\",\"breadcrumb\":{\"@id\":\"https:\/\/shop.brita.ch\/de\/produkt\/brita-maxtra-pro-extra-kalkschutz-filterkartuschen#breadcrumb\"},\"inLanguage\":\"de-DE\",\"potentialAction\":[{\"@type\":\"ReadAction\",\"target\":[\"https:\/\/shop.brita.ch\/de\/produkt\/brita-maxtra-pro-extra-kalkschutz-filterkartuschen\"]}]},{\"@type\":\"ImageObject\",\"inLanguage\":\"de-DE\",\"@id\":\"https:\/\/shop.brita.ch\/de\/produkt\/brita-maxtra-pro-extra-kalkschutz-filterkartuschen#primaryimage\",\"url\":\"\/de\/wp-content\/uploads\/2025\/05\/2025_Refill_MXproCartridge_Limescale_Extra_Perspective_mit_Schatten_1024x1024.png\",\"contentUrl\":\"\/de\/wp-content\/uploads\/2025\/05\/2025_Refill_MXproCartridge_Limescale_Extra_Perspective_mit_Schatten_1024x1024.png\",\"width\":1024,\"height\":1024},{\"@type\":\"BreadcrumbList\",\"@id\":\"https:\/\/shop.brita.ch\/de\/produkt\/brita-maxtra-pro-extra-kalkschutz-filterkartuschen#breadcrumb\",\"itemListElement\":[{\"@type\":\"ListItem\",\"position\":1,\"name\":\"Startseite\",\"item\":\"https:\/\/shop.brita.ch\/de\/\"},{\"@type\":\"ListItem\",\"position\":2,\"name\":\"Produkte\",\"item\":\"https:\/\/shop.brita.ch\/de\/shop\"},{\"@type\":\"ListItem\",\"position\":3,\"name\":\"MAXTRA PRO EXTRA KALKSCHUTZ Filterkartuschen\"}]},{\"@type\":\"WebSite\",\"@id\":\"https:\/\/shop.brita.ch\/de\/#website\",\"url\":\"https:\/\/shop.brita.ch\/de\/\",\"name\":\"BRITA\u00ae\",\"description\":\"Filtrationsl\u00f6sungen\",\"publisher\":{\"@id\":\"https:\/\/shop.brita.ch\/de\/#organization\"},\"alternateName\":\"BRITA Wassersysteme f\u00fcr Zuhause\",\"potentialAction\":[{\"@type\":\"SearchAction\",\"target\":{\"@type\":\"EntryPoint\",\"urlTemplate\":\"https:\/\/shop.brita.ch\/de\/?s={search_term_string}\"},\"query-input\":{\"@type\":\"PropertyValueSpecification\",\"valueRequired\":true,\"valueName\":\"search_term_string\"}}],\"inLanguage\":\"de-DE\"},{\"@type\":\"Organization\",\"@id\":\"https:\/\/shop.brita.ch\/de\/#organization\",\"name\":\"BRITA Wasserfilter-Systeme AG\",\"alternateName\":\"BRITA\",\"url\":\"https:\/\/shop.brita.ch\/de\/\",\"logo\":{\"@type\":\"ImageObject\",\"inLanguage\":\"de-DE\",\"@id\":\"https:\/\/shop.brita.ch\/de\/#\/schema\/logo\/image\/\",\"url\":\"\/de\/wp-content\/uploads\/2023\/02\/brita-logo.jpg\",\"contentUrl\":\"\/de\/wp-content\/uploads\/2023\/02\/brita-logo.jpg\",\"width\":201,\"height\":42,\"caption\":\"BRITA Wasserfilter-Systeme AG\"},\"image\":{\"@id\":\"https:\/\/shop.brita.ch\/de\/#\/schema\/logo\/image\/\"},\"sameAs\":[\"https:\/\/www.facebook.com\/BRITA.schweiz\",\"https:\/\/www.instagram.com\/brita.schweiz\/\",\"https:\/\/de.linkedin.com\/company\/brita-gmbh\",\"https:\/\/www.youtube.com\/playlist?list=PLzhwO6-T9BJ7PNjKrGsSpVLHGT1s3xUoy\"]}]}<\/script>\n<!-- \/ Yoast SEO plugin. -->","yoast_head_json":{"title":"MAXTRA PRO EXTRA KALKSCHUTZ Kartuschen Pack I BRITA\u00ae","description":"BRITA MAXTRA PRO EXTRA KALKSCHUTZ Vorteilspack Wasserfilterkartuschen f\u00fcr Heissgetr\u00e4nke. F\u00fcr hartes bis sehr hartes Leitungswasser. Jetzt kaufen","robots":{"index":"index","follow":"follow","max-snippet":"max-snippet:-1","max-image-preview":"max-image-preview:large","max-video-preview":"max-video-preview:-1"},"canonical":"https:\/\/shop.brita.ch\/de\/produkt\/brita-maxtra-pro-extra-kalkschutz-filterkartuschen","og_locale":"de_DE","og_type":"article","og_title":"MAXTRA PRO EXTRA KALKSCHUTZ Kartuschen Pack I BRITA\u00ae","og_description":"BRITA MAXTRA PRO EXTRA KALKSCHUTZ Vorteilspack Wasserfilterkartuschen f\u00fcr Heissgetr\u00e4nke. F\u00fcr hartes bis sehr hartes Leitungswasser. Jetzt kaufen","og_url":"https:\/\/shop.brita.ch\/de\/produkt\/brita-maxtra-pro-extra-kalkschutz-filterkartuschen","og_site_name":"BRITA","article_publisher":"https:\/\/www.facebook.com\/BRITA.schweiz","article_modified_time":"2025-12-02T06:44:05+00:00","og_image":[{"width":1024,"height":1024,"url":"https:\/\/shop.brita.ch\/de\/wp-content\/uploads\/2025\/05\/2025_Refill_MXproCartridge_Limescale_Extra_Perspective_mit_Schatten_1024x1024.png","type":"image\/png"}],"twitter_card":"summary_large_image","twitter_misc":{"Est. reading time":"1 Minute"},"schema":{"@context":"https:\/\/schema.org","@graph":[{"@type":"WebPage","@id":"https:\/\/shop.brita.ch\/de\/produkt\/brita-maxtra-pro-extra-kalkschutz-filterkartuschen","url":"https:\/\/shop.brita.ch\/de\/produkt\/brita-maxtra-pro-extra-kalkschutz-filterkartuschen","name":"MAXTRA PRO EXTRA KALKSCHUTZ Kartuschen Pack I BRITA\u00ae","isPartOf":{"@id":"https:\/\/shop.brita.ch\/de\/#website"},"primaryImageOfPage":{"@id":"https:\/\/shop.brita.ch\/de\/produkt\/brita-maxtra-pro-extra-kalkschutz-filterkartuschen#primaryimage"},"image":{"@id":"https:\/\/shop.brita.ch\/de\/produkt\/brita-maxtra-pro-extra-kalkschutz-filterkartuschen#primaryimage"},"thumbnailUrl":"\/de\/wp-content\/uploads\/2025\/05\/2025_Refill_MXproCartridge_Limescale_Extra_Perspective_mit_Schatten_1024x1024.png","datePublished":"2025-05-13T08:58:41+00:00","dateModified":"2025-12-02T06:44:05+00:00","description":"BRITA MAXTRA PRO EXTRA KALKSCHUTZ Vorteilspack Wasserfilterkartuschen f\u00fcr Heissgetr\u00e4nke. F\u00fcr hartes bis sehr hartes Leitungswasser. Jetzt kaufen","breadcrumb":{"@id":"https:\/\/shop.brita.ch\/de\/produkt\/brita-maxtra-pro-extra-kalkschutz-filterkartuschen#breadcrumb"},"inLanguage":"de-DE","potentialAction":[{"@type":"ReadAction","target":["https:\/\/shop.brita.ch\/de\/produkt\/brita-maxtra-pro-extra-kalkschutz-filterkartuschen"]}]},{"@type":"ImageObject","inLanguage":"de-DE","@id":"https:\/\/shop.brita.ch\/de\/produkt\/brita-maxtra-pro-extra-kalkschutz-filterkartuschen#primaryimage","url":"\/de\/wp-content\/uploads\/2025\/05\/2025_Refill_MXproCartridge_Limescale_Extra_Perspective_mit_Schatten_1024x1024.png","contentUrl":"\/de\/wp-content\/uploads\/2025\/05\/2025_Refill_MXproCartridge_Limescale_Extra_Perspective_mit_Schatten_1024x1024.png","width":1024,"height":1024},{"@type":"BreadcrumbList","@id":"https:\/\/shop.brita.ch\/de\/produkt\/brita-maxtra-pro-extra-kalkschutz-filterkartuschen#breadcrumb","itemListElement":[{"@type":"ListItem","position":1,"name":"Startseite","item":"https:\/\/shop.brita.ch\/de\/"},{"@type":"ListItem","position":2,"name":"Produkte","item":"https:\/\/shop.brita.ch\/de\/shop"},{"@type":"ListItem","position":3,"name":"MAXTRA PRO EXTRA KALKSCHUTZ Filterkartuschen"}]},{"@type":"WebSite","@id":"https:\/\/shop.brita.ch\/de\/#website","url":"https:\/\/shop.brita.ch\/de\/","name":"BRITA\u00ae","description":"Filtrationsl\u00f6sungen","publisher":{"@id":"https:\/\/shop.brita.ch\/de\/#organization"},"alternateName":"BRITA Wassersysteme f\u00fcr Zuhause","potentialAction":[{"@type":"SearchAction","target":{"@type":"EntryPoint","urlTemplate":"https:\/\/shop.brita.ch\/de\/?s={search_term_string}"},"query-input":{"@type":"PropertyValueSpecification","valueRequired":true,"valueName":"search_term_string"}}],"inLanguage":"de-DE"},{"@type":"Organization","@id":"https:\/\/shop.brita.ch\/de\/#organization","name":"BRITA Wasserfilter-Systeme AG","alternateName":"BRITA","url":"https:\/\/shop.brita.ch\/de\/","logo":{"@type":"ImageObject","inLanguage":"de-DE","@id":"https:\/\/shop.brita.ch\/de\/#\/schema\/logo\/image\/","url":"\/de\/wp-content\/uploads\/2023\/02\/brita-logo.jpg","contentUrl":"\/de\/wp-content\/uploads\/2023\/02\/brita-logo.jpg","width":201,"height":42,"caption":"BRITA Wasserfilter-Systeme AG"},"image":{"@id":"https:\/\/shop.brita.ch\/de\/#\/schema\/logo\/image\/"},"sameAs":["https:\/\/www.facebook.com\/BRITA.schweiz","https:\/\/www.instagram.com\/brita.schweiz\/","https:\/\/de.linkedin.com\/company\/brita-gmbh","https:\/\/www.youtube.com\/playlist?list=PLzhwO6-T9BJ7PNjKrGsSpVLHGT1s3xUoy"]}]}},"_links":{"self":[{"href":"https:\/\/shop.brita.ch\/de\/wp-json\/wp\/v2\/product\/26525","targetHints":{"allow":["GET"]}}],"collection":[{"href":"https:\/\/shop.brita.ch\/de\/wp-json\/wp\/v2\/product"}],"about":[{"href":"https:\/\/shop.brita.ch\/de\/wp-json\/wp\/v2\/types\/product"}],"wp:featuredmedia":[{"embeddable":true,"href":"https:\/\/shop.brita.ch\/de\/wp-json\/wp\/v2\/media\/26530"}],"wp:attachment":[{"href":"https:\/\/shop.brita.ch\/de\/wp-json\/wp\/v2\/media?parent=26525"}],"wp:term":[{"taxonomy":"product_brand","embeddable":true,"href":"https:\/\/shop.brita.ch\/de\/wp-json\/wp\/v2\/product_brand?post=26525"},{"taxonomy":"product_cat","embeddable":true,"href":"https:\/\/shop.brita.ch\/de\/wp-json\/wp\/v2\/product_cat?post=26525"},{"taxonomy":"product_tag","embeddable":true,"href":"https:\/\/shop.brita.ch\/de\/wp-json\/wp\/v2\/product_tag?post=26525"}],"curies":[{"name":"wp","href":"https:\/\/api.w.org\/{rel}","templated":true}]}}