{"id":18320,"date":"2023-04-04T14:13:29","date_gmt":"2023-04-04T12:13:29","guid":{"rendered":"https:\/\/shop.brita.ch\/de\/?post_type=product&#038;p=18320"},"modified":"2025-08-05T15:16:09","modified_gmt":"2025-08-05T13:16:09","slug":"wassersprudler-sodatrio-flaschen-2er-pack","status":"publish","type":"product","link":"https:\/\/shop.brita.ch\/de\/produkt\/wassersprudler-sodatrio-flaschen-2er-pack","title":{"rendered":"BRITA Glasflasche 2er Pack f\u00fcr den sodaTRIO Wassersprudler"},"content":{"rendered":"<p><strong>Nachhaltigkeit im Doppelpack: 2 x 1 Liter Glas-Flaschen f\u00fcr den sodaTRIO Wassersprudler.<\/strong><\/p>\n<ul class=\"product-facts\">\n<li>Wasser direkt in der Flasche sprudeln und einfach mitnehmen!<\/li>\n<li>Elegant und dekorativ: die perfekte Erg\u00e4nzung f\u00fcr den gedeckten Tisch zu Hause<\/li>\n<li>Sp\u00fclmaschinengeeignet<\/li>\n<li>100\u00a0% recycelbares Glas, stabiler Edelstahl-Schraubverschluss<\/li>\n<li>Hohes F\u00fcllvolumen bis zu 1\u00a0Liter<\/li>\n<li>Gr\u00f6sse (B\u00a0\u00d7\u00a0H): 9,3\u00a0\u00d7\u00a030\u00a0cm<\/li>\n<li>Speziell f\u00fcr BRITA sodaTRIO und sodaTRIO pro Wassersprudler entwickelt<\/li>\n<\/ul>\n<p><strong>Lieferumfang: 2 x BRITA Glasflaschen sodaTRIO<\/strong><br \/>\n<strong style=\"color: red;\">Nicht kompatibel mit Wassersprudler sodaONE<\/strong><\/p>\n","protected":false},"excerpt":{"rendered":"<p>Nachhaltigkeit im Doppelpack: 2 x 1 Liter Glas-Flaschen f\u00fcr den sodaTRIO Wassersprudler. Wasser direkt in der Flasche sprudeln und einfach mitnehmen! Elegant und dekorativ: die perfekte Erg\u00e4nzung f\u00fcr den gedeckten Tisch zu Hause Sp\u00fclmaschinengeeignet 100\u00a0% recycelbares Glas, stabiler Edelstahl-Schraubverschluss Hohes F\u00fcllvolumen bis zu 1\u00a0Liter Gr\u00f6sse (B\u00a0\u00d7\u00a0H): 9,3\u00a0\u00d7\u00a030\u00a0cm Speziell f\u00fcr BRITA sodaTRIO und sodaTRIO pro Wassersprudler [&#8230;]<\/p>\n<p><a class=\"btn btn-secondary understrap-read-more-link\" href=\"https:\/\/shop.brita.ch\/de\/produkt\/wassersprudler-sodatrio-flaschen-2er-pack\">Weiterlesen&#8230;<\/a><\/p>\n","protected":false},"featured_media":18431,"template":"","meta":[],"product_brand":[],"product_cat":[110],"product_tag":[],"class_list":{"0":"post-18320","1":"product","2":"type-product","3":"status-publish","4":"has-post-thumbnail","6":"product_cat-accessoires","8":"first","9":"instock","10":"taxable","11":"shipping-taxable","12":"purchasable","13":"product-type-simple"},"yoast_head":"<!-- This site is optimized with the Yoast SEO plugin v26.6 - https:\/\/yoast.com\/wordpress\/plugins\/seo\/ -->\n<title>Glasflasche f\u00fcr Wassersprudler | BRITA\u00ae<\/title>\n<meta name=\"description\" content=\"BRITA Glasflasche f\u00fcr sodaTRIO Wassersprudler. Moderne und nachhaltige Glasflasche mit hochwertigem Edelstahl-Schraubverschluss. Jetzt kaufen!\" \/>\n<meta name=\"robots\" content=\"index, follow, max-snippet:-1, max-image-preview:large, max-video-preview:-1\" \/>\n<link rel=\"canonical\" href=\"https:\/\/shop.brita.ch\/de\/produkt\/wassersprudler-sodatrio-flaschen-2er-pack\" \/>\n<meta property=\"og:locale\" content=\"de_DE\" \/>\n<meta property=\"og:type\" content=\"article\" \/>\n<meta property=\"og:title\" content=\"Glasflasche f\u00fcr Wassersprudler | BRITA\u00ae\" \/>\n<meta property=\"og:description\" content=\"BRITA Glasflasche f\u00fcr sodaTRIO Wassersprudler. Moderne und nachhaltige Glasflasche mit hochwertigem Edelstahl-Schraubverschluss. Jetzt kaufen!\" \/>\n<meta property=\"og:url\" content=\"https:\/\/shop.brita.ch\/de\/produkt\/wassersprudler-sodatrio-flaschen-2er-pack\" \/>\n<meta property=\"og:site_name\" content=\"BRITA\" \/>\n<meta property=\"article:publisher\" content=\"https:\/\/www.facebook.com\/BRITA.schweiz\" \/>\n<meta property=\"article:modified_time\" content=\"2025-08-05T13:16:09+00:00\" \/>\n<meta property=\"og:image\" content=\"https:\/\/shop.brita.ch\/de\/wp-content\/uploads\/2023\/04\/brita-consumer-glass-bottle-sodaTRIO-sparkling-water-maker-product-visual-1564x1564-2.jpg\" \/>\n\t<meta property=\"og:image:width\" content=\"1564\" \/>\n\t<meta property=\"og:image:height\" content=\"1564\" \/>\n\t<meta property=\"og:image:type\" content=\"image\/jpeg\" \/>\n<meta name=\"twitter:card\" content=\"summary_large_image\" \/>\n<meta name=\"twitter:label1\" content=\"Est. reading time\" \/>\n\t<meta name=\"twitter:data1\" content=\"1 Minute\" \/>\n<script type=\"application\/ld+json\" class=\"yoast-schema-graph\">{\"@context\":\"https:\/\/schema.org\",\"@graph\":[{\"@type\":\"WebPage\",\"@id\":\"https:\/\/shop.brita.ch\/de\/produkt\/wassersprudler-sodatrio-flaschen-2er-pack\",\"url\":\"https:\/\/shop.brita.ch\/de\/produkt\/wassersprudler-sodatrio-flaschen-2er-pack\",\"name\":\"Glasflasche f\u00fcr Wassersprudler | BRITA\u00ae\",\"isPartOf\":{\"@id\":\"https:\/\/shop.brita.ch\/de\/#website\"},\"primaryImageOfPage\":{\"@id\":\"https:\/\/shop.brita.ch\/de\/produkt\/wassersprudler-sodatrio-flaschen-2er-pack#primaryimage\"},\"image\":{\"@id\":\"https:\/\/shop.brita.ch\/de\/produkt\/wassersprudler-sodatrio-flaschen-2er-pack#primaryimage\"},\"thumbnailUrl\":\"\/de\/wp-content\/uploads\/2023\/04\/brita-consumer-glass-bottle-sodaTRIO-sparkling-water-maker-product-visual-1564x1564-2.jpg\",\"datePublished\":\"2023-04-04T12:13:29+00:00\",\"dateModified\":\"2025-08-05T13:16:09+00:00\",\"description\":\"BRITA Glasflasche f\u00fcr sodaTRIO Wassersprudler. Moderne und nachhaltige Glasflasche mit hochwertigem Edelstahl-Schraubverschluss. Jetzt kaufen!\",\"breadcrumb\":{\"@id\":\"https:\/\/shop.brita.ch\/de\/produkt\/wassersprudler-sodatrio-flaschen-2er-pack#breadcrumb\"},\"inLanguage\":\"de-DE\",\"potentialAction\":[{\"@type\":\"ReadAction\",\"target\":[\"https:\/\/shop.brita.ch\/de\/produkt\/wassersprudler-sodatrio-flaschen-2er-pack\"]}]},{\"@type\":\"ImageObject\",\"inLanguage\":\"de-DE\",\"@id\":\"https:\/\/shop.brita.ch\/de\/produkt\/wassersprudler-sodatrio-flaschen-2er-pack#primaryimage\",\"url\":\"\/de\/wp-content\/uploads\/2023\/04\/brita-consumer-glass-bottle-sodaTRIO-sparkling-water-maker-product-visual-1564x1564-2.jpg\",\"contentUrl\":\"\/de\/wp-content\/uploads\/2023\/04\/brita-consumer-glass-bottle-sodaTRIO-sparkling-water-maker-product-visual-1564x1564-2.jpg\",\"width\":1564,\"height\":1564},{\"@type\":\"BreadcrumbList\",\"@id\":\"https:\/\/shop.brita.ch\/de\/produkt\/wassersprudler-sodatrio-flaschen-2er-pack#breadcrumb\",\"itemListElement\":[{\"@type\":\"ListItem\",\"position\":1,\"name\":\"Startseite\",\"item\":\"https:\/\/shop.brita.ch\/de\/\"},{\"@type\":\"ListItem\",\"position\":2,\"name\":\"Produkte\",\"item\":\"https:\/\/shop.brita.ch\/de\/shop\"},{\"@type\":\"ListItem\",\"position\":3,\"name\":\"BRITA Glasflasche 2er Pack f\u00fcr den sodaTRIO Wassersprudler\"}]},{\"@type\":\"WebSite\",\"@id\":\"https:\/\/shop.brita.ch\/de\/#website\",\"url\":\"https:\/\/shop.brita.ch\/de\/\",\"name\":\"BRITA\u00ae\",\"description\":\"Filtrationsl\u00f6sungen\",\"publisher\":{\"@id\":\"https:\/\/shop.brita.ch\/de\/#organization\"},\"alternateName\":\"BRITA Wassersysteme f\u00fcr Zuhause\",\"potentialAction\":[{\"@type\":\"SearchAction\",\"target\":{\"@type\":\"EntryPoint\",\"urlTemplate\":\"https:\/\/shop.brita.ch\/de\/?s={search_term_string}\"},\"query-input\":{\"@type\":\"PropertyValueSpecification\",\"valueRequired\":true,\"valueName\":\"search_term_string\"}}],\"inLanguage\":\"de-DE\"},{\"@type\":\"Organization\",\"@id\":\"https:\/\/shop.brita.ch\/de\/#organization\",\"name\":\"BRITA Wasserfilter-Systeme AG\",\"alternateName\":\"BRITA\",\"url\":\"https:\/\/shop.brita.ch\/de\/\",\"logo\":{\"@type\":\"ImageObject\",\"inLanguage\":\"de-DE\",\"@id\":\"https:\/\/shop.brita.ch\/de\/#\/schema\/logo\/image\/\",\"url\":\"\/de\/wp-content\/uploads\/2023\/02\/brita-logo.jpg\",\"contentUrl\":\"\/de\/wp-content\/uploads\/2023\/02\/brita-logo.jpg\",\"width\":201,\"height\":42,\"caption\":\"BRITA Wasserfilter-Systeme AG\"},\"image\":{\"@id\":\"https:\/\/shop.brita.ch\/de\/#\/schema\/logo\/image\/\"},\"sameAs\":[\"https:\/\/www.facebook.com\/BRITA.schweiz\",\"https:\/\/www.instagram.com\/brita.schweiz\/\",\"https:\/\/de.linkedin.com\/company\/brita-gmbh\",\"https:\/\/www.youtube.com\/playlist?list=PLzhwO6-T9BJ7PNjKrGsSpVLHGT1s3xUoy\"]}]}<\/script>\n<!-- \/ Yoast SEO plugin. -->","yoast_head_json":{"title":"Glasflasche f\u00fcr Wassersprudler | BRITA\u00ae","description":"BRITA Glasflasche f\u00fcr sodaTRIO Wassersprudler. Moderne und nachhaltige Glasflasche mit hochwertigem Edelstahl-Schraubverschluss. Jetzt kaufen!","robots":{"index":"index","follow":"follow","max-snippet":"max-snippet:-1","max-image-preview":"max-image-preview:large","max-video-preview":"max-video-preview:-1"},"canonical":"https:\/\/shop.brita.ch\/de\/produkt\/wassersprudler-sodatrio-flaschen-2er-pack","og_locale":"de_DE","og_type":"article","og_title":"Glasflasche f\u00fcr Wassersprudler | BRITA\u00ae","og_description":"BRITA Glasflasche f\u00fcr sodaTRIO Wassersprudler. Moderne und nachhaltige Glasflasche mit hochwertigem Edelstahl-Schraubverschluss. Jetzt kaufen!","og_url":"https:\/\/shop.brita.ch\/de\/produkt\/wassersprudler-sodatrio-flaschen-2er-pack","og_site_name":"BRITA","article_publisher":"https:\/\/www.facebook.com\/BRITA.schweiz","article_modified_time":"2025-08-05T13:16:09+00:00","og_image":[{"width":1564,"height":1564,"url":"https:\/\/shop.brita.ch\/de\/wp-content\/uploads\/2023\/04\/brita-consumer-glass-bottle-sodaTRIO-sparkling-water-maker-product-visual-1564x1564-2.jpg","type":"image\/jpeg"}],"twitter_card":"summary_large_image","twitter_misc":{"Est. reading time":"1 Minute"},"schema":{"@context":"https:\/\/schema.org","@graph":[{"@type":"WebPage","@id":"https:\/\/shop.brita.ch\/de\/produkt\/wassersprudler-sodatrio-flaschen-2er-pack","url":"https:\/\/shop.brita.ch\/de\/produkt\/wassersprudler-sodatrio-flaschen-2er-pack","name":"Glasflasche f\u00fcr Wassersprudler | BRITA\u00ae","isPartOf":{"@id":"https:\/\/shop.brita.ch\/de\/#website"},"primaryImageOfPage":{"@id":"https:\/\/shop.brita.ch\/de\/produkt\/wassersprudler-sodatrio-flaschen-2er-pack#primaryimage"},"image":{"@id":"https:\/\/shop.brita.ch\/de\/produkt\/wassersprudler-sodatrio-flaschen-2er-pack#primaryimage"},"thumbnailUrl":"\/de\/wp-content\/uploads\/2023\/04\/brita-consumer-glass-bottle-sodaTRIO-sparkling-water-maker-product-visual-1564x1564-2.jpg","datePublished":"2023-04-04T12:13:29+00:00","dateModified":"2025-08-05T13:16:09+00:00","description":"BRITA Glasflasche f\u00fcr sodaTRIO Wassersprudler. Moderne und nachhaltige Glasflasche mit hochwertigem Edelstahl-Schraubverschluss. Jetzt kaufen!","breadcrumb":{"@id":"https:\/\/shop.brita.ch\/de\/produkt\/wassersprudler-sodatrio-flaschen-2er-pack#breadcrumb"},"inLanguage":"de-DE","potentialAction":[{"@type":"ReadAction","target":["https:\/\/shop.brita.ch\/de\/produkt\/wassersprudler-sodatrio-flaschen-2er-pack"]}]},{"@type":"ImageObject","inLanguage":"de-DE","@id":"https:\/\/shop.brita.ch\/de\/produkt\/wassersprudler-sodatrio-flaschen-2er-pack#primaryimage","url":"\/de\/wp-content\/uploads\/2023\/04\/brita-consumer-glass-bottle-sodaTRIO-sparkling-water-maker-product-visual-1564x1564-2.jpg","contentUrl":"\/de\/wp-content\/uploads\/2023\/04\/brita-consumer-glass-bottle-sodaTRIO-sparkling-water-maker-product-visual-1564x1564-2.jpg","width":1564,"height":1564},{"@type":"BreadcrumbList","@id":"https:\/\/shop.brita.ch\/de\/produkt\/wassersprudler-sodatrio-flaschen-2er-pack#breadcrumb","itemListElement":[{"@type":"ListItem","position":1,"name":"Startseite","item":"https:\/\/shop.brita.ch\/de\/"},{"@type":"ListItem","position":2,"name":"Produkte","item":"https:\/\/shop.brita.ch\/de\/shop"},{"@type":"ListItem","position":3,"name":"BRITA Glasflasche 2er Pack f\u00fcr den sodaTRIO Wassersprudler"}]},{"@type":"WebSite","@id":"https:\/\/shop.brita.ch\/de\/#website","url":"https:\/\/shop.brita.ch\/de\/","name":"BRITA\u00ae","description":"Filtrationsl\u00f6sungen","publisher":{"@id":"https:\/\/shop.brita.ch\/de\/#organization"},"alternateName":"BRITA Wassersysteme f\u00fcr Zuhause","potentialAction":[{"@type":"SearchAction","target":{"@type":"EntryPoint","urlTemplate":"https:\/\/shop.brita.ch\/de\/?s={search_term_string}"},"query-input":{"@type":"PropertyValueSpecification","valueRequired":true,"valueName":"search_term_string"}}],"inLanguage":"de-DE"},{"@type":"Organization","@id":"https:\/\/shop.brita.ch\/de\/#organization","name":"BRITA Wasserfilter-Systeme AG","alternateName":"BRITA","url":"https:\/\/shop.brita.ch\/de\/","logo":{"@type":"ImageObject","inLanguage":"de-DE","@id":"https:\/\/shop.brita.ch\/de\/#\/schema\/logo\/image\/","url":"\/de\/wp-content\/uploads\/2023\/02\/brita-logo.jpg","contentUrl":"\/de\/wp-content\/uploads\/2023\/02\/brita-logo.jpg","width":201,"height":42,"caption":"BRITA Wasserfilter-Systeme AG"},"image":{"@id":"https:\/\/shop.brita.ch\/de\/#\/schema\/logo\/image\/"},"sameAs":["https:\/\/www.facebook.com\/BRITA.schweiz","https:\/\/www.instagram.com\/brita.schweiz\/","https:\/\/de.linkedin.com\/company\/brita-gmbh","https:\/\/www.youtube.com\/playlist?list=PLzhwO6-T9BJ7PNjKrGsSpVLHGT1s3xUoy"]}]}},"_links":{"self":[{"href":"https:\/\/shop.brita.ch\/de\/wp-json\/wp\/v2\/product\/18320","targetHints":{"allow":["GET"]}}],"collection":[{"href":"https:\/\/shop.brita.ch\/de\/wp-json\/wp\/v2\/product"}],"about":[{"href":"https:\/\/shop.brita.ch\/de\/wp-json\/wp\/v2\/types\/product"}],"wp:featuredmedia":[{"embeddable":true,"href":"https:\/\/shop.brita.ch\/de\/wp-json\/wp\/v2\/media\/18431"}],"wp:attachment":[{"href":"https:\/\/shop.brita.ch\/de\/wp-json\/wp\/v2\/media?parent=18320"}],"wp:term":[{"taxonomy":"product_brand","embeddable":true,"href":"https:\/\/shop.brita.ch\/de\/wp-json\/wp\/v2\/product_brand?post=18320"},{"taxonomy":"product_cat","embeddable":true,"href":"https:\/\/shop.brita.ch\/de\/wp-json\/wp\/v2\/product_cat?post=18320"},{"taxonomy":"product_tag","embeddable":true,"href":"https:\/\/shop.brita.ch\/de\/wp-json\/wp\/v2\/product_tag?post=18320"}],"curies":[{"name":"wp","href":"https:\/\/api.w.org\/{rel}","templated":true}]}}