{"id":18247,"date":"2023-03-31T14:05:41","date_gmt":"2023-03-31T12:05:41","guid":{"rendered":"https:\/\/shop.brita.ch\/de\/?post_type=product&#038;p=18247"},"modified":"2026-03-19T08:33:10","modified_gmt":"2026-03-19T07:33:10","slug":"tischwasserfilter-glas","status":"publish","type":"product","link":"https:\/\/shop.brita.ch\/de\/produkt\/tischwasserfilter-glas","title":{"rendered":"BRITA Tischwasserfilter Glas"},"content":{"rendered":"<p><strong>Der BRITA Tischwasserfilter Glas ist Ihre nachhaltige Wasserfilter-Kanne aus Borosilikatglas. Geniessen Sie frisch gefiltertes Wasser in einem eleganten Design. <\/strong><\/p>\n<ul class=\"product-facts\">\n<li>Nachhaltig: 60% recyceltes Glas aus Produktions\u00fcbersch\u00fcssen und 100% biobasiertes Plastik*<\/li>\n<li>100\u00a0% Borosilikatglas: leicht, robust und hitzebest\u00e4ndig \u2013 gesch\u00e4tzt in der Industrie und in Laboren<\/li>\n<li>Bew\u00e4hrte BRITA Qualit\u00e4t, hergestellt in Deutschland<\/li>\n<li>Einwandfrei hygienisch: Borosilikatglas nimmt weder Ger\u00fcche noch Geschmack auf und verf\u00e4rbt nicht. Alle Bestandteile sind sp\u00fclmaschinengeeignet bis 60\u00a0\u00b0C (ausser der SmartLight LEC)<\/li>\n<li>Volle Filtrationsleistung: inkl. 1 MAXTRA PRO Pure Performance Wasserfilterkartusche \u2013 dem Allesk\u00f6nner f\u00fcr Heiss- und Kaltgetr\u00e4nke<\/li>\n<li>Elegantes, modernes Design f\u00fcr Ihren Ess- und K\u00fcchentisch<\/li>\n<li>Intelligent und ergonomisch: Die BRITA Smart Light LED zeigt an, wenn der Filter gewechselt werden muss. Und sollte sie einmal ausfallen, erhalten Sie kostenfrei Ersatz \u00fcber unseren Kundenservice.<\/li>\n<li>2,5 l insgesamt. Gr\u00f6sse (B x H x T): 19,3 x 27,7 x 13,8 cm<\/li>\n<li>Zuverl\u00e4ssige Wasserfiltration dank BRITA PerfectFit bei der Verwendung von MAXTRA PRO oder MAXTRA+ Wasserfilterkartuschen<\/li>\n<p><strong>Lieferumfang: 1 x BRITA Tischwasserfilter Glas inkl. 1 BRITA MAXTRA PRO PURE PERFORMANCE Wasserfilterkartusche<\/strong>\n<\/ul>\n<p class=\"text-muted\" style=\"line-height: 1em;\">\n<small>* Trichter (Massenbilanzierung)<\/small><\/p>\n<div class=\"dl-btn\">\n<h5>Gebrauchsanleitung BRITA Tischwasserfilter Glas<\/h5>\n<p><a class=\"btn-default btn\" href=\"https:\/\/www.brita.ch\/dam\/jcr:07b6a5a4-352c-484d-8dc4-122cf58f0d2e\/brita-water-filter-jugs-instruction-manual-EMEA.pdf\" target=\"_blank\" rel=\"noopener noreferrer\" download=\"\">Jetzt herunterladen<\/a><\/p>\n<\/div>\n","protected":false},"excerpt":{"rendered":"<p>Der BRITA Tischwasserfilter Glas ist Ihre nachhaltige Wasserfilter-Kanne aus Borosilikatglas. Geniessen Sie frisch gefiltertes Wasser in einem eleganten Design. Nachhaltig: 60% recyceltes Glas aus Produktions\u00fcbersch\u00fcssen und 100% biobasiertes Plastik* 100\u00a0% Borosilikatglas: leicht, robust und hitzebest\u00e4ndig \u2013 gesch\u00e4tzt in der Industrie und in Laboren Bew\u00e4hrte BRITA Qualit\u00e4t, hergestellt in Deutschland Einwandfrei hygienisch: Borosilikatglas nimmt weder Ger\u00fcche [&#8230;]<\/p>\n<p><a class=\"btn btn-secondary understrap-read-more-link\" href=\"https:\/\/shop.brita.ch\/de\/produkt\/tischwasserfilter-glas\">Weiterlesen&#8230;<\/a><\/p>\n","protected":false},"featured_media":26578,"template":"","meta":[],"product_brand":[],"product_cat":[80,81],"product_tag":[55,71],"class_list":{"0":"post-18247","1":"product","2":"type-product","3":"status-publish","4":"has-post-thumbnail","6":"product_cat-tischwasserfilter","7":"product_cat-twf","8":"product_tag-pitcher","9":"product_tag-video","11":"first","12":"instock","13":"taxable","14":"shipping-taxable","15":"purchasable","16":"product-type-simple"},"yoast_head":"<!-- This site is optimized with the Yoast SEO plugin v26.6 - https:\/\/yoast.com\/wordpress\/plugins\/seo\/ -->\n<title>BRITA Tischwasserfilter Glas | BRITA\u00ae<\/title>\n<meta name=\"description\" content=\"Der BRITA Tischwasserfilter Glas ist Ihre nachhaltige Wasserfilter-Kanne aus Borosilikatglas. Genie\u00dfen Sie frisch gefiltertes Wasser in einem eleganten Design.\" \/>\n<meta name=\"robots\" content=\"index, follow, max-snippet:-1, max-image-preview:large, max-video-preview:-1\" \/>\n<link rel=\"canonical\" href=\"https:\/\/shop.brita.ch\/de\/produkt\/tischwasserfilter-glas\" \/>\n<meta property=\"og:locale\" content=\"de_DE\" \/>\n<meta property=\"og:type\" content=\"article\" \/>\n<meta property=\"og:title\" content=\"BRITA Tischwasserfilter Glas | BRITA\u00ae\" \/>\n<meta property=\"og:description\" content=\"Der BRITA Tischwasserfilter Glas ist Ihre nachhaltige Wasserfilter-Kanne aus Borosilikatglas. Genie\u00dfen Sie frisch gefiltertes Wasser in einem eleganten Design.\" \/>\n<meta property=\"og:url\" content=\"https:\/\/shop.brita.ch\/de\/produkt\/tischwasserfilter-glas\" \/>\n<meta property=\"og:site_name\" content=\"BRITA\" \/>\n<meta property=\"article:publisher\" content=\"https:\/\/www.facebook.com\/BRITA.schweiz\" \/>\n<meta property=\"article:modified_time\" content=\"2026-03-19T07:33:10+00:00\" \/>\n<meta property=\"og:image\" content=\"https:\/\/shop.brita.ch\/de\/wp-content\/uploads\/2023\/03\/brita-consumer-water-filter-glass-jug-light-blue-1564x1564-1.png\" \/>\n\t<meta property=\"og:image:width\" content=\"1564\" \/>\n\t<meta property=\"og:image:height\" content=\"1564\" \/>\n\t<meta property=\"og:image:type\" content=\"image\/png\" \/>\n<meta name=\"twitter:card\" content=\"summary_large_image\" \/>\n<meta name=\"twitter:label1\" content=\"Est. reading time\" \/>\n\t<meta name=\"twitter:data1\" content=\"2 Minuten\" \/>\n<script type=\"application\/ld+json\" class=\"yoast-schema-graph\">{\"@context\":\"https:\/\/schema.org\",\"@graph\":[{\"@type\":\"WebPage\",\"@id\":\"https:\/\/shop.brita.ch\/de\/produkt\/tischwasserfilter-glas\",\"url\":\"https:\/\/shop.brita.ch\/de\/produkt\/tischwasserfilter-glas\",\"name\":\"BRITA Tischwasserfilter Glas | BRITA\u00ae\",\"isPartOf\":{\"@id\":\"https:\/\/shop.brita.ch\/de\/#website\"},\"primaryImageOfPage\":{\"@id\":\"https:\/\/shop.brita.ch\/de\/produkt\/tischwasserfilter-glas#primaryimage\"},\"image\":{\"@id\":\"https:\/\/shop.brita.ch\/de\/produkt\/tischwasserfilter-glas#primaryimage\"},\"thumbnailUrl\":\"\/de\/wp-content\/uploads\/2023\/03\/brita-consumer-water-filter-glass-jug-light-blue-1564x1564-1.png\",\"datePublished\":\"2023-03-31T12:05:41+00:00\",\"dateModified\":\"2026-03-19T07:33:10+00:00\",\"description\":\"Der BRITA Tischwasserfilter Glas ist Ihre nachhaltige Wasserfilter-Kanne aus Borosilikatglas. Genie\u00dfen Sie frisch gefiltertes Wasser in einem eleganten Design.\",\"breadcrumb\":{\"@id\":\"https:\/\/shop.brita.ch\/de\/produkt\/tischwasserfilter-glas#breadcrumb\"},\"inLanguage\":\"de-DE\",\"potentialAction\":[{\"@type\":\"ReadAction\",\"target\":[\"https:\/\/shop.brita.ch\/de\/produkt\/tischwasserfilter-glas\"]}]},{\"@type\":\"ImageObject\",\"inLanguage\":\"de-DE\",\"@id\":\"https:\/\/shop.brita.ch\/de\/produkt\/tischwasserfilter-glas#primaryimage\",\"url\":\"\/de\/wp-content\/uploads\/2023\/03\/brita-consumer-water-filter-glass-jug-light-blue-1564x1564-1.png\",\"contentUrl\":\"\/de\/wp-content\/uploads\/2023\/03\/brita-consumer-water-filter-glass-jug-light-blue-1564x1564-1.png\",\"width\":1564,\"height\":1564},{\"@type\":\"BreadcrumbList\",\"@id\":\"https:\/\/shop.brita.ch\/de\/produkt\/tischwasserfilter-glas#breadcrumb\",\"itemListElement\":[{\"@type\":\"ListItem\",\"position\":1,\"name\":\"Startseite\",\"item\":\"https:\/\/shop.brita.ch\/de\/\"},{\"@type\":\"ListItem\",\"position\":2,\"name\":\"Produkte\",\"item\":\"https:\/\/shop.brita.ch\/de\/shop\"},{\"@type\":\"ListItem\",\"position\":3,\"name\":\"BRITA Tischwasserfilter Glas\"}]},{\"@type\":\"WebSite\",\"@id\":\"https:\/\/shop.brita.ch\/de\/#website\",\"url\":\"https:\/\/shop.brita.ch\/de\/\",\"name\":\"BRITA\u00ae\",\"description\":\"Filtrationsl\u00f6sungen\",\"publisher\":{\"@id\":\"https:\/\/shop.brita.ch\/de\/#organization\"},\"alternateName\":\"BRITA Wassersysteme f\u00fcr Zuhause\",\"potentialAction\":[{\"@type\":\"SearchAction\",\"target\":{\"@type\":\"EntryPoint\",\"urlTemplate\":\"https:\/\/shop.brita.ch\/de\/?s={search_term_string}\"},\"query-input\":{\"@type\":\"PropertyValueSpecification\",\"valueRequired\":true,\"valueName\":\"search_term_string\"}}],\"inLanguage\":\"de-DE\"},{\"@type\":\"Organization\",\"@id\":\"https:\/\/shop.brita.ch\/de\/#organization\",\"name\":\"BRITA Wasserfilter-Systeme AG\",\"alternateName\":\"BRITA\",\"url\":\"https:\/\/shop.brita.ch\/de\/\",\"logo\":{\"@type\":\"ImageObject\",\"inLanguage\":\"de-DE\",\"@id\":\"https:\/\/shop.brita.ch\/de\/#\/schema\/logo\/image\/\",\"url\":\"\/de\/wp-content\/uploads\/2023\/02\/brita-logo.jpg\",\"contentUrl\":\"\/de\/wp-content\/uploads\/2023\/02\/brita-logo.jpg\",\"width\":201,\"height\":42,\"caption\":\"BRITA Wasserfilter-Systeme AG\"},\"image\":{\"@id\":\"https:\/\/shop.brita.ch\/de\/#\/schema\/logo\/image\/\"},\"sameAs\":[\"https:\/\/www.facebook.com\/BRITA.schweiz\",\"https:\/\/www.instagram.com\/brita.schweiz\/\",\"https:\/\/de.linkedin.com\/company\/brita-gmbh\",\"https:\/\/www.youtube.com\/playlist?list=PLzhwO6-T9BJ7PNjKrGsSpVLHGT1s3xUoy\"]}]}<\/script>\n<!-- \/ Yoast SEO plugin. -->","yoast_head_json":{"title":"BRITA Tischwasserfilter Glas | BRITA\u00ae","description":"Der BRITA Tischwasserfilter Glas ist Ihre nachhaltige Wasserfilter-Kanne aus Borosilikatglas. Genie\u00dfen Sie frisch gefiltertes Wasser in einem eleganten Design.","robots":{"index":"index","follow":"follow","max-snippet":"max-snippet:-1","max-image-preview":"max-image-preview:large","max-video-preview":"max-video-preview:-1"},"canonical":"https:\/\/shop.brita.ch\/de\/produkt\/tischwasserfilter-glas","og_locale":"de_DE","og_type":"article","og_title":"BRITA Tischwasserfilter Glas | BRITA\u00ae","og_description":"Der BRITA Tischwasserfilter Glas ist Ihre nachhaltige Wasserfilter-Kanne aus Borosilikatglas. Genie\u00dfen Sie frisch gefiltertes Wasser in einem eleganten Design.","og_url":"https:\/\/shop.brita.ch\/de\/produkt\/tischwasserfilter-glas","og_site_name":"BRITA","article_publisher":"https:\/\/www.facebook.com\/BRITA.schweiz","article_modified_time":"2026-03-19T07:33:10+00:00","og_image":[{"width":1564,"height":1564,"url":"https:\/\/shop.brita.ch\/de\/wp-content\/uploads\/2023\/03\/brita-consumer-water-filter-glass-jug-light-blue-1564x1564-1.png","type":"image\/png"}],"twitter_card":"summary_large_image","twitter_misc":{"Est. reading time":"2 Minuten"},"schema":{"@context":"https:\/\/schema.org","@graph":[{"@type":"WebPage","@id":"https:\/\/shop.brita.ch\/de\/produkt\/tischwasserfilter-glas","url":"https:\/\/shop.brita.ch\/de\/produkt\/tischwasserfilter-glas","name":"BRITA Tischwasserfilter Glas | BRITA\u00ae","isPartOf":{"@id":"https:\/\/shop.brita.ch\/de\/#website"},"primaryImageOfPage":{"@id":"https:\/\/shop.brita.ch\/de\/produkt\/tischwasserfilter-glas#primaryimage"},"image":{"@id":"https:\/\/shop.brita.ch\/de\/produkt\/tischwasserfilter-glas#primaryimage"},"thumbnailUrl":"\/de\/wp-content\/uploads\/2023\/03\/brita-consumer-water-filter-glass-jug-light-blue-1564x1564-1.png","datePublished":"2023-03-31T12:05:41+00:00","dateModified":"2026-03-19T07:33:10+00:00","description":"Der BRITA Tischwasserfilter Glas ist Ihre nachhaltige Wasserfilter-Kanne aus Borosilikatglas. Genie\u00dfen Sie frisch gefiltertes Wasser in einem eleganten Design.","breadcrumb":{"@id":"https:\/\/shop.brita.ch\/de\/produkt\/tischwasserfilter-glas#breadcrumb"},"inLanguage":"de-DE","potentialAction":[{"@type":"ReadAction","target":["https:\/\/shop.brita.ch\/de\/produkt\/tischwasserfilter-glas"]}]},{"@type":"ImageObject","inLanguage":"de-DE","@id":"https:\/\/shop.brita.ch\/de\/produkt\/tischwasserfilter-glas#primaryimage","url":"\/de\/wp-content\/uploads\/2023\/03\/brita-consumer-water-filter-glass-jug-light-blue-1564x1564-1.png","contentUrl":"\/de\/wp-content\/uploads\/2023\/03\/brita-consumer-water-filter-glass-jug-light-blue-1564x1564-1.png","width":1564,"height":1564},{"@type":"BreadcrumbList","@id":"https:\/\/shop.brita.ch\/de\/produkt\/tischwasserfilter-glas#breadcrumb","itemListElement":[{"@type":"ListItem","position":1,"name":"Startseite","item":"https:\/\/shop.brita.ch\/de\/"},{"@type":"ListItem","position":2,"name":"Produkte","item":"https:\/\/shop.brita.ch\/de\/shop"},{"@type":"ListItem","position":3,"name":"BRITA Tischwasserfilter Glas"}]},{"@type":"WebSite","@id":"https:\/\/shop.brita.ch\/de\/#website","url":"https:\/\/shop.brita.ch\/de\/","name":"BRITA\u00ae","description":"Filtrationsl\u00f6sungen","publisher":{"@id":"https:\/\/shop.brita.ch\/de\/#organization"},"alternateName":"BRITA Wassersysteme f\u00fcr Zuhause","potentialAction":[{"@type":"SearchAction","target":{"@type":"EntryPoint","urlTemplate":"https:\/\/shop.brita.ch\/de\/?s={search_term_string}"},"query-input":{"@type":"PropertyValueSpecification","valueRequired":true,"valueName":"search_term_string"}}],"inLanguage":"de-DE"},{"@type":"Organization","@id":"https:\/\/shop.brita.ch\/de\/#organization","name":"BRITA Wasserfilter-Systeme AG","alternateName":"BRITA","url":"https:\/\/shop.brita.ch\/de\/","logo":{"@type":"ImageObject","inLanguage":"de-DE","@id":"https:\/\/shop.brita.ch\/de\/#\/schema\/logo\/image\/","url":"\/de\/wp-content\/uploads\/2023\/02\/brita-logo.jpg","contentUrl":"\/de\/wp-content\/uploads\/2023\/02\/brita-logo.jpg","width":201,"height":42,"caption":"BRITA Wasserfilter-Systeme AG"},"image":{"@id":"https:\/\/shop.brita.ch\/de\/#\/schema\/logo\/image\/"},"sameAs":["https:\/\/www.facebook.com\/BRITA.schweiz","https:\/\/www.instagram.com\/brita.schweiz\/","https:\/\/de.linkedin.com\/company\/brita-gmbh","https:\/\/www.youtube.com\/playlist?list=PLzhwO6-T9BJ7PNjKrGsSpVLHGT1s3xUoy"]}]}},"_links":{"self":[{"href":"https:\/\/shop.brita.ch\/de\/wp-json\/wp\/v2\/product\/18247","targetHints":{"allow":["GET"]}}],"collection":[{"href":"https:\/\/shop.brita.ch\/de\/wp-json\/wp\/v2\/product"}],"about":[{"href":"https:\/\/shop.brita.ch\/de\/wp-json\/wp\/v2\/types\/product"}],"wp:featuredmedia":[{"embeddable":true,"href":"https:\/\/shop.brita.ch\/de\/wp-json\/wp\/v2\/media\/26578"}],"wp:attachment":[{"href":"https:\/\/shop.brita.ch\/de\/wp-json\/wp\/v2\/media?parent=18247"}],"wp:term":[{"taxonomy":"product_brand","embeddable":true,"href":"https:\/\/shop.brita.ch\/de\/wp-json\/wp\/v2\/product_brand?post=18247"},{"taxonomy":"product_cat","embeddable":true,"href":"https:\/\/shop.brita.ch\/de\/wp-json\/wp\/v2\/product_cat?post=18247"},{"taxonomy":"product_tag","embeddable":true,"href":"https:\/\/shop.brita.ch\/de\/wp-json\/wp\/v2\/product_tag?post=18247"}],"curies":[{"name":"wp","href":"https:\/\/api.w.org\/{rel}","templated":true}]}}