{"id":152,"date":"2016-06-03T11:47:42","date_gmt":"2016-06-03T09:47:42","guid":{"rendered":"http:\/\/localhost:8888\/test-brita-shop\/produkt\/wd-3030\/"},"modified":"2026-02-19T13:59:14","modified_gmt":"2026-02-19T12:59:14","slug":"onlineshop-kuechenarmatur-mit-filter-rund","status":"publish","type":"product","link":"https:\/\/shop.brita.ch\/de\/produkt\/onlineshop-kuechenarmatur-mit-filter-rund","title":{"rendered":"Kombinierte K\u00fcchenarmatur mit Filter"},"content":{"rendered":"<p><strong>Geniessen Sie frisches Wasser aus der innovativen BRITA K\u00fcchenarmatur mit Filter. Eine umweltfreundliche Alternative zu Wasser in Plastikflaschen.<\/strong><\/p>\n<div style=\"display:none;\">Die clevere und nachhaltige Erg\u00e4nzung f\u00fcr jede moderne K\u00fcche \u2013 geniessen Sie im Handumdrehen schnell, bequem und kosteng\u00fcnstig Wasser so wie Sie es sich w\u00fcnschen.<\/p>\n<p>Die BRITA Armatur hat zwei Hebel. Einen f\u00fcr ungefiltertes Leitungswasser, mit dem man zudem Temperatur und Durchflussmenge des Wasserhahns steuert und einen Hebel mit BRITA Logo, \u00fcber den ausschliesslich BRITA optimiertes Leitungswasser bezogen werden kann. Mit Kartuschen-Wechselanzeige.<\/p><\/div>\n<ul class=\"product-facts\">\n<strong>Pack bestehend aus runder K\u00fcchenarmatur + P 1000 Filter f\u00fcr bis zu 12 Monate gefiltertes Wasser<\/strong><\/p>\n<li>Blauer Hebel nur f\u00fcr BRITA gefiltertes Wasser<\/li>\n<li>Kartuschenstatusanzeige f\u00fcr den Filter<\/li>\n<li>360 Grad schwenkbarer Auslauf<\/li>\n<li style=\"display:none;\">Getrennte Wasserf\u00fchrung von gefiltertem und ungefiltertem Wasser<\/li>\n<li>Unterschied zum eckigen Design: <strong>integrierter statt getrennter Wasserauslass f\u00fcr gefiltertes und ungefiltertes Wasser<\/strong><\/li>\n<li>Massiv, geb\u00fcrsteter Edelstahl (robust, hygienisch, leicht zu reinigen)<\/li>\n<li>Platzsparende L\u00f6sung<\/li>\n<li>Inklusive Installationskit<\/li>\n<li>Die K\u00fcchenarmatur ist eine Hochdruck-Armatur (2 &ndash; 8,6 bar)<\/li>\n<\/ul>\n<ul class=\"product-facts\">\n<strong>Abmessungen<\/strong><\/p>\n<li>L\/H: 227\/400 mm<\/li>\n<li>Rosette: \u00f8 54 mm<\/li>\n<li>Lochbohrung: \u00f8 35 mm<\/li>\n<li>Wandabstand zur Mitte der Lochbohrung: min. 60mm<\/li>\n<\/ul>\n<div class=\"mb-5 dl-btn d-flex flex-column left\">\n<h5>Gebrauchsanleitung<\/h5>\n<p><a class=\"btn-default btn\" href=\"https:\/\/www.brita.ch\/dam\/jcr:a62a0a0f-803a-41f8-a396-4024d99baa23\/brita-consumer-3-way-water-tap-instruction-manual-INT.pdf\" target=\"_blank\" rel=\"noopener noreferrer\">Jetzt herunterladen<\/a><\/p>\n<h5>Installationsanforderung<\/h5>\n<p><a class=\"btn-default btn\" href=\"\/de\/wp-content\/uploads\/2025\/02\/Installationsvoraussetzungen_runde_BRITA_3_Wege_-Kuechenarmatur_mit_Filter_DE.pdf\" target=\"_blank\" rel=\"noopener noreferrer\" download>Jetzt herunterladen<\/a>\n<\/div>\n<style><\/style>\n<div class='embed-container d-none'><iframe src=\"about:blank\" data-cmp-src=\"https:\/\/www.youtube.com\/embed\/ffnsFldq1xE\" class=\"cmplazyload\"\u00a0width=\"calc(100% - 20px);\" height=\"calc((100vw - 20px) * 0.5625);\" data-cmp-preview=\"400x300\" frameborder=\"0\" allowfullscreen data-cmp-vendor=\"s30\"><\/iframe><\/div>\n","protected":false},"excerpt":{"rendered":"<p>Zeitloses Design vereint mit Komfort: Stilvolle BRITA Armatur mit LED-Kartuschen-Statusanzeige. [&#8230;]<\/p>\n<p><a class=\"btn btn-secondary understrap-read-more-link\" href=\"https:\/\/shop.brita.ch\/de\/produkt\/onlineshop-kuechenarmatur-mit-filter-rund\">Weiterlesen&#8230;<\/a><\/p>\n","protected":false},"featured_media":15245,"template":"","meta":[],"product_brand":[],"product_cat":[22],"product_tag":[],"class_list":{"0":"post-152","1":"product","2":"type-product","3":"status-publish","4":"has-post-thumbnail","6":"product_cat-armaturen","8":"first","9":"instock","10":"taxable","11":"shipping-taxable","12":"purchasable","13":"product-type-simple"},"yoast_head":"<!-- This site is optimized with the Yoast SEO plugin v26.6 - https:\/\/yoast.com\/wordpress\/plugins\/seo\/ -->\n<title>Onlineshop K\u00fcchenarmatur mit Filter rund | BRITA\u00ae<\/title>\n<meta name=\"description\" content=\"BRITA K\u00fcchenarmatur mit Filter online kaufen und bestellen. Edelstahl, rund. Platzsparend &amp; komfortabel. Mehr erfahren.\" \/>\n<meta name=\"robots\" content=\"index, follow, max-snippet:-1, max-image-preview:large, max-video-preview:-1\" \/>\n<link rel=\"canonical\" href=\"https:\/\/shop.brita.ch\/de\/produkt\/onlineshop-kuechenarmatur-mit-filter-rund\" \/>\n<meta property=\"og:locale\" content=\"de_DE\" \/>\n<meta property=\"og:type\" content=\"article\" \/>\n<meta property=\"og:title\" content=\"Onlineshop K\u00fcchenarmatur mit Filter rund | BRITA\u00ae\" \/>\n<meta property=\"og:description\" content=\"BRITA K\u00fcchenarmatur mit Filter online kaufen und bestellen. Edelstahl, rund. Platzsparend &amp; komfortabel. Mehr erfahren.\" \/>\n<meta property=\"og:url\" content=\"https:\/\/shop.brita.ch\/de\/produkt\/onlineshop-kuechenarmatur-mit-filter-rund\" \/>\n<meta property=\"og:site_name\" content=\"BRITA\" \/>\n<meta property=\"article:publisher\" content=\"https:\/\/www.facebook.com\/BRITA.schweiz\" \/>\n<meta property=\"article:modified_time\" content=\"2026-02-19T12:59:14+00:00\" \/>\n<meta property=\"og:image\" content=\"https:\/\/shop.brita.ch\/de\/wp-content\/uploads\/2016\/06\/brita-water-filter-tap-solutions-integrated-water-filter-tap-3-way-round-filter-cartridge-P1000-pichi.jpg\" \/>\n\t<meta property=\"og:image:width\" content=\"600\" \/>\n\t<meta property=\"og:image:height\" content=\"600\" \/>\n\t<meta property=\"og:image:type\" content=\"image\/jpeg\" \/>\n<meta name=\"twitter:card\" content=\"summary_large_image\" \/>\n<meta name=\"twitter:label1\" content=\"Est. reading time\" \/>\n\t<meta name=\"twitter:data1\" content=\"2 Minuten\" \/>\n<script type=\"application\/ld+json\" class=\"yoast-schema-graph\">{\"@context\":\"https:\/\/schema.org\",\"@graph\":[{\"@type\":\"WebPage\",\"@id\":\"https:\/\/shop.brita.ch\/de\/produkt\/onlineshop-kuechenarmatur-mit-filter-rund\",\"url\":\"https:\/\/shop.brita.ch\/de\/produkt\/onlineshop-kuechenarmatur-mit-filter-rund\",\"name\":\"Onlineshop K\u00fcchenarmatur mit Filter rund | BRITA\u00ae\",\"isPartOf\":{\"@id\":\"https:\/\/shop.brita.ch\/de\/#website\"},\"primaryImageOfPage\":{\"@id\":\"https:\/\/shop.brita.ch\/de\/produkt\/onlineshop-kuechenarmatur-mit-filter-rund#primaryimage\"},\"image\":{\"@id\":\"https:\/\/shop.brita.ch\/de\/produkt\/onlineshop-kuechenarmatur-mit-filter-rund#primaryimage\"},\"thumbnailUrl\":\"\/de\/wp-content\/uploads\/2016\/06\/brita-water-filter-tap-solutions-integrated-water-filter-tap-3-way-round-filter-cartridge-P1000-pichi.jpg\",\"datePublished\":\"2016-06-03T09:47:42+00:00\",\"dateModified\":\"2026-02-19T12:59:14+00:00\",\"description\":\"BRITA K\u00fcchenarmatur mit Filter online kaufen und bestellen. Edelstahl, rund. Platzsparend & komfortabel. Mehr erfahren.\",\"breadcrumb\":{\"@id\":\"https:\/\/shop.brita.ch\/de\/produkt\/onlineshop-kuechenarmatur-mit-filter-rund#breadcrumb\"},\"inLanguage\":\"de-DE\",\"potentialAction\":[{\"@type\":\"ReadAction\",\"target\":[\"https:\/\/shop.brita.ch\/de\/produkt\/onlineshop-kuechenarmatur-mit-filter-rund\"]}]},{\"@type\":\"ImageObject\",\"inLanguage\":\"de-DE\",\"@id\":\"https:\/\/shop.brita.ch\/de\/produkt\/onlineshop-kuechenarmatur-mit-filter-rund#primaryimage\",\"url\":\"\/de\/wp-content\/uploads\/2016\/06\/brita-water-filter-tap-solutions-integrated-water-filter-tap-3-way-round-filter-cartridge-P1000-pichi.jpg\",\"contentUrl\":\"\/de\/wp-content\/uploads\/2016\/06\/brita-water-filter-tap-solutions-integrated-water-filter-tap-3-way-round-filter-cartridge-P1000-pichi.jpg\",\"width\":600,\"height\":600,\"caption\":\"Onlineshop K\u00fcchenarmatur mit Filter rund\"},{\"@type\":\"BreadcrumbList\",\"@id\":\"https:\/\/shop.brita.ch\/de\/produkt\/onlineshop-kuechenarmatur-mit-filter-rund#breadcrumb\",\"itemListElement\":[{\"@type\":\"ListItem\",\"position\":1,\"name\":\"Startseite\",\"item\":\"https:\/\/shop.brita.ch\/de\/\"},{\"@type\":\"ListItem\",\"position\":2,\"name\":\"Produkte\",\"item\":\"https:\/\/shop.brita.ch\/de\/shop\"},{\"@type\":\"ListItem\",\"position\":3,\"name\":\"Kombinierte K\u00fcchenarmatur mit Filter\"}]},{\"@type\":\"WebSite\",\"@id\":\"https:\/\/shop.brita.ch\/de\/#website\",\"url\":\"https:\/\/shop.brita.ch\/de\/\",\"name\":\"BRITA\u00ae\",\"description\":\"Filtrationsl\u00f6sungen\",\"publisher\":{\"@id\":\"https:\/\/shop.brita.ch\/de\/#organization\"},\"alternateName\":\"BRITA Wassersysteme f\u00fcr Zuhause\",\"potentialAction\":[{\"@type\":\"SearchAction\",\"target\":{\"@type\":\"EntryPoint\",\"urlTemplate\":\"https:\/\/shop.brita.ch\/de\/?s={search_term_string}\"},\"query-input\":{\"@type\":\"PropertyValueSpecification\",\"valueRequired\":true,\"valueName\":\"search_term_string\"}}],\"inLanguage\":\"de-DE\"},{\"@type\":\"Organization\",\"@id\":\"https:\/\/shop.brita.ch\/de\/#organization\",\"name\":\"BRITA Wasserfilter-Systeme AG\",\"alternateName\":\"BRITA\",\"url\":\"https:\/\/shop.brita.ch\/de\/\",\"logo\":{\"@type\":\"ImageObject\",\"inLanguage\":\"de-DE\",\"@id\":\"https:\/\/shop.brita.ch\/de\/#\/schema\/logo\/image\/\",\"url\":\"\/de\/wp-content\/uploads\/2023\/02\/brita-logo.jpg\",\"contentUrl\":\"\/de\/wp-content\/uploads\/2023\/02\/brita-logo.jpg\",\"width\":201,\"height\":42,\"caption\":\"BRITA Wasserfilter-Systeme AG\"},\"image\":{\"@id\":\"https:\/\/shop.brita.ch\/de\/#\/schema\/logo\/image\/\"},\"sameAs\":[\"https:\/\/www.facebook.com\/BRITA.schweiz\",\"https:\/\/www.instagram.com\/brita.schweiz\/\",\"https:\/\/de.linkedin.com\/company\/brita-gmbh\",\"https:\/\/www.youtube.com\/playlist?list=PLzhwO6-T9BJ7PNjKrGsSpVLHGT1s3xUoy\"]}]}<\/script>\n<!-- \/ Yoast SEO plugin. -->","yoast_head_json":{"title":"Onlineshop K\u00fcchenarmatur mit Filter rund | BRITA\u00ae","description":"BRITA K\u00fcchenarmatur mit Filter online kaufen und bestellen. Edelstahl, rund. Platzsparend & komfortabel. Mehr erfahren.","robots":{"index":"index","follow":"follow","max-snippet":"max-snippet:-1","max-image-preview":"max-image-preview:large","max-video-preview":"max-video-preview:-1"},"canonical":"https:\/\/shop.brita.ch\/de\/produkt\/onlineshop-kuechenarmatur-mit-filter-rund","og_locale":"de_DE","og_type":"article","og_title":"Onlineshop K\u00fcchenarmatur mit Filter rund | BRITA\u00ae","og_description":"BRITA K\u00fcchenarmatur mit Filter online kaufen und bestellen. Edelstahl, rund. Platzsparend & komfortabel. Mehr erfahren.","og_url":"https:\/\/shop.brita.ch\/de\/produkt\/onlineshop-kuechenarmatur-mit-filter-rund","og_site_name":"BRITA","article_publisher":"https:\/\/www.facebook.com\/BRITA.schweiz","article_modified_time":"2026-02-19T12:59:14+00:00","og_image":[{"width":600,"height":600,"url":"https:\/\/shop.brita.ch\/de\/wp-content\/uploads\/2016\/06\/brita-water-filter-tap-solutions-integrated-water-filter-tap-3-way-round-filter-cartridge-P1000-pichi.jpg","type":"image\/jpeg"}],"twitter_card":"summary_large_image","twitter_misc":{"Est. reading time":"2 Minuten"},"schema":{"@context":"https:\/\/schema.org","@graph":[{"@type":"WebPage","@id":"https:\/\/shop.brita.ch\/de\/produkt\/onlineshop-kuechenarmatur-mit-filter-rund","url":"https:\/\/shop.brita.ch\/de\/produkt\/onlineshop-kuechenarmatur-mit-filter-rund","name":"Onlineshop K\u00fcchenarmatur mit Filter rund | BRITA\u00ae","isPartOf":{"@id":"https:\/\/shop.brita.ch\/de\/#website"},"primaryImageOfPage":{"@id":"https:\/\/shop.brita.ch\/de\/produkt\/onlineshop-kuechenarmatur-mit-filter-rund#primaryimage"},"image":{"@id":"https:\/\/shop.brita.ch\/de\/produkt\/onlineshop-kuechenarmatur-mit-filter-rund#primaryimage"},"thumbnailUrl":"\/de\/wp-content\/uploads\/2016\/06\/brita-water-filter-tap-solutions-integrated-water-filter-tap-3-way-round-filter-cartridge-P1000-pichi.jpg","datePublished":"2016-06-03T09:47:42+00:00","dateModified":"2026-02-19T12:59:14+00:00","description":"BRITA K\u00fcchenarmatur mit Filter online kaufen und bestellen. Edelstahl, rund. Platzsparend & komfortabel. Mehr erfahren.","breadcrumb":{"@id":"https:\/\/shop.brita.ch\/de\/produkt\/onlineshop-kuechenarmatur-mit-filter-rund#breadcrumb"},"inLanguage":"de-DE","potentialAction":[{"@type":"ReadAction","target":["https:\/\/shop.brita.ch\/de\/produkt\/onlineshop-kuechenarmatur-mit-filter-rund"]}]},{"@type":"ImageObject","inLanguage":"de-DE","@id":"https:\/\/shop.brita.ch\/de\/produkt\/onlineshop-kuechenarmatur-mit-filter-rund#primaryimage","url":"\/de\/wp-content\/uploads\/2016\/06\/brita-water-filter-tap-solutions-integrated-water-filter-tap-3-way-round-filter-cartridge-P1000-pichi.jpg","contentUrl":"\/de\/wp-content\/uploads\/2016\/06\/brita-water-filter-tap-solutions-integrated-water-filter-tap-3-way-round-filter-cartridge-P1000-pichi.jpg","width":600,"height":600,"caption":"Onlineshop K\u00fcchenarmatur mit Filter rund"},{"@type":"BreadcrumbList","@id":"https:\/\/shop.brita.ch\/de\/produkt\/onlineshop-kuechenarmatur-mit-filter-rund#breadcrumb","itemListElement":[{"@type":"ListItem","position":1,"name":"Startseite","item":"https:\/\/shop.brita.ch\/de\/"},{"@type":"ListItem","position":2,"name":"Produkte","item":"https:\/\/shop.brita.ch\/de\/shop"},{"@type":"ListItem","position":3,"name":"Kombinierte K\u00fcchenarmatur mit Filter"}]},{"@type":"WebSite","@id":"https:\/\/shop.brita.ch\/de\/#website","url":"https:\/\/shop.brita.ch\/de\/","name":"BRITA\u00ae","description":"Filtrationsl\u00f6sungen","publisher":{"@id":"https:\/\/shop.brita.ch\/de\/#organization"},"alternateName":"BRITA Wassersysteme f\u00fcr Zuhause","potentialAction":[{"@type":"SearchAction","target":{"@type":"EntryPoint","urlTemplate":"https:\/\/shop.brita.ch\/de\/?s={search_term_string}"},"query-input":{"@type":"PropertyValueSpecification","valueRequired":true,"valueName":"search_term_string"}}],"inLanguage":"de-DE"},{"@type":"Organization","@id":"https:\/\/shop.brita.ch\/de\/#organization","name":"BRITA Wasserfilter-Systeme AG","alternateName":"BRITA","url":"https:\/\/shop.brita.ch\/de\/","logo":{"@type":"ImageObject","inLanguage":"de-DE","@id":"https:\/\/shop.brita.ch\/de\/#\/schema\/logo\/image\/","url":"\/de\/wp-content\/uploads\/2023\/02\/brita-logo.jpg","contentUrl":"\/de\/wp-content\/uploads\/2023\/02\/brita-logo.jpg","width":201,"height":42,"caption":"BRITA Wasserfilter-Systeme AG"},"image":{"@id":"https:\/\/shop.brita.ch\/de\/#\/schema\/logo\/image\/"},"sameAs":["https:\/\/www.facebook.com\/BRITA.schweiz","https:\/\/www.instagram.com\/brita.schweiz\/","https:\/\/de.linkedin.com\/company\/brita-gmbh","https:\/\/www.youtube.com\/playlist?list=PLzhwO6-T9BJ7PNjKrGsSpVLHGT1s3xUoy"]}]}},"_links":{"self":[{"href":"https:\/\/shop.brita.ch\/de\/wp-json\/wp\/v2\/product\/152","targetHints":{"allow":["GET"]}}],"collection":[{"href":"https:\/\/shop.brita.ch\/de\/wp-json\/wp\/v2\/product"}],"about":[{"href":"https:\/\/shop.brita.ch\/de\/wp-json\/wp\/v2\/types\/product"}],"wp:featuredmedia":[{"embeddable":true,"href":"https:\/\/shop.brita.ch\/de\/wp-json\/wp\/v2\/media\/15245"}],"wp:attachment":[{"href":"https:\/\/shop.brita.ch\/de\/wp-json\/wp\/v2\/media?parent=152"}],"wp:term":[{"taxonomy":"product_brand","embeddable":true,"href":"https:\/\/shop.brita.ch\/de\/wp-json\/wp\/v2\/product_brand?post=152"},{"taxonomy":"product_cat","embeddable":true,"href":"https:\/\/shop.brita.ch\/de\/wp-json\/wp\/v2\/product_cat?post=152"},{"taxonomy":"product_tag","embeddable":true,"href":"https:\/\/shop.brita.ch\/de\/wp-json\/wp\/v2\/product_tag?post=152"}],"curies":[{"name":"wp","href":"https:\/\/api.w.org\/{rel}","templated":true}]}}