{"id":14096,"date":"2021-06-28T14:09:01","date_gmt":"2021-06-28T12:09:01","guid":{"rendered":"https:\/\/shop.brita.ch\/de\/?post_type=product&#038;p=14096"},"modified":"2026-01-29T13:38:41","modified_gmt":"2026-01-29T12:38:41","slug":"onlineshop-wassersprudler-sodaone-flaschen","status":"publish","type":"product","link":"https:\/\/shop.brita.ch\/de\/produkt\/onlineshop-wassersprudler-sodaone-flaschen","title":{"rendered":"2er Pack Flaschen f\u00fcr den sodaONE Wassersprudler"},"content":{"rendered":"<p><strong>Nachhaltigkeit im Doppelpack: 2 x 1 Liter PET-Flaschen f\u00fcr den sodaONE Wassersprudler.<\/strong><\/p>\n<ul class=\"product-facts\">\n<li><strong>Robust, leicht und praktisch:<\/strong> Formsch\u00f6ne Flaschen aus BPA-freiem Kunststoff mit hochwertigen Edelstahlelementen.<\/li>\n<li><strong>Vor dem Sprudeln:<\/strong> Flaschen nur bis zur F\u00fclllinie (0,84 Liter) mit Wasser bef\u00fcllen.<\/li>\n<li><strong>Gut f\u00fcr die Umwelt:<\/strong> 24 Monate wiederverwendbar (ab dem ersten Gebrauch).<\/li>\n<li><strong>Vor dem ersten Gebrauch:<\/strong> Einfach mit lauwarmem Wasser aussp\u00fclen und fertig!<\/li>\n<li><strong>Keine extremen Temperaturen:<\/strong> Lagerung bei min. +5\u00b0C und max. +40\u00b0C.<\/li>\n<li><strong>Nicht sp\u00fclmaschinengeeignet:<\/strong> Flaschen bitte von Hand sp\u00fclen.<\/li>\n<li><strong>Genuss pur:<\/strong> Nur Leitungswasser oder BRITA gefiltertes Wasser sprudeln (ohne Sirup o. \u00e4.).<\/li>\n<li><strong>Frisch schmeckt Lieblingswasser am besten:<\/strong> Maximal zwei Tage im K\u00fchlschrank lagern.<\/li>\n<\/ul>\n<p><strong style=\"color: red;\">Nicht kompatibel mit Wassersprudler sodaTRIO<\/strong><\/p>\n<div class=\"mb-5 dl-btn\"><a class=\"btn-default btn\" href=\"https:\/\/www.brita.ch\/dam\/jcr:d8e8f106-38e1-4faa-9726-d1c22631fae5\/brita-sparkling-water-maker-instruction-manual-DACH.pdf\" target=\"_blank\" rel=\"noopener noreferrer\">Gebrauchsanweisung herunterladen<\/a><\/div>\n","protected":false},"excerpt":{"rendered":"<p>Nachhaltigkeit im Doppelpack: 2 x 1 Liter PET-Flaschen f\u00fcr den sodaONE Wassersprudler. Robust, leicht und praktisch: Formsch\u00f6ne Flaschen aus BPA-freiem Kunststoff mit hochwertigen Edelstahlelementen. Vor dem Sprudeln: Flaschen nur bis zur F\u00fclllinie (0,84 Liter) mit Wasser bef\u00fcllen. Gut f\u00fcr die Umwelt: 24 Monate wiederverwendbar (ab dem ersten Gebrauch). Vor dem ersten Gebrauch: Einfach mit lauwarmem [&#8230;]<\/p>\n<p><a class=\"btn btn-secondary understrap-read-more-link\" href=\"https:\/\/shop.brita.ch\/de\/produkt\/onlineshop-wassersprudler-sodaone-flaschen\">Weiterlesen&#8230;<\/a><\/p>\n","protected":false},"featured_media":18711,"template":"","meta":[],"product_brand":[],"product_cat":[110],"product_tag":[],"class_list":{"0":"post-14096","1":"product","2":"type-product","3":"status-publish","4":"has-post-thumbnail","6":"product_cat-accessoires","8":"first","9":"instock","10":"taxable","11":"shipping-taxable","12":"purchasable","13":"product-type-simple"},"yoast_head":"<!-- This site is optimized with the Yoast SEO plugin v26.6 - https:\/\/yoast.com\/wordpress\/plugins\/seo\/ -->\n<title>sodaONE Flaschen f\u00fcr BRITA Wassersprudler | BRITA\u00ae<\/title>\n<meta name=\"description\" content=\"sodaONE Flaschen f\u00fcr BRITA Wassersprudler: Geniessen Sie zuhause bequem und g\u00fcnstig frisches Sprudelwasser. Jetzt kaufen!\" \/>\n<meta name=\"robots\" content=\"index, follow, max-snippet:-1, max-image-preview:large, max-video-preview:-1\" \/>\n<link rel=\"canonical\" href=\"https:\/\/shop.brita.ch\/de\/produkt\/onlineshop-wassersprudler-sodaone-flaschen\" \/>\n<meta property=\"og:locale\" content=\"de_DE\" \/>\n<meta property=\"og:type\" content=\"article\" \/>\n<meta property=\"og:title\" content=\"sodaONE Flaschen f\u00fcr BRITA Wassersprudler | BRITA\u00ae\" \/>\n<meta property=\"og:description\" content=\"sodaONE Flaschen f\u00fcr BRITA Wassersprudler: Geniessen Sie zuhause bequem und g\u00fcnstig frisches Sprudelwasser. Jetzt kaufen!\" \/>\n<meta property=\"og:url\" content=\"https:\/\/shop.brita.ch\/de\/produkt\/onlineshop-wassersprudler-sodaone-flaschen\" \/>\n<meta property=\"og:site_name\" content=\"BRITA\" \/>\n<meta property=\"article:publisher\" content=\"https:\/\/www.facebook.com\/BRITA.schweiz\" \/>\n<meta property=\"article:modified_time\" content=\"2026-01-29T12:38:41+00:00\" \/>\n<meta property=\"og:image\" content=\"https:\/\/shop.brita.ch\/de\/wp-content\/uploads\/2021\/06\/brita-watersparkler-sodaone-bottles-hero-visual.jpg\" \/>\n\t<meta property=\"og:image:width\" content=\"1564\" \/>\n\t<meta property=\"og:image:height\" content=\"1564\" \/>\n\t<meta property=\"og:image:type\" content=\"image\/jpeg\" \/>\n<meta name=\"twitter:card\" content=\"summary_large_image\" \/>\n<meta name=\"twitter:label1\" content=\"Est. reading time\" \/>\n\t<meta name=\"twitter:data1\" content=\"1 Minute\" \/>\n<script type=\"application\/ld+json\" class=\"yoast-schema-graph\">{\"@context\":\"https:\/\/schema.org\",\"@graph\":[{\"@type\":\"WebPage\",\"@id\":\"https:\/\/shop.brita.ch\/de\/produkt\/onlineshop-wassersprudler-sodaone-flaschen\",\"url\":\"https:\/\/shop.brita.ch\/de\/produkt\/onlineshop-wassersprudler-sodaone-flaschen\",\"name\":\"sodaONE Flaschen f\u00fcr BRITA Wassersprudler | BRITA\u00ae\",\"isPartOf\":{\"@id\":\"https:\/\/shop.brita.ch\/de\/#website\"},\"primaryImageOfPage\":{\"@id\":\"https:\/\/shop.brita.ch\/de\/produkt\/onlineshop-wassersprudler-sodaone-flaschen#primaryimage\"},\"image\":{\"@id\":\"https:\/\/shop.brita.ch\/de\/produkt\/onlineshop-wassersprudler-sodaone-flaschen#primaryimage\"},\"thumbnailUrl\":\"\/de\/wp-content\/uploads\/2021\/06\/brita-watersparkler-sodaone-bottles-hero-visual.jpg\",\"datePublished\":\"2021-06-28T12:09:01+00:00\",\"dateModified\":\"2026-01-29T12:38:41+00:00\",\"description\":\"sodaONE Flaschen f\u00fcr BRITA Wassersprudler: Geniessen Sie zuhause bequem und g\u00fcnstig frisches Sprudelwasser. Jetzt kaufen!\",\"breadcrumb\":{\"@id\":\"https:\/\/shop.brita.ch\/de\/produkt\/onlineshop-wassersprudler-sodaone-flaschen#breadcrumb\"},\"inLanguage\":\"de-DE\",\"potentialAction\":[{\"@type\":\"ReadAction\",\"target\":[\"https:\/\/shop.brita.ch\/de\/produkt\/onlineshop-wassersprudler-sodaone-flaschen\"]}]},{\"@type\":\"ImageObject\",\"inLanguage\":\"de-DE\",\"@id\":\"https:\/\/shop.brita.ch\/de\/produkt\/onlineshop-wassersprudler-sodaone-flaschen#primaryimage\",\"url\":\"\/de\/wp-content\/uploads\/2021\/06\/brita-watersparkler-sodaone-bottles-hero-visual.jpg\",\"contentUrl\":\"\/de\/wp-content\/uploads\/2021\/06\/brita-watersparkler-sodaone-bottles-hero-visual.jpg\",\"width\":1564,\"height\":1564,\"caption\":\"SodaONE Flaschen\"},{\"@type\":\"BreadcrumbList\",\"@id\":\"https:\/\/shop.brita.ch\/de\/produkt\/onlineshop-wassersprudler-sodaone-flaschen#breadcrumb\",\"itemListElement\":[{\"@type\":\"ListItem\",\"position\":1,\"name\":\"Startseite\",\"item\":\"https:\/\/shop.brita.ch\/de\/\"},{\"@type\":\"ListItem\",\"position\":2,\"name\":\"Produkte\",\"item\":\"https:\/\/shop.brita.ch\/de\/shop\"},{\"@type\":\"ListItem\",\"position\":3,\"name\":\"2er Pack Flaschen f\u00fcr den sodaONE Wassersprudler\"}]},{\"@type\":\"WebSite\",\"@id\":\"https:\/\/shop.brita.ch\/de\/#website\",\"url\":\"https:\/\/shop.brita.ch\/de\/\",\"name\":\"BRITA\u00ae\",\"description\":\"Filtrationsl\u00f6sungen\",\"publisher\":{\"@id\":\"https:\/\/shop.brita.ch\/de\/#organization\"},\"alternateName\":\"BRITA Wassersysteme f\u00fcr Zuhause\",\"potentialAction\":[{\"@type\":\"SearchAction\",\"target\":{\"@type\":\"EntryPoint\",\"urlTemplate\":\"https:\/\/shop.brita.ch\/de\/?s={search_term_string}\"},\"query-input\":{\"@type\":\"PropertyValueSpecification\",\"valueRequired\":true,\"valueName\":\"search_term_string\"}}],\"inLanguage\":\"de-DE\"},{\"@type\":\"Organization\",\"@id\":\"https:\/\/shop.brita.ch\/de\/#organization\",\"name\":\"BRITA Wasserfilter-Systeme AG\",\"alternateName\":\"BRITA\",\"url\":\"https:\/\/shop.brita.ch\/de\/\",\"logo\":{\"@type\":\"ImageObject\",\"inLanguage\":\"de-DE\",\"@id\":\"https:\/\/shop.brita.ch\/de\/#\/schema\/logo\/image\/\",\"url\":\"\/de\/wp-content\/uploads\/2023\/02\/brita-logo.jpg\",\"contentUrl\":\"\/de\/wp-content\/uploads\/2023\/02\/brita-logo.jpg\",\"width\":201,\"height\":42,\"caption\":\"BRITA Wasserfilter-Systeme AG\"},\"image\":{\"@id\":\"https:\/\/shop.brita.ch\/de\/#\/schema\/logo\/image\/\"},\"sameAs\":[\"https:\/\/www.facebook.com\/BRITA.schweiz\",\"https:\/\/www.instagram.com\/brita.schweiz\/\",\"https:\/\/de.linkedin.com\/company\/brita-gmbh\",\"https:\/\/www.youtube.com\/playlist?list=PLzhwO6-T9BJ7PNjKrGsSpVLHGT1s3xUoy\"]}]}<\/script>\n<!-- \/ Yoast SEO plugin. -->","yoast_head_json":{"title":"sodaONE Flaschen f\u00fcr BRITA Wassersprudler | BRITA\u00ae","description":"sodaONE Flaschen f\u00fcr BRITA Wassersprudler: Geniessen Sie zuhause bequem und g\u00fcnstig frisches Sprudelwasser. Jetzt kaufen!","robots":{"index":"index","follow":"follow","max-snippet":"max-snippet:-1","max-image-preview":"max-image-preview:large","max-video-preview":"max-video-preview:-1"},"canonical":"https:\/\/shop.brita.ch\/de\/produkt\/onlineshop-wassersprudler-sodaone-flaschen","og_locale":"de_DE","og_type":"article","og_title":"sodaONE Flaschen f\u00fcr BRITA Wassersprudler | BRITA\u00ae","og_description":"sodaONE Flaschen f\u00fcr BRITA Wassersprudler: Geniessen Sie zuhause bequem und g\u00fcnstig frisches Sprudelwasser. Jetzt kaufen!","og_url":"https:\/\/shop.brita.ch\/de\/produkt\/onlineshop-wassersprudler-sodaone-flaschen","og_site_name":"BRITA","article_publisher":"https:\/\/www.facebook.com\/BRITA.schweiz","article_modified_time":"2026-01-29T12:38:41+00:00","og_image":[{"width":1564,"height":1564,"url":"https:\/\/shop.brita.ch\/de\/wp-content\/uploads\/2021\/06\/brita-watersparkler-sodaone-bottles-hero-visual.jpg","type":"image\/jpeg"}],"twitter_card":"summary_large_image","twitter_misc":{"Est. reading time":"1 Minute"},"schema":{"@context":"https:\/\/schema.org","@graph":[{"@type":"WebPage","@id":"https:\/\/shop.brita.ch\/de\/produkt\/onlineshop-wassersprudler-sodaone-flaschen","url":"https:\/\/shop.brita.ch\/de\/produkt\/onlineshop-wassersprudler-sodaone-flaschen","name":"sodaONE Flaschen f\u00fcr BRITA Wassersprudler | BRITA\u00ae","isPartOf":{"@id":"https:\/\/shop.brita.ch\/de\/#website"},"primaryImageOfPage":{"@id":"https:\/\/shop.brita.ch\/de\/produkt\/onlineshop-wassersprudler-sodaone-flaschen#primaryimage"},"image":{"@id":"https:\/\/shop.brita.ch\/de\/produkt\/onlineshop-wassersprudler-sodaone-flaschen#primaryimage"},"thumbnailUrl":"\/de\/wp-content\/uploads\/2021\/06\/brita-watersparkler-sodaone-bottles-hero-visual.jpg","datePublished":"2021-06-28T12:09:01+00:00","dateModified":"2026-01-29T12:38:41+00:00","description":"sodaONE Flaschen f\u00fcr BRITA Wassersprudler: Geniessen Sie zuhause bequem und g\u00fcnstig frisches Sprudelwasser. Jetzt kaufen!","breadcrumb":{"@id":"https:\/\/shop.brita.ch\/de\/produkt\/onlineshop-wassersprudler-sodaone-flaschen#breadcrumb"},"inLanguage":"de-DE","potentialAction":[{"@type":"ReadAction","target":["https:\/\/shop.brita.ch\/de\/produkt\/onlineshop-wassersprudler-sodaone-flaschen"]}]},{"@type":"ImageObject","inLanguage":"de-DE","@id":"https:\/\/shop.brita.ch\/de\/produkt\/onlineshop-wassersprudler-sodaone-flaschen#primaryimage","url":"\/de\/wp-content\/uploads\/2021\/06\/brita-watersparkler-sodaone-bottles-hero-visual.jpg","contentUrl":"\/de\/wp-content\/uploads\/2021\/06\/brita-watersparkler-sodaone-bottles-hero-visual.jpg","width":1564,"height":1564,"caption":"SodaONE Flaschen"},{"@type":"BreadcrumbList","@id":"https:\/\/shop.brita.ch\/de\/produkt\/onlineshop-wassersprudler-sodaone-flaschen#breadcrumb","itemListElement":[{"@type":"ListItem","position":1,"name":"Startseite","item":"https:\/\/shop.brita.ch\/de\/"},{"@type":"ListItem","position":2,"name":"Produkte","item":"https:\/\/shop.brita.ch\/de\/shop"},{"@type":"ListItem","position":3,"name":"2er Pack Flaschen f\u00fcr den sodaONE Wassersprudler"}]},{"@type":"WebSite","@id":"https:\/\/shop.brita.ch\/de\/#website","url":"https:\/\/shop.brita.ch\/de\/","name":"BRITA\u00ae","description":"Filtrationsl\u00f6sungen","publisher":{"@id":"https:\/\/shop.brita.ch\/de\/#organization"},"alternateName":"BRITA Wassersysteme f\u00fcr Zuhause","potentialAction":[{"@type":"SearchAction","target":{"@type":"EntryPoint","urlTemplate":"https:\/\/shop.brita.ch\/de\/?s={search_term_string}"},"query-input":{"@type":"PropertyValueSpecification","valueRequired":true,"valueName":"search_term_string"}}],"inLanguage":"de-DE"},{"@type":"Organization","@id":"https:\/\/shop.brita.ch\/de\/#organization","name":"BRITA Wasserfilter-Systeme AG","alternateName":"BRITA","url":"https:\/\/shop.brita.ch\/de\/","logo":{"@type":"ImageObject","inLanguage":"de-DE","@id":"https:\/\/shop.brita.ch\/de\/#\/schema\/logo\/image\/","url":"\/de\/wp-content\/uploads\/2023\/02\/brita-logo.jpg","contentUrl":"\/de\/wp-content\/uploads\/2023\/02\/brita-logo.jpg","width":201,"height":42,"caption":"BRITA Wasserfilter-Systeme AG"},"image":{"@id":"https:\/\/shop.brita.ch\/de\/#\/schema\/logo\/image\/"},"sameAs":["https:\/\/www.facebook.com\/BRITA.schweiz","https:\/\/www.instagram.com\/brita.schweiz\/","https:\/\/de.linkedin.com\/company\/brita-gmbh","https:\/\/www.youtube.com\/playlist?list=PLzhwO6-T9BJ7PNjKrGsSpVLHGT1s3xUoy"]}]}},"_links":{"self":[{"href":"https:\/\/shop.brita.ch\/de\/wp-json\/wp\/v2\/product\/14096","targetHints":{"allow":["GET"]}}],"collection":[{"href":"https:\/\/shop.brita.ch\/de\/wp-json\/wp\/v2\/product"}],"about":[{"href":"https:\/\/shop.brita.ch\/de\/wp-json\/wp\/v2\/types\/product"}],"wp:featuredmedia":[{"embeddable":true,"href":"https:\/\/shop.brita.ch\/de\/wp-json\/wp\/v2\/media\/18711"}],"wp:attachment":[{"href":"https:\/\/shop.brita.ch\/de\/wp-json\/wp\/v2\/media?parent=14096"}],"wp:term":[{"taxonomy":"product_brand","embeddable":true,"href":"https:\/\/shop.brita.ch\/de\/wp-json\/wp\/v2\/product_brand?post=14096"},{"taxonomy":"product_cat","embeddable":true,"href":"https:\/\/shop.brita.ch\/de\/wp-json\/wp\/v2\/product_cat?post=14096"},{"taxonomy":"product_tag","embeddable":true,"href":"https:\/\/shop.brita.ch\/de\/wp-json\/wp\/v2\/product_tag?post=14096"}],"curies":[{"name":"wp","href":"https:\/\/api.w.org\/{rel}","templated":true}]}}