{"id":27767,"date":"2025-10-20T10:18:44","date_gmt":"2025-10-20T08:18:44","guid":{"rendered":"https:\/\/shop.brita.ch\/de\/?page_id=27767"},"modified":"2025-10-22T12:19:10","modified_gmt":"2025-10-22T10:19:10","slug":"nachhaltigkeit-und-recycling-bei-brita","status":"publish","type":"page","link":"https:\/\/shop.brita.ch\/de\/nachhaltigkeit-und-recycling-bei-brita","title":{"rendered":"Nachhaltigkeit &#038; Recycling bei BRITA"},"content":{"rendered":"<p>Bei BRITA steht nachhaltiges Handeln im Mittelpunkt. Wir entwickeln seit \u00fcber 50 Jahren L\u00f6sungen, die den verantwortungsvollen Umgang mit Wasser f\u00f6rdern \u2013 und dabei Umwelt und Ressourcen schonen. Mit innovativen Produkten, einem etablierten Recycling-Programm und klaren Zielen gestalten wir aktiv eine lebenswerte Zukunft.<\/p>\n<p>Seit mehr als 30 Jahren recyceln wir unsere Wasserfilter-Kartuschen. Bereits \u00fcber ein Jahrzehnt lang beziehen wir \u00d6kostrom. Damit waren wir bei BRITA nachhaltig, lange bevor der Begriff in aller Munde war. Weil wir Verantwortung \u00fcbernehmen wollen. F\u00fcr unsere Produkte. F\u00fcr die Umwelt. F\u00fcr die Menschen.<\/p>\n<h2 style=\"margin-top: 48px;\">Das BRITA Recycling-Programm<\/h2>\n<p>\u201eWarum sollen wir das Recycling unserer Filter-Kartuschen anderen \u00fcberlassen, wenn wir das zusammen mit unseren Partnern auch selbst \u00fcbernehmen k\u00f6nnen?\u201c Das dachte sich BRITA Gr\u00fcnder Heinz Hankammer als er 1992 das Recycling-Programm f\u00fcr BRITA Kartuschen ins Leben rief. Damals noch echte Pionierarbeit!<\/p>\n<p>Gesagt getan: Seitdem werden Wasserfilter-Kartuschen, die in die BRITA Zentrale in Deutschland gebracht werden, in der unternehmenseigenen Anlage getrennt und zur Wiederverwertung verteilt. Manches Filtermaterial regenerieren wir zudem selbst und verwenden es in neuen Wasserfilter-Kartuschen wieder \u2013 so schliesst sich der Materialkreislauf.<\/p>\n<h3 style=\"margin-top: 48px;\">Ressourcen schonen \u2013 einfach und effektiv<\/h3>\n<p>In einem mehrstufigen Verfahren werden die Bestandteile der ersch\u00f6pften Kartusche getrennt und wiederverwertet. Zu den drei wichtigsten Komponenten z\u00e4hlen:<\/p>\n<div class=\"tiles\">\n<div class=\"tile-paragraph\">\n<p><img decoding=\"async\" class=\"alignnone size-full wp-image-27780\" src=\"\/de\/wp-content\/uploads\/2025\/10\/Kartuschen-vor-Trennanlage-1.webp\" alt=\"\" width=\"100%\" height=\"auto\" srcset=\"\/de\/wp-content\/uploads\/2025\/10\/Kartuschen-vor-Trennanlage-1.webp 1800w, \/de\/wp-content\/uploads\/2025\/10\/Kartuschen-vor-Trennanlage-1-300x200.webp 300w, \/de\/wp-content\/uploads\/2025\/10\/Kartuschen-vor-Trennanlage-1-640x427.webp 640w, \/de\/wp-content\/uploads\/2025\/10\/Kartuschen-vor-Trennanlage-1-768x512.webp 768w, \/de\/wp-content\/uploads\/2025\/10\/Kartuschen-vor-Trennanlage-1-1536x1024.webp 1536w, \/de\/wp-content\/uploads\/2025\/10\/Kartuschen-vor-Trennanlage-1-600x400.webp 600w\" sizes=\"(max-width: 1800px) 100vw, 1800px\" \/><\/p>\n<div class=\"tile-text\">\n<h4>Kunststoffgeh\u00e4use<\/h4>\n<p>Das Plastikgeh\u00e4use wird zun\u00e4chst vor Ort zerkleinert und anschliessend von Partnerunternehmen abgeholt. Diese reinigen und trennen das Plastik und mahlen es anschliessend zu Granulat. Aus diesem kann die Kunststoffindustrie dann wiederum neue Kunststoffteile herstellen<\/p>\n<\/div>\n<\/div>\n<div class=\"tile-paragraph\">\n<p><img decoding=\"async\" class=\"alignnone size-full wp-image-27779\" src=\"\/de\/wp-content\/uploads\/2025\/10\/Aktivkohle.webp\" alt=\"\" width=\"100%\" height=\"auto\" srcset=\"\/de\/wp-content\/uploads\/2025\/10\/Aktivkohle.webp 1800w, \/de\/wp-content\/uploads\/2025\/10\/Aktivkohle-300x200.webp 300w, \/de\/wp-content\/uploads\/2025\/10\/Aktivkohle-640x427.webp 640w, \/de\/wp-content\/uploads\/2025\/10\/Aktivkohle-768x512.webp 768w, \/de\/wp-content\/uploads\/2025\/10\/Aktivkohle-1536x1024.webp 1536w, \/de\/wp-content\/uploads\/2025\/10\/Aktivkohle-600x400.webp 600w\" sizes=\"(max-width: 1800px) 100vw, 1800px\" \/><\/p>\n<div class=\"tile-text\">\n<h4>Aktivkohle<\/h4>\n<p>Die Aktivkohle wird an Aktivkohle-Lieferanten zur\u00fcckgegeben. Diese bereiten sie wieder auf und setzen sie f\u00fcr verschiedene Filterprozesse (z. B. in der Abwasserbehandlung) wieder ein<\/p>\n<\/div>\n<\/div>\n<div class=\"tile-paragraph\">\n<p><img decoding=\"async\" class=\"alignnone size-full wp-image-27778\" src=\"\/de\/wp-content\/uploads\/2025\/10\/Ionenaustauscher-2_1.webp\" alt=\"\" width=\"100%\" height=\"auto\" srcset=\"\/de\/wp-content\/uploads\/2025\/10\/Ionenaustauscher-2_1.webp 1800w, \/de\/wp-content\/uploads\/2025\/10\/Ionenaustauscher-2_1-300x200.webp 300w, \/de\/wp-content\/uploads\/2025\/10\/Ionenaustauscher-2_1-640x427.webp 640w, \/de\/wp-content\/uploads\/2025\/10\/Ionenaustauscher-2_1-768x512.webp 768w, \/de\/wp-content\/uploads\/2025\/10\/Ionenaustauscher-2_1-1536x1024.webp 1536w, \/de\/wp-content\/uploads\/2025\/10\/Ionenaustauscher-2_1-600x400.webp 600w\" sizes=\"(max-width: 1800px) 100vw, 1800px\" \/><\/p>\n<div class=\"tile-text\">\n<h4>Ionenaustauscher<\/h4>\n<p>In unserer eigenen Anlage wird der Ionenaustauscher regeneriert und neuen Wasserfilter-Kartuschen beigemischt. So k\u00f6nnen neue BRITA Filter-Kartuschen regenerierte Ionenaustauscher enthalten \u2013 und dies bei gleicher Qualit\u00e4t und Leistung<\/p>\n<\/div>\n<\/div>\n<\/div>\n<h3 style=\"margin-top: 48px;\">BRITA Wasserfilter-Kartuschen recyceln \u2013 so geht\u2018s<\/h3>\n<p>Bei Ihrer n\u00e4chsten Bestellung in unserem Online-Shop k\u00f6nnen Sie eine Nachricht hinterlassen und um GAS-Etiketten bitten, um Ihre verbrauchten Wasserfilter-Kartuschen kostenlos zur\u00fcckzusenden. Oder Sie wenden sich an unseren Kundenservice.<\/p>\n<p>Dar\u00fcber hinaus arbeiten wir bereits mit einigen Handelspartnern zusammen, um die R\u00fcckgabe von Kartuschen so unkompliziert wie m\u00f6glich zu machen.<\/p>\n<p>Sie k\u00f6nnen bei einem BRITA H\u00e4ndler, z.B. Migros, Coop oder Media Markt, Ihre ersch\u00f6pften Kartuschen direkt im Gesch\u00e4ft abgeben. Das geht in vielen L\u00e4den bei Recycling-Stationen oder an der Infotheke, wo unter anderem auch Altbatterien gesammelt werden. Sobald ausreichende Mengen gesammelt wurden, holen wir die Kartuschen ab und transportieren sie zu unserer Recyclinganlage.<\/p>\n<div class=\"recycling-facts\" style=\"margin-top: 48px;\">\n<h2>Ihre Rolle \u2013 Nachhaltig handeln leicht gemacht<\/h2>\n<p>Mit kleinen Schritten k\u00f6nnen Sie Grosses bewirken:<\/p>\n<ul>\n<li><strong>Kartuschen zur\u00fcckgeben<\/strong><br \/>\nFinden Sie eine R\u00fcckgabestelle in Ihrer N\u00e4he oder geben Sie bei Ihrer n\u00e4chsten Bestellung im Online-Shop an, dass Sie Ihre Kartuschen recyceln m\u00f6chten. Damit helfen Sie mit, wertvolle Ressourcen zu erhalten.<\/li>\n<li><strong>Nachhaltige Produkte w\u00e4hlen<\/strong><br \/>\nEntdecken Sie unsere <a href=\"https:\/\/shop.brita.ch\/de\/trinkflaschen-mit-filter\">wiederverwendbaren Trinkflaschen<\/a> und langlebigen Filterl\u00f6sungen, wie <a href=\"https:\/\/shop.brita.ch\/de\/wasserfiltersysteme\">Tischwasserfilter<\/a> oder <a href=\"https:\/\/shop.brita.ch\/de\/kuechenarmaturen-mit-filter\">K\u00fcchenarmaturen mit Filter<\/a>.<\/li>\n<li><strong>Bewusst leben<\/strong><br \/>\nNutzen Sie gefiltertes Leitungswasser, vermeiden Sie Plastik und setzen Sie auf langlebige Produkte.<\/li>\n<\/ul>\n<\/div>\n<p>&nbsp;<\/p>\n<div class=\"plant\"><img decoding=\"async\" class=\"\" style=\"object-fit: cover;\" src=\"\/de\/wp-content\/uploads\/2025\/10\/2021_Sustainability_tiny_fern-1.webp\" alt=\"\" width=\"100%\" height=\"auto\" \/><\/div>\n<p>&nbsp;<\/p>\n<h2>Nachhaltiges Handeln ist bei uns Chefsache \u2013 und Teil unserer Unternehmens-Kennzahlen<\/h2>\n<p>In unserer Unternehmensstrategie bildet Nachhaltigkeit das Herzst\u00fcck. Mit der\u00a0<strong>Planet Contribution<\/strong>\u00a0haben wir eine eigene Kennzahl eingef\u00fchrt, die unseren nachhaltigen Beitrag gleichwertig neben Umsatz und Gewinn misst. Zus\u00e4tzlich haben wir mit der\u00a0<strong>Sustainability Charter<\/strong>\u00a0konkrete Ziele definiert, an denen wir weiterarbeiten wollen. So wollen wir den Einsatz von fabrikneuen Kunststoffen und Verpackungsmaterialien verringern, die Recycling-Quote erh\u00f6hen und die Emissionen unseres Unternehmens und unserer Produkte reduzieren.<\/p>\n","protected":false},"excerpt":{"rendered":"<p>Bei BRITA steht nachhaltiges Handeln im Mittelpunkt. Wir entwickeln seit \u00fcber 50 Jahren L\u00f6sungen, die den verantwortungsvollen Umgang mit Wasser f\u00f6rdern \u2013 und dabei Umwelt und Ressourcen schonen. Mit innovativen Produkten, einem etablierten Recycling-Programm und klaren Zielen gestalten wir aktiv eine lebenswerte Zukunft. Seit mehr als 30 Jahren recyceln wir unsere Wasserfilter-Kartuschen. Bereits \u00fcber ein [&#8230;]<\/p>\n<p><a class=\"btn btn-secondary understrap-read-more-link\" href=\"https:\/\/shop.brita.ch\/de\/nachhaltigkeit-und-recycling-bei-brita\">Weiterlesen&#8230;<\/a><\/p>\n","protected":false},"author":8,"featured_media":0,"parent":0,"menu_order":0,"comment_status":"closed","ping_status":"closed","template":"stage-page.php","meta":{"footnotes":""},"class_list":["post-27767","page","type-page","status-publish","hentry"],"yoast_head":"<!-- This site is optimized with the Yoast SEO plugin v26.6 - https:\/\/yoast.com\/wordpress\/plugins\/seo\/ -->\n<title>Nachhaltigkeit &amp; Recycling bei BRITA - BRITA<\/title>\n<meta name=\"description\" content=\"BRITA recycelt Wasserfilter-Kartuschen seit 1992. Mit nachhaltigen Produkten und klaren Zielen gestalten wir eine bessere Zukunft \u2013 machen Sie mit!\" \/>\n<meta name=\"robots\" content=\"index, follow, max-snippet:-1, max-image-preview:large, max-video-preview:-1\" \/>\n<link rel=\"canonical\" href=\"https:\/\/shop.brita.ch\/de\/nachhaltigkeit-und-recycling-bei-brita\" \/>\n<meta property=\"og:locale\" content=\"de_DE\" \/>\n<meta property=\"og:type\" content=\"article\" \/>\n<meta property=\"og:title\" content=\"Nachhaltigkeit &amp; Recycling bei BRITA - BRITA\" \/>\n<meta property=\"og:description\" content=\"BRITA recycelt Wasserfilter-Kartuschen seit 1992. Mit nachhaltigen Produkten und klaren Zielen gestalten wir eine bessere Zukunft \u2013 machen Sie mit!\" \/>\n<meta property=\"og:url\" content=\"https:\/\/shop.brita.ch\/de\/nachhaltigkeit-und-recycling-bei-brita\" \/>\n<meta property=\"og:site_name\" content=\"BRITA\" \/>\n<meta property=\"article:publisher\" content=\"https:\/\/www.facebook.com\/BRITA.schweiz\" \/>\n<meta property=\"article:modified_time\" content=\"2025-10-22T10:19:10+00:00\" \/>\n<meta property=\"og:image\" content=\"https:\/\/shop.brita.ch\/de\/wp-content\/uploads\/2025\/03\/brita-consumer-og-1200x630-shop-produkte.jpg\" \/>\n\t<meta property=\"og:image:width\" content=\"1200\" \/>\n\t<meta property=\"og:image:height\" content=\"630\" \/>\n\t<meta property=\"og:image:type\" content=\"image\/jpeg\" \/>\n<meta name=\"twitter:card\" content=\"summary_large_image\" \/>\n<meta name=\"twitter:label1\" content=\"Est. reading time\" \/>\n\t<meta name=\"twitter:data1\" content=\"4 Minuten\" \/>\n<script type=\"application\/ld+json\" class=\"yoast-schema-graph\">{\"@context\":\"https:\/\/schema.org\",\"@graph\":[{\"@type\":\"WebPage\",\"@id\":\"https:\/\/shop.brita.ch\/de\/nachhaltigkeit-und-recycling-bei-brita\",\"url\":\"https:\/\/shop.brita.ch\/de\/nachhaltigkeit-und-recycling-bei-brita\",\"name\":\"Nachhaltigkeit & Recycling bei BRITA - BRITA\",\"isPartOf\":{\"@id\":\"https:\/\/shop.brita.ch\/de\/#website\"},\"datePublished\":\"2025-10-20T08:18:44+00:00\",\"dateModified\":\"2025-10-22T10:19:10+00:00\",\"description\":\"BRITA recycelt Wasserfilter-Kartuschen seit 1992. Mit nachhaltigen Produkten und klaren Zielen gestalten wir eine bessere Zukunft \u2013 machen Sie mit!\",\"breadcrumb\":{\"@id\":\"https:\/\/shop.brita.ch\/de\/nachhaltigkeit-und-recycling-bei-brita#breadcrumb\"},\"inLanguage\":\"de-DE\",\"potentialAction\":[{\"@type\":\"ReadAction\",\"target\":[\"https:\/\/shop.brita.ch\/de\/nachhaltigkeit-und-recycling-bei-brita\"]}]},{\"@type\":\"BreadcrumbList\",\"@id\":\"https:\/\/shop.brita.ch\/de\/nachhaltigkeit-und-recycling-bei-brita#breadcrumb\",\"itemListElement\":[{\"@type\":\"ListItem\",\"position\":1,\"name\":\"Startseite\",\"item\":\"https:\/\/shop.brita.ch\/de\/\"},{\"@type\":\"ListItem\",\"position\":2,\"name\":\"Nachhaltigkeit &#038; Recycling bei BRITA\"}]},{\"@type\":\"WebSite\",\"@id\":\"https:\/\/shop.brita.ch\/de\/#website\",\"url\":\"https:\/\/shop.brita.ch\/de\/\",\"name\":\"BRITA\u00ae\",\"description\":\"Filtrationsl\u00f6sungen\",\"publisher\":{\"@id\":\"https:\/\/shop.brita.ch\/de\/#organization\"},\"alternateName\":\"BRITA Wassersysteme f\u00fcr Zuhause\",\"potentialAction\":[{\"@type\":\"SearchAction\",\"target\":{\"@type\":\"EntryPoint\",\"urlTemplate\":\"https:\/\/shop.brita.ch\/de\/?s={search_term_string}\"},\"query-input\":{\"@type\":\"PropertyValueSpecification\",\"valueRequired\":true,\"valueName\":\"search_term_string\"}}],\"inLanguage\":\"de-DE\"},{\"@type\":\"Organization\",\"@id\":\"https:\/\/shop.brita.ch\/de\/#organization\",\"name\":\"BRITA Wasserfilter-Systeme AG\",\"alternateName\":\"BRITA\",\"url\":\"https:\/\/shop.brita.ch\/de\/\",\"logo\":{\"@type\":\"ImageObject\",\"inLanguage\":\"de-DE\",\"@id\":\"https:\/\/shop.brita.ch\/de\/#\/schema\/logo\/image\/\",\"url\":\"\/de\/wp-content\/uploads\/2023\/02\/brita-logo.jpg\",\"contentUrl\":\"\/de\/wp-content\/uploads\/2023\/02\/brita-logo.jpg\",\"width\":201,\"height\":42,\"caption\":\"BRITA Wasserfilter-Systeme AG\"},\"image\":{\"@id\":\"https:\/\/shop.brita.ch\/de\/#\/schema\/logo\/image\/\"},\"sameAs\":[\"https:\/\/www.facebook.com\/BRITA.schweiz\",\"https:\/\/www.instagram.com\/brita.schweiz\/\",\"https:\/\/de.linkedin.com\/company\/brita-gmbh\",\"https:\/\/www.youtube.com\/playlist?list=PLzhwO6-T9BJ7PNjKrGsSpVLHGT1s3xUoy\"]}]}<\/script>\n<!-- \/ Yoast SEO plugin. -->","yoast_head_json":{"title":"Nachhaltigkeit & Recycling bei BRITA - BRITA","description":"BRITA recycelt Wasserfilter-Kartuschen seit 1992. Mit nachhaltigen Produkten und klaren Zielen gestalten wir eine bessere Zukunft \u2013 machen Sie mit!","robots":{"index":"index","follow":"follow","max-snippet":"max-snippet:-1","max-image-preview":"max-image-preview:large","max-video-preview":"max-video-preview:-1"},"canonical":"https:\/\/shop.brita.ch\/de\/nachhaltigkeit-und-recycling-bei-brita","og_locale":"de_DE","og_type":"article","og_title":"Nachhaltigkeit & Recycling bei BRITA - BRITA","og_description":"BRITA recycelt Wasserfilter-Kartuschen seit 1992. Mit nachhaltigen Produkten und klaren Zielen gestalten wir eine bessere Zukunft \u2013 machen Sie mit!","og_url":"https:\/\/shop.brita.ch\/de\/nachhaltigkeit-und-recycling-bei-brita","og_site_name":"BRITA","article_publisher":"https:\/\/www.facebook.com\/BRITA.schweiz","article_modified_time":"2025-10-22T10:19:10+00:00","og_image":[{"width":1200,"height":630,"url":"https:\/\/shop.brita.ch\/de\/wp-content\/uploads\/2025\/03\/brita-consumer-og-1200x630-shop-produkte.jpg","type":"image\/jpeg"}],"twitter_card":"summary_large_image","twitter_misc":{"Est. reading time":"4 Minuten"},"schema":{"@context":"https:\/\/schema.org","@graph":[{"@type":"WebPage","@id":"https:\/\/shop.brita.ch\/de\/nachhaltigkeit-und-recycling-bei-brita","url":"https:\/\/shop.brita.ch\/de\/nachhaltigkeit-und-recycling-bei-brita","name":"Nachhaltigkeit & Recycling bei BRITA - BRITA","isPartOf":{"@id":"https:\/\/shop.brita.ch\/de\/#website"},"datePublished":"2025-10-20T08:18:44+00:00","dateModified":"2025-10-22T10:19:10+00:00","description":"BRITA recycelt Wasserfilter-Kartuschen seit 1992. Mit nachhaltigen Produkten und klaren Zielen gestalten wir eine bessere Zukunft \u2013 machen Sie mit!","breadcrumb":{"@id":"https:\/\/shop.brita.ch\/de\/nachhaltigkeit-und-recycling-bei-brita#breadcrumb"},"inLanguage":"de-DE","potentialAction":[{"@type":"ReadAction","target":["https:\/\/shop.brita.ch\/de\/nachhaltigkeit-und-recycling-bei-brita"]}]},{"@type":"BreadcrumbList","@id":"https:\/\/shop.brita.ch\/de\/nachhaltigkeit-und-recycling-bei-brita#breadcrumb","itemListElement":[{"@type":"ListItem","position":1,"name":"Startseite","item":"https:\/\/shop.brita.ch\/de\/"},{"@type":"ListItem","position":2,"name":"Nachhaltigkeit &#038; Recycling bei BRITA"}]},{"@type":"WebSite","@id":"https:\/\/shop.brita.ch\/de\/#website","url":"https:\/\/shop.brita.ch\/de\/","name":"BRITA\u00ae","description":"Filtrationsl\u00f6sungen","publisher":{"@id":"https:\/\/shop.brita.ch\/de\/#organization"},"alternateName":"BRITA Wassersysteme f\u00fcr Zuhause","potentialAction":[{"@type":"SearchAction","target":{"@type":"EntryPoint","urlTemplate":"https:\/\/shop.brita.ch\/de\/?s={search_term_string}"},"query-input":{"@type":"PropertyValueSpecification","valueRequired":true,"valueName":"search_term_string"}}],"inLanguage":"de-DE"},{"@type":"Organization","@id":"https:\/\/shop.brita.ch\/de\/#organization","name":"BRITA Wasserfilter-Systeme AG","alternateName":"BRITA","url":"https:\/\/shop.brita.ch\/de\/","logo":{"@type":"ImageObject","inLanguage":"de-DE","@id":"https:\/\/shop.brita.ch\/de\/#\/schema\/logo\/image\/","url":"\/de\/wp-content\/uploads\/2023\/02\/brita-logo.jpg","contentUrl":"\/de\/wp-content\/uploads\/2023\/02\/brita-logo.jpg","width":201,"height":42,"caption":"BRITA Wasserfilter-Systeme AG"},"image":{"@id":"https:\/\/shop.brita.ch\/de\/#\/schema\/logo\/image\/"},"sameAs":["https:\/\/www.facebook.com\/BRITA.schweiz","https:\/\/www.instagram.com\/brita.schweiz\/","https:\/\/de.linkedin.com\/company\/brita-gmbh","https:\/\/www.youtube.com\/playlist?list=PLzhwO6-T9BJ7PNjKrGsSpVLHGT1s3xUoy"]}]}},"_links":{"self":[{"href":"https:\/\/shop.brita.ch\/de\/wp-json\/wp\/v2\/pages\/27767","targetHints":{"allow":["GET"]}}],"collection":[{"href":"https:\/\/shop.brita.ch\/de\/wp-json\/wp\/v2\/pages"}],"about":[{"href":"https:\/\/shop.brita.ch\/de\/wp-json\/wp\/v2\/types\/page"}],"author":[{"embeddable":true,"href":"https:\/\/shop.brita.ch\/de\/wp-json\/wp\/v2\/users\/8"}],"replies":[{"embeddable":true,"href":"https:\/\/shop.brita.ch\/de\/wp-json\/wp\/v2\/comments?post=27767"}],"version-history":[{"count":5,"href":"https:\/\/shop.brita.ch\/de\/wp-json\/wp\/v2\/pages\/27767\/revisions"}],"predecessor-version":[{"id":27838,"href":"https:\/\/shop.brita.ch\/de\/wp-json\/wp\/v2\/pages\/27767\/revisions\/27838"}],"wp:attachment":[{"href":"https:\/\/shop.brita.ch\/de\/wp-json\/wp\/v2\/media?parent=27767"}],"curies":[{"name":"wp","href":"https:\/\/api.w.org\/{rel}","templated":true}]}}