{"id":1187,"date":"2018-10-22T11:43:23","date_gmt":"2018-10-22T09:43:23","guid":{"rendered":"https:\/\/shop.brita.ch\/?page_id=1187"},"modified":"2025-07-22T13:20:05","modified_gmt":"2025-07-22T11:20:05","slug":"faq","status":"publish","type":"page","link":"https:\/\/shop.brita.ch\/de\/wasserfiltersysteme\/faq","title":{"rendered":"Fragen rund um Ihre Bestellung"},"content":{"rendered":"<h2 class=\"lead text-center\">Onlineshop BRITA Wassersysteme f\u00fcr Zuhause<\/h2>\r\n<div id=\"accordion-1\" class=\"accordion no-js\">\n\t\t\t\t\t<h3\t\t\t\trole=\"button\"\n\t\t\t\tid=\"accordion-1-t1\"\n\t\t\t\tclass=\"accordion-title js-accordion-controller\"\n\t\t\t\taria-controls=\"accordion-1-c1\"\n\t\t\t\taria-expanded=\"false\"\n\t\t\t\ttabindex=\"0\"\n\t\t\t\t\t\t\t>\n\t\t\t\tProdukte finden &amp; ausw\u00e4hlen\t\t\t<\/h3>\n\t\t\n\t\t<div\t\t\tid=\"accordion-1-c1\"\n\t\t\tclass=\"accordion-content\"\n\t\t\taria-hidden=\"true\"\n\t\t>\n\t\t\t<\/p>\r\n<h4>Produkte ausw\u00e4hlen<\/h4>\r\n<p>Sch\u00f6n, dass Sie sich f\u00fcr BRITA Produkte interessieren. Um Ihren Einkauf zu t\u00e4tigen, k\u00f6nnen Sie die gew\u00fcnschten Artikel in Ihren Warenkorb legen.<\/p>\r\n<h4>Produkte finden<\/h4>\r\n<p>St\u00f6bern Sie durch die BRITA Produktwelten, um Ihr gew\u00fcnschtes Produkt zu finden.<\/p>\r\n<h4>Warenkorb benutzen<\/h4>\r\n<p>\u00dcber das Warenkorb-Symbol oben rechts kommen Sie von jeder Seite aus zur \u00dcbersicht Ihrer ausgew\u00e4hlten Produkte. Hier k\u00f6nnen Sie sich Produktdetails noch einmal ansehen und ggf. Produkte von der Liste entfernen. Mit einem Klick auf &#8222;Weiter&#8220; k\u00f6nnen Sie den Bestellvorgang fortsetzen. \t\t<\/div>\n\n\t\t \n\t\t\t\t\t<h3\t\t\t\trole=\"button\"\n\t\t\t\tid=\"accordion-1-t2\"\n\t\t\t\tclass=\"accordion-title js-accordion-controller\"\n\t\t\t\taria-controls=\"accordion-1-c2\"\n\t\t\t\taria-expanded=\"false\"\n\t\t\t\ttabindex=\"0\"\n\t\t\t\t\t\t\t>\n\t\t\t\tDer Bestellvorgang\t\t\t<\/h3>\n\t\t\n\t\t<div\t\t\tid=\"accordion-1-c2\"\n\t\t\tclass=\"accordion-content\"\n\t\t\taria-hidden=\"true\"\n\t\t>\n\t\t\t Um eine Bestellung durchzuf\u00fchren, gehen Sie zu Ihrem Warenkorb und klicken Sie unten auf &#8222;Weiter&#8220;. Ab dann werden Sie Schritt f\u00fcr Schritt durch den Bestellvorgang geleitet. Bevor Sie Ihre Bestellung verbindlich abschicken, werden noch einmal alle Details Ihrer Bestellung in der \u00dcbersicht angezeigt. \t\t<\/div>\n\n\t\t \n\t\t\t\t\t<h3\t\t\t\trole=\"button\"\n\t\t\t\tid=\"accordion-1-t3\"\n\t\t\t\tclass=\"accordion-title js-accordion-controller\"\n\t\t\t\taria-controls=\"accordion-1-c3\"\n\t\t\t\taria-expanded=\"false\"\n\t\t\t\ttabindex=\"0\"\n\t\t\t\t\t\t\t>\n\t\t\t\tBestellm\u00f6glichkeiten\t\t\t<\/h3>\n\t\t\n\t\t<div\t\t\tid=\"accordion-1-c3\"\n\t\t\tclass=\"accordion-content\"\n\t\t\taria-hidden=\"true\"\n\t\t>\n\t\t\t BRITA Produkte k\u00f6nnen Sie im BRITA Online-Shop nur \u00fcber die Bestellfunktion einkaufen. Sammeln Sie einfach die gew\u00fcnschten Artikel in Ihrem Warenkorb und f\u00fchren Sie von dort schrittweise den Bestellvorgang durch. Eine Bestellung \u00fcber das Kontaktformular ist nicht m\u00f6glich, da die Daten hier nicht SSL-verschl\u00fcsselt \u00fcbertragen werden. <br \/><br \/>Unser Kundendienst-Service steht Ihnen gerne unter der Rufnummer 041 932 42 10 in der Zeit von Mo bis Do von 08:00 bis 12:00 Uhr \/ 13.30 bis 17.00 Uhr und Fr 08:00 bis 12:00 Uhr \/ 13.30 bis 16.00 Uhr beratend zur Seite. \t\t<\/div>\n\n\t\t \n\t\t\t\t\t<h3\t\t\t\trole=\"button\"\n\t\t\t\tid=\"accordion-1-t4\"\n\t\t\t\tclass=\"accordion-title js-accordion-controller\"\n\t\t\t\taria-controls=\"accordion-1-c4\"\n\t\t\t\taria-expanded=\"false\"\n\t\t\t\ttabindex=\"0\"\n\t\t\t\t\t\t\t>\n\t\t\t\tBestellungen aus dem Ausland\t\t\t<\/h3>\n\t\t\n\t\t<div\t\t\tid=\"accordion-1-c4\"\n\t\t\tclass=\"accordion-content\"\n\t\t\taria-hidden=\"true\"\n\t\t>\n\t\t\t Lieferungen k\u00f6nnen nur innerhalb der Schweiz erfolgen. Bestellungen aus dem Ausland sind \u00fcber diesen BRITA Online-Shop leider nicht m\u00f6glich. Vielen Dank f\u00fcr Ihr Verst\u00e4ndnis. \t\t<\/div>\n\n\t\t<\/div>\r\n<h3>Bezahlen im Online-Shop<\/h3>\r\n<div id=\"accordion-2\" class=\"accordion no-js\">\n\t\t\t\t\t<h3\t\t\t\trole=\"button\"\n\t\t\t\tid=\"accordion-2-t1\"\n\t\t\t\tclass=\"accordion-title js-accordion-controller\"\n\t\t\t\taria-controls=\"accordion-2-c1\"\n\t\t\t\taria-expanded=\"false\"\n\t\t\t\ttabindex=\"0\"\n\t\t\t\t\t\t\t>\n\t\t\t\tZahlungsarten\t\t\t<\/h3>\n\t\t\n\t\t<div\t\t\tid=\"accordion-2-c1\"\n\t\t\tclass=\"accordion-content\"\n\t\t\taria-hidden=\"true\"\n\t\t>\n\t\t\t Die online Bezahlung von Waren erfolgt \u00fcber PostFinance Card, PostFinance E-Finance, TWINT, Apple Pay, Google Pay, sowie folgende Kreditkarten: MasterCard, VISA. \t\t<\/div>\n\n\t\t \n\t\t\t\t\t<h3\t\t\t\trole=\"button\"\n\t\t\t\tid=\"accordion-2-t2\"\n\t\t\t\tclass=\"accordion-title js-accordion-controller\"\n\t\t\t\taria-controls=\"accordion-2-c2\"\n\t\t\t\taria-expanded=\"false\"\n\t\t\t\ttabindex=\"0\"\n\t\t\t\t\t\t\t>\n\t\t\t\tVertragspartner\t\t\t<\/h3>\n\t\t\n\t\t<div\t\t\tid=\"accordion-2-c2\"\n\t\t\tclass=\"accordion-content\"\n\t\t\taria-hidden=\"true\"\n\t\t>\n\t\t\t Der Vertrag kommt mit der BRITA AG, 6025 Neudorf zustande, soweit nicht ausdr\u00fccklich anders angegeben. <br \/><br \/>Anschrift: <br \/><strong>BRITA Wasser-Filter-Systeme AG<\/strong> <br \/>6025 Neudorf \/ LU <br \/>Tel.: 041 932 42 10\u2028 <br \/>Fax.: 041 932 42 11 <br \/>Mail: info-cpd@brita.net <br \/>Internet: www.brita.ch <br \/>Handelsregister 21644; Amtsgericht Wiesbaden <br \/>UST-ID: DE 814378411 <br \/>Vertretungsberechtigter: Markus Hankammer \t\t<\/div>\n\n\t\t<\/div>\r\n<h3>Lieferung und Sendungsverfolgung<\/h3>\r\n<div id=\"accordion-3\" class=\"accordion no-js\">\n\t\t\t\t\t<h3\t\t\t\trole=\"button\"\n\t\t\t\tid=\"accordion-3-t1\"\n\t\t\t\tclass=\"accordion-title js-accordion-controller\"\n\t\t\t\taria-controls=\"accordion-3-c1\"\n\t\t\t\taria-expanded=\"false\"\n\t\t\t\ttabindex=\"0\"\n\t\t\t\t\t\t\t>\n\t\t\t\tLieferadresse\t\t\t<\/h3>\n\t\t\n\t\t<div\t\t\tid=\"accordion-3-c1\"\n\t\t\tclass=\"accordion-content\"\n\t\t\taria-hidden=\"true\"\n\t\t>\n\t\t\t Lieferungen k\u00f6nnen nur innerhalb der Schweiz erfolgen. Bestellungen aus dem Ausland sind \u00fcber den BRITA Online-Shop nicht m\u00f6glich. \t\t<\/div>\n\n\t\t \n\t\t\t\t\t<h3\t\t\t\trole=\"button\"\n\t\t\t\tid=\"accordion-3-t2\"\n\t\t\t\tclass=\"accordion-title js-accordion-controller\"\n\t\t\t\taria-controls=\"accordion-3-c2\"\n\t\t\t\taria-expanded=\"false\"\n\t\t\t\ttabindex=\"0\"\n\t\t\t\t\t\t\t>\n\t\t\t\tPreise, Versandkosten und Gew\u00e4hrleistung\t\t\t<\/h3>\n\t\t\n\t\t<div\t\t\tid=\"accordion-3-c2\"\n\t\t\tclass=\"accordion-content\"\n\t\t\taria-hidden=\"true\"\n\t\t>\n\t\t\t Alle Preise sind in CHF, enthalten die gesetzliche MWSt. in H\u00f6he von 8.1%. Es gilt jeweils der Preis zum Zeitpunkt der Bestellung.<br \/><br \/>Im BRITA Online-Shop ist die Lieferung f\u00fcr Sie kostenfrei.<br \/><br \/>Falls gelieferte Artikel offensichtliche Material- oder Herstellungsfehler aufweisen, reklamieren Sie dies bitte: Entweder telefonisch \u00fcber unseren BRITA Verbraucher- Service unter 041 932 42 10 oder schriftlich per E-Mail an: info-cpd@brita.net \t\t<\/div>\n\n\t\t<\/div>\r\n<h3>R\u00fcckgabe und Reklamationen<\/h3>\r\n<div id=\"accordion-4\" class=\"accordion no-js\">\n\t\t\t\t\t<h3\t\t\t\trole=\"button\"\n\t\t\t\tid=\"accordion-4-t1\"\n\t\t\t\tclass=\"accordion-title js-accordion-controller\"\n\t\t\t\taria-controls=\"accordion-4-c1\"\n\t\t\t\taria-expanded=\"false\"\n\t\t\t\ttabindex=\"0\"\n\t\t\t\t\t\t\t>\n\t\t\t\tFristen und Regeln\t\t\t<\/h3>\n\t\t\n\t\t<div\t\t\tid=\"accordion-4-c1\"\n\t\t\tclass=\"accordion-content\"\n\t\t\taria-hidden=\"true\"\n\t\t>\n\t\t\t Wir m\u00f6chten nat\u00fcrlich, dass Sie mit Ihrem neuen BRITA Produkt rundum zufrieden sind. Sollten Sie das einmal nicht sein, haben Sie das Recht auf Widerruf. Bis zu 30 Tage nach Erhalt der Ware k\u00f6nnen Sie diese ohne Angabe von Gr\u00fcnden an uns zur\u00fcck schicken. Zur Fristwahrung gen\u00fcgt die rechtzeitige Absendung. <br \/><br \/>Nach Eingang der Ware bei uns wird Ihnen der Warenwert sowie die Kosten der R\u00fccksendung innerhalb von zwei Wochen zur\u00fcckerstattet, sofern die Rechnung bereits beglichen worden ist. \t\t<\/div>\n\n\t\t\n\t\t\t\t\t<h3\t\t\t\trole=\"button\"\n\t\t\t\tid=\"accordion-4-t2\"\n\t\t\t\tclass=\"accordion-title js-accordion-controller\"\n\t\t\t\taria-controls=\"accordion-4-c2\"\n\t\t\t\taria-expanded=\"false\"\n\t\t\t\ttabindex=\"0\"\n\t\t\t\t\t\t\t>\n\t\t\t\tSch\u00e4den und Bedienungsfehler\t\t\t<\/h3>\n\t\t\n\t\t<div\t\t\tid=\"accordion-4-c2\"\n\t\t\tclass=\"accordion-content\"\n\t\t\taria-hidden=\"true\"\n\t\t>\n\t\t\t Wir bitten Sie um Verst\u00e4ndnis, dass wir Ware, die durch unsachgem\u00e4sse Bedienung oder mangelhafte Verpackung besch\u00e4digt wurde, nicht zur\u00fccknehmen k\u00f6nnen. \t\t<\/div>\n\n\t\t\n\t\t\t\t\t<h3\t\t\t\trole=\"button\"\n\t\t\t\tid=\"accordion-4-t3\"\n\t\t\t\tclass=\"accordion-title js-accordion-controller\"\n\t\t\t\taria-controls=\"accordion-4-c3\"\n\t\t\t\taria-expanded=\"false\"\n\t\t\t\ttabindex=\"0\"\n\t\t\t\t\t\t\t>\n\t\t\t\tBRITA Geld-zur\u00fcck-Garantie\t\t\t<\/h3>\n\t\t\n\t\t<div\t\t\tid=\"accordion-4-c3\"\n\t\t\tclass=\"accordion-content\"\n\t\t\taria-hidden=\"true\"\n\t\t>\n\t\t\t BRITA gew\u00e4hrt auf im Online-Shop erh\u00e4ltliche, entsprechend gekennzeichnete Waren eine freiwillige \u201e30 Tage Geld-zur\u00fcck-Garantie\u201c. Der Kunde ist berechtigt, Waren, welche mit einer \u201eGeld-zur\u00fcck-Garantie\u201c erworben wurden ohne Angaben von Gr\u00fcnden innerhalb von 30 Tagen an BRITA zur\u00fcckzusenden. Die Frist beginnt nach Eingang der Ware beim Kunden. <br \/><br \/>Zur Wahrung der Frist gen\u00fcgt die rechtzeitige Absendung der Ware. Die Gefahr der R\u00fccksendung tr\u00e4gt der Kunde. F\u00fcr eine durch eine bestimmungsgem\u00e4sse Ingebrauchnahme einer von der \u201eGeld-zur\u00fcck- Garantie\u201c erfassten Ware entstandene Verschlechterung muss der Kunde keinen Wertersatz leisten. Soweit der Kunde bereits eine Zahlung (d.h. Kaufpreis und Versandkosten) f\u00fcr die zur\u00fcckgesandte Ware geleistet hat, erstattet BRITA diese Zahlung innerhalb von 30 Tagen zur\u00fcck. \t\t<\/div>\n\n\t\t<\/div>\r\n<h3>BRITA Qualit\u00e4t &amp; Verantwortung<\/h3>\r\n<div id=\"accordion-5\" class=\"accordion no-js\">\n\t\t\t\t\t<h3\t\t\t\trole=\"button\"\n\t\t\t\tid=\"accordion-5-t1\"\n\t\t\t\tclass=\"accordion-title js-accordion-controller\"\n\t\t\t\taria-controls=\"accordion-5-c1\"\n\t\t\t\taria-expanded=\"false\"\n\t\t\t\ttabindex=\"0\"\n\t\t\t\t\t\t\t>\n\t\t\t\tSicheres Kaufen bei BRITA\t\t\t<\/h3>\n\t\t\n\t\t<div\t\t\tid=\"accordion-5-c1\"\n\t\t\tclass=\"accordion-content\"\n\t\t\taria-hidden=\"true\"\n\t\t>\n\t\t\t F\u00fcr vertrauliche Informationen, die Sie w\u00e4hrend des Bestellvorgangs an uns \u00fcbermitteln, verwenden wir eine sichere SSL-Verbindung, damit Ihre Daten nicht von Dritten abgefangen werden und damit in falsche H\u00e4nde geraten k\u00f6nnen. \t\t<\/div>\n\n\t\t\n\t\t\t\t\t<h3\t\t\t\trole=\"button\"\n\t\t\t\tid=\"accordion-5-t2\"\n\t\t\t\tclass=\"accordion-title js-accordion-controller\"\n\t\t\t\taria-controls=\"accordion-5-c2\"\n\t\t\t\taria-expanded=\"false\"\n\t\t\t\ttabindex=\"0\"\n\t\t\t\t\t\t\t>\n\t\t\t\tBRITA Umweltschutz\t\t\t<\/h3>\n\t\t\n\t\t<div\t\t\tid=\"accordion-5-c2\"\n\t\t\tclass=\"accordion-content\"\n\t\t\taria-hidden=\"true\"\n\t\t>\n\t\t\t In allen BRITA Produkten spiegelt sich der bewusste Umgang mit vorhandenen Ressourcen und die aktive Vermeidung von Abf\u00e4llen wider. Der beste Beweis: 1992 haben wir, als erstes Unternehmen unserer Branche, ein Recycling-Programm f\u00fcr ersch\u00f6pfte Kartuschen entwickelt. Mit Hilfe eines komplexen Verfahrens werden die Bestandteile der BRITA Filterkartuschen getrennt und vollst\u00e4ndig wieder verwertet. So einfach k\u00f6nnen Sie die Umwelt sch\u00fctzen:<\/p>\r\n<ol>\r\n<li>Die Kartuschen werden bei BRITA recycelt.<\/li>\r\n<li>Sie k\u00f6nnen gebrauchte Kartuschen kostenlos bei einem BRITA H\u00e4ndler abgegeben!<\/li>\r\n<li>Die BRITA Verbraucher-Hotline informiert Sie, welche H\u00e4ndler in Ihrer N\u00e4he diesen Service anbieten. Rufen Sie den BRITA Verbraucher- Service unter der Nummer 041 932 42 10<\/li>\r\n<\/ol>\r\n<p><a href=\"https:\/\/www.brita.ch\/de_CH\/magazin\/nachhaltigkeit\/recycling\">Mehr erfahren<\/a><\/p>\r\n<p>\t\t<\/div>\n\n\t\t<\/div>","protected":false},"excerpt":{"rendered":"<p>Onlineshop BRITA Wassersysteme f\u00fcr Zuhause Bezahlen im Online-Shop Lieferung und Sendungsverfolgung R\u00fcckgabe und Reklamationen BRITA Qualit\u00e4t &amp; Verantwortung [&#8230;]<\/p>\n<p><a class=\"btn btn-secondary understrap-read-more-link\" href=\"https:\/\/shop.brita.ch\/de\/wasserfiltersysteme\/faq\">Weiterlesen&#8230;<\/a><\/p>\n","protected":false},"author":7,"featured_media":0,"parent":14117,"menu_order":0,"comment_status":"closed","ping_status":"closed","template":"page-faq.php","meta":{"footnotes":""},"class_list":["post-1187","page","type-page","status-publish","hentry"],"yoast_head":"<!-- This site is optimized with the Yoast SEO plugin v26.6 - https:\/\/yoast.com\/wordpress\/plugins\/seo\/ -->\n<title>Fragen rund um Ihre Bestellung - BRITA<\/title>\n<meta name=\"description\" content=\"BRITA FAQs: Hier finden Sie Antworten auf h\u00e4ufig gestellte Fragen zu BRITA Produkten, Wasserfiltration oder Ihrer Bestellung im Online Shop. Mehr erfahren.\" \/>\n<meta name=\"robots\" content=\"index, follow, max-snippet:-1, max-image-preview:large, max-video-preview:-1\" \/>\n<link rel=\"canonical\" href=\"https:\/\/shop.brita.ch\/de\/wasserfiltersysteme\/faq\" \/>\n<meta property=\"og:locale\" content=\"de_DE\" \/>\n<meta property=\"og:type\" content=\"article\" \/>\n<meta property=\"og:title\" content=\"Fragen rund um Ihre Bestellung - BRITA\" \/>\n<meta property=\"og:description\" content=\"BRITA FAQs: Hier finden Sie Antworten auf h\u00e4ufig gestellte Fragen zu BRITA Produkten, Wasserfiltration oder Ihrer Bestellung im Online Shop. Mehr erfahren.\" \/>\n<meta property=\"og:url\" content=\"https:\/\/shop.brita.ch\/de\/wasserfiltersysteme\/faq\" \/>\n<meta property=\"og:site_name\" content=\"BRITA\" \/>\n<meta property=\"article:publisher\" content=\"https:\/\/www.facebook.com\/BRITA.schweiz\" \/>\n<meta property=\"article:modified_time\" content=\"2025-07-22T11:20:05+00:00\" \/>\n<meta property=\"og:image\" content=\"https:\/\/shop.brita.ch\/de\/wp-content\/uploads\/2025\/03\/brita-consumer-og-1200x630-shop-produkte.jpg\" \/>\n\t<meta property=\"og:image:width\" content=\"1200\" \/>\n\t<meta property=\"og:image:height\" content=\"630\" \/>\n\t<meta property=\"og:image:type\" content=\"image\/jpeg\" \/>\n<meta name=\"twitter:card\" content=\"summary_large_image\" \/>\n<meta name=\"twitter:label1\" content=\"Est. reading time\" \/>\n\t<meta name=\"twitter:data1\" content=\"5 Minuten\" \/>\n<script type=\"application\/ld+json\" class=\"yoast-schema-graph\">{\"@context\":\"https:\/\/schema.org\",\"@graph\":[{\"@type\":\"WebPage\",\"@id\":\"https:\/\/shop.brita.ch\/de\/wasserfiltersysteme\/faq\",\"url\":\"https:\/\/shop.brita.ch\/de\/wasserfiltersysteme\/faq\",\"name\":\"Fragen rund um Ihre Bestellung - BRITA\",\"isPartOf\":{\"@id\":\"https:\/\/shop.brita.ch\/de\/#website\"},\"datePublished\":\"2018-10-22T09:43:23+00:00\",\"dateModified\":\"2025-07-22T11:20:05+00:00\",\"description\":\"BRITA FAQs: Hier finden Sie Antworten auf h\u00e4ufig gestellte Fragen zu BRITA Produkten, Wasserfiltration oder Ihrer Bestellung im Online Shop. Mehr erfahren.\",\"breadcrumb\":{\"@id\":\"https:\/\/shop.brita.ch\/de\/wasserfiltersysteme\/faq#breadcrumb\"},\"inLanguage\":\"de-DE\",\"potentialAction\":[{\"@type\":\"ReadAction\",\"target\":[\"https:\/\/shop.brita.ch\/de\/wasserfiltersysteme\/faq\"]}]},{\"@type\":\"BreadcrumbList\",\"@id\":\"https:\/\/shop.brita.ch\/de\/wasserfiltersysteme\/faq#breadcrumb\",\"itemListElement\":[{\"@type\":\"ListItem\",\"position\":1,\"name\":\"Startseite\",\"item\":\"https:\/\/shop.brita.ch\/de\/\"},{\"@type\":\"ListItem\",\"position\":2,\"name\":\"BRITA Wasserfiltersysteme f\u00fcr zu Hause\",\"item\":\"https:\/\/shop.brita.ch\/de\/wasserfiltersysteme\"},{\"@type\":\"ListItem\",\"position\":3,\"name\":\"Fragen rund um Ihre Bestellung\"}]},{\"@type\":\"WebSite\",\"@id\":\"https:\/\/shop.brita.ch\/de\/#website\",\"url\":\"https:\/\/shop.brita.ch\/de\/\",\"name\":\"BRITA\u00ae\",\"description\":\"Filtrationsl\u00f6sungen\",\"publisher\":{\"@id\":\"https:\/\/shop.brita.ch\/de\/#organization\"},\"alternateName\":\"BRITA Wassersysteme f\u00fcr Zuhause\",\"potentialAction\":[{\"@type\":\"SearchAction\",\"target\":{\"@type\":\"EntryPoint\",\"urlTemplate\":\"https:\/\/shop.brita.ch\/de\/?s={search_term_string}\"},\"query-input\":{\"@type\":\"PropertyValueSpecification\",\"valueRequired\":true,\"valueName\":\"search_term_string\"}}],\"inLanguage\":\"de-DE\"},{\"@type\":\"Organization\",\"@id\":\"https:\/\/shop.brita.ch\/de\/#organization\",\"name\":\"BRITA Wasserfilter-Systeme AG\",\"alternateName\":\"BRITA\",\"url\":\"https:\/\/shop.brita.ch\/de\/\",\"logo\":{\"@type\":\"ImageObject\",\"inLanguage\":\"de-DE\",\"@id\":\"https:\/\/shop.brita.ch\/de\/#\/schema\/logo\/image\/\",\"url\":\"\/de\/wp-content\/uploads\/2023\/02\/brita-logo.jpg\",\"contentUrl\":\"\/de\/wp-content\/uploads\/2023\/02\/brita-logo.jpg\",\"width\":201,\"height\":42,\"caption\":\"BRITA Wasserfilter-Systeme AG\"},\"image\":{\"@id\":\"https:\/\/shop.brita.ch\/de\/#\/schema\/logo\/image\/\"},\"sameAs\":[\"https:\/\/www.facebook.com\/BRITA.schweiz\",\"https:\/\/www.instagram.com\/brita.schweiz\/\",\"https:\/\/de.linkedin.com\/company\/brita-gmbh\",\"https:\/\/www.youtube.com\/playlist?list=PLzhwO6-T9BJ7PNjKrGsSpVLHGT1s3xUoy\"]}]}<\/script>\n<!-- \/ Yoast SEO plugin. -->","yoast_head_json":{"title":"Fragen rund um Ihre Bestellung - BRITA","description":"BRITA FAQs: Hier finden Sie Antworten auf h\u00e4ufig gestellte Fragen zu BRITA Produkten, Wasserfiltration oder Ihrer Bestellung im Online Shop. Mehr erfahren.","robots":{"index":"index","follow":"follow","max-snippet":"max-snippet:-1","max-image-preview":"max-image-preview:large","max-video-preview":"max-video-preview:-1"},"canonical":"https:\/\/shop.brita.ch\/de\/wasserfiltersysteme\/faq","og_locale":"de_DE","og_type":"article","og_title":"Fragen rund um Ihre Bestellung - BRITA","og_description":"BRITA FAQs: Hier finden Sie Antworten auf h\u00e4ufig gestellte Fragen zu BRITA Produkten, Wasserfiltration oder Ihrer Bestellung im Online Shop. Mehr erfahren.","og_url":"https:\/\/shop.brita.ch\/de\/wasserfiltersysteme\/faq","og_site_name":"BRITA","article_publisher":"https:\/\/www.facebook.com\/BRITA.schweiz","article_modified_time":"2025-07-22T11:20:05+00:00","og_image":[{"width":1200,"height":630,"url":"https:\/\/shop.brita.ch\/de\/wp-content\/uploads\/2025\/03\/brita-consumer-og-1200x630-shop-produkte.jpg","type":"image\/jpeg"}],"twitter_card":"summary_large_image","twitter_misc":{"Est. reading time":"5 Minuten"},"schema":{"@context":"https:\/\/schema.org","@graph":[{"@type":"WebPage","@id":"https:\/\/shop.brita.ch\/de\/wasserfiltersysteme\/faq","url":"https:\/\/shop.brita.ch\/de\/wasserfiltersysteme\/faq","name":"Fragen rund um Ihre Bestellung - BRITA","isPartOf":{"@id":"https:\/\/shop.brita.ch\/de\/#website"},"datePublished":"2018-10-22T09:43:23+00:00","dateModified":"2025-07-22T11:20:05+00:00","description":"BRITA FAQs: Hier finden Sie Antworten auf h\u00e4ufig gestellte Fragen zu BRITA Produkten, Wasserfiltration oder Ihrer Bestellung im Online Shop. Mehr erfahren.","breadcrumb":{"@id":"https:\/\/shop.brita.ch\/de\/wasserfiltersysteme\/faq#breadcrumb"},"inLanguage":"de-DE","potentialAction":[{"@type":"ReadAction","target":["https:\/\/shop.brita.ch\/de\/wasserfiltersysteme\/faq"]}]},{"@type":"BreadcrumbList","@id":"https:\/\/shop.brita.ch\/de\/wasserfiltersysteme\/faq#breadcrumb","itemListElement":[{"@type":"ListItem","position":1,"name":"Startseite","item":"https:\/\/shop.brita.ch\/de\/"},{"@type":"ListItem","position":2,"name":"BRITA Wasserfiltersysteme f\u00fcr zu Hause","item":"https:\/\/shop.brita.ch\/de\/wasserfiltersysteme"},{"@type":"ListItem","position":3,"name":"Fragen rund um Ihre Bestellung"}]},{"@type":"WebSite","@id":"https:\/\/shop.brita.ch\/de\/#website","url":"https:\/\/shop.brita.ch\/de\/","name":"BRITA\u00ae","description":"Filtrationsl\u00f6sungen","publisher":{"@id":"https:\/\/shop.brita.ch\/de\/#organization"},"alternateName":"BRITA Wassersysteme f\u00fcr Zuhause","potentialAction":[{"@type":"SearchAction","target":{"@type":"EntryPoint","urlTemplate":"https:\/\/shop.brita.ch\/de\/?s={search_term_string}"},"query-input":{"@type":"PropertyValueSpecification","valueRequired":true,"valueName":"search_term_string"}}],"inLanguage":"de-DE"},{"@type":"Organization","@id":"https:\/\/shop.brita.ch\/de\/#organization","name":"BRITA Wasserfilter-Systeme AG","alternateName":"BRITA","url":"https:\/\/shop.brita.ch\/de\/","logo":{"@type":"ImageObject","inLanguage":"de-DE","@id":"https:\/\/shop.brita.ch\/de\/#\/schema\/logo\/image\/","url":"\/de\/wp-content\/uploads\/2023\/02\/brita-logo.jpg","contentUrl":"\/de\/wp-content\/uploads\/2023\/02\/brita-logo.jpg","width":201,"height":42,"caption":"BRITA Wasserfilter-Systeme AG"},"image":{"@id":"https:\/\/shop.brita.ch\/de\/#\/schema\/logo\/image\/"},"sameAs":["https:\/\/www.facebook.com\/BRITA.schweiz","https:\/\/www.instagram.com\/brita.schweiz\/","https:\/\/de.linkedin.com\/company\/brita-gmbh","https:\/\/www.youtube.com\/playlist?list=PLzhwO6-T9BJ7PNjKrGsSpVLHGT1s3xUoy"]}]}},"_links":{"self":[{"href":"https:\/\/shop.brita.ch\/de\/wp-json\/wp\/v2\/pages\/1187","targetHints":{"allow":["GET"]}}],"collection":[{"href":"https:\/\/shop.brita.ch\/de\/wp-json\/wp\/v2\/pages"}],"about":[{"href":"https:\/\/shop.brita.ch\/de\/wp-json\/wp\/v2\/types\/page"}],"author":[{"embeddable":true,"href":"https:\/\/shop.brita.ch\/de\/wp-json\/wp\/v2\/users\/7"}],"replies":[{"embeddable":true,"href":"https:\/\/shop.brita.ch\/de\/wp-json\/wp\/v2\/comments?post=1187"}],"version-history":[{"count":1,"href":"https:\/\/shop.brita.ch\/de\/wp-json\/wp\/v2\/pages\/1187\/revisions"}],"predecessor-version":[{"id":26992,"href":"https:\/\/shop.brita.ch\/de\/wp-json\/wp\/v2\/pages\/1187\/revisions\/26992"}],"up":[{"embeddable":true,"href":"https:\/\/shop.brita.ch\/de\/wp-json\/wp\/v2\/pages\/14117"}],"wp:attachment":[{"href":"https:\/\/shop.brita.ch\/de\/wp-json\/wp\/v2\/media?parent=1187"}],"curies":[{"name":"wp","href":"https:\/\/api.w.org\/{rel}","templated":true}]}}